{"id":1642,"date":"2024-03-01T16:13:05","date_gmt":"2024-03-01T15:13:05","guid":{"rendered":"https:\/\/pablogarrigos.com\/?post_type=product&#038;p=1642"},"modified":"2025-11-19T17:44:06","modified_gmt":"2025-11-19T16:44:06","slug":"estuche-regalo-delicatessen-personalizado","status":"publish","type":"product","link":"https:\/\/pablogarrigos.com\/fr\/estuches-de-regalo\/estuche-regalo-delicatessen-personalizado\/","title":{"rendered":"Coffret cadeau \u00e9picerie fine personnalis\u00e9"},"content":{"rendered":"","protected":false},"excerpt":{"rendered":"","protected":false},"featured_media":4942,"template":"","meta":{"_acf_changed":false,"inline_featured_image":false},"product_brand":[],"product_cat":[22],"product_tag":[],"class_list":{"0":"post-1642","1":"product","2":"type-product","3":"status-publish","4":"has-post-thumbnail","6":"product_cat-estuches-de-regalo","8":"first","9":"instock","10":"taxable","11":"shipping-taxable","12":"purchasable","13":"product-type-composite"},"acf":[],"yoast_head":"<!-- This site is optimized with the Yoast SEO plugin v26.5 - https:\/\/yoast.com\/wordpress\/plugins\/seo\/ -->\n<title>Estuche regalo Delicatessen personalizado<\/title>\n<meta name=\"description\" content=\"Crea un regalo inolvidable con nuestro Estuche Regalo Delicatessen personalizado. Elige tu productos gourmet favoritos y sorprende a tus seres queridos.\" \/>\n<meta name=\"robots\" content=\"index, follow, max-snippet:-1, max-image-preview:large, max-video-preview:-1\" \/>\n<link rel=\"canonical\" href=\"https:\/\/pablogarrigos.com\/fr\/estuches-de-regalo\/estuche-regalo-delicatessen-personalizado\/\" \/>\n<meta property=\"og:locale\" content=\"fr_FR\" \/>\n<meta property=\"og:type\" content=\"article\" \/>\n<meta property=\"og:title\" content=\"Estuche regalo Delicatessen personalizado\" \/>\n<meta property=\"og:description\" content=\"Crea un regalo inolvidable con nuestro Estuche Regalo Delicatessen personalizado. Elige tu productos gourmet favoritos y sorprende a tus seres queridos.\" \/>\n<meta property=\"og:url\" content=\"https:\/\/pablogarrigos.com\/fr\/estuches-de-regalo\/estuche-regalo-delicatessen-personalizado\/\" \/>\n<meta property=\"og:site_name\" content=\"Pablo Garrig\u00f3s Iba\u00f1ez\" \/>\n<meta property=\"article:modified_time\" content=\"2025-11-19T16:44:06+00:00\" \/>\n<meta property=\"og:image\" content=\"https:\/\/pablogarrigos.com\/wp-content\/uploads\/2025\/06\/caja-personalizada_portada-scaled.gif\" \/>\n\t<meta property=\"og:image:width\" content=\"2560\" \/>\n\t<meta property=\"og:image:height\" content=\"1707\" \/>\n\t<meta property=\"og:image:type\" content=\"image\/gif\" \/>\n<meta name=\"twitter:card\" content=\"summary_large_image\" \/>\n<meta name=\"twitter:label1\" content=\"Dur\u00e9e de lecture estim\u00e9e\" \/>\n\t<meta name=\"twitter:data1\" content=\"1 minute\" \/>\n<script type=\"application\/ld+json\" class=\"yoast-schema-graph\">{\"@context\":\"https:\/\/schema.org\",\"@graph\":[{\"@type\":\"WebPage\",\"@id\":\"https:\/\/pablogarrigos.com\/estuches-de-regalo\/estuche-regalo-delicatessen-personalizado\/\",\"url\":\"https:\/\/pablogarrigos.com\/estuches-de-regalo\/estuche-regalo-delicatessen-personalizado\/\",\"name\":\"Estuche regalo Delicatessen personalizado\",\"isPartOf\":{\"@id\":\"https:\/\/pablogarrigos.com\/#website\"},\"primaryImageOfPage\":{\"@id\":\"https:\/\/pablogarrigos.com\/estuches-de-regalo\/estuche-regalo-delicatessen-personalizado\/#primaryimage\"},\"image\":{\"@id\":\"https:\/\/pablogarrigos.com\/estuches-de-regalo\/estuche-regalo-delicatessen-personalizado\/#primaryimage\"},\"thumbnailUrl\":\"https:\/\/pablogarrigos.com\/wp-content\/uploads\/2025\/06\/caja-personalizada_portada-scaled.gif\",\"datePublished\":\"2024-03-01T15:13:05+00:00\",\"dateModified\":\"2025-11-19T16:44:06+00:00\",\"description\":\"Crea un regalo inolvidable con nuestro Estuche Regalo Delicatessen personalizado. Elige tu productos gourmet favoritos y sorprende a tus seres queridos.\",\"breadcrumb\":{\"@id\":\"https:\/\/pablogarrigos.com\/estuches-de-regalo\/estuche-regalo-delicatessen-personalizado\/#breadcrumb\"},\"inLanguage\":\"fr-FR\",\"potentialAction\":[{\"@type\":\"ReadAction\",\"target\":[\"https:\/\/pablogarrigos.com\/estuches-de-regalo\/estuche-regalo-delicatessen-personalizado\/\"]}]},{\"@type\":\"ImageObject\",\"inLanguage\":\"fr-FR\",\"@id\":\"https:\/\/pablogarrigos.com\/estuches-de-regalo\/estuche-regalo-delicatessen-personalizado\/#primaryimage\",\"url\":\"https:\/\/pablogarrigos.com\/wp-content\/uploads\/2025\/06\/caja-personalizada_portada-scaled.gif\",\"contentUrl\":\"https:\/\/pablogarrigos.com\/wp-content\/uploads\/2025\/06\/caja-personalizada_portada-scaled.gif\",\"width\":2560,\"height\":1707},{\"@type\":\"BreadcrumbList\",\"@id\":\"https:\/\/pablogarrigos.com\/estuches-de-regalo\/estuche-regalo-delicatessen-personalizado\/#breadcrumb\",\"itemListElement\":[{\"@type\":\"ListItem\",\"position\":1,\"name\":\"Home\",\"item\":\"https:\/\/pablogarrigos.com\/en\/\"},{\"@type\":\"ListItem\",\"position\":2,\"name\":\"Tienda\",\"item\":\"https:\/\/pablogarrigos.com\/en\/tienda\/\"},{\"@type\":\"ListItem\",\"position\":3,\"name\":\"Estuche regalo Delicatessen personalizado\"}]},{\"@type\":\"WebSite\",\"@id\":\"https:\/\/pablogarrigos.com\/#website\",\"url\":\"https:\/\/pablogarrigos.com\/\",\"name\":\"Pablo Garrig\u00f3s Iba\u00f1ez\",\"description\":\"El Sentido del Gusto\",\"publisher\":{\"@id\":\"https:\/\/pablogarrigos.com\/#organization\"},\"potentialAction\":[{\"@type\":\"SearchAction\",\"target\":{\"@type\":\"EntryPoint\",\"urlTemplate\":\"https:\/\/pablogarrigos.com\/?s={search_term_string}\"},\"query-input\":{\"@type\":\"PropertyValueSpecification\",\"valueRequired\":true,\"valueName\":\"search_term_string\"}}],\"inLanguage\":\"fr-FR\"},{\"@type\":\"Organization\",\"@id\":\"https:\/\/pablogarrigos.com\/#organization\",\"name\":\"Pablo Garrig\u00f3s Iba\u00f1ez\",\"url\":\"https:\/\/pablogarrigos.com\/\",\"logo\":{\"@type\":\"ImageObject\",\"inLanguage\":\"fr-FR\",\"@id\":\"https:\/\/pablogarrigos.com\/#\/schema\/logo\/image\/\",\"url\":\"https:\/\/pablogarrigos.com\/wp-content\/uploads\/2024\/02\/logo-pablogarrigos.png\",\"contentUrl\":\"https:\/\/pablogarrigos.com\/wp-content\/uploads\/2024\/02\/logo-pablogarrigos.png\",\"width\":1247,\"height\":480,\"caption\":\"Pablo Garrig\u00f3s Iba\u00f1ez\"},\"image\":{\"@id\":\"https:\/\/pablogarrigos.com\/#\/schema\/logo\/image\/\"}}]}<\/script>\n<!-- \/ Yoast SEO plugin. -->","yoast_head_json":{"title":"Coffret cadeau \u00e9picerie fine personnalis\u00e9","description":"Cr\u00e9ez un cadeau inoubliable avec notre bo\u00eete cadeau \u00e9picerie fine personnalis\u00e9e. Choisissez vos produits gourmands pr\u00e9f\u00e9r\u00e9s et surprenez vos proches.","robots":{"index":"index","follow":"follow","max-snippet":"max-snippet:-1","max-image-preview":"max-image-preview:large","max-video-preview":"max-video-preview:-1"},"canonical":"https:\/\/pablogarrigos.com\/fr\/estuches-de-regalo\/estuche-regalo-delicatessen-personalizado\/","og_locale":"fr_FR","og_type":"article","og_title":"Estuche regalo Delicatessen personalizado","og_description":"Crea un regalo inolvidable con nuestro Estuche Regalo Delicatessen personalizado. Elige tu productos gourmet favoritos y sorprende a tus seres queridos.","og_url":"https:\/\/pablogarrigos.com\/fr\/estuches-de-regalo\/estuche-regalo-delicatessen-personalizado\/","og_site_name":"Pablo Garrig\u00f3s Iba\u00f1ez","article_modified_time":"2025-11-19T16:44:06+00:00","og_image":[{"width":2560,"height":1707,"url":"https:\/\/pablogarrigos.com\/wp-content\/uploads\/2025\/06\/caja-personalizada_portada-scaled.gif","type":"image\/gif"}],"twitter_card":"summary_large_image","twitter_misc":{"Dur\u00e9e de lecture estim\u00e9e":"1 minute"},"schema":{"@context":"https:\/\/schema.org","@graph":[{"@type":"WebPage","@id":"https:\/\/pablogarrigos.com\/estuches-de-regalo\/estuche-regalo-delicatessen-personalizado\/","url":"https:\/\/pablogarrigos.com\/estuches-de-regalo\/estuche-regalo-delicatessen-personalizado\/","name":"Coffret cadeau \u00e9picerie fine personnalis\u00e9","isPartOf":{"@id":"https:\/\/pablogarrigos.com\/#website"},"primaryImageOfPage":{"@id":"https:\/\/pablogarrigos.com\/estuches-de-regalo\/estuche-regalo-delicatessen-personalizado\/#primaryimage"},"image":{"@id":"https:\/\/pablogarrigos.com\/estuches-de-regalo\/estuche-regalo-delicatessen-personalizado\/#primaryimage"},"thumbnailUrl":"https:\/\/pablogarrigos.com\/wp-content\/uploads\/2025\/06\/caja-personalizada_portada-scaled.gif","datePublished":"2024-03-01T15:13:05+00:00","dateModified":"2025-11-19T16:44:06+00:00","description":"Cr\u00e9ez un cadeau inoubliable avec notre bo\u00eete cadeau \u00e9picerie fine personnalis\u00e9e. Choisissez vos produits gourmands pr\u00e9f\u00e9r\u00e9s et surprenez vos proches.","breadcrumb":{"@id":"https:\/\/pablogarrigos.com\/estuches-de-regalo\/estuche-regalo-delicatessen-personalizado\/#breadcrumb"},"inLanguage":"fr-FR","potentialAction":[{"@type":"ReadAction","target":["https:\/\/pablogarrigos.com\/estuches-de-regalo\/estuche-regalo-delicatessen-personalizado\/"]}]},{"@type":"ImageObject","inLanguage":"fr-FR","@id":"https:\/\/pablogarrigos.com\/estuches-de-regalo\/estuche-regalo-delicatessen-personalizado\/#primaryimage","url":"https:\/\/pablogarrigos.com\/wp-content\/uploads\/2025\/06\/caja-personalizada_portada-scaled.gif","contentUrl":"https:\/\/pablogarrigos.com\/wp-content\/uploads\/2025\/06\/caja-personalizada_portada-scaled.gif","width":2560,"height":1707},{"@type":"BreadcrumbList","@id":"https:\/\/pablogarrigos.com\/estuches-de-regalo\/estuche-regalo-delicatessen-personalizado\/#breadcrumb","itemListElement":[{"@type":"ListItem","position":1,"name":"Home","item":"https:\/\/pablogarrigos.com\/en\/"},{"@type":"ListItem","position":2,"name":"Tienda","item":"https:\/\/pablogarrigos.com\/en\/tienda\/"},{"@type":"ListItem","position":3,"name":"Estuche regalo Delicatessen personalizado"}]},{"@type":"WebSite","@id":"https:\/\/pablogarrigos.com\/#website","url":"https:\/\/pablogarrigos.com\/","name":"Pablo Garrig\u00f3s Iba\u00f1ez","description":"Le sens du go\u00fbt","publisher":{"@id":"https:\/\/pablogarrigos.com\/#organization"},"potentialAction":[{"@type":"SearchAction","target":{"@type":"EntryPoint","urlTemplate":"https:\/\/pablogarrigos.com\/?s={search_term_string}"},"query-input":{"@type":"PropertyValueSpecification","valueRequired":true,"valueName":"search_term_string"}}],"inLanguage":"fr-FR"},{"@type":"Organization","@id":"https:\/\/pablogarrigos.com\/#organization","name":"Pablo Garrig\u00f3s Iba\u00f1ez","url":"https:\/\/pablogarrigos.com\/","logo":{"@type":"ImageObject","inLanguage":"fr-FR","@id":"https:\/\/pablogarrigos.com\/#\/schema\/logo\/image\/","url":"https:\/\/pablogarrigos.com\/wp-content\/uploads\/2024\/02\/logo-pablogarrigos.png","contentUrl":"https:\/\/pablogarrigos.com\/wp-content\/uploads\/2024\/02\/logo-pablogarrigos.png","width":1247,"height":480,"caption":"Pablo Garrig\u00f3s Iba\u00f1ez"},"image":{"@id":"https:\/\/pablogarrigos.com\/#\/schema\/logo\/image\/"}}]}},"_links":{"self":[{"href":"https:\/\/pablogarrigos.com\/fr\/wp-json\/wp\/v2\/product\/1642","targetHints":{"allow":["GET"]}}],"collection":[{"href":"https:\/\/pablogarrigos.com\/fr\/wp-json\/wp\/v2\/product"}],"about":[{"href":"https:\/\/pablogarrigos.com\/fr\/wp-json\/wp\/v2\/types\/product"}],"wp:featuredmedia":[{"embeddable":true,"href":"https:\/\/pablogarrigos.com\/fr\/wp-json\/wp\/v2\/media\/4942"}],"wp:attachment":[{"href":"https:\/\/pablogarrigos.com\/fr\/wp-json\/wp\/v2\/media?parent=1642"}],"wp:term":[{"taxonomy":"product_brand","embeddable":true,"href":"https:\/\/pablogarrigos.com\/fr\/wp-json\/wp\/v2\/product_brand?post=1642"},{"taxonomy":"product_cat","embeddable":true,"href":"https:\/\/pablogarrigos.com\/fr\/wp-json\/wp\/v2\/product_cat?post=1642"},{"taxonomy":"product_tag","embeddable":true,"href":"https:\/\/pablogarrigos.com\/fr\/wp-json\/wp\/v2\/product_tag?post=1642"}],"curies":[{"name":"wp","href":"https:\/\/api.w.org\/{rel}","templated":true}]}}