{"id":623,"date":"2024-02-23T20:31:42","date_gmt":"2024-02-23T19:31:42","guid":{"rendered":"https:\/\/pablogarrigos.com\/?page_id=623"},"modified":"2024-03-03T09:49:53","modified_gmt":"2024-03-03T08:49:53","slug":"condiciones-uso","status":"publish","type":"page","link":"https:\/\/pablogarrigos.com\/fr\/condiciones-uso\/","title":{"rendered":"Conditions d'utilisation"},"content":{"rendered":"<div data-elementor-type=\"wp-page\" data-elementor-id=\"623\" class=\"elementor elementor-623\" data-elementor-post-type=\"page\">\n\t\t\t\t<div class=\"elementor-element elementor-element-8289ed9 e-flex e-con-boxed e-con e-parent\" data-id=\"8289ed9\" data-element_type=\"container\" data-settings=\"{&quot;background_background&quot;:&quot;classic&quot;}\">\n\t\t\t\t\t<div class=\"e-con-inner\">\n\t\t\t\t<div class=\"elementor-element elementor-element-5cedba8a elementor-widget elementor-widget-heading\" data-id=\"5cedba8a\" data-element_type=\"widget\" data-widget_type=\"heading.default\">\n\t\t\t\t<div class=\"elementor-widget-container\">\n\t\t\t\t\t<h1 class=\"elementor-heading-title elementor-size-default\">Conditions d'utilisation<\/h1>\t\t\t\t<\/div>\n\t\t\t\t<\/div>\n\t\t\t\t\t<\/div>\n\t\t\t\t<\/div>\n\t\t<div class=\"elementor-element elementor-element-5d0077f e-flex e-con-boxed e-con e-parent\" data-id=\"5d0077f\" data-element_type=\"container\">\n\t\t\t\t\t<div class=\"e-con-inner\">\n\t\t\t\t<div class=\"elementor-element elementor-element-378e617 elementor-widget elementor-widget-text-editor\" data-id=\"378e617\" data-element_type=\"widget\" data-widget_type=\"text-editor.default\">\n\t\t\t\t<div class=\"elementor-widget-container\">\n\t\t\t\t\t\t\t\t\t<p><strong>1.- Informations g\u00e9n\u00e9rales.<\/strong><\/p><p>1.-Les pr\u00e9sentes conditions g\u00e9n\u00e9rales de contrat r\u00e9gissent l'utilisation et les conditions d'acc\u00e8s au site web http:\/\/www.buyturronpablogarrigos.com, d\u00e9sormais le portail, page web propri\u00e9t\u00e9 de Pablo Garrig\u00f3s Ib\u00e1\u00f1ez, S.L. avec CIF B-58756271.<\/p><p>1.2 - L'utilisation ou l'acc\u00e8s au portail implique la condition d'utilisateur, qui reconna\u00eet avoir lu et compris les pr\u00e9sentes conditions l\u00e9gales d'utilisation et s'engage \u00e0 les respecter dans leur int\u00e9gralit\u00e9.<br \/>1.3 - Les pr\u00e9sentes Conditions G\u00e9n\u00e9rales pourront \u00eatre modifi\u00e9es par Pablo Garrig\u00f3s Ib\u00e1\u00f1ez, S.L., \u00e0 tout moment et sans pr\u00e9avis, par le biais de la publication des modifications susmentionn\u00e9es sur le Portail afin qu'elles puissent \u00eatre connues des Utilisateurs toujours avant la visite du Portail ou l'acquisition de n'importe quel bien offert dans ce dernier.<\/p><p><strong>2.- Propri\u00e9t\u00e9 :<\/strong><\/p><p>Conform\u00e9ment aux dispositions de la loi 34\/2002, du 11 juillet, sur les services de la soci\u00e9t\u00e9 de l'information et du commerce \u00e9lectronique, et aux autres lois applicables, nous vous informons que le site web http:\/\/www.buyturronpablogarrigos.com est la propri\u00e9t\u00e9 de l'entreprise Pablo Garrig\u00f3s Ib\u00e1\u00f1ez, S.L. avec CIF B-58756271, dont l'adresse est Ctra. 800, Km 14,3, 03100, Jijona, Alicante, Espagne, ci-apr\u00e8s Pablo Garrig\u00f3s Ib\u00e1\u00f1ez.<\/p><p>2.2.- Vous pouvez contacter Pablo Garrig\u00f3s Ib\u00e1\u00f1ez, S.L. au num\u00e9ro de t\u00e9l\u00e9phone (0034) 965 61 28 11, ou par courrier \u00e9lectronique ventas@pablogarrigos.com .<\/p><p>2.3 - Les communications avec Pablo Garrig\u00f3s Ib\u00e1\u00f1ez, S.L. peuvent \u00eatre effectu\u00e9es par courrier ordinaire \u00e0 l'adresse physique ou par courrier \u00e9lectronique. L'entreprise contactera l'utilisateur par courrier \u00e9lectronique, \u00e0 l'adresse en sa possession et fournie \u00e0 cet effet.<\/p><p><strong>3.- Fonctionnement du portail.<\/strong><\/p><p>Pablo Garrig\u00f3s Ib\u00e1\u00f1ez, S.L. se r\u00e9serve, \u00e0 tout moment, le droit de modifier unilat\u00e9ralement, sans notification pr\u00e9alable \u00e0 ses utilisateurs, les contenus, la structure, le fonctionnement ou les conditions d'acc\u00e8s.<\/p><p>3.2 - Pablo Garrig\u00f3s Ib\u00e1\u00f1ez, S.L. se r\u00e9serve le droit de suspendre temporairement et sans pr\u00e9avis l'acc\u00e8s \u00e0 ce site pour effectuer des op\u00e9rations de maintenance, de mise \u00e0 jour, d'am\u00e9lioration ou de r\u00e9paration.<\/p><p><strong>4.- Syst\u00e8me d'achat.<\/strong><\/p><p>4.1 - Les produits propos\u00e9s sur le Portail, ainsi que leurs caract\u00e9ristiques et leurs prix, apparaissent \u00e0 l'\u00e9cran. Les frais d'exp\u00e9dition des produits \u00e0 l'adresse de l'utilisateur apparaissent \u00e9galement \u00e0 l'\u00e9cran et sont toujours \u00e0 la charge de l'acheteur. Les prix affich\u00e9s \u00e0 l'\u00e9cran sont exprim\u00e9s en euros et incluent la TVA. Le montant total des frais d'exp\u00e9dition sera affich\u00e9 avant de confirmer la commande.<br \/>Les tarifs sont automatiquement affich\u00e9s en fonction de la zone s\u00e9lectionn\u00e9e et peuvent varier en fonction des tarifs de transport applicables. Pour les pays hors UE, le prix n'inclut pas les taxes nationales ou les droits d'importation.<\/p><p>Pablo Garrig\u00f3s Ib\u00e1\u00f1ez, S.L. se r\u00e9serve le droit de d\u00e9cider, \u00e0 tout moment, des produits qui sont inclus et offerts aux utilisateurs \u00e0 travers le Portail, et peut \u00e0 tout moment introduire de nouveaux produits et publier de nouvelles offres. De m\u00eame, Pablo Garrig\u00f3s Ib\u00e1\u00f1ez, S.L. se r\u00e9serve le droit de cesser de donner acc\u00e8s, \u00e0 tout moment et sans pr\u00e9avis, \u00e0 l'un des produits propos\u00e9s sur le Portail, ainsi que le droit d'annuler les commandes de mani\u00e8re unilat\u00e9rale, sans que l'utilisateur ne puisse faire valoir ses droits.<\/p><p>4.2 - Pour l'acquisition des produits offerts dans le Portail, Pablo Garrig\u00f3s Ib\u00e1\u00f1ez, S.L. aura besoin que l'Utilisateur soit majeur de dix-huit (18) ans, et devra suivre les instructions qui sont montr\u00e9es \u00e0 l'\u00e9cran, et accepter l'achat au moyen de l'accomplissement des m\u00eames, ce qui suppose \u00e0 son tour la lecture et l'acceptation irr\u00e9vocable de toutes les pr\u00e9sentes Conditions G\u00e9n\u00e9rales de Contrat et d'Utilisation du Portail.<\/p><p>L'utilisateur parcourt les diff\u00e9rentes sections et s\u00e9lectionne le ou les produits qu'il souhaite acheter en cliquant sur le lien \"Ajouter au panier\". Les produits s\u00e9lectionn\u00e9s sont accumul\u00e9s dans ce que l'on appelle le \"panier\".<\/p><p>\u00c0 tout moment, une fois que tous les produits ont \u00e9t\u00e9 choisis et afin de compl\u00e9ter le processus d'achat, l'utilisateur doit cliquer sur le lien \"Panier\" et \u00eatre redirig\u00e9 vers un nouvel \u00e9cran o\u00f9 les \u00e9tapes suivantes du processus d'achat seront affich\u00e9es :<\/p><p>R\u00e9sum\u00e9 de l'achat : vous pouvez voir une liste avec une br\u00e8ve description du produit, la quantit\u00e9 et le prix avec la possibilit\u00e9 d'ajouter ou de supprimer de la liste, et le montant des frais d'exp\u00e9dition, et vous devez cliquer sur le lien \"suivant\" pour continuer le processus.<\/p><p>Enregistrement : l'acheteur sera invit\u00e9 \u00e0 s'enregistrer en tant qu'utilisateur ou \u00e0 s'identifier en tant qu'utilisateur enregistr\u00e9.<\/p><p>NOUVEL UTILISATEUR :<\/p><p>Pour vous inscrire en tant que nouvel utilisateur, vous devez fournir les informations suivantes : nom, pr\u00e9nom, adresse \u00e9lectronique, date de naissance, et attribuer un mot de passe \u00e0 votre compte utilisateur. Vous devez \u00e9galement v\u00e9rifier que vous avez lu la clause de protection des donn\u00e9es et cliquer sur le lien \"S'inscrire\".<\/p><p>Il vous sera demand\u00e9 de remplir un formulaire pour ajouter votre adresse (les produits ne seront pas livr\u00e9s \u00e0 des bo\u00eetes postales). Vous devez remplir les informations suivantes : adresse compl\u00e8te, code postal, ville, pays, num\u00e9ro de t\u00e9l\u00e9phone de contact, nom pour cette adresse, et cliquer sur le lien \"Suivant\".<\/p><p>Apr\u00e8s cette \u00e9tape, le processus d'enregistrement se poursuivra de la m\u00eame mani\u00e8re que pour les utilisateurs enregistr\u00e9s.<\/p><p>Le nom d'utilisateur et le mot de passe fournis \u00e0 Pablo Garrig\u00f3s Ib\u00e1\u00f1ez, S.L. par les utilisateurs qui s'enregistrent sont des \u00e9l\u00e9ments d'identification et d'habilitation pour acc\u00e9der et effectuer des achats et sont personnels et incessibles. Pablo Garrig\u00f3s Ib\u00e1\u00f1ez, S.L. pourra effectuer, avec le pr\u00e9avis appropri\u00e9, des modifications dans le nom de l'utilisateur et\/ou le mot de passe, auquel cas les cl\u00e9s modifi\u00e9es perdront leur validit\u00e9.<\/p><p>UTILISATEURS ENREGISTR\u00c9S<\/p><p>Adresse de livraison et de facturation :<\/p><p>L'utilisateur doit indiquer l'adresse de livraison de la commande, et doit choisir s'il souhaite \"utiliser la m\u00eame adresse pour la facturation\".<\/p><p>Si la m\u00eame adresse de facturation n'est pas s\u00e9lectionn\u00e9e, l'utilisateur doit saisir une nouvelle adresse \u00e0 laquelle la facture d'achat sera envoy\u00e9e.<\/p><p>Si l'adresse enregistr\u00e9e dans le profil de l'utilisateur n'est pas celle \u00e0 laquelle l'achat doit \u00eatre envoy\u00e9, l'utilisateur peut saisir une nouvelle adresse qui sera enregistr\u00e9e dans le profil de l'utilisateur et \u00e0 laquelle un nom doit \u00eatre donn\u00e9.<\/p><p>Une fois que vous avez choisi l'adresse de livraison de votre commande et de votre facture, cliquez sur le lien \"Suivant\".<\/p><p>Transport. L'utilisateur doit choisir le mode de transport ou de retrait au magasin.<\/p><p>Dans cette \u00e9tape, l'Utilisateur doit \u00e9galement cocher la case \"J'ai pris connaissance des conditions g\u00e9n\u00e9rales de vente et je les accepte sans r\u00e9serve\". Cliquez ensuite sur le lien \"Suivant\".<\/p><p>Paiement.<\/p><p>L'utilisateur doit d\u00e9cider s'il souhaite effectuer le paiement par :<\/p><p>- Virement bancaire<\/p><p>- Paypal<\/p><p>4.3 L'achat est r\u00e9put\u00e9 effectu\u00e9 \u00e0 l'adresse de Pablo Garrig\u00f3s Ib\u00e1\u00f1ez, S.L., situ\u00e9e Ctra. 800, Km 14,3, 03100, Jijona, Alicante, Espagne.<\/p><p>4.4 Une fois l'achat effectu\u00e9 et dans les plus brefs d\u00e9lais, l'utilisateur recevra un courrier \u00e9lectronique de confirmation de l'achat. Si le client ne re\u00e7oit pas cette communication, il devra contacter Pablo Garrig\u00f3s Ib\u00e1\u00f1ez, S.L. au num\u00e9ro de t\u00e9l\u00e9phone (0034) 965 61 28 11, ou par le biais de l'e-mail ventas@pablogarrigos.com, afin d'obtenir la confirmation de sa commande.<\/p><p>4.5 Le service de facturation enverra, dans les 30 jours suivant l'achat, la facture correspondante \u00e0 l'adresse s\u00e9lectionn\u00e9e dans le processus d'achat. La confirmation re\u00e7ue par courrier \u00e9lectronique ne pourra en aucun cas \u00eatre consid\u00e9r\u00e9e comme une facture.<\/p><p><strong>5. Modalit\u00e9s de paiement et de livraison des commandes.<\/strong><\/p><p>Le paiement du prix des biens achet\u00e9s et des frais d'exp\u00e9dition, qui s'affichent \u00e0 l'\u00e9cran, peut \u00eatre effectu\u00e9 par les moyens de paiement suivants :<\/p><p>5.1.- Virement bancaire.<\/p><p>Vous devez indiquer dans le Concept de la m\u00eame, le num\u00e9ro de commande, contenu dans le re\u00e7u de l'achat envoy\u00e9 par e-mail. En outre, le nom et le pr\u00e9nom du client doivent \u00e9galement y figurer.<\/p><p>Le transfert doit \u00eatre effectu\u00e9 dans les trois jours suivant la passation de la commande. Dans le cas contraire, il sera consid\u00e9r\u00e9 que l'achat est annul\u00e9 et la commande sera annul\u00e9e.<\/p><p>Le virement doit \u00eatre effectu\u00e9 sur le compte bancaire dont le titulaire est Pablo Garrigos Iba\u00f1ez, S.L., et qui vous sera communiqu\u00e9 dans le re\u00e7u d'achat envoy\u00e9 par courrier \u00e9lectronique.<\/p><p>La commande ne sera consid\u00e9r\u00e9e comme effective que lorsque l'accus\u00e9 de r\u00e9ception du virement sera envoy\u00e9 par fax et qu'il sera effectivement confirm\u00e9 par notre banque que le paiement a \u00e9t\u00e9 effectu\u00e9.<\/p><p>Le paiement doit \u00eatre effectu\u00e9 en euros (\u20ac) et les commissions \u00e9ventuelles pr\u00e9lev\u00e9es par les banques pour ce mode de paiement sont \u00e0 la charge de l'acheteur.<\/p><p>Le d\u00e9lai de livraison des commandes sera augment\u00e9 du temps n\u00e9cessaire pour recevoir la confirmation du paiement de la commande.<\/p><p><strong>5.2 Paypal (non disponible)<\/strong><\/p><p><strong>6 - Politique d'\u00e9change et de retour<\/strong><\/p><p>Les \u00e9changes et les retours de produits achet\u00e9s sur http:\/\/buyturronpablogarrigos.com doivent \u00eatre conformes aux exigences suivantes :<\/p><p>- Le d\u00e9lai maximum pour demander un remboursement est de 15 (quinze) jours calendaires \u00e0 compter de la r\u00e9ception de la commande par le client.<\/p><p>- Pour commencer le processus d'\u00e9change ou de retour, le client doit envoyer un e-mail \u00e0 Pablo Garrig\u00f3s Ib\u00e1\u00f1ez, S.L (info@buypablogarrigos.com) en indiquant, dans le cas d'un retour, la raison du retour et un code de compte courant o\u00f9 nous pouvons effectuer un virement en faveur du client. Si le client demande l'\u00e9change d'un article contre un autre, vous devez sp\u00e9cifier quel est l'article dont vous voulez demander le changement, et quel est l'article que vous voulez recevoir.<\/p><p>- L'adresse \u00e0 laquelle le produit doit nous \u00eatre envoy\u00e9 est la suivante :<\/p><p>Pablo Garrig\u00f3s Ib\u00e1\u00f1ez, S.L.<br \/>D\u00e9partement des ventes en ligne<br \/>Ctra. 800, Km 14,3, 03100, Jijona, Alicante, Espagne<\/p><p>- Tout produit que le client souhaite \u00e9changer ou retourner doit toujours \u00eatre fabriqu\u00e9 avec l'emballage et l'\u00e9tiquetage d'origine et intact, convenablement emball\u00e9 dans sa bo\u00eete d'origine et correctement prot\u00e9g\u00e9. L'article \u00e0 retourner doit \u00eatre dans le m\u00eame \u00e9tat que celui dans lequel il a \u00e9t\u00e9 re\u00e7u, ce qui sera d\u00e9termin\u00e9 par Pablo Garrig\u00f3s Ib\u00e1\u00f1ez, S.L..<\/p><p>- Aucun \u00e9change ou remboursement ne sera accept\u00e9 pour les articles personnalis\u00e9s, et dans le cas des produits qui n\u00e9cessitent une modification pour leur vente.<\/p><p>- Aucun \u00e9change ou retour de produits alimentaires descell\u00e9s ou ouverts ne sera accept\u00e9, sauf en cas de mauvais \u00e9tat ou de p\u00e9remption du produit.<\/p><p>- Si la commande a \u00e9t\u00e9 retourn\u00e9e \u00e0 l'origine parce que le transporteur n'a pas pu livrer la marchandise au destinataire, Pablo Garrig\u00f3s Ib\u00e1\u00f1ez, S.L. ne prendra pas en charge les frais de r\u00e9exp\u00e9dition.<\/p><p>-Dans le cas d'un retour, c'est le client qui assumera tous les frais d'exp\u00e9dition d\u00e9riv\u00e9s du retour. Pour effectuer le retour, le client doit envoyer le produit \u00e0 Pablo Garrig\u00f3s Ib\u00e1\u00f1ez, S.L., \u00e0 l'adresse indiqu\u00e9e \u00e0 la fin de ce point. Apr\u00e8s avoir re\u00e7u le colis, le bon \u00e9tat du produit sera confirm\u00e9 et l'argent sera rembours\u00e9 en cas de retour dans le d\u00e9lai des 15 (quinze) jours ouvrables suivants \u00e0 sa r\u00e9ception. Le montant du remboursement sera vers\u00e9 au client par virement sur son compte bancaire.<\/p><p>En cas de changement, le client r\u00e9pondra des frais d'exp\u00e9dition du produit \u00e0 changer \u00e0 la direction de Pablo Garrig\u00f3s Ib\u00e1\u00f1ez, S.L. et \u00e0 l'exp\u00e9dition ult\u00e9rieure du changement.<\/p><p><strong>Protection des donn\u00e9es et propri\u00e9t\u00e9 intellectuelle<\/strong><\/p><p>L'acc\u00e8s \u00e0 ce site web est soumis \u00e0 la lecture pr\u00e9alable et \u00e0 l'acceptation par tout utilisateur des termes, conditions, communications, avertissements et autres avis juridiques contenus dans le document : Avis juridique qui peut \u00eatre consult\u00e9 sur la page d'accueil de www.pablogarrigos.com dans la section suivante : Avis juridique. (LIEN AVIS JURIDIQUE)<\/p><p>L'avis juridique explique la politique de protection des donn\u00e9es ainsi que la politique de propri\u00e9t\u00e9 intellectuelle relative aux portails www.pablogarrigos.com et www.buyturronpablogarrigos.com.<\/p><p><strong>8.- Communications<\/strong><\/p><p>Aux fins des pr\u00e9sentes conditions g\u00e9n\u00e9rales et pour toute communication n\u00e9cessaire entre Pablo Garrig\u00f3s Ib\u00e1\u00f1ez, S.L. et l'utilisateur, ce dernier devra s'adresser au service client\u00e8le par courrier \u00e9lectronique (en envoyant un message \u00e0 info@buyturronpablogarrigos.com).<\/p><p>Les communications de Pablo Garrig\u00f3s Ib\u00e1\u00f1ez, S.L. \u00e0 l'Utilisateur seront effectu\u00e9es conform\u00e9ment aux donn\u00e9es fournies par l'Utilisateur lors de son inscription sur le Portail.<\/p><p><strong>9.- L\u00e9gislation applicable.<\/strong><\/p><p>Le pr\u00e9sent contrat est r\u00e9gi par la loi espagnole, qui est applicable pour tout ce qui n'est pas pr\u00e9vu dans le pr\u00e9sent contrat en mati\u00e8re d'interpr\u00e9tation, de validit\u00e9 et d'ex\u00e9cution.<\/p><p>Les parties, renon\u00e7ant express\u00e9ment \u00e0 toute autre juridiction qui pourrait leur correspondre, soumettent la d\u00e9cision de l'affaire soulev\u00e9e aux cours et tribunaux d'Alicante, renon\u00e7ant express\u00e9ment \u00e0 leur propre juridiction, s'il y en a une autre.<\/p>\t\t\t\t\t\t\t\t<\/div>\n\t\t\t\t<\/div>\n\t\t\t\t\t<\/div>\n\t\t\t\t<\/div>\n\t\t\t\t<\/div>","protected":false},"excerpt":{"rendered":"<p>Conditions d'utilisation 1.- Information g\u00e9n\u00e9rale. 1.- Les pr\u00e9sentes conditions g\u00e9n\u00e9rales de contrat r\u00e9gissent l'utilisation et les conditions d'acc\u00e8s au site web http:\/\/www.buyturronpablogarrigos.com, c'est-\u00e0-dire le portail, propri\u00e9t\u00e9 de Pablo Garrig\u00f3s Ib\u00e1\u00f1ez, S.L. avec CIF B-58756271. 1.2.- L'utilisation ou l'acc\u00e8s au portail entra\u00eene l'acquisition de la condition d'utilisateur, et la [...]<\/p>","protected":false},"author":2,"featured_media":0,"parent":0,"menu_order":94,"comment_status":"closed","ping_status":"closed","template":"","meta":{"_acf_changed":false,"inline_featured_image":false,"footnotes":""},"class_list":["post-623","page","type-page","status-publish","hentry"],"acf":[],"yoast_head":"<!-- This site is optimized with the Yoast SEO plugin v26.5 - https:\/\/yoast.com\/wordpress\/plugins\/seo\/ -->\n<title>Condiciones de Uso | Pablo Garrig\u00f3s Iba\u00f1ez<\/title>\n<meta name=\"robots\" content=\"index, follow, max-snippet:-1, max-image-preview:large, max-video-preview:-1\" \/>\n<link rel=\"canonical\" href=\"https:\/\/pablogarrigos.com\/fr\/condiciones-uso\/\" \/>\n<meta property=\"og:locale\" content=\"fr_FR\" \/>\n<meta property=\"og:type\" content=\"article\" \/>\n<meta property=\"og:title\" content=\"Condiciones de Uso | Pablo Garrig\u00f3s Iba\u00f1ez\" \/>\n<meta property=\"og:description\" content=\"Condiciones de Uso 1.- Informaci\u00f3n General. 1.-Las presentes condiciones generales de contrataci\u00f3n, regulan el uso y las condiciones de acceso del sitio web http:\/\/www.buyturronpablogarrigos.com, en adelante el portal, pagina web propiedad de Pablo Garrig\u00f3s Ib\u00e1\u00f1ez, S.L con CIF B-58756271. 1.2.- Por el uso o acceso a el portal se adquiere la condici\u00f3n de Usuario, e [&hellip;]\" \/>\n<meta property=\"og:url\" content=\"https:\/\/pablogarrigos.com\/fr\/condiciones-uso\/\" \/>\n<meta property=\"og:site_name\" content=\"Pablo Garrig\u00f3s Iba\u00f1ez\" \/>\n<meta property=\"article:modified_time\" content=\"2024-03-03T08:49:53+00:00\" \/>\n<meta name=\"twitter:card\" content=\"summary_large_image\" \/>\n<script type=\"application\/ld+json\" class=\"yoast-schema-graph\">{\"@context\":\"https:\/\/schema.org\",\"@graph\":[{\"@type\":\"WebPage\",\"@id\":\"https:\/\/pablogarrigos.com\/condiciones-uso\/\",\"url\":\"https:\/\/pablogarrigos.com\/condiciones-uso\/\",\"name\":\"Condiciones de Uso | Pablo Garrig\u00f3s Iba\u00f1ez\",\"isPartOf\":{\"@id\":\"https:\/\/pablogarrigos.com\/#website\"},\"datePublished\":\"2024-02-23T19:31:42+00:00\",\"dateModified\":\"2024-03-03T08:49:53+00:00\",\"breadcrumb\":{\"@id\":\"https:\/\/pablogarrigos.com\/condiciones-uso\/#breadcrumb\"},\"inLanguage\":\"fr-FR\",\"potentialAction\":[{\"@type\":\"ReadAction\",\"target\":[\"https:\/\/pablogarrigos.com\/condiciones-uso\/\"]}]},{\"@type\":\"BreadcrumbList\",\"@id\":\"https:\/\/pablogarrigos.com\/condiciones-uso\/#breadcrumb\",\"itemListElement\":[{\"@type\":\"ListItem\",\"position\":1,\"name\":\"Home\",\"item\":\"https:\/\/pablogarrigos.com\/en\/\"},{\"@type\":\"ListItem\",\"position\":2,\"name\":\"Condiciones de Uso\"}]},{\"@type\":\"WebSite\",\"@id\":\"https:\/\/pablogarrigos.com\/#website\",\"url\":\"https:\/\/pablogarrigos.com\/\",\"name\":\"Pablo Garrig\u00f3s Iba\u00f1ez\",\"description\":\"El Sentido del Gusto\",\"publisher\":{\"@id\":\"https:\/\/pablogarrigos.com\/#organization\"},\"potentialAction\":[{\"@type\":\"SearchAction\",\"target\":{\"@type\":\"EntryPoint\",\"urlTemplate\":\"https:\/\/pablogarrigos.com\/?s={search_term_string}\"},\"query-input\":{\"@type\":\"PropertyValueSpecification\",\"valueRequired\":true,\"valueName\":\"search_term_string\"}}],\"inLanguage\":\"fr-FR\"},{\"@type\":\"Organization\",\"@id\":\"https:\/\/pablogarrigos.com\/#organization\",\"name\":\"Pablo Garrig\u00f3s Iba\u00f1ez\",\"url\":\"https:\/\/pablogarrigos.com\/\",\"logo\":{\"@type\":\"ImageObject\",\"inLanguage\":\"fr-FR\",\"@id\":\"https:\/\/pablogarrigos.com\/#\/schema\/logo\/image\/\",\"url\":\"https:\/\/pablogarrigos.com\/wp-content\/uploads\/2024\/02\/logo-pablogarrigos.png\",\"contentUrl\":\"https:\/\/pablogarrigos.com\/wp-content\/uploads\/2024\/02\/logo-pablogarrigos.png\",\"width\":1247,\"height\":480,\"caption\":\"Pablo Garrig\u00f3s Iba\u00f1ez\"},\"image\":{\"@id\":\"https:\/\/pablogarrigos.com\/#\/schema\/logo\/image\/\"}}]}<\/script>\n<!-- \/ Yoast SEO plugin. -->","yoast_head_json":{"title":"Conditions d'utilisation | Pablo Garrig\u00f3s Iba\u00f1ez","robots":{"index":"index","follow":"follow","max-snippet":"max-snippet:-1","max-image-preview":"max-image-preview:large","max-video-preview":"max-video-preview:-1"},"canonical":"https:\/\/pablogarrigos.com\/fr\/condiciones-uso\/","og_locale":"fr_FR","og_type":"article","og_title":"Condiciones de Uso | Pablo Garrig\u00f3s Iba\u00f1ez","og_description":"Condiciones de Uso 1.- Informaci\u00f3n General. 1.-Las presentes condiciones generales de contrataci\u00f3n, regulan el uso y las condiciones de acceso del sitio web http:\/\/www.buyturronpablogarrigos.com, en adelante el portal, pagina web propiedad de Pablo Garrig\u00f3s Ib\u00e1\u00f1ez, S.L con CIF B-58756271. 1.2.- Por el uso o acceso a el portal se adquiere la condici\u00f3n de Usuario, e [&hellip;]","og_url":"https:\/\/pablogarrigos.com\/fr\/condiciones-uso\/","og_site_name":"Pablo Garrig\u00f3s Iba\u00f1ez","article_modified_time":"2024-03-03T08:49:53+00:00","twitter_card":"summary_large_image","schema":{"@context":"https:\/\/schema.org","@graph":[{"@type":"WebPage","@id":"https:\/\/pablogarrigos.com\/condiciones-uso\/","url":"https:\/\/pablogarrigos.com\/condiciones-uso\/","name":"Conditions d'utilisation | Pablo Garrig\u00f3s Iba\u00f1ez","isPartOf":{"@id":"https:\/\/pablogarrigos.com\/#website"},"datePublished":"2024-02-23T19:31:42+00:00","dateModified":"2024-03-03T08:49:53+00:00","breadcrumb":{"@id":"https:\/\/pablogarrigos.com\/condiciones-uso\/#breadcrumb"},"inLanguage":"fr-FR","potentialAction":[{"@type":"ReadAction","target":["https:\/\/pablogarrigos.com\/condiciones-uso\/"]}]},{"@type":"BreadcrumbList","@id":"https:\/\/pablogarrigos.com\/condiciones-uso\/#breadcrumb","itemListElement":[{"@type":"ListItem","position":1,"name":"Home","item":"https:\/\/pablogarrigos.com\/en\/"},{"@type":"ListItem","position":2,"name":"Condiciones de Uso"}]},{"@type":"WebSite","@id":"https:\/\/pablogarrigos.com\/#website","url":"https:\/\/pablogarrigos.com\/","name":"Pablo Garrig\u00f3s Iba\u00f1ez","description":"Le sens du go\u00fbt","publisher":{"@id":"https:\/\/pablogarrigos.com\/#organization"},"potentialAction":[{"@type":"SearchAction","target":{"@type":"EntryPoint","urlTemplate":"https:\/\/pablogarrigos.com\/?s={search_term_string}"},"query-input":{"@type":"PropertyValueSpecification","valueRequired":true,"valueName":"search_term_string"}}],"inLanguage":"fr-FR"},{"@type":"Organization","@id":"https:\/\/pablogarrigos.com\/#organization","name":"Pablo Garrig\u00f3s Iba\u00f1ez","url":"https:\/\/pablogarrigos.com\/","logo":{"@type":"ImageObject","inLanguage":"fr-FR","@id":"https:\/\/pablogarrigos.com\/#\/schema\/logo\/image\/","url":"https:\/\/pablogarrigos.com\/wp-content\/uploads\/2024\/02\/logo-pablogarrigos.png","contentUrl":"https:\/\/pablogarrigos.com\/wp-content\/uploads\/2024\/02\/logo-pablogarrigos.png","width":1247,"height":480,"caption":"Pablo Garrig\u00f3s Iba\u00f1ez"},"image":{"@id":"https:\/\/pablogarrigos.com\/#\/schema\/logo\/image\/"}}]}},"_links":{"self":[{"href":"https:\/\/pablogarrigos.com\/fr\/wp-json\/wp\/v2\/pages\/623","targetHints":{"allow":["GET"]}}],"collection":[{"href":"https:\/\/pablogarrigos.com\/fr\/wp-json\/wp\/v2\/pages"}],"about":[{"href":"https:\/\/pablogarrigos.com\/fr\/wp-json\/wp\/v2\/types\/page"}],"author":[{"embeddable":true,"href":"https:\/\/pablogarrigos.com\/fr\/wp-json\/wp\/v2\/users\/2"}],"replies":[{"embeddable":true,"href":"https:\/\/pablogarrigos.com\/fr\/wp-json\/wp\/v2\/comments?post=623"}],"version-history":[{"count":10,"href":"https:\/\/pablogarrigos.com\/fr\/wp-json\/wp\/v2\/pages\/623\/revisions"}],"predecessor-version":[{"id":1699,"href":"https:\/\/pablogarrigos.com\/fr\/wp-json\/wp\/v2\/pages\/623\/revisions\/1699"}],"wp:attachment":[{"href":"https:\/\/pablogarrigos.com\/fr\/wp-json\/wp\/v2\/media?parent=623"}],"curies":[{"name":"wp","href":"https:\/\/api.w.org\/{rel}","templated":true}]}}