{"id":617,"date":"2024-02-23T20:30:02","date_gmt":"2024-02-23T19:30:02","guid":{"rendered":"https:\/\/pablogarrigos.com\/?page_id=617"},"modified":"2024-03-03T09:49:40","modified_gmt":"2024-03-03T08:49:40","slug":"aviso-legal","status":"publish","type":"page","link":"https:\/\/pablogarrigos.com\/fr\/aviso-legal\/","title":{"rendered":"Avis juridique"},"content":{"rendered":"<div data-elementor-type=\"wp-page\" data-elementor-id=\"617\" class=\"elementor elementor-617\" data-elementor-post-type=\"page\">\n\t\t\t\t<div class=\"elementor-element elementor-element-3322a42c e-flex e-con-boxed e-con e-parent\" data-id=\"3322a42c\" data-element_type=\"container\" data-settings=\"{&quot;background_background&quot;:&quot;classic&quot;}\">\n\t\t\t\t\t<div class=\"e-con-inner\">\n\t\t\t\t<div class=\"elementor-element elementor-element-7426b547 elementor-widget elementor-widget-heading\" data-id=\"7426b547\" data-element_type=\"widget\" data-widget_type=\"heading.default\">\n\t\t\t\t<div class=\"elementor-widget-container\">\n\t\t\t\t\t<h1 class=\"elementor-heading-title elementor-size-default\">Avis juridique<\/h1>\t\t\t\t<\/div>\n\t\t\t\t<\/div>\n\t\t\t\t\t<\/div>\n\t\t\t\t<\/div>\n\t\t<div class=\"elementor-element elementor-element-727b4d38 e-flex e-con-boxed e-con e-parent\" data-id=\"727b4d38\" data-element_type=\"container\">\n\t\t\t\t\t<div class=\"e-con-inner\">\n\t\t\t\t<div class=\"elementor-element elementor-element-5bfbf773 elementor-widget elementor-widget-text-editor\" data-id=\"5bfbf773\" data-element_type=\"widget\" data-widget_type=\"text-editor.default\">\n\t\t\t\t<div class=\"elementor-widget-container\">\n\t\t\t\t\t\t\t\t\t<p><strong>1.- Informations g\u00e9n\u00e9rales.<\/strong><\/p><p>1.1 - Le site web https:\/\/www.pablogarrigos.com, et sa boutique en ligne http:\/\/buyturronpablogarrigos.com, sont la propri\u00e9t\u00e9 de l'entreprise Pablo Garrig\u00f3s Ib\u00e1\u00f1ez, S.L. avec CIF B-58756271, dont l'adresse est Ctra. 800, Km 14,3, 03100, Jijona, Alicante, Espagne. T\u00e9l\u00e9phone : (0034) 965 61 28 11. Courriel : info@pablogarrigos.com .<\/p><p>1.2 - Vous pouvez consulter les conditions g\u00e9n\u00e9rales contractuelles qui r\u00e9gissent les conditions d'utilisation et d'acc\u00e8s \u00e0 la boutique en ligne de Pablo Garrigos Iba\u00f1ez S.L., h\u00e9berg\u00e9e sur le site http:\/\/buyturronpablogarrigos.com, \u00e0 travers le lien suivant.<\/p><p>1.3.- Propri\u00e9t\u00e9 intellectuelle :<\/p><p>Le code source, les conceptions graphiques, les images, les photographies, les sons, les animations, les logiciels, les textes, ainsi que les informations et les contenus inclus dans le site Web de Pablo Garrig\u00f3s Ib\u00e1\u00f1ez, S.L. sont prot\u00e9g\u00e9s par la l\u00e9gislation espagnole sur les droits de propri\u00e9t\u00e9 intellectuelle et industrielle. La reproduction et\/ou la publication, en tout ou en partie, du site web, ou son traitement informatique, sa distribution, sa diffusion, sa modification, sa transformation ou sa d\u00e9compilation, ou tout autre droit l\u00e9galement reconnu du propri\u00e9taire, n'est pas autoris\u00e9e sans l'autorisation \u00e9crite pr\u00e9alable de l'entreprise Pablo Garrig\u00f3s Ib\u00e1\u00f1ez, S.L.<\/p><p>L'utilisateur, uniquement et exclusivement, peut utiliser le mat\u00e9riel qui appara\u00eet sur ce site web pour son usage personnel et priv\u00e9, \u00e9tant interdite son utilisation \u00e0 des fins commerciales ou pour se livrer \u00e0 des activit\u00e9s illicites. Tous les droits de propri\u00e9t\u00e9 intellectuelle sont express\u00e9ment r\u00e9serv\u00e9s par Pablo Garrig\u00f3s Ib\u00e1\u00f1ez.<br \/>Pablo Garrig\u00f3s Ib\u00e1\u00f1ez veillera au respect des conditions susmentionn\u00e9es et \u00e0 la bonne utilisation des contenus pr\u00e9sent\u00e9s sur son site Web, en exer\u00e7ant toutes les actions civiles et p\u00e9nales applicables en cas d'infraction ou de violation de ces droits par l'utilisateur.<\/p><p><strong>1.4 - Respect de la loi organique sur la protection des donn\u00e9es \u00e0 caract\u00e8re personnel (LOPD 15\/1999).<\/strong><\/p><p>Aux fins des dispositions de la l\u00e9gislation en vigueur sur la protection des donn\u00e9es personnelles, Pablo Garrigos Iba\u00f1ez, S.L. informe l'utilisateur de l'existence d'un fichier automatis\u00e9 de donn\u00e9es personnelles, cr\u00e9\u00e9 et sous la responsabilit\u00e9 de Pablo Garrigos Iba\u00f1ez, S.L., dans le but d'effectuer la maintenance et la gestion des informations demand\u00e9es, ainsi que des informations fournies par Pablo Garrigos.<\/p><p>Il vous informe \u00e9galement de la possibilit\u00e9 d'exercer vos droits d'acc\u00e8s, de rectification, d'annulation et d'opposition, ainsi que du caract\u00e8re obligatoire de la r\u00e9ponse aux donn\u00e9es personnelles demand\u00e9es sur tous les formulaires.<\/p><p>Pablo Garrigos Iba\u00f1ez, S.L. s'engage \u00e0 respecter son obligation de pr\u00e9server le secret des donn\u00e9es personnelles et son obligation de les conserver et adoptera les mesures n\u00e9cessaires pour \u00e9viter leur alt\u00e9ration, perte, traitement ou acc\u00e8s non autoris\u00e9, en tenant compte de l'\u00e9tat de la technologie \u00e0 tout moment.<\/p><p>L'utilisateur consent express\u00e9ment au transfert de ces donn\u00e9es aux entreprises avec lesquelles Pablo Garrigos Iba\u00f1ez, S.L. conclut des accords de collaboration. Ce transfert ne peut avoir pour objet que la r\u00e9alisation des activit\u00e9s d'information, de formation et de commercialisation des services de conseil \u00e9conomique demand\u00e9s par l'utilisateur. De m\u00eame, l'utilisateur autorise, conform\u00e9ment \u00e0 la l\u00e9gislation en vigueur, le traitement de ses donn\u00e9es \u00e0 des fins de promotion commerciale de Pablo Garrigos Iba\u00f1ez, S.L. Toute autre utilisation des donn\u00e9es personnelles contenues dans le fichier n\u00e9cessitera le consentement pr\u00e9alable et expr\u00e8s de l'utilisateur.<\/p><p><strong>1.5 - Cookies<\/strong><\/p><p>Pablo Garrig\u00f3s Ib\u00e1\u00f1ez, S.L. utilise des cookies qui resteront stock\u00e9s dans votre ordinateur. Les cookies sont de petits fichiers que notre ordinateur envoie \u00e0 votre ordinateur, mais qui ne nous fournissent pas d'informations sur votre nom ou d'autres donn\u00e9es personnelles. Les cookies que nous utilisons ne peuvent pas lire les donn\u00e9es de votre ordinateur ni lire les cookies qui existent sur votre ordinateur.<\/p><p>Lorsque l'utilisateur navigue sur les pages web de Pablo Garrig\u00f3s Ib\u00e1\u00f1ez, le serveur o\u00f9 il est h\u00e9berg\u00e9 reconna\u00eet automatiquement l'adresse IP de votre ordinateur, le jour et l'heure \u00e0 laquelle la visite commence, qui quitte la visite, ainsi que des informations sur les diff\u00e9rentes sections visit\u00e9es. Il est n\u00e9cessaire que le serveur connaisse ces donn\u00e9es pour pouvoir communiquer et envoyer la demande faite et qui, \u00e0 travers le navigateur, peut \u00eatre vu sur l'\u00e9cran.<\/p><p>Si vous le souhaitez, vous pouvez configurer votre navigateur pour qu'il vous avertisse \u00e0 l'\u00e9cran de la r\u00e9ception d'un cookie. Vous pouvez configurer votre ordinateur de mani\u00e8re \u00e0 ne pas recevoir ces cookies, mais cela ne vous emp\u00eachera pas d'acc\u00e9der aux informations du site web de l'entreprise.<\/p><p><strong>1.6.- Modification du contenu du site web :<\/strong><\/p><p>Pablo Garrig\u00f3s Ib\u00e1\u00f1ez peut modifier, sans pr\u00e9avis, l'information contenue dans son site Web, ainsi que sa configuration et sa pr\u00e9sentation.<\/p><p><strong>1.7.- Publicit\u00e9 :<\/strong><\/p><p>Pablo Garrig\u00f3s Ib\u00e1\u00f1ez s'engage \u00e0 travers ce moyen \u00e0 NE PAS FAIRE DE PUBLICIT\u00c9 MENSONG\u00c8RE. \u00c0 cet effet, ne seront donc pas consid\u00e9r\u00e9es comme publicit\u00e9 mensong\u00e8re les erreurs formelles ou num\u00e9riques qui peuvent \u00eatre trouv\u00e9es dans le contenu des diff\u00e9rentes sections du site web de Pablo Garrig\u00f3s Ib\u00e1\u00f1ez, produites en cons\u00e9quence d'une maintenance et\/ou d'une mise \u00e0 jour incompl\u00e8te ou d\u00e9fectueuse de l'information.<\/p>\t\t\t\t\t\t\t\t<\/div>\n\t\t\t\t<\/div>\n\t\t\t\t\t<\/div>\n\t\t\t\t<\/div>\n\t\t\t\t<\/div>","protected":false},"excerpt":{"rendered":"<p>Avis l\u00e9gal 1.- Information g\u00e9n\u00e9rale. 1.1 - Le site web https:\/\/www.pablogarrigos.com, et sa boutique en ligne http:\/\/buyturronpablogarrigos.com, sont la propri\u00e9t\u00e9 de l'entreprise Pablo Garrig\u00f3s Ib\u00e1\u00f1ez, S.L. avec CIF B-58756271, domicili\u00e9e Ctra. 800, Km 14,3, 03100, Jijona, Alicante, Espagne. T\u00e9l\u00e9phone : (0034) 965 61 28 11. Courriel : info@pablogarrigos.com . 1.2.- Vous pouvez consulter les conditions g\u00e9n\u00e9rales du contrat [...].<\/p>","protected":false},"author":2,"featured_media":0,"parent":0,"menu_order":90,"comment_status":"closed","ping_status":"closed","template":"","meta":{"_acf_changed":false,"inline_featured_image":false,"footnotes":""},"class_list":["post-617","page","type-page","status-publish","hentry"],"acf":[],"yoast_head":"<!-- This site is optimized with the Yoast SEO plugin v26.5 - https:\/\/yoast.com\/wordpress\/plugins\/seo\/ -->\n<title>Aviso Legal | Pablo Garrig\u00f3s Iba\u00f1ez<\/title>\n<meta name=\"robots\" content=\"index, follow, max-snippet:-1, max-image-preview:large, max-video-preview:-1\" \/>\n<link rel=\"canonical\" href=\"https:\/\/pablogarrigos.com\/fr\/aviso-legal\/\" \/>\n<meta property=\"og:locale\" content=\"fr_FR\" \/>\n<meta property=\"og:type\" content=\"article\" \/>\n<meta property=\"og:title\" content=\"Aviso Legal | Pablo Garrig\u00f3s Iba\u00f1ez\" \/>\n<meta property=\"og:description\" content=\"Aviso Legal 1.- Informaci\u00f3n General. 1.1.- El sitio web https:\/\/www.pablogarrigos.com, y su tienda on-line http:\/\/buyturronpablogarrigos.com, son propiedad de la mercantil Pablo Garrig\u00f3s Ib\u00e1\u00f1ez, S.L con CIF B-58756271, con domicilio en Ctra. 800, Km 14,3, 03100, Jijona, Alicante, Espa\u00f1a. Tel\u00e9fono: (0034) 965 61 28 11. E-mail: info@pablogarrigos.com . 1.2.- Puede consultar las condiciones generales de contrataci\u00f3n [&hellip;]\" \/>\n<meta property=\"og:url\" content=\"https:\/\/pablogarrigos.com\/fr\/aviso-legal\/\" \/>\n<meta property=\"og:site_name\" content=\"Pablo Garrig\u00f3s Iba\u00f1ez\" \/>\n<meta property=\"article:modified_time\" content=\"2024-03-03T08:49:40+00:00\" \/>\n<meta name=\"twitter:card\" content=\"summary_large_image\" \/>\n<meta name=\"twitter:label1\" content=\"Dur\u00e9e de lecture estim\u00e9e\" \/>\n\t<meta name=\"twitter:data1\" content=\"4 minutes\" \/>\n<script type=\"application\/ld+json\" class=\"yoast-schema-graph\">{\"@context\":\"https:\/\/schema.org\",\"@graph\":[{\"@type\":\"WebPage\",\"@id\":\"https:\/\/pablogarrigos.com\/aviso-legal\/\",\"url\":\"https:\/\/pablogarrigos.com\/aviso-legal\/\",\"name\":\"Aviso Legal | Pablo Garrig\u00f3s Iba\u00f1ez\",\"isPartOf\":{\"@id\":\"https:\/\/pablogarrigos.com\/#website\"},\"datePublished\":\"2024-02-23T19:30:02+00:00\",\"dateModified\":\"2024-03-03T08:49:40+00:00\",\"breadcrumb\":{\"@id\":\"https:\/\/pablogarrigos.com\/aviso-legal\/#breadcrumb\"},\"inLanguage\":\"fr-FR\",\"potentialAction\":[{\"@type\":\"ReadAction\",\"target\":[\"https:\/\/pablogarrigos.com\/aviso-legal\/\"]}]},{\"@type\":\"BreadcrumbList\",\"@id\":\"https:\/\/pablogarrigos.com\/aviso-legal\/#breadcrumb\",\"itemListElement\":[{\"@type\":\"ListItem\",\"position\":1,\"name\":\"Home\",\"item\":\"https:\/\/pablogarrigos.com\/en\/\"},{\"@type\":\"ListItem\",\"position\":2,\"name\":\"Aviso Legal\"}]},{\"@type\":\"WebSite\",\"@id\":\"https:\/\/pablogarrigos.com\/#website\",\"url\":\"https:\/\/pablogarrigos.com\/\",\"name\":\"Pablo Garrig\u00f3s Iba\u00f1ez\",\"description\":\"El Sentido del Gusto\",\"publisher\":{\"@id\":\"https:\/\/pablogarrigos.com\/#organization\"},\"potentialAction\":[{\"@type\":\"SearchAction\",\"target\":{\"@type\":\"EntryPoint\",\"urlTemplate\":\"https:\/\/pablogarrigos.com\/?s={search_term_string}\"},\"query-input\":{\"@type\":\"PropertyValueSpecification\",\"valueRequired\":true,\"valueName\":\"search_term_string\"}}],\"inLanguage\":\"fr-FR\"},{\"@type\":\"Organization\",\"@id\":\"https:\/\/pablogarrigos.com\/#organization\",\"name\":\"Pablo Garrig\u00f3s Iba\u00f1ez\",\"url\":\"https:\/\/pablogarrigos.com\/\",\"logo\":{\"@type\":\"ImageObject\",\"inLanguage\":\"fr-FR\",\"@id\":\"https:\/\/pablogarrigos.com\/#\/schema\/logo\/image\/\",\"url\":\"https:\/\/pablogarrigos.com\/wp-content\/uploads\/2024\/02\/logo-pablogarrigos.png\",\"contentUrl\":\"https:\/\/pablogarrigos.com\/wp-content\/uploads\/2024\/02\/logo-pablogarrigos.png\",\"width\":1247,\"height\":480,\"caption\":\"Pablo Garrig\u00f3s Iba\u00f1ez\"},\"image\":{\"@id\":\"https:\/\/pablogarrigos.com\/#\/schema\/logo\/image\/\"}}]}<\/script>\n<!-- \/ Yoast SEO plugin. -->","yoast_head_json":{"title":"Avis juridique - Pablo Garrig\u00f3s Iba\u00f1ez","robots":{"index":"index","follow":"follow","max-snippet":"max-snippet:-1","max-image-preview":"max-image-preview:large","max-video-preview":"max-video-preview:-1"},"canonical":"https:\/\/pablogarrigos.com\/fr\/aviso-legal\/","og_locale":"fr_FR","og_type":"article","og_title":"Aviso Legal | Pablo Garrig\u00f3s Iba\u00f1ez","og_description":"Aviso Legal 1.- Informaci\u00f3n General. 1.1.- El sitio web https:\/\/www.pablogarrigos.com, y su tienda on-line http:\/\/buyturronpablogarrigos.com, son propiedad de la mercantil Pablo Garrig\u00f3s Ib\u00e1\u00f1ez, S.L con CIF B-58756271, con domicilio en Ctra. 800, Km 14,3, 03100, Jijona, Alicante, Espa\u00f1a. Tel\u00e9fono: (0034) 965 61 28 11. E-mail: info@pablogarrigos.com . 1.2.- Puede consultar las condiciones generales de contrataci\u00f3n [&hellip;]","og_url":"https:\/\/pablogarrigos.com\/fr\/aviso-legal\/","og_site_name":"Pablo Garrig\u00f3s Iba\u00f1ez","article_modified_time":"2024-03-03T08:49:40+00:00","twitter_card":"summary_large_image","twitter_misc":{"Dur\u00e9e de lecture estim\u00e9e":"4 minutes"},"schema":{"@context":"https:\/\/schema.org","@graph":[{"@type":"WebPage","@id":"https:\/\/pablogarrigos.com\/aviso-legal\/","url":"https:\/\/pablogarrigos.com\/aviso-legal\/","name":"Avis juridique - Pablo Garrig\u00f3s Iba\u00f1ez","isPartOf":{"@id":"https:\/\/pablogarrigos.com\/#website"},"datePublished":"2024-02-23T19:30:02+00:00","dateModified":"2024-03-03T08:49:40+00:00","breadcrumb":{"@id":"https:\/\/pablogarrigos.com\/aviso-legal\/#breadcrumb"},"inLanguage":"fr-FR","potentialAction":[{"@type":"ReadAction","target":["https:\/\/pablogarrigos.com\/aviso-legal\/"]}]},{"@type":"BreadcrumbList","@id":"https:\/\/pablogarrigos.com\/aviso-legal\/#breadcrumb","itemListElement":[{"@type":"ListItem","position":1,"name":"Home","item":"https:\/\/pablogarrigos.com\/en\/"},{"@type":"ListItem","position":2,"name":"Aviso Legal"}]},{"@type":"WebSite","@id":"https:\/\/pablogarrigos.com\/#website","url":"https:\/\/pablogarrigos.com\/","name":"Pablo Garrig\u00f3s Iba\u00f1ez","description":"Le sens du go\u00fbt","publisher":{"@id":"https:\/\/pablogarrigos.com\/#organization"},"potentialAction":[{"@type":"SearchAction","target":{"@type":"EntryPoint","urlTemplate":"https:\/\/pablogarrigos.com\/?s={search_term_string}"},"query-input":{"@type":"PropertyValueSpecification","valueRequired":true,"valueName":"search_term_string"}}],"inLanguage":"fr-FR"},{"@type":"Organization","@id":"https:\/\/pablogarrigos.com\/#organization","name":"Pablo Garrig\u00f3s Iba\u00f1ez","url":"https:\/\/pablogarrigos.com\/","logo":{"@type":"ImageObject","inLanguage":"fr-FR","@id":"https:\/\/pablogarrigos.com\/#\/schema\/logo\/image\/","url":"https:\/\/pablogarrigos.com\/wp-content\/uploads\/2024\/02\/logo-pablogarrigos.png","contentUrl":"https:\/\/pablogarrigos.com\/wp-content\/uploads\/2024\/02\/logo-pablogarrigos.png","width":1247,"height":480,"caption":"Pablo Garrig\u00f3s Iba\u00f1ez"},"image":{"@id":"https:\/\/pablogarrigos.com\/#\/schema\/logo\/image\/"}}]}},"_links":{"self":[{"href":"https:\/\/pablogarrigos.com\/fr\/wp-json\/wp\/v2\/pages\/617","targetHints":{"allow":["GET"]}}],"collection":[{"href":"https:\/\/pablogarrigos.com\/fr\/wp-json\/wp\/v2\/pages"}],"about":[{"href":"https:\/\/pablogarrigos.com\/fr\/wp-json\/wp\/v2\/types\/page"}],"author":[{"embeddable":true,"href":"https:\/\/pablogarrigos.com\/fr\/wp-json\/wp\/v2\/users\/2"}],"replies":[{"embeddable":true,"href":"https:\/\/pablogarrigos.com\/fr\/wp-json\/wp\/v2\/comments?post=617"}],"version-history":[{"count":7,"href":"https:\/\/pablogarrigos.com\/fr\/wp-json\/wp\/v2\/pages\/617\/revisions"}],"predecessor-version":[{"id":1693,"href":"https:\/\/pablogarrigos.com\/fr\/wp-json\/wp\/v2\/pages\/617\/revisions\/1693"}],"wp:attachment":[{"href":"https:\/\/pablogarrigos.com\/fr\/wp-json\/wp\/v2\/media?parent=617"}],"curies":[{"name":"wp","href":"https:\/\/api.w.org\/{rel}","templated":true}]}}