{"id":612,"date":"2024-02-23T20:28:47","date_gmt":"2024-02-23T19:28:47","guid":{"rendered":"https:\/\/pablogarrigos.com\/?page_id=612"},"modified":"2024-05-15T10:20:00","modified_gmt":"2024-05-15T08:20:00","slug":"lab","status":"publish","type":"page","link":"https:\/\/pablogarrigos.com\/fr\/lab\/","title":{"rendered":"Laboratoire"},"content":{"rendered":"<div data-elementor-type=\"wp-page\" data-elementor-id=\"612\" class=\"elementor elementor-612\" data-elementor-post-type=\"page\">\n\t\t\t\t<div class=\"elementor-element elementor-element-0996588 e-flex e-con-boxed e-con e-parent\" data-id=\"0996588\" data-element_type=\"container\" data-settings=\"{&quot;background_background&quot;:&quot;classic&quot;}\">\n\t\t\t\t\t<div class=\"e-con-inner\">\n\t\t<div class=\"elementor-element elementor-element-097f965 e-con-full elementor-hidden-mobile e-flex e-con e-child\" data-id=\"097f965\" data-element_type=\"container\">\n\t\t\t\t<div class=\"elementor-element elementor-element-0ad3509 elementor-widget elementor-widget-heading\" data-id=\"0ad3509\" data-element_type=\"widget\" data-widget_type=\"heading.default\">\n\t\t\t\t<div class=\"elementor-widget-container\">\n\t\t\t\t\t<h1 class=\"elementor-heading-title elementor-size-default\">Laboratoire<\/h1>\t\t\t\t<\/div>\n\t\t\t\t<\/div>\n\t\t\t\t<div class=\"elementor-element elementor-element-04d07f9 elementor-widget elementor-widget-text-editor\" data-id=\"04d07f9\" data-element_type=\"widget\" data-widget_type=\"text-editor.default\">\n\t\t\t\t<div class=\"elementor-widget-container\">\n\t\t\t\t\t\t\t\t\t<p>Recettes surprenantes avec le nougat de Pablo Garrig\u00f3s Ib\u00e1\u00f1ez comme ingr\u00e9dient principal.<\/p>\t\t\t\t\t\t\t\t<\/div>\n\t\t\t\t<\/div>\n\t\t\t\t<\/div>\n\t\t\t\t\t<\/div>\n\t\t\t\t<\/div>\n\t\t<div class=\"elementor-element elementor-element-391441c e-con-full elementor-hidden-desktop elementor-hidden-laptop elementor-hidden-tablet_extra elementor-hidden-tablet e-flex e-con e-parent\" data-id=\"391441c\" data-element_type=\"container\" data-settings=\"{&quot;background_background&quot;:&quot;classic&quot;}\">\n\t\t<div class=\"elementor-element elementor-element-f2a7f83 e-con-full e-flex e-con e-child\" data-id=\"f2a7f83\" data-element_type=\"container\">\n\t\t\t\t<div class=\"elementor-element elementor-element-e658741 elementor-widget elementor-widget-heading\" data-id=\"e658741\" data-element_type=\"widget\" data-widget_type=\"heading.default\">\n\t\t\t\t<div class=\"elementor-widget-container\">\n\t\t\t\t\t<h1 class=\"elementor-heading-title elementor-size-default\">Laboratoire<\/h1>\t\t\t\t<\/div>\n\t\t\t\t<\/div>\n\t\t\t\t<div class=\"elementor-element elementor-element-942a950 elementor-widget elementor-widget-text-editor\" data-id=\"942a950\" data-element_type=\"widget\" data-widget_type=\"text-editor.default\">\n\t\t\t\t<div class=\"elementor-widget-container\">\n\t\t\t\t\t\t\t\t\t<p>Recettes surprenantes avec le nougat de Pablo Garrig\u00f3s Ib\u00e1\u00f1ez comme ingr\u00e9dient principal.<\/p>\t\t\t\t\t\t\t\t<\/div>\n\t\t\t\t<\/div>\n\t\t\t\t<\/div>\n\t\t\t\t<\/div>\n\t\t<div class=\"elementor-element elementor-element-756a7c0 e-flex e-con-boxed e-con e-parent\" data-id=\"756a7c0\" data-element_type=\"container\">\n\t\t\t\t\t<div class=\"e-con-inner\">\n\t\t<div class=\"elementor-element elementor-element-5c78bcf e-con-full e-flex e-con e-child\" data-id=\"5c78bcf\" data-element_type=\"container\">\n\t\t\t\t<div class=\"elementor-element elementor-element-64ebbd1 elementor-widget elementor-widget-heading\" data-id=\"64ebbd1\" data-element_type=\"widget\" data-widget_type=\"heading.default\">\n\t\t\t\t<div class=\"elementor-widget-container\">\n\t\t\t\t\t<h2 class=\"elementor-heading-title elementor-size-default\">Turrones Pablo Garrig\u00f3s Ib\u00e1\u00f1ez, dans la cuisine des plus grands chefs\n<\/h2>\t\t\t\t<\/div>\n\t\t\t\t<\/div>\n\t\t\t\t<div class=\"elementor-element elementor-element-b3af794 elementor-widget elementor-widget-text-editor\" data-id=\"b3af794\" data-element_type=\"widget\" data-widget_type=\"text-editor.default\">\n\t\t\t\t<div class=\"elementor-widget-container\">\n\t\t\t\t\t\t\t\t\tD\u00e9couvrez la magie des bonbons et nougats Pablo Garrig\u00f3s Ib\u00e1\u00f1ez. Avec une saveur incomparable, une texture sublime et sans perdre l'essence des recettes traditionnelles, nos produits sont synonymes de qualit\u00e9 supr\u00eame et de modernit\u00e9. Les chefs les plus avant-gardistes ont profit\u00e9 de nos prestigieux nougats pour pr\u00e9parer des plats savoureux destin\u00e9s aux palais les plus exquis. Dans le laboratoire de Pablo Garrig\u00f3s Ib\u00e1\u00f1ez, vous d\u00e9couvrirez quelques-unes de ses recettes.\t\t\t\t\t\t\t\t<\/div>\n\t\t\t\t<\/div>\n\t\t\t\t<\/div>\n\t\t<div class=\"elementor-element elementor-element-a859d16 e-con-full e-flex e-con e-child\" data-id=\"a859d16\" data-element_type=\"container\">\n\t\t\t\t<div class=\"elementor-element elementor-element-ceb9086 elementor-grid-3 elementor-grid-tablet-2 elementor-grid-mobile-1 elementor-widget elementor-widget-loop-grid\" data-id=\"ceb9086\" data-element_type=\"widget\" data-settings=\"{&quot;template_id&quot;:&quot;967&quot;,&quot;columns&quot;:3,&quot;pagination_type&quot;:&quot;load_more_on_click&quot;,&quot;row_gap&quot;:{&quot;unit&quot;:&quot;px&quot;,&quot;size&quot;:25,&quot;sizes&quot;:[]},&quot;_skin&quot;:&quot;post&quot;,&quot;columns_tablet&quot;:&quot;2&quot;,&quot;columns_mobile&quot;:&quot;1&quot;,&quot;edit_handle_selector&quot;:&quot;[data-elementor-type=\\&quot;loop-item\\&quot;]&quot;,&quot;load_more_spinner&quot;:{&quot;value&quot;:&quot;fas fa-spinner&quot;,&quot;library&quot;:&quot;fa-solid&quot;},&quot;row_gap_laptop&quot;:{&quot;unit&quot;:&quot;px&quot;,&quot;size&quot;:&quot;&quot;,&quot;sizes&quot;:[]},&quot;row_gap_tablet_extra&quot;:{&quot;unit&quot;:&quot;px&quot;,&quot;size&quot;:&quot;&quot;,&quot;sizes&quot;:[]},&quot;row_gap_tablet&quot;:{&quot;unit&quot;:&quot;px&quot;,&quot;size&quot;:&quot;&quot;,&quot;sizes&quot;:[]},&quot;row_gap_mobile&quot;:{&quot;unit&quot;:&quot;px&quot;,&quot;size&quot;:&quot;&quot;,&quot;sizes&quot;:[]}}\" data-widget_type=\"loop-grid.post\">\n\t\t\t\t<div class=\"elementor-widget-container\">\n\t\t\t\t\t\t\t<div class=\"elementor-loop-container elementor-grid\" role=\"list\">\n\t\t<style id=\"loop-967\">.elementor-967 .elementor-element.elementor-element-28228be0{--display:flex;--flex-direction:column;--container-widget-width:100%;--container-widget-height:initial;--container-widget-flex-grow:0;--container-widget-align-self:initial;--flex-wrap-mobile:wrap;border-style:solid;--border-style:solid;border-width:1px 1px 1px 1px;--border-top-width:1px;--border-right-width:1px;--border-bottom-width:1px;--border-left-width:1px;border-color:var( --e-global-color-c01c2f3 );--border-color:var( --e-global-color-c01c2f3 );}.elementor-967 .elementor-element.elementor-element-6656ac6{--display:flex;}.elementor-widget-theme-post-featured-image .widget-image-caption{color:var( --e-global-color-text );font-family:var( --e-global-typography-text-font-family ), Sans-serif;font-weight:var( --e-global-typography-text-font-weight );}.elementor-967 .elementor-element.elementor-element-36c81567 img{width:100%;height:100%;object-fit:contain;object-position:center center;}.elementor-967 .elementor-element.elementor-element-732fcc7{--display:flex;--padding-top:25px;--padding-bottom:25px;--padding-left:25px;--padding-right:25px;}.elementor-widget-theme-post-title .elementor-heading-title{font-family:var( --e-global-typography-primary-font-family ), Sans-serif;font-weight:var( --e-global-typography-primary-font-weight );color:var( --e-global-color-primary );}.elementor-967 .elementor-element.elementor-element-c91c72f{text-align:center;}.elementor-967 .elementor-element.elementor-element-c91c72f .elementor-heading-title{font-family:\"Roboto Condensed\", Sans-serif;font-weight:400;text-transform:uppercase;}<\/style>\t\t<div data-elementor-type=\"loop-item\" data-elementor-id=\"967\" class=\"elementor elementor-967 e-loop-item e-loop-item-961 post-961 recipe type-recipe status-publish has-post-thumbnail hentry\" data-elementor-post-type=\"elementor_library\" data-custom-edit-handle=\"1\">\n\t\t\t<div class=\"elementor-element elementor-element-28228be0 e-con-full loop-item-lab e-flex e-con e-parent\" data-id=\"28228be0\" data-element_type=\"container\">\n\t\t<div class=\"elementor-element elementor-element-6656ac6 e-con-full e-flex e-con e-child\" data-id=\"6656ac6\" data-element_type=\"container\">\n\t\t\t\t<div class=\"elementor-element elementor-element-36c81567 elementor-widget elementor-widget-theme-post-featured-image elementor-widget-image\" data-id=\"36c81567\" data-element_type=\"widget\" data-widget_type=\"theme-post-featured-image.default\">\n\t\t\t\t<div class=\"elementor-widget-container\">\n\t\t\t\t\t\t\t\t\t\t\t\t\t\t\t\t<a href=\"https:\/\/pablogarrigos.com\/fr\/lab\/tartar-de-atun-y-pera-con-turron-de-alicante-de-pablo-garrigos-ibanez\/\">\n\t\t\t\t\t\t\t<img decoding=\"async\" src=\"https:\/\/pablogarrigos.com\/wp-content\/uploads\/elementor\/thumbs\/lab-tartar-atun-pera-r1n9m7999zihy1ng245lzx4dk3ixwwbr45x1j6769c.jpg\" title=\"lab-tartar-atun-pera\" alt=\"lab-tartar-atun-pera\" loading=\"lazy\" \/>\t\t\t\t\t\t\t\t<\/a>\n\t\t\t\t\t\t\t\t\t\t\t\t\t\t\t<\/div>\n\t\t\t\t<\/div>\n\t\t\t\t<\/div>\n\t\t<div class=\"elementor-element elementor-element-732fcc7 e-con-full e-flex e-con e-child\" data-id=\"732fcc7\" data-element_type=\"container\">\n\t\t\t\t<div class=\"elementor-element elementor-element-c91c72f elementor-widget elementor-widget-theme-post-title elementor-page-title elementor-widget-heading\" data-id=\"c91c72f\" data-element_type=\"widget\" data-widget_type=\"theme-post-title.default\">\n\t\t\t\t<div class=\"elementor-widget-container\">\n\t\t\t\t\t<span class=\"elementor-heading-title elementor-size-default\"><a href=\"https:\/\/pablogarrigos.com\/fr\/lab\/tartar-de-atun-y-pera-con-turron-de-alicante-de-pablo-garrigos-ibanez\/\">Tartare de thon et de poire au nougat d'Alicante par Pablo Garrig\u00f3s Ib\u00e1\u00f1ez<\/a><\/span>\t\t\t\t<\/div>\n\t\t\t\t<\/div>\n\t\t\t\t<\/div>\n\t\t\t\t<\/div>\n\t\t\t\t<\/div>\n\t\t\t\t<div data-elementor-type=\"loop-item\" data-elementor-id=\"967\" class=\"elementor elementor-967 e-loop-item e-loop-item-959 post-959 recipe type-recipe status-publish has-post-thumbnail hentry\" data-elementor-post-type=\"elementor_library\" data-custom-edit-handle=\"1\">\n\t\t\t<div class=\"elementor-element elementor-element-28228be0 e-con-full loop-item-lab e-flex e-con e-parent\" data-id=\"28228be0\" data-element_type=\"container\">\n\t\t<div class=\"elementor-element elementor-element-6656ac6 e-con-full e-flex e-con e-child\" data-id=\"6656ac6\" data-element_type=\"container\">\n\t\t\t\t<div class=\"elementor-element elementor-element-36c81567 elementor-widget elementor-widget-theme-post-featured-image elementor-widget-image\" data-id=\"36c81567\" data-element_type=\"widget\" data-widget_type=\"theme-post-featured-image.default\">\n\t\t\t\t<div class=\"elementor-widget-container\">\n\t\t\t\t\t\t\t\t\t\t\t\t\t\t\t\t<a href=\"https:\/\/pablogarrigos.com\/fr\/lab\/pesto-vegetariano-de-turron-de-jijona-liquido-de-pablo-garrigos-ibanez\/\">\n\t\t\t\t\t\t\t<img decoding=\"async\" src=\"https:\/\/pablogarrigos.com\/wp-content\/uploads\/elementor\/thumbs\/lab-pesto-vegetariano-r1n9m873gtjs9nm2wmk8kevu5heb4lfhgakj0g5s34.jpg\" title=\"lab-pesto-v\u00e9g\u00e9tarien\" alt=\"lab-pesto-vegetariano\" loading=\"lazy\" \/>\t\t\t\t\t\t\t\t<\/a>\n\t\t\t\t\t\t\t\t\t\t\t\t\t\t\t<\/div>\n\t\t\t\t<\/div>\n\t\t\t\t<\/div>\n\t\t<div class=\"elementor-element elementor-element-732fcc7 e-con-full e-flex e-con e-child\" data-id=\"732fcc7\" data-element_type=\"container\">\n\t\t\t\t<div class=\"elementor-element elementor-element-c91c72f elementor-widget elementor-widget-theme-post-title elementor-page-title elementor-widget-heading\" data-id=\"c91c72f\" data-element_type=\"widget\" data-widget_type=\"theme-post-title.default\">\n\t\t\t\t<div class=\"elementor-widget-container\">\n\t\t\t\t\t<span class=\"elementor-heading-title elementor-size-default\"><a href=\"https:\/\/pablogarrigos.com\/fr\/lab\/pesto-vegetariano-de-turron-de-jijona-liquido-de-pablo-garrigos-ibanez\/\">Pesto v\u00e9g\u00e9tarien de nougat liquide de Jijona par Pablo Garrig\u00f3s Ib\u00e1\u00f1ez<\/a><\/span>\t\t\t\t<\/div>\n\t\t\t\t<\/div>\n\t\t\t\t<\/div>\n\t\t\t\t<\/div>\n\t\t\t\t<\/div>\n\t\t\t\t<div data-elementor-type=\"loop-item\" data-elementor-id=\"967\" class=\"elementor elementor-967 e-loop-item e-loop-item-957 post-957 recipe type-recipe status-publish has-post-thumbnail hentry\" data-elementor-post-type=\"elementor_library\" data-custom-edit-handle=\"1\">\n\t\t\t<div class=\"elementor-element elementor-element-28228be0 e-con-full loop-item-lab e-flex e-con e-parent\" data-id=\"28228be0\" data-element_type=\"container\">\n\t\t<div class=\"elementor-element elementor-element-6656ac6 e-con-full e-flex e-con e-child\" data-id=\"6656ac6\" data-element_type=\"container\">\n\t\t\t\t<div class=\"elementor-element elementor-element-36c81567 elementor-widget elementor-widget-theme-post-featured-image elementor-widget-image\" data-id=\"36c81567\" data-element_type=\"widget\" data-widget_type=\"theme-post-featured-image.default\">\n\t\t\t\t<div class=\"elementor-widget-container\">\n\t\t\t\t\t\t\t\t\t\t\t\t\t\t\t\t<a href=\"https:\/\/pablogarrigos.com\/fr\/lab\/tartar-de-salmon-y-pina-con-salsa-de-turron-de-yema-tostada-de-pablo-garrigos-ibanez\/\">\n\t\t\t\t\t\t\t<img decoding=\"async\" src=\"https:\/\/pablogarrigos.com\/wp-content\/uploads\/elementor\/thumbs\/lab-tartar-salmon-r1n9m873gtjs9nm2wmk8kevu5heb4lfhgakj0g5s34.jpg\" title=\"laboratoire-tartare-saumon\" alt=\"lab-tartar-salmon\" loading=\"lazy\" \/>\t\t\t\t\t\t\t\t<\/a>\n\t\t\t\t\t\t\t\t\t\t\t\t\t\t\t<\/div>\n\t\t\t\t<\/div>\n\t\t\t\t<\/div>\n\t\t<div class=\"elementor-element elementor-element-732fcc7 e-con-full e-flex e-con e-child\" data-id=\"732fcc7\" data-element_type=\"container\">\n\t\t\t\t<div class=\"elementor-element elementor-element-c91c72f elementor-widget elementor-widget-theme-post-title elementor-page-title elementor-widget-heading\" data-id=\"c91c72f\" data-element_type=\"widget\" data-widget_type=\"theme-post-title.default\">\n\t\t\t\t<div class=\"elementor-widget-container\">\n\t\t\t\t\t<span class=\"elementor-heading-title elementor-size-default\"><a href=\"https:\/\/pablogarrigos.com\/fr\/lab\/tartar-de-salmon-y-pina-con-salsa-de-turron-de-yema-tostada-de-pablo-garrigos-ibanez\/\">Tartare de saumon et d'ananas avec sauce au nougat de jaune d'\u0153uf grill\u00e9 par Pablo Garrig\u00f3s Ib\u00e1\u00f1ez<\/a><\/span>\t\t\t\t<\/div>\n\t\t\t\t<\/div>\n\t\t\t\t<\/div>\n\t\t\t\t<\/div>\n\t\t\t\t<\/div>\n\t\t\t\t<div data-elementor-type=\"loop-item\" data-elementor-id=\"967\" class=\"elementor elementor-967 e-loop-item e-loop-item-955 post-955 recipe type-recipe status-publish has-post-thumbnail hentry\" data-elementor-post-type=\"elementor_library\" data-custom-edit-handle=\"1\">\n\t\t\t<div class=\"elementor-element elementor-element-28228be0 e-con-full loop-item-lab e-flex e-con e-parent\" data-id=\"28228be0\" data-element_type=\"container\">\n\t\t<div class=\"elementor-element elementor-element-6656ac6 e-con-full e-flex e-con e-child\" data-id=\"6656ac6\" data-element_type=\"container\">\n\t\t\t\t<div class=\"elementor-element elementor-element-36c81567 elementor-widget elementor-widget-theme-post-featured-image elementor-widget-image\" data-id=\"36c81567\" data-element_type=\"widget\" data-widget_type=\"theme-post-featured-image.default\">\n\t\t\t\t<div class=\"elementor-widget-container\">\n\t\t\t\t\t\t\t\t\t\t\t\t\t\t\t\t<a href=\"https:\/\/pablogarrigos.com\/fr\/lab\/helado-de-turron-de-jijona-de-pablo-garrigos-ibanez\/\">\n\t\t\t\t\t\t\t<img decoding=\"async\" src=\"https:\/\/pablogarrigos.com\/wp-content\/uploads\/elementor\/thumbs\/lab-helado-turron-jijona-r1n9m94xnnl2l9kpr4yv4wnaqv9ocaj7sf80hq4dww.jpg\" title=\"lab-ice-cream-turron-jijona\" alt=\"lab-helado-turron-jijona\" loading=\"lazy\" \/>\t\t\t\t\t\t\t\t<\/a>\n\t\t\t\t\t\t\t\t\t\t\t\t\t\t\t<\/div>\n\t\t\t\t<\/div>\n\t\t\t\t<\/div>\n\t\t<div class=\"elementor-element elementor-element-732fcc7 e-con-full e-flex e-con e-child\" data-id=\"732fcc7\" data-element_type=\"container\">\n\t\t\t\t<div class=\"elementor-element elementor-element-c91c72f elementor-widget elementor-widget-theme-post-title elementor-page-title elementor-widget-heading\" data-id=\"c91c72f\" data-element_type=\"widget\" data-widget_type=\"theme-post-title.default\">\n\t\t\t\t<div class=\"elementor-widget-container\">\n\t\t\t\t\t<span class=\"elementor-heading-title elementor-size-default\"><a href=\"https:\/\/pablogarrigos.com\/fr\/lab\/helado-de-turron-de-jijona-de-pablo-garrigos-ibanez\/\">Glace au nougat Jijona de Pablo Garrig\u00f3s Ib\u00e1\u00f1ez<\/a><\/span>\t\t\t\t<\/div>\n\t\t\t\t<\/div>\n\t\t\t\t<\/div>\n\t\t\t\t<\/div>\n\t\t\t\t<\/div>\n\t\t\t\t<\/div>\n\t\t\t\t\t<span class=\"e-load-more-spinner\">\n\t\t\t\t<svg aria-hidden=\"true\" class=\"e-font-icon-svg e-fas-spinner\" viewbox=\"0 0 512 512\" xmlns=\"http:\/\/www.w3.org\/2000\/svg\"><path d=\"M304 48c0 26.51-21.49 48-48 48s-48-21.49-48-48 21.49-48 48-48 48 21.49 48 48zm-48 368c-26.51 0-48 21.49-48 48s21.49 48 48 48 48-21.49 48-48-21.49-48-48-48zm208-208c-26.51 0-48 21.49-48 48s21.49 48 48 48 48-21.49 48-48-21.49-48-48-48zM96 256c0-26.51-21.49-48-48-48S0 229.49 0 256s21.49 48 48 48 48-21.49 48-48zm12.922 99.078c-26.51 0-48 21.49-48 48s21.49 48 48 48 48-21.49 48-48c0-26.509-21.491-48-48-48zm294.156 0c-26.51 0-48 21.49-48 48s21.49 48 48 48 48-21.49 48-48c0-26.509-21.49-48-48-48zM108.922 60.922c-26.51 0-48 21.49-48 48s21.49 48 48 48 48-21.49 48-48-21.491-48-48-48z\"><\/path><\/svg>\t\t\t<\/span>\n\t\t\n\t\t\t\t\t\t<\/div>\n\t\t\t\t<\/div>\n\t\t\t\t<\/div>\n\t\t\t\t\t<\/div>\n\t\t\t\t<\/div>\n\t\t\t\t<\/div>","protected":false},"excerpt":{"rendered":"<p>Labo Recettes surprenantes avec le nougat de Pablo Garrig\u00f3s Ib\u00e1\u00f1ez comme ingr\u00e9dient principal. Labo Recettes surprenantes avec le touron (nougat) de Pablo Garrig\u00f3s Ib\u00e1\u00f1ez comme ingr\u00e9dient principal. Turrones Pablo Garrig\u00f3s Ib\u00e1\u00f1ez, dans la cuisine des grands chefs D\u00e9couvrez la magie des bonbons et des nougats de Pablo Garrig\u00f3s Ib\u00e1\u00f1ez. D'une saveur incomparable, d'une texture sublime et d'une [...]<\/p>","protected":false},"author":2,"featured_media":0,"parent":0,"menu_order":13,"comment_status":"closed","ping_status":"closed","template":"","meta":{"_acf_changed":false,"inline_featured_image":false,"footnotes":""},"class_list":["post-612","page","type-page","status-publish","hentry"],"acf":[],"yoast_head":"<!-- This site is optimized with the Yoast SEO plugin v26.5 - https:\/\/yoast.com\/wordpress\/plugins\/seo\/ -->\n<title>Lab | Pablo Garrig\u00f3s Iba\u00f1ez<\/title>\n<meta name=\"robots\" content=\"index, follow, max-snippet:-1, max-image-preview:large, max-video-preview:-1\" \/>\n<link rel=\"canonical\" href=\"https:\/\/pablogarrigos.com\/fr\/lab\/\" \/>\n<meta property=\"og:locale\" content=\"fr_FR\" \/>\n<meta property=\"og:type\" content=\"article\" \/>\n<meta property=\"og:title\" content=\"Lab | Pablo Garrig\u00f3s Iba\u00f1ez\" \/>\n<meta property=\"og:description\" content=\"Lab Sorprendentes recetas con el turr\u00f3n de Pablo Garrig\u00f3s Ib\u00e1\u00f1ez como protagonista. Lab Sorprendentes recetas con el turr\u00f3n de Pablo Garrig\u00f3s Ib\u00e1\u00f1ez como protagonista. Turrones Pablo Garrig\u00f3s Ib\u00e1\u00f1ez, en la cocina de los grandes chefs Descubre la magia de los dulces y turrones de Pablo Garrig\u00f3s Ib\u00e1\u00f1ez. Con un sabor inigualable, una textura sublime y [&hellip;]\" \/>\n<meta property=\"og:url\" content=\"https:\/\/pablogarrigos.com\/fr\/lab\/\" \/>\n<meta property=\"og:site_name\" content=\"Pablo Garrig\u00f3s Iba\u00f1ez\" \/>\n<meta property=\"article:modified_time\" content=\"2024-05-15T08:20:00+00:00\" \/>\n<meta name=\"twitter:card\" content=\"summary_large_image\" \/>\n<meta name=\"twitter:label1\" content=\"Dur\u00e9e de lecture estim\u00e9e\" \/>\n\t<meta name=\"twitter:data1\" content=\"3 minutes\" \/>\n<script type=\"application\/ld+json\" class=\"yoast-schema-graph\">{\"@context\":\"https:\/\/schema.org\",\"@graph\":[{\"@type\":\"WebPage\",\"@id\":\"https:\/\/pablogarrigos.com\/lab\/\",\"url\":\"https:\/\/pablogarrigos.com\/lab\/\",\"name\":\"Lab | Pablo Garrig\u00f3s Iba\u00f1ez\",\"isPartOf\":{\"@id\":\"https:\/\/pablogarrigos.com\/#website\"},\"datePublished\":\"2024-02-23T19:28:47+00:00\",\"dateModified\":\"2024-05-15T08:20:00+00:00\",\"breadcrumb\":{\"@id\":\"https:\/\/pablogarrigos.com\/lab\/#breadcrumb\"},\"inLanguage\":\"fr-FR\",\"potentialAction\":[{\"@type\":\"ReadAction\",\"target\":[\"https:\/\/pablogarrigos.com\/lab\/\"]}]},{\"@type\":\"BreadcrumbList\",\"@id\":\"https:\/\/pablogarrigos.com\/lab\/#breadcrumb\",\"itemListElement\":[{\"@type\":\"ListItem\",\"position\":1,\"name\":\"Home\",\"item\":\"https:\/\/pablogarrigos.com\/en\/\"},{\"@type\":\"ListItem\",\"position\":2,\"name\":\"Lab\"}]},{\"@type\":\"WebSite\",\"@id\":\"https:\/\/pablogarrigos.com\/#website\",\"url\":\"https:\/\/pablogarrigos.com\/\",\"name\":\"Pablo Garrig\u00f3s Iba\u00f1ez\",\"description\":\"El Sentido del Gusto\",\"publisher\":{\"@id\":\"https:\/\/pablogarrigos.com\/#organization\"},\"potentialAction\":[{\"@type\":\"SearchAction\",\"target\":{\"@type\":\"EntryPoint\",\"urlTemplate\":\"https:\/\/pablogarrigos.com\/?s={search_term_string}\"},\"query-input\":{\"@type\":\"PropertyValueSpecification\",\"valueRequired\":true,\"valueName\":\"search_term_string\"}}],\"inLanguage\":\"fr-FR\"},{\"@type\":\"Organization\",\"@id\":\"https:\/\/pablogarrigos.com\/#organization\",\"name\":\"Pablo Garrig\u00f3s Iba\u00f1ez\",\"url\":\"https:\/\/pablogarrigos.com\/\",\"logo\":{\"@type\":\"ImageObject\",\"inLanguage\":\"fr-FR\",\"@id\":\"https:\/\/pablogarrigos.com\/#\/schema\/logo\/image\/\",\"url\":\"https:\/\/pablogarrigos.com\/wp-content\/uploads\/2024\/02\/logo-pablogarrigos.png\",\"contentUrl\":\"https:\/\/pablogarrigos.com\/wp-content\/uploads\/2024\/02\/logo-pablogarrigos.png\",\"width\":1247,\"height\":480,\"caption\":\"Pablo Garrig\u00f3s Iba\u00f1ez\"},\"image\":{\"@id\":\"https:\/\/pablogarrigos.com\/#\/schema\/logo\/image\/\"}}]}<\/script>\n<!-- \/ Yoast SEO plugin. -->","yoast_head_json":{"title":"Lab | Pablo Garrig\u00f3s Iba\u00f1ez","robots":{"index":"index","follow":"follow","max-snippet":"max-snippet:-1","max-image-preview":"max-image-preview:large","max-video-preview":"max-video-preview:-1"},"canonical":"https:\/\/pablogarrigos.com\/fr\/lab\/","og_locale":"fr_FR","og_type":"article","og_title":"Lab | Pablo Garrig\u00f3s Iba\u00f1ez","og_description":"Lab Sorprendentes recetas con el turr\u00f3n de Pablo Garrig\u00f3s Ib\u00e1\u00f1ez como protagonista. Lab Sorprendentes recetas con el turr\u00f3n de Pablo Garrig\u00f3s Ib\u00e1\u00f1ez como protagonista. Turrones Pablo Garrig\u00f3s Ib\u00e1\u00f1ez, en la cocina de los grandes chefs Descubre la magia de los dulces y turrones de Pablo Garrig\u00f3s Ib\u00e1\u00f1ez. Con un sabor inigualable, una textura sublime y [&hellip;]","og_url":"https:\/\/pablogarrigos.com\/fr\/lab\/","og_site_name":"Pablo Garrig\u00f3s Iba\u00f1ez","article_modified_time":"2024-05-15T08:20:00+00:00","twitter_card":"summary_large_image","twitter_misc":{"Dur\u00e9e de lecture estim\u00e9e":"3 minutes"},"schema":{"@context":"https:\/\/schema.org","@graph":[{"@type":"WebPage","@id":"https:\/\/pablogarrigos.com\/lab\/","url":"https:\/\/pablogarrigos.com\/lab\/","name":"Lab | Pablo Garrig\u00f3s Iba\u00f1ez","isPartOf":{"@id":"https:\/\/pablogarrigos.com\/#website"},"datePublished":"2024-02-23T19:28:47+00:00","dateModified":"2024-05-15T08:20:00+00:00","breadcrumb":{"@id":"https:\/\/pablogarrigos.com\/lab\/#breadcrumb"},"inLanguage":"fr-FR","potentialAction":[{"@type":"ReadAction","target":["https:\/\/pablogarrigos.com\/lab\/"]}]},{"@type":"BreadcrumbList","@id":"https:\/\/pablogarrigos.com\/lab\/#breadcrumb","itemListElement":[{"@type":"ListItem","position":1,"name":"Home","item":"https:\/\/pablogarrigos.com\/en\/"},{"@type":"ListItem","position":2,"name":"Lab"}]},{"@type":"WebSite","@id":"https:\/\/pablogarrigos.com\/#website","url":"https:\/\/pablogarrigos.com\/","name":"Pablo Garrig\u00f3s Iba\u00f1ez","description":"Le sens du go\u00fbt","publisher":{"@id":"https:\/\/pablogarrigos.com\/#organization"},"potentialAction":[{"@type":"SearchAction","target":{"@type":"EntryPoint","urlTemplate":"https:\/\/pablogarrigos.com\/?s={search_term_string}"},"query-input":{"@type":"PropertyValueSpecification","valueRequired":true,"valueName":"search_term_string"}}],"inLanguage":"fr-FR"},{"@type":"Organization","@id":"https:\/\/pablogarrigos.com\/#organization","name":"Pablo Garrig\u00f3s Iba\u00f1ez","url":"https:\/\/pablogarrigos.com\/","logo":{"@type":"ImageObject","inLanguage":"fr-FR","@id":"https:\/\/pablogarrigos.com\/#\/schema\/logo\/image\/","url":"https:\/\/pablogarrigos.com\/wp-content\/uploads\/2024\/02\/logo-pablogarrigos.png","contentUrl":"https:\/\/pablogarrigos.com\/wp-content\/uploads\/2024\/02\/logo-pablogarrigos.png","width":1247,"height":480,"caption":"Pablo Garrig\u00f3s Iba\u00f1ez"},"image":{"@id":"https:\/\/pablogarrigos.com\/#\/schema\/logo\/image\/"}}]}},"_links":{"self":[{"href":"https:\/\/pablogarrigos.com\/fr\/wp-json\/wp\/v2\/pages\/612","targetHints":{"allow":["GET"]}}],"collection":[{"href":"https:\/\/pablogarrigos.com\/fr\/wp-json\/wp\/v2\/pages"}],"about":[{"href":"https:\/\/pablogarrigos.com\/fr\/wp-json\/wp\/v2\/types\/page"}],"author":[{"embeddable":true,"href":"https:\/\/pablogarrigos.com\/fr\/wp-json\/wp\/v2\/users\/2"}],"replies":[{"embeddable":true,"href":"https:\/\/pablogarrigos.com\/fr\/wp-json\/wp\/v2\/comments?post=612"}],"version-history":[{"count":29,"href":"https:\/\/pablogarrigos.com\/fr\/wp-json\/wp\/v2\/pages\/612\/revisions"}],"predecessor-version":[{"id":2184,"href":"https:\/\/pablogarrigos.com\/fr\/wp-json\/wp\/v2\/pages\/612\/revisions\/2184"}],"wp:attachment":[{"href":"https:\/\/pablogarrigos.com\/fr\/wp-json\/wp\/v2\/media?parent=612"}],"curies":[{"name":"wp","href":"https:\/\/api.w.org\/{rel}","templated":true}]}}