{"id":610,"date":"2024-02-23T20:28:05","date_gmt":"2024-02-23T19:28:05","guid":{"rendered":"https:\/\/pablogarrigos.com\/?page_id=610"},"modified":"2024-05-14T15:59:20","modified_gmt":"2024-05-14T13:59:20","slug":"colecciones","status":"publish","type":"page","link":"https:\/\/pablogarrigos.com\/fr\/colecciones\/","title":{"rendered":"Collections"},"content":{"rendered":"<div data-elementor-type=\"wp-page\" data-elementor-id=\"610\" class=\"elementor elementor-610\" data-elementor-post-type=\"page\">\n\t\t\t\t<div class=\"elementor-element elementor-element-4dbbcd20 e-flex e-con-boxed e-con e-parent\" data-id=\"4dbbcd20\" data-element_type=\"container\" data-settings=\"{&quot;background_background&quot;:&quot;classic&quot;}\">\n\t\t\t\t\t<div class=\"e-con-inner\">\n\t\t<div class=\"elementor-element elementor-element-ddb3ad7 e-con-full elementor-hidden-mobile e-flex e-con e-child\" data-id=\"ddb3ad7\" data-element_type=\"container\">\n\t\t\t\t<div class=\"elementor-element elementor-element-14491b0 elementor-widget elementor-widget-heading\" data-id=\"14491b0\" data-element_type=\"widget\" data-widget_type=\"heading.default\">\n\t\t\t\t<div class=\"elementor-widget-container\">\n\t\t\t\t\t<h1 class=\"elementor-heading-title elementor-size-default\">Collections<\/h1>\t\t\t\t<\/div>\n\t\t\t\t<\/div>\n\t\t\t\t<div class=\"elementor-element elementor-element-ee693c0 elementor-widget elementor-widget-text-editor\" data-id=\"ee693c0\" data-element_type=\"widget\" data-widget_type=\"text-editor.default\">\n\t\t\t\t<div class=\"elementor-widget-container\">\n\t\t\t\t\t\t\t\t\t<p>D\u00e9couvrez et appr\u00e9ciez nos diff\u00e9rentes gammes de nougats et de chocolats.<\/p>\t\t\t\t\t\t\t\t<\/div>\n\t\t\t\t<\/div>\n\t\t\t\t<\/div>\n\t\t\t\t\t<\/div>\n\t\t\t\t<\/div>\n\t\t<div class=\"elementor-element elementor-element-f7c8b78 elementor-hidden-desktop elementor-hidden-laptop elementor-hidden-tablet_extra elementor-hidden-tablet e-flex e-con-boxed e-con e-parent\" data-id=\"f7c8b78\" data-element_type=\"container\" data-settings=\"{&quot;background_background&quot;:&quot;classic&quot;}\">\n\t\t\t\t\t<div class=\"e-con-inner\">\n\t\t<div class=\"elementor-element elementor-element-98e1a32 e-con-full e-flex e-con e-child\" data-id=\"98e1a32\" data-element_type=\"container\">\n\t\t\t\t<div class=\"elementor-element elementor-element-2c9fe09 elementor-widget elementor-widget-heading\" data-id=\"2c9fe09\" data-element_type=\"widget\" data-widget_type=\"heading.default\">\n\t\t\t\t<div class=\"elementor-widget-container\">\n\t\t\t\t\t<h1 class=\"elementor-heading-title elementor-size-default\">Collections<\/h1>\t\t\t\t<\/div>\n\t\t\t\t<\/div>\n\t\t\t\t<div class=\"elementor-element elementor-element-64ae65a elementor-widget elementor-widget-text-editor\" data-id=\"64ae65a\" data-element_type=\"widget\" data-widget_type=\"text-editor.default\">\n\t\t\t\t<div class=\"elementor-widget-container\">\n\t\t\t\t\t\t\t\t\t<p>D\u00e9couvrez et appr\u00e9ciez nos diff\u00e9rentes gammes de nougats et de chocolats.<\/p>\t\t\t\t\t\t\t\t<\/div>\n\t\t\t\t<\/div>\n\t\t\t\t<\/div>\n\t\t\t\t\t<\/div>\n\t\t\t\t<\/div>\n\t\t<div class=\"elementor-element elementor-element-2ca8f2a1 e-flex e-con-boxed e-con e-parent\" data-id=\"2ca8f2a1\" data-element_type=\"container\">\n\t\t\t\t\t<div class=\"e-con-inner\">\n\t\t<div class=\"elementor-element elementor-element-7c1d9d30 e-con-full elementor-hidden-desktop elementor-hidden-laptop elementor-hidden-tablet_extra elementor-hidden-tablet elementor-hidden-mobile e-flex e-con e-child\" data-id=\"7c1d9d30\" data-element_type=\"container\">\n\t\t\t\t<div class=\"elementor-element elementor-element-ccbec05 elementor-widget elementor-widget-heading\" data-id=\"ccbec05\" data-element_type=\"widget\" data-widget_type=\"heading.default\">\n\t\t\t\t<div class=\"elementor-widget-container\">\n\t\t\t\t\t<h2 class=\"elementor-heading-title elementor-size-default\">Turrones Pablo Garrig\u00f3s Ib\u00e1\u00f1ez, dans la cuisine des plus grands chefs\n<\/h2>\t\t\t\t<\/div>\n\t\t\t\t<\/div>\n\t\t\t\t<div class=\"elementor-element elementor-element-5c86d622 elementor-widget elementor-widget-text-editor\" data-id=\"5c86d622\" data-element_type=\"widget\" data-widget_type=\"text-editor.default\">\n\t\t\t\t<div class=\"elementor-widget-container\">\n\t\t\t\t\t\t\t\t\tD\u00e9couvrez la magie des bonbons et nougats Pablo Garrig\u00f3s Ib\u00e1\u00f1ez. Avec une saveur incomparable, une texture sublime et sans perdre l'essence des recettes traditionnelles, nos produits sont synonymes de qualit\u00e9 supr\u00eame et de modernit\u00e9. Les chefs les plus avant-gardistes ont profit\u00e9 de nos prestigieux nougats pour pr\u00e9parer des plats savoureux destin\u00e9s aux palais les plus exquis. Dans le laboratoire de Pablo Garrig\u00f3s Ib\u00e1\u00f1ez, vous d\u00e9couvrirez quelques-unes de ses recettes.\t\t\t\t\t\t\t\t<\/div>\n\t\t\t\t<\/div>\n\t\t\t\t<\/div>\n\t\t<div class=\"elementor-element elementor-element-3f9f24b2 e-con-full e-flex e-con e-child\" data-id=\"3f9f24b2\" data-element_type=\"container\">\n\t\t\t\t<div class=\"elementor-element elementor-element-e328f49 elementor-grid-3 elementor-grid-tablet-2 elementor-grid-mobile-1 elementor-widget elementor-widget-loop-grid\" data-id=\"e328f49\" data-element_type=\"widget\" data-settings=\"{&quot;template_id&quot;:&quot;967&quot;,&quot;columns&quot;:3,&quot;pagination_type&quot;:&quot;load_more_on_click&quot;,&quot;row_gap&quot;:{&quot;unit&quot;:&quot;px&quot;,&quot;size&quot;:25,&quot;sizes&quot;:[]},&quot;_skin&quot;:&quot;post&quot;,&quot;columns_tablet&quot;:&quot;2&quot;,&quot;columns_mobile&quot;:&quot;1&quot;,&quot;edit_handle_selector&quot;:&quot;[data-elementor-type=\\&quot;loop-item\\&quot;]&quot;,&quot;load_more_spinner&quot;:{&quot;value&quot;:&quot;fas fa-spinner&quot;,&quot;library&quot;:&quot;fa-solid&quot;},&quot;row_gap_laptop&quot;:{&quot;unit&quot;:&quot;px&quot;,&quot;size&quot;:&quot;&quot;,&quot;sizes&quot;:[]},&quot;row_gap_tablet_extra&quot;:{&quot;unit&quot;:&quot;px&quot;,&quot;size&quot;:&quot;&quot;,&quot;sizes&quot;:[]},&quot;row_gap_tablet&quot;:{&quot;unit&quot;:&quot;px&quot;,&quot;size&quot;:&quot;&quot;,&quot;sizes&quot;:[]},&quot;row_gap_mobile&quot;:{&quot;unit&quot;:&quot;px&quot;,&quot;size&quot;:&quot;&quot;,&quot;sizes&quot;:[]}}\" data-widget_type=\"loop-grid.post\">\n\t\t\t\t<div class=\"elementor-widget-container\">\n\t\t\t\t\t\t\t<div class=\"elementor-loop-container elementor-grid\" role=\"list\">\n\t\t<style id=\"loop-967\">.elementor-967 .elementor-element.elementor-element-28228be0{--display:flex;--flex-direction:column;--container-widget-width:100%;--container-widget-height:initial;--container-widget-flex-grow:0;--container-widget-align-self:initial;--flex-wrap-mobile:wrap;border-style:solid;--border-style:solid;border-width:1px 1px 1px 1px;--border-top-width:1px;--border-right-width:1px;--border-bottom-width:1px;--border-left-width:1px;border-color:var( --e-global-color-c01c2f3 );--border-color:var( --e-global-color-c01c2f3 );}.elementor-967 .elementor-element.elementor-element-6656ac6{--display:flex;}.elementor-widget-theme-post-featured-image .widget-image-caption{color:var( --e-global-color-text );font-family:var( --e-global-typography-text-font-family ), Sans-serif;font-weight:var( --e-global-typography-text-font-weight );}.elementor-967 .elementor-element.elementor-element-36c81567 img{width:100%;height:100%;object-fit:contain;object-position:center center;}.elementor-967 .elementor-element.elementor-element-732fcc7{--display:flex;--padding-top:25px;--padding-bottom:25px;--padding-left:25px;--padding-right:25px;}.elementor-widget-theme-post-title .elementor-heading-title{font-family:var( --e-global-typography-primary-font-family ), Sans-serif;font-weight:var( --e-global-typography-primary-font-weight );color:var( --e-global-color-primary );}.elementor-967 .elementor-element.elementor-element-c91c72f{text-align:center;}.elementor-967 .elementor-element.elementor-element-c91c72f .elementor-heading-title{font-family:\"Roboto Condensed\", Sans-serif;font-weight:400;text-transform:uppercase;}<\/style>\t\t<div data-elementor-type=\"loop-item\" data-elementor-id=\"967\" class=\"elementor elementor-967 e-loop-item e-loop-item-947 post-947 collection type-collection status-publish has-post-thumbnail hentry\" data-elementor-post-type=\"elementor_library\" data-custom-edit-handle=\"1\">\n\t\t\t<div class=\"elementor-element elementor-element-28228be0 e-con-full loop-item-lab e-flex e-con e-parent\" data-id=\"28228be0\" data-element_type=\"container\">\n\t\t<div class=\"elementor-element elementor-element-6656ac6 e-con-full e-flex e-con e-child\" data-id=\"6656ac6\" data-element_type=\"container\">\n\t\t\t\t<div class=\"elementor-element elementor-element-36c81567 elementor-widget elementor-widget-theme-post-featured-image elementor-widget-image\" data-id=\"36c81567\" data-element_type=\"widget\" data-widget_type=\"theme-post-featured-image.default\">\n\t\t\t\t<div class=\"elementor-widget-container\">\n\t\t\t\t\t\t\t\t\t\t\t\t\t\t\t\t<a href=\"https:\/\/pablogarrigos.com\/fr\/colecciones\/premium\/\">\n\t\t\t\t\t\t\t<img decoding=\"async\" src=\"https:\/\/pablogarrigos.com\/wp-content\/uploads\/elementor\/thumbs\/colecciones-premium-r1n9m7999zihy1ng245lzx4dk3ixwwbr45x1j6769c.jpg\" title=\"collections premium\" alt=\"colecciones-premium\" loading=\"lazy\" \/>\t\t\t\t\t\t\t\t<\/a>\n\t\t\t\t\t\t\t\t\t\t\t\t\t\t\t<\/div>\n\t\t\t\t<\/div>\n\t\t\t\t<\/div>\n\t\t<div class=\"elementor-element elementor-element-732fcc7 e-con-full e-flex e-con e-child\" data-id=\"732fcc7\" data-element_type=\"container\">\n\t\t\t\t<div class=\"elementor-element elementor-element-c91c72f elementor-widget elementor-widget-theme-post-title elementor-page-title elementor-widget-heading\" data-id=\"c91c72f\" data-element_type=\"widget\" data-widget_type=\"theme-post-title.default\">\n\t\t\t\t<div class=\"elementor-widget-container\">\n\t\t\t\t\t<span class=\"elementor-heading-title elementor-size-default\"><a href=\"https:\/\/pablogarrigos.com\/fr\/colecciones\/premium\/\">Prime<\/a><\/span>\t\t\t\t<\/div>\n\t\t\t\t<\/div>\n\t\t\t\t<\/div>\n\t\t\t\t<\/div>\n\t\t\t\t<\/div>\n\t\t\t\t<div data-elementor-type=\"loop-item\" data-elementor-id=\"967\" class=\"elementor elementor-967 e-loop-item e-loop-item-949 post-949 collection type-collection status-publish has-post-thumbnail hentry\" data-elementor-post-type=\"elementor_library\" data-custom-edit-handle=\"1\">\n\t\t\t<div class=\"elementor-element elementor-element-28228be0 e-con-full loop-item-lab e-flex e-con e-parent\" data-id=\"28228be0\" data-element_type=\"container\">\n\t\t<div class=\"elementor-element elementor-element-6656ac6 e-con-full e-flex e-con e-child\" data-id=\"6656ac6\" data-element_type=\"container\">\n\t\t\t\t<div class=\"elementor-element elementor-element-36c81567 elementor-widget elementor-widget-theme-post-featured-image elementor-widget-image\" data-id=\"36c81567\" data-element_type=\"widget\" data-widget_type=\"theme-post-featured-image.default\">\n\t\t\t\t<div class=\"elementor-widget-container\">\n\t\t\t\t\t\t\t\t\t\t\t\t\t\t\t\t<a href=\"https:\/\/pablogarrigos.com\/fr\/colecciones\/delicatessen\/\">\n\t\t\t\t\t\t\t<img decoding=\"async\" src=\"https:\/\/pablogarrigos.com\/wp-content\/uploads\/elementor\/thumbs\/colecciones-delicatessen-r1n9m7999zihy1ng245lzx4dk3ixwwbr45x1j6769c.jpg\" title=\"collections-delicatessen\" alt=\"colecciones-delicatessen\" loading=\"lazy\" \/>\t\t\t\t\t\t\t\t<\/a>\n\t\t\t\t\t\t\t\t\t\t\t\t\t\t\t<\/div>\n\t\t\t\t<\/div>\n\t\t\t\t<\/div>\n\t\t<div class=\"elementor-element elementor-element-732fcc7 e-con-full e-flex e-con e-child\" data-id=\"732fcc7\" data-element_type=\"container\">\n\t\t\t\t<div class=\"elementor-element elementor-element-c91c72f elementor-widget elementor-widget-theme-post-title elementor-page-title elementor-widget-heading\" data-id=\"c91c72f\" data-element_type=\"widget\" data-widget_type=\"theme-post-title.default\">\n\t\t\t\t<div class=\"elementor-widget-container\">\n\t\t\t\t\t<span class=\"elementor-heading-title elementor-size-default\"><a href=\"https:\/\/pablogarrigos.com\/fr\/colecciones\/delicatessen\/\">Charcuterie<\/a><\/span>\t\t\t\t<\/div>\n\t\t\t\t<\/div>\n\t\t\t\t<\/div>\n\t\t\t\t<\/div>\n\t\t\t\t<\/div>\n\t\t\t\t<div data-elementor-type=\"loop-item\" data-elementor-id=\"967\" class=\"elementor elementor-967 e-loop-item e-loop-item-951 post-951 collection type-collection status-publish has-post-thumbnail hentry\" data-elementor-post-type=\"elementor_library\" data-custom-edit-handle=\"1\">\n\t\t\t<div class=\"elementor-element elementor-element-28228be0 e-con-full loop-item-lab e-flex e-con e-parent\" data-id=\"28228be0\" data-element_type=\"container\">\n\t\t<div class=\"elementor-element elementor-element-6656ac6 e-con-full e-flex e-con e-child\" data-id=\"6656ac6\" data-element_type=\"container\">\n\t\t\t\t<div class=\"elementor-element elementor-element-36c81567 elementor-widget elementor-widget-theme-post-featured-image elementor-widget-image\" data-id=\"36c81567\" data-element_type=\"widget\" data-widget_type=\"theme-post-featured-image.default\">\n\t\t\t\t<div class=\"elementor-widget-container\">\n\t\t\t\t\t\t\t\t\t\t\t\t\t\t\t\t<a href=\"https:\/\/pablogarrigos.com\/fr\/colecciones\/chocolates-y-fruites\/\">\n\t\t\t\t\t\t\t<img decoding=\"async\" src=\"https:\/\/pablogarrigos.com\/wp-content\/uploads\/elementor\/thumbs\/colecciones-chocolate-fruites-2-r1n9m7999zihy1ng245lzx4dk3ixwwbr45x1j6769c.jpg\" title=\"chocolat-fruit-collections-2\" alt=\"colecciones-chocolate-fruites-2\" loading=\"lazy\" \/>\t\t\t\t\t\t\t\t<\/a>\n\t\t\t\t\t\t\t\t\t\t\t\t\t\t\t<\/div>\n\t\t\t\t<\/div>\n\t\t\t\t<\/div>\n\t\t<div class=\"elementor-element elementor-element-732fcc7 e-con-full e-flex e-con e-child\" data-id=\"732fcc7\" data-element_type=\"container\">\n\t\t\t\t<div class=\"elementor-element elementor-element-c91c72f elementor-widget elementor-widget-theme-post-title elementor-page-title elementor-widget-heading\" data-id=\"c91c72f\" data-element_type=\"widget\" data-widget_type=\"theme-post-title.default\">\n\t\t\t\t<div class=\"elementor-widget-container\">\n\t\t\t\t\t<span class=\"elementor-heading-title elementor-size-default\"><a href=\"https:\/\/pablogarrigos.com\/fr\/colecciones\/chocolates-y-fruites\/\">Chocolats et fruits<\/a><\/span>\t\t\t\t<\/div>\n\t\t\t\t<\/div>\n\t\t\t\t<\/div>\n\t\t\t\t<\/div>\n\t\t\t\t<\/div>\n\t\t\t\t<\/div>\n\t\t\t\t\t<span class=\"e-load-more-spinner\">\n\t\t\t\t<svg aria-hidden=\"true\" class=\"e-font-icon-svg e-fas-spinner\" viewbox=\"0 0 512 512\" xmlns=\"http:\/\/www.w3.org\/2000\/svg\"><path d=\"M304 48c0 26.51-21.49 48-48 48s-48-21.49-48-48 21.49-48 48-48 48 21.49 48 48zm-48 368c-26.51 0-48 21.49-48 48s21.49 48 48 48 48-21.49 48-48-21.49-48-48-48zm208-208c-26.51 0-48 21.49-48 48s21.49 48 48 48 48-21.49 48-48-21.49-48-48-48zM96 256c0-26.51-21.49-48-48-48S0 229.49 0 256s21.49 48 48 48 48-21.49 48-48zm12.922 99.078c-26.51 0-48 21.49-48 48s21.49 48 48 48 48-21.49 48-48c0-26.509-21.491-48-48-48zm294.156 0c-26.51 0-48 21.49-48 48s21.49 48 48 48 48-21.49 48-48c0-26.509-21.49-48-48-48zM108.922 60.922c-26.51 0-48 21.49-48 48s21.49 48 48 48 48-21.49 48-48-21.491-48-48-48z\"><\/path><\/svg>\t\t\t<\/span>\n\t\t\n\t\t\t\t\t\t<\/div>\n\t\t\t\t<\/div>\n\t\t\t\t<\/div>\n\t\t\t\t\t<\/div>\n\t\t\t\t<\/div>\n\t\t\t\t<\/div>","protected":false},"excerpt":{"rendered":"<p>Collections D\u00e9couvrez et appr\u00e9ciez nos diff\u00e9rentes gammes de nougats et de chocolats. Collections D\u00e9couvrez et savourez nos diff\u00e9rentes gammes de nougats et de chocolats. Les nougats Pablo Garrig\u00f3s Ib\u00e1\u00f1ez, dans la cuisine des grands chefs D\u00e9couvrez la magie des bonbons et des nougats de Pablo Garrig\u00f3s Ib\u00e1\u00f1ez. Avec une saveur incomparable, une texture sublime et sans perdre [...]<\/p>","protected":false},"author":2,"featured_media":0,"parent":0,"menu_order":12,"comment_status":"closed","ping_status":"closed","template":"","meta":{"_acf_changed":false,"inline_featured_image":false,"footnotes":""},"class_list":["post-610","page","type-page","status-publish","hentry"],"acf":[],"yoast_head":"<!-- This site is optimized with the Yoast SEO plugin v26.5 - https:\/\/yoast.com\/wordpress\/plugins\/seo\/ -->\n<title>Colecciones | Pablo Garrig\u00f3s Iba\u00f1ez<\/title>\n<meta name=\"robots\" content=\"index, follow, max-snippet:-1, max-image-preview:large, max-video-preview:-1\" \/>\n<link rel=\"canonical\" href=\"https:\/\/pablogarrigos.com\/fr\/colecciones\/\" \/>\n<meta property=\"og:locale\" content=\"fr_FR\" \/>\n<meta property=\"og:type\" content=\"article\" \/>\n<meta property=\"og:title\" content=\"Colecciones | Pablo Garrig\u00f3s Iba\u00f1ez\" \/>\n<meta property=\"og:description\" content=\"Colecciones Descubre y disfruta nuestras diferentes gamas de turrones y chocolates. Colecciones Descubre y disfruta nuestras diferentes gamas de turrones y chocolates. Turrones Pablo Garrig\u00f3s Ib\u00e1\u00f1ez, en la cocina de los grandes chefs Descubre la magia de los dulces y turrones de Pablo Garrig\u00f3s Ib\u00e1\u00f1ez. Con un sabor inigualable, una textura sublime y sin perder [&hellip;]\" \/>\n<meta property=\"og:url\" content=\"https:\/\/pablogarrigos.com\/fr\/colecciones\/\" \/>\n<meta property=\"og:site_name\" content=\"Pablo Garrig\u00f3s Iba\u00f1ez\" \/>\n<meta property=\"article:modified_time\" content=\"2024-05-14T13:59:20+00:00\" \/>\n<meta name=\"twitter:card\" content=\"summary_large_image\" \/>\n<meta name=\"twitter:label1\" content=\"Dur\u00e9e de lecture estim\u00e9e\" \/>\n\t<meta name=\"twitter:data1\" content=\"2 minutes\" \/>\n<script type=\"application\/ld+json\" class=\"yoast-schema-graph\">{\"@context\":\"https:\/\/schema.org\",\"@graph\":[{\"@type\":\"WebPage\",\"@id\":\"https:\/\/pablogarrigos.com\/colecciones\/\",\"url\":\"https:\/\/pablogarrigos.com\/colecciones\/\",\"name\":\"Colecciones | Pablo Garrig\u00f3s Iba\u00f1ez\",\"isPartOf\":{\"@id\":\"https:\/\/pablogarrigos.com\/#website\"},\"datePublished\":\"2024-02-23T19:28:05+00:00\",\"dateModified\":\"2024-05-14T13:59:20+00:00\",\"breadcrumb\":{\"@id\":\"https:\/\/pablogarrigos.com\/colecciones\/#breadcrumb\"},\"inLanguage\":\"fr-FR\",\"potentialAction\":[{\"@type\":\"ReadAction\",\"target\":[\"https:\/\/pablogarrigos.com\/colecciones\/\"]}]},{\"@type\":\"BreadcrumbList\",\"@id\":\"https:\/\/pablogarrigos.com\/colecciones\/#breadcrumb\",\"itemListElement\":[{\"@type\":\"ListItem\",\"position\":1,\"name\":\"Home\",\"item\":\"https:\/\/pablogarrigos.com\/en\/\"},{\"@type\":\"ListItem\",\"position\":2,\"name\":\"Colecciones\"}]},{\"@type\":\"WebSite\",\"@id\":\"https:\/\/pablogarrigos.com\/#website\",\"url\":\"https:\/\/pablogarrigos.com\/\",\"name\":\"Pablo Garrig\u00f3s Iba\u00f1ez\",\"description\":\"El Sentido del Gusto\",\"publisher\":{\"@id\":\"https:\/\/pablogarrigos.com\/#organization\"},\"potentialAction\":[{\"@type\":\"SearchAction\",\"target\":{\"@type\":\"EntryPoint\",\"urlTemplate\":\"https:\/\/pablogarrigos.com\/?s={search_term_string}\"},\"query-input\":{\"@type\":\"PropertyValueSpecification\",\"valueRequired\":true,\"valueName\":\"search_term_string\"}}],\"inLanguage\":\"fr-FR\"},{\"@type\":\"Organization\",\"@id\":\"https:\/\/pablogarrigos.com\/#organization\",\"name\":\"Pablo Garrig\u00f3s Iba\u00f1ez\",\"url\":\"https:\/\/pablogarrigos.com\/\",\"logo\":{\"@type\":\"ImageObject\",\"inLanguage\":\"fr-FR\",\"@id\":\"https:\/\/pablogarrigos.com\/#\/schema\/logo\/image\/\",\"url\":\"https:\/\/pablogarrigos.com\/wp-content\/uploads\/2024\/02\/logo-pablogarrigos.png\",\"contentUrl\":\"https:\/\/pablogarrigos.com\/wp-content\/uploads\/2024\/02\/logo-pablogarrigos.png\",\"width\":1247,\"height\":480,\"caption\":\"Pablo Garrig\u00f3s Iba\u00f1ez\"},\"image\":{\"@id\":\"https:\/\/pablogarrigos.com\/#\/schema\/logo\/image\/\"}}]}<\/script>\n<!-- \/ Yoast SEO plugin. -->","yoast_head_json":{"title":"Collections : Pablo Garrig\u00f3s Iba\u00f1ez","robots":{"index":"index","follow":"follow","max-snippet":"max-snippet:-1","max-image-preview":"max-image-preview:large","max-video-preview":"max-video-preview:-1"},"canonical":"https:\/\/pablogarrigos.com\/fr\/colecciones\/","og_locale":"fr_FR","og_type":"article","og_title":"Colecciones | Pablo Garrig\u00f3s Iba\u00f1ez","og_description":"Colecciones Descubre y disfruta nuestras diferentes gamas de turrones y chocolates. Colecciones Descubre y disfruta nuestras diferentes gamas de turrones y chocolates. Turrones Pablo Garrig\u00f3s Ib\u00e1\u00f1ez, en la cocina de los grandes chefs Descubre la magia de los dulces y turrones de Pablo Garrig\u00f3s Ib\u00e1\u00f1ez. Con un sabor inigualable, una textura sublime y sin perder [&hellip;]","og_url":"https:\/\/pablogarrigos.com\/fr\/colecciones\/","og_site_name":"Pablo Garrig\u00f3s Iba\u00f1ez","article_modified_time":"2024-05-14T13:59:20+00:00","twitter_card":"summary_large_image","twitter_misc":{"Dur\u00e9e de lecture estim\u00e9e":"2 minutes"},"schema":{"@context":"https:\/\/schema.org","@graph":[{"@type":"WebPage","@id":"https:\/\/pablogarrigos.com\/colecciones\/","url":"https:\/\/pablogarrigos.com\/colecciones\/","name":"Collections : Pablo Garrig\u00f3s Iba\u00f1ez","isPartOf":{"@id":"https:\/\/pablogarrigos.com\/#website"},"datePublished":"2024-02-23T19:28:05+00:00","dateModified":"2024-05-14T13:59:20+00:00","breadcrumb":{"@id":"https:\/\/pablogarrigos.com\/colecciones\/#breadcrumb"},"inLanguage":"fr-FR","potentialAction":[{"@type":"ReadAction","target":["https:\/\/pablogarrigos.com\/colecciones\/"]}]},{"@type":"BreadcrumbList","@id":"https:\/\/pablogarrigos.com\/colecciones\/#breadcrumb","itemListElement":[{"@type":"ListItem","position":1,"name":"Home","item":"https:\/\/pablogarrigos.com\/en\/"},{"@type":"ListItem","position":2,"name":"Colecciones"}]},{"@type":"WebSite","@id":"https:\/\/pablogarrigos.com\/#website","url":"https:\/\/pablogarrigos.com\/","name":"Pablo Garrig\u00f3s Iba\u00f1ez","description":"Le sens du go\u00fbt","publisher":{"@id":"https:\/\/pablogarrigos.com\/#organization"},"potentialAction":[{"@type":"SearchAction","target":{"@type":"EntryPoint","urlTemplate":"https:\/\/pablogarrigos.com\/?s={search_term_string}"},"query-input":{"@type":"PropertyValueSpecification","valueRequired":true,"valueName":"search_term_string"}}],"inLanguage":"fr-FR"},{"@type":"Organization","@id":"https:\/\/pablogarrigos.com\/#organization","name":"Pablo Garrig\u00f3s Iba\u00f1ez","url":"https:\/\/pablogarrigos.com\/","logo":{"@type":"ImageObject","inLanguage":"fr-FR","@id":"https:\/\/pablogarrigos.com\/#\/schema\/logo\/image\/","url":"https:\/\/pablogarrigos.com\/wp-content\/uploads\/2024\/02\/logo-pablogarrigos.png","contentUrl":"https:\/\/pablogarrigos.com\/wp-content\/uploads\/2024\/02\/logo-pablogarrigos.png","width":1247,"height":480,"caption":"Pablo Garrig\u00f3s Iba\u00f1ez"},"image":{"@id":"https:\/\/pablogarrigos.com\/#\/schema\/logo\/image\/"}}]}},"_links":{"self":[{"href":"https:\/\/pablogarrigos.com\/fr\/wp-json\/wp\/v2\/pages\/610","targetHints":{"allow":["GET"]}}],"collection":[{"href":"https:\/\/pablogarrigos.com\/fr\/wp-json\/wp\/v2\/pages"}],"about":[{"href":"https:\/\/pablogarrigos.com\/fr\/wp-json\/wp\/v2\/types\/page"}],"author":[{"embeddable":true,"href":"https:\/\/pablogarrigos.com\/fr\/wp-json\/wp\/v2\/users\/2"}],"replies":[{"embeddable":true,"href":"https:\/\/pablogarrigos.com\/fr\/wp-json\/wp\/v2\/comments?post=610"}],"version-history":[{"count":52,"href":"https:\/\/pablogarrigos.com\/fr\/wp-json\/wp\/v2\/pages\/610\/revisions"}],"predecessor-version":[{"id":2161,"href":"https:\/\/pablogarrigos.com\/fr\/wp-json\/wp\/v2\/pages\/610\/revisions\/2161"}],"wp:attachment":[{"href":"https:\/\/pablogarrigos.com\/fr\/wp-json\/wp\/v2\/media?parent=610"}],"curies":[{"name":"wp","href":"https:\/\/api.w.org\/{rel}","templated":true}]}}