{"id":579,"date":"2024-02-20T20:27:11","date_gmt":"2024-02-20T19:27:11","guid":{"rendered":"https:\/\/pablogarrigos.com\/index.php\/product\/lemon-caramel-chocolate-vintage-125-gr\/"},"modified":"2026-01-21T08:24:39","modified_gmt":"2026-01-21T07:24:39","slug":"lemon-caramel-chocolate-vintage-125-gr","status":"publish","type":"product","link":"https:\/\/pablogarrigos.com\/en\/chocolates-y-fruites\/chocolate-vintage\/lemon-caramel-chocolate-vintage-125-gr\/","title":{"rendered":"Lemon &amp; Caramel Chocolate 125g"},"content":{"rendered":"<p>White chocolate with caramel and lemon 84% (sugar, cocoa butter, <strong>milk<\/strong> caramel powder, caramel powder with fat from <strong>milk<\/strong> 10.5% (<strong>milk<\/strong> skimmed powder, <strong>whey<\/strong> powder, sugar, fat <strong>dairy<\/strong>(glucose, sugar, flavor, preservatives (potassium sorbate and sodium benzoate), natural vanilla flavor), lemon paste 4% (glucose, sugar, flavor, preservatives (potassium sorbate and sodium benzoate),<strong>milk<\/strong> skim powder, caramelized sugar 1.5%, emulsifier (sunflower lecithin), cocoa mass and salt), candied lemon 15% (lemon peel, glucose and fructose syrup, sugar, preservative (sodium disulfite) and acidity regulator (citric acid)) and glazing agents (shellac, gum arabic, glucose syrup, sugar and vegetable palm oil). Cocoa in chocolate: 29% minimum. <strong>Contains sulfites. May contain traces of egg, peanuts and other nuts.<\/strong><\/p>\n<p><strong>Conservar en un lugar fresco y seco. 12\u00ba-17\u00baC.<\/strong><\/p>","protected":false},"excerpt":{"rendered":"<p>The Lemon &amp; Caramel Chocolate Vintage by Pablo Garrig\u00f3s Ib\u00e1\u00f1ez is a bonbon made with real candied lemon peel and caramel chocolate coating.<\/p>","protected":false},"featured_media":580,"template":"","meta":{"_acf_changed":false,"inline_featured_image":false},"product_brand":[],"product_cat":[26,20,25],"product_tag":[],"class_list":{"0":"post-579","1":"product","2":"type-product","3":"status-publish","4":"has-post-thumbnail","6":"product_cat-chocolate-vintage","7":"product_cat-chocolates-y-fruites","8":"product_cat-fruit-chocolates","10":"first","11":"instock","12":"taxable","13":"shipping-taxable","14":"purchasable","15":"product-type-simple"},"acf":[],"yoast_head":"<!-- This site is optimized with the Yoast SEO plugin v26.5 - https:\/\/yoast.com\/wordpress\/plugins\/seo\/ -->\n<title>Bombones Lim\u00f3n Caramelo Chocolate Vintage | Pablo Garrig\u00f3s Ib\u00e1\u00f1ez<\/title>\n<meta name=\"description\" content=\"Saborea la explosi\u00f3n de sabor del lim\u00f3n confitado con la cremosidad del caramelo en los Bombones Lemon &amp; Caramel Chocolate Vintage. Un viaje sensorial \u00fanico.\" \/>\n<meta name=\"robots\" content=\"index, follow, max-snippet:-1, max-image-preview:large, max-video-preview:-1\" \/>\n<link rel=\"canonical\" href=\"https:\/\/pablogarrigos.com\/en\/chocolates-y-fruites\/chocolate-vintage\/lemon-caramel-chocolate-vintage-125-gr\/\" \/>\n<meta property=\"og:locale\" content=\"en_US\" \/>\n<meta property=\"og:type\" content=\"article\" \/>\n<meta property=\"og:title\" content=\"Bombones Lim\u00f3n Caramelo Chocolate Vintage | Pablo Garrig\u00f3s Ib\u00e1\u00f1ez\" \/>\n<meta property=\"og:description\" content=\"Saborea la explosi\u00f3n de sabor del lim\u00f3n confitado con la cremosidad del caramelo en los Bombones Lemon &amp; Caramel Chocolate Vintage. Un viaje sensorial \u00fanico.\" \/>\n<meta property=\"og:url\" content=\"https:\/\/pablogarrigos.com\/en\/chocolates-y-fruites\/chocolate-vintage\/lemon-caramel-chocolate-vintage-125-gr\/\" \/>\n<meta property=\"og:site_name\" content=\"Pablo Garrig\u00f3s Iba\u00f1ez\" \/>\n<meta property=\"article:modified_time\" content=\"2026-01-21T07:24:39+00:00\" \/>\n<meta property=\"og:image\" content=\"https:\/\/pablogarrigos.com\/wp-content\/uploads\/2024\/02\/Lemon-Caramel-Chocolate-scaled-1.jpg\" \/>\n\t<meta property=\"og:image:width\" content=\"2560\" \/>\n\t<meta property=\"og:image:height\" content=\"1707\" \/>\n\t<meta property=\"og:image:type\" content=\"image\/jpeg\" \/>\n<meta name=\"twitter:card\" content=\"summary_large_image\" \/>\n<meta name=\"twitter:label1\" content=\"Est. reading time\" \/>\n\t<meta name=\"twitter:data1\" content=\"1 minute\" \/>\n<script type=\"application\/ld+json\" class=\"yoast-schema-graph\">{\"@context\":\"https:\/\/schema.org\",\"@graph\":[{\"@type\":\"WebPage\",\"@id\":\"https:\/\/pablogarrigos.com\/chocolates-y-fruites\/chocolate-vintage\/lemon-caramel-chocolate-vintage-125-gr\/\",\"url\":\"https:\/\/pablogarrigos.com\/chocolates-y-fruites\/chocolate-vintage\/lemon-caramel-chocolate-vintage-125-gr\/\",\"name\":\"Bombones Lim\u00f3n Caramelo Chocolate Vintage | Pablo Garrig\u00f3s Ib\u00e1\u00f1ez\",\"isPartOf\":{\"@id\":\"https:\/\/pablogarrigos.com\/#website\"},\"primaryImageOfPage\":{\"@id\":\"https:\/\/pablogarrigos.com\/chocolates-y-fruites\/chocolate-vintage\/lemon-caramel-chocolate-vintage-125-gr\/#primaryimage\"},\"image\":{\"@id\":\"https:\/\/pablogarrigos.com\/chocolates-y-fruites\/chocolate-vintage\/lemon-caramel-chocolate-vintage-125-gr\/#primaryimage\"},\"thumbnailUrl\":\"https:\/\/pablogarrigos.com\/wp-content\/uploads\/2024\/02\/Lemon-Caramel-Chocolate-scaled-1.jpg\",\"datePublished\":\"2024-02-20T19:27:11+00:00\",\"dateModified\":\"2026-01-21T07:24:39+00:00\",\"description\":\"Saborea la explosi\u00f3n de sabor del lim\u00f3n confitado con la cremosidad del caramelo en los Bombones Lemon & Caramel Chocolate Vintage. Un viaje sensorial \u00fanico.\",\"breadcrumb\":{\"@id\":\"https:\/\/pablogarrigos.com\/chocolates-y-fruites\/chocolate-vintage\/lemon-caramel-chocolate-vintage-125-gr\/#breadcrumb\"},\"inLanguage\":\"en-US\",\"potentialAction\":[{\"@type\":\"ReadAction\",\"target\":[\"https:\/\/pablogarrigos.com\/chocolates-y-fruites\/chocolate-vintage\/lemon-caramel-chocolate-vintage-125-gr\/\"]}]},{\"@type\":\"ImageObject\",\"inLanguage\":\"en-US\",\"@id\":\"https:\/\/pablogarrigos.com\/chocolates-y-fruites\/chocolate-vintage\/lemon-caramel-chocolate-vintage-125-gr\/#primaryimage\",\"url\":\"https:\/\/pablogarrigos.com\/wp-content\/uploads\/2024\/02\/Lemon-Caramel-Chocolate-scaled-1.jpg\",\"contentUrl\":\"https:\/\/pablogarrigos.com\/wp-content\/uploads\/2024\/02\/Lemon-Caramel-Chocolate-scaled-1.jpg\",\"width\":2560,\"height\":1707,\"caption\":\"bombones lemon and caramel chocolate vintage\"},{\"@type\":\"BreadcrumbList\",\"@id\":\"https:\/\/pablogarrigos.com\/chocolates-y-fruites\/chocolate-vintage\/lemon-caramel-chocolate-vintage-125-gr\/#breadcrumb\",\"itemListElement\":[{\"@type\":\"ListItem\",\"position\":1,\"name\":\"Home\",\"item\":\"https:\/\/pablogarrigos.com\/en\/\"},{\"@type\":\"ListItem\",\"position\":2,\"name\":\"Tienda\",\"item\":\"https:\/\/pablogarrigos.com\/en\/tienda\/\"},{\"@type\":\"ListItem\",\"position\":3,\"name\":\"Lemon &amp; Caramel Chocolate Vintage 125gr\"}]},{\"@type\":\"WebSite\",\"@id\":\"https:\/\/pablogarrigos.com\/#website\",\"url\":\"https:\/\/pablogarrigos.com\/\",\"name\":\"Pablo Garrig\u00f3s Iba\u00f1ez\",\"description\":\"El Sentido del Gusto\",\"publisher\":{\"@id\":\"https:\/\/pablogarrigos.com\/#organization\"},\"potentialAction\":[{\"@type\":\"SearchAction\",\"target\":{\"@type\":\"EntryPoint\",\"urlTemplate\":\"https:\/\/pablogarrigos.com\/?s={search_term_string}\"},\"query-input\":{\"@type\":\"PropertyValueSpecification\",\"valueRequired\":true,\"valueName\":\"search_term_string\"}}],\"inLanguage\":\"en-US\"},{\"@type\":\"Organization\",\"@id\":\"https:\/\/pablogarrigos.com\/#organization\",\"name\":\"Pablo Garrig\u00f3s Iba\u00f1ez\",\"url\":\"https:\/\/pablogarrigos.com\/\",\"logo\":{\"@type\":\"ImageObject\",\"inLanguage\":\"en-US\",\"@id\":\"https:\/\/pablogarrigos.com\/#\/schema\/logo\/image\/\",\"url\":\"https:\/\/pablogarrigos.com\/wp-content\/uploads\/2024\/02\/logo-pablogarrigos.png\",\"contentUrl\":\"https:\/\/pablogarrigos.com\/wp-content\/uploads\/2024\/02\/logo-pablogarrigos.png\",\"width\":1247,\"height\":480,\"caption\":\"Pablo Garrig\u00f3s Iba\u00f1ez\"},\"image\":{\"@id\":\"https:\/\/pablogarrigos.com\/#\/schema\/logo\/image\/\"}}]}<\/script>\n<!-- \/ Yoast SEO plugin. -->","yoast_head_json":{"title":"Lim\u00f3n Caramel Chocolate Vintage Chocolate Chocolates | Pablo Garrig\u00f3s Ib\u00e1\u00f1ez","description":"Savor the flavor explosion of candied lemon with the creaminess of caramel in the Lemon &amp; Caramel Chocolate Vintage Chocolates. A unique sensory journey.","robots":{"index":"index","follow":"follow","max-snippet":"max-snippet:-1","max-image-preview":"max-image-preview:large","max-video-preview":"max-video-preview:-1"},"canonical":"https:\/\/pablogarrigos.com\/en\/chocolates-y-fruites\/chocolate-vintage\/lemon-caramel-chocolate-vintage-125-gr\/","og_locale":"en_US","og_type":"article","og_title":"Bombones Lim\u00f3n Caramelo Chocolate Vintage | Pablo Garrig\u00f3s Ib\u00e1\u00f1ez","og_description":"Saborea la explosi\u00f3n de sabor del lim\u00f3n confitado con la cremosidad del caramelo en los Bombones Lemon & Caramel Chocolate Vintage. Un viaje sensorial \u00fanico.","og_url":"https:\/\/pablogarrigos.com\/en\/chocolates-y-fruites\/chocolate-vintage\/lemon-caramel-chocolate-vintage-125-gr\/","og_site_name":"Pablo Garrig\u00f3s Iba\u00f1ez","article_modified_time":"2026-01-21T07:24:39+00:00","og_image":[{"width":2560,"height":1707,"url":"https:\/\/pablogarrigos.com\/wp-content\/uploads\/2024\/02\/Lemon-Caramel-Chocolate-scaled-1.jpg","type":"image\/jpeg"}],"twitter_card":"summary_large_image","twitter_misc":{"Est. reading time":"1 minute"},"schema":{"@context":"https:\/\/schema.org","@graph":[{"@type":"WebPage","@id":"https:\/\/pablogarrigos.com\/chocolates-y-fruites\/chocolate-vintage\/lemon-caramel-chocolate-vintage-125-gr\/","url":"https:\/\/pablogarrigos.com\/chocolates-y-fruites\/chocolate-vintage\/lemon-caramel-chocolate-vintage-125-gr\/","name":"Lim\u00f3n Caramel Chocolate Vintage Chocolate Chocolates | Pablo Garrig\u00f3s Ib\u00e1\u00f1ez","isPartOf":{"@id":"https:\/\/pablogarrigos.com\/#website"},"primaryImageOfPage":{"@id":"https:\/\/pablogarrigos.com\/chocolates-y-fruites\/chocolate-vintage\/lemon-caramel-chocolate-vintage-125-gr\/#primaryimage"},"image":{"@id":"https:\/\/pablogarrigos.com\/chocolates-y-fruites\/chocolate-vintage\/lemon-caramel-chocolate-vintage-125-gr\/#primaryimage"},"thumbnailUrl":"https:\/\/pablogarrigos.com\/wp-content\/uploads\/2024\/02\/Lemon-Caramel-Chocolate-scaled-1.jpg","datePublished":"2024-02-20T19:27:11+00:00","dateModified":"2026-01-21T07:24:39+00:00","description":"Savor the flavor explosion of candied lemon with the creaminess of caramel in the Lemon &amp; Caramel Chocolate Vintage Chocolates. A unique sensory journey.","breadcrumb":{"@id":"https:\/\/pablogarrigos.com\/chocolates-y-fruites\/chocolate-vintage\/lemon-caramel-chocolate-vintage-125-gr\/#breadcrumb"},"inLanguage":"en-US","potentialAction":[{"@type":"ReadAction","target":["https:\/\/pablogarrigos.com\/chocolates-y-fruites\/chocolate-vintage\/lemon-caramel-chocolate-vintage-125-gr\/"]}]},{"@type":"ImageObject","inLanguage":"en-US","@id":"https:\/\/pablogarrigos.com\/chocolates-y-fruites\/chocolate-vintage\/lemon-caramel-chocolate-vintage-125-gr\/#primaryimage","url":"https:\/\/pablogarrigos.com\/wp-content\/uploads\/2024\/02\/Lemon-Caramel-Chocolate-scaled-1.jpg","contentUrl":"https:\/\/pablogarrigos.com\/wp-content\/uploads\/2024\/02\/Lemon-Caramel-Chocolate-scaled-1.jpg","width":2560,"height":1707,"caption":"bombones lemon and caramel chocolate vintage"},{"@type":"BreadcrumbList","@id":"https:\/\/pablogarrigos.com\/chocolates-y-fruites\/chocolate-vintage\/lemon-caramel-chocolate-vintage-125-gr\/#breadcrumb","itemListElement":[{"@type":"ListItem","position":1,"name":"Home","item":"https:\/\/pablogarrigos.com\/en\/"},{"@type":"ListItem","position":2,"name":"Tienda","item":"https:\/\/pablogarrigos.com\/en\/tienda\/"},{"@type":"ListItem","position":3,"name":"Lemon &amp; Caramel Chocolate Vintage 125gr"}]},{"@type":"WebSite","@id":"https:\/\/pablogarrigos.com\/#website","url":"https:\/\/pablogarrigos.com\/","name":"Pablo Garrig\u00f3s Iba\u00f1ez","description":"The Sense of Taste","publisher":{"@id":"https:\/\/pablogarrigos.com\/#organization"},"potentialAction":[{"@type":"SearchAction","target":{"@type":"EntryPoint","urlTemplate":"https:\/\/pablogarrigos.com\/?s={search_term_string}"},"query-input":{"@type":"PropertyValueSpecification","valueRequired":true,"valueName":"search_term_string"}}],"inLanguage":"en-US"},{"@type":"Organization","@id":"https:\/\/pablogarrigos.com\/#organization","name":"Pablo Garrig\u00f3s Iba\u00f1ez","url":"https:\/\/pablogarrigos.com\/","logo":{"@type":"ImageObject","inLanguage":"en-US","@id":"https:\/\/pablogarrigos.com\/#\/schema\/logo\/image\/","url":"https:\/\/pablogarrigos.com\/wp-content\/uploads\/2024\/02\/logo-pablogarrigos.png","contentUrl":"https:\/\/pablogarrigos.com\/wp-content\/uploads\/2024\/02\/logo-pablogarrigos.png","width":1247,"height":480,"caption":"Pablo Garrig\u00f3s Iba\u00f1ez"},"image":{"@id":"https:\/\/pablogarrigos.com\/#\/schema\/logo\/image\/"}}]}},"_links":{"self":[{"href":"https:\/\/pablogarrigos.com\/en\/wp-json\/wp\/v2\/product\/579","targetHints":{"allow":["GET"]}}],"collection":[{"href":"https:\/\/pablogarrigos.com\/en\/wp-json\/wp\/v2\/product"}],"about":[{"href":"https:\/\/pablogarrigos.com\/en\/wp-json\/wp\/v2\/types\/product"}],"wp:featuredmedia":[{"embeddable":true,"href":"https:\/\/pablogarrigos.com\/en\/wp-json\/wp\/v2\/media\/580"}],"wp:attachment":[{"href":"https:\/\/pablogarrigos.com\/en\/wp-json\/wp\/v2\/media?parent=579"}],"wp:term":[{"taxonomy":"product_brand","embeddable":true,"href":"https:\/\/pablogarrigos.com\/en\/wp-json\/wp\/v2\/product_brand?post=579"},{"taxonomy":"product_cat","embeddable":true,"href":"https:\/\/pablogarrigos.com\/en\/wp-json\/wp\/v2\/product_cat?post=579"},{"taxonomy":"product_tag","embeddable":true,"href":"https:\/\/pablogarrigos.com\/en\/wp-json\/wp\/v2\/product_tag?post=579"}],"curies":[{"name":"wp","href":"https:\/\/api.w.org\/{rel}","templated":true}]}}