{"id":574,"date":"2024-02-20T20:28:11","date_gmt":"2024-02-20T19:28:11","guid":{"rendered":"https:\/\/pablogarrigos.com\/index.php\/product\/chocolate-moments-3-variedades-135gr\/"},"modified":"2026-01-21T08:25:07","modified_gmt":"2026-01-21T07:25:07","slug":"chocolate-moments-3-variedades-135gr","status":"publish","type":"product","link":"https:\/\/pablogarrigos.com\/en\/chocolates-y-fruites\/fruit-chocolates\/chocolate-moments-3-variedades-135gr\/","title":{"rendered":"Chocolate Moments 3 varieties 135g"},"content":{"rendered":"<p>WHITE CHOCOLATE WITH DRIED FRUIT AND DRIED FRUIT: 68% white chocolate couverture (sugar, cocoa butter, cocoa butter), <strong>milk<\/strong> powder, emulsifier (vegetable oil lecithin) <strong>soybeans<\/strong>) and flavor) and mixture of dried fruits and nuts in variable proportion 32% (cranberry (cranberry, sugar and sunflower oil), orange (orange peel, glucose and fructose syrup, sugar, acidity regulator: citric acid, preservatives (E-202 and E-223), <strong>hazelnut<\/strong> toast, <strong>almond<\/strong> toast, pumpkin seeds, <strong>nuts<\/strong> and raisins). Cocoa coating: 25% minimum. <strong>Contains sulfites. May contain traces of peanuts and other nuts.<\/strong><\/p>\n<p>MILK CHOCOLATE WITH DRIED FRUIT AND DRIED FRUIT: 68% milk chocolate couverture (sugar, cocoa butter, cocoa butter), <strong>milk<\/strong> 13% powder, cocoa mass, emulsifier (cocoa lecithin), cocoa powder 13%, cocoa mass <strong>soybeans<\/strong>) and flavor)) and mixture of dried fruits and nuts in variable proportion 32% (cranberry (cranberry, sugar and sunflower oil), orange (orange peel, glucose and fructose syrup, sugar, acidity regulator: citric acid, preservatives (E-202 and E-223), <strong>hazelnut<\/strong> toast, <strong>almond<\/strong> toast, pumpkin seeds, <strong>nuts<\/strong> and raisins). Cocoa coating: 33% minimum. <strong>Contains sulfites. May contain traces of peanuts and other nuts.<\/strong><\/p>\n<p>BLACK CHOCOLATE WITH DRIED FRUIT AND DRIED FRUIT: Dark chocolate coating 68% (cocoa mass, sugar, cocoa butter, emulsifier (cocoa lecithin), cocoa butter, cocoa butter, cocoa butter, cocoa butter, cocoa butter, emulsifier (cocoa butter), cocoa butter, cocoa butter, cocoa butter, cocoa butter, cocoa butter, cocoa butter <strong>soybeans<\/strong>), natural vanilla flavor) and mixture of dried fruits and nuts in variable proportion 32% (cranberries (cranberry, sugar and sunflower oil), orange (orange peel, glucose and fructose syrup, sugar, acidity regulator: citric acid, preservatives (E-202 and E-223), <strong>hazelnut<\/strong> toast, <strong>almond<\/strong> toast, pumpkin seeds, <strong>nuts<\/strong> Cocoa coating: 57% minimum. <strong>Contains sulfites. <\/strong><strong>May contain traces of milk, peanuts and other nuts.<\/strong><\/p>\n<p><strong>Conservar en un lugar fresco y seco. 12\u00ba-17\u00baC.<\/strong><\/p>","protected":false},"excerpt":{"rendered":"<p>Delicious chocolate coins in three flavors (dark, white and milk) sprinkled with natural dried fruits and nuts inspired by traditional Belgian chocolates, but with the sophistication that characterizes Pablo Garrig\u00f3s Ib\u00e1\u00f1ez's products.<\/p>","protected":false},"featured_media":575,"template":"","meta":{"_acf_changed":false,"inline_featured_image":false},"product_brand":[],"product_cat":[20,25],"product_tag":[],"class_list":{"0":"post-574","1":"product","2":"type-product","3":"status-publish","4":"has-post-thumbnail","6":"product_cat-chocolates-y-fruites","7":"product_cat-fruit-chocolates","9":"first","10":"instock","11":"taxable","12":"shipping-taxable","13":"purchasable","14":"product-type-simple"},"acf":[],"yoast_head":"<!-- This site is optimized with the Yoast SEO plugin v26.5 - https:\/\/yoast.com\/wordpress\/plugins\/seo\/ -->\n<title>Chocolate Moments 3 Variedades | Pablo Garrig\u00f3s Ib\u00e1\u00f1ez<\/title>\n<meta name=\"description\" content=\"Descubre los nuevos Chocolate Moments 3 variedades: una explosi\u00f3n de sabor y texturas de chocolate negro, blanco y con leche con frutas y frutos secos.\" \/>\n<meta name=\"robots\" content=\"index, follow, max-snippet:-1, max-image-preview:large, max-video-preview:-1\" \/>\n<link rel=\"canonical\" href=\"https:\/\/pablogarrigos.com\/en\/chocolates-y-fruites\/fruit-chocolates\/chocolate-moments-3-variedades-135gr\/\" \/>\n<meta property=\"og:locale\" content=\"en_US\" \/>\n<meta property=\"og:type\" content=\"article\" \/>\n<meta property=\"og:title\" content=\"Chocolate Moments 3 Variedades | Pablo Garrig\u00f3s Ib\u00e1\u00f1ez\" \/>\n<meta property=\"og:description\" content=\"Descubre los nuevos Chocolate Moments 3 variedades: una explosi\u00f3n de sabor y texturas de chocolate negro, blanco y con leche con frutas y frutos secos.\" \/>\n<meta property=\"og:url\" content=\"https:\/\/pablogarrigos.com\/en\/chocolates-y-fruites\/fruit-chocolates\/chocolate-moments-3-variedades-135gr\/\" \/>\n<meta property=\"og:site_name\" content=\"Pablo Garrig\u00f3s Iba\u00f1ez\" \/>\n<meta property=\"article:modified_time\" content=\"2026-01-21T07:25:07+00:00\" \/>\n<meta property=\"og:image\" content=\"https:\/\/pablogarrigos.com\/wp-content\/uploads\/2024\/02\/Chocolate-Moments-800x800-1.jpg\" \/>\n\t<meta property=\"og:image:width\" content=\"800\" \/>\n\t<meta property=\"og:image:height\" content=\"800\" \/>\n\t<meta property=\"og:image:type\" content=\"image\/jpeg\" \/>\n<meta name=\"twitter:card\" content=\"summary_large_image\" \/>\n<meta name=\"twitter:label1\" content=\"Est. reading time\" \/>\n\t<meta name=\"twitter:data1\" content=\"2 minutes\" \/>\n<script type=\"application\/ld+json\" class=\"yoast-schema-graph\">{\"@context\":\"https:\/\/schema.org\",\"@graph\":[{\"@type\":\"WebPage\",\"@id\":\"https:\/\/pablogarrigos.com\/chocolates-y-fruites\/fruit-chocolates\/chocolate-moments-3-variedades-135gr\/\",\"url\":\"https:\/\/pablogarrigos.com\/chocolates-y-fruites\/fruit-chocolates\/chocolate-moments-3-variedades-135gr\/\",\"name\":\"Chocolate Moments 3 Variedades | Pablo Garrig\u00f3s Ib\u00e1\u00f1ez\",\"isPartOf\":{\"@id\":\"https:\/\/pablogarrigos.com\/#website\"},\"primaryImageOfPage\":{\"@id\":\"https:\/\/pablogarrigos.com\/chocolates-y-fruites\/fruit-chocolates\/chocolate-moments-3-variedades-135gr\/#primaryimage\"},\"image\":{\"@id\":\"https:\/\/pablogarrigos.com\/chocolates-y-fruites\/fruit-chocolates\/chocolate-moments-3-variedades-135gr\/#primaryimage\"},\"thumbnailUrl\":\"https:\/\/pablogarrigos.com\/wp-content\/uploads\/2024\/02\/Chocolate-Moments-800x800-1.jpg\",\"datePublished\":\"2024-02-20T19:28:11+00:00\",\"dateModified\":\"2026-01-21T07:25:07+00:00\",\"description\":\"Descubre los nuevos Chocolate Moments 3 variedades: una explosi\u00f3n de sabor y texturas de chocolate negro, blanco y con leche con frutas y frutos secos.\",\"breadcrumb\":{\"@id\":\"https:\/\/pablogarrigos.com\/chocolates-y-fruites\/fruit-chocolates\/chocolate-moments-3-variedades-135gr\/#breadcrumb\"},\"inLanguage\":\"en-US\",\"potentialAction\":[{\"@type\":\"ReadAction\",\"target\":[\"https:\/\/pablogarrigos.com\/chocolates-y-fruites\/fruit-chocolates\/chocolate-moments-3-variedades-135gr\/\"]}]},{\"@type\":\"ImageObject\",\"inLanguage\":\"en-US\",\"@id\":\"https:\/\/pablogarrigos.com\/chocolates-y-fruites\/fruit-chocolates\/chocolate-moments-3-variedades-135gr\/#primaryimage\",\"url\":\"https:\/\/pablogarrigos.com\/wp-content\/uploads\/2024\/02\/Chocolate-Moments-800x800-1.jpg\",\"contentUrl\":\"https:\/\/pablogarrigos.com\/wp-content\/uploads\/2024\/02\/Chocolate-Moments-800x800-1.jpg\",\"width\":800,\"height\":800,\"caption\":\"Nuevo Chocolate Moments 3 variedades\"},{\"@type\":\"BreadcrumbList\",\"@id\":\"https:\/\/pablogarrigos.com\/chocolates-y-fruites\/fruit-chocolates\/chocolate-moments-3-variedades-135gr\/#breadcrumb\",\"itemListElement\":[{\"@type\":\"ListItem\",\"position\":1,\"name\":\"Home\",\"item\":\"https:\/\/pablogarrigos.com\/en\/\"},{\"@type\":\"ListItem\",\"position\":2,\"name\":\"Tienda\",\"item\":\"https:\/\/pablogarrigos.com\/en\/tienda\/\"},{\"@type\":\"ListItem\",\"position\":3,\"name\":\"Chocolate Moments 3 variedades 135 gr\"}]},{\"@type\":\"WebSite\",\"@id\":\"https:\/\/pablogarrigos.com\/#website\",\"url\":\"https:\/\/pablogarrigos.com\/\",\"name\":\"Pablo Garrig\u00f3s Iba\u00f1ez\",\"description\":\"El Sentido del Gusto\",\"publisher\":{\"@id\":\"https:\/\/pablogarrigos.com\/#organization\"},\"potentialAction\":[{\"@type\":\"SearchAction\",\"target\":{\"@type\":\"EntryPoint\",\"urlTemplate\":\"https:\/\/pablogarrigos.com\/?s={search_term_string}\"},\"query-input\":{\"@type\":\"PropertyValueSpecification\",\"valueRequired\":true,\"valueName\":\"search_term_string\"}}],\"inLanguage\":\"en-US\"},{\"@type\":\"Organization\",\"@id\":\"https:\/\/pablogarrigos.com\/#organization\",\"name\":\"Pablo Garrig\u00f3s Iba\u00f1ez\",\"url\":\"https:\/\/pablogarrigos.com\/\",\"logo\":{\"@type\":\"ImageObject\",\"inLanguage\":\"en-US\",\"@id\":\"https:\/\/pablogarrigos.com\/#\/schema\/logo\/image\/\",\"url\":\"https:\/\/pablogarrigos.com\/wp-content\/uploads\/2024\/02\/logo-pablogarrigos.png\",\"contentUrl\":\"https:\/\/pablogarrigos.com\/wp-content\/uploads\/2024\/02\/logo-pablogarrigos.png\",\"width\":1247,\"height\":480,\"caption\":\"Pablo Garrig\u00f3s Iba\u00f1ez\"},\"image\":{\"@id\":\"https:\/\/pablogarrigos.com\/#\/schema\/logo\/image\/\"}}]}<\/script>\n<!-- \/ Yoast SEO plugin. -->","yoast_head_json":{"title":"Chocolate Moments 3 Varieties : Pablo Garrig\u00f3s Ib\u00e1\u00f1ez","description":"Discover the new Chocolate Moments 3 varieties: an explosion of flavor and textures of dark, white and milk chocolate with fruits and nuts.","robots":{"index":"index","follow":"follow","max-snippet":"max-snippet:-1","max-image-preview":"max-image-preview:large","max-video-preview":"max-video-preview:-1"},"canonical":"https:\/\/pablogarrigos.com\/en\/chocolates-y-fruites\/fruit-chocolates\/chocolate-moments-3-variedades-135gr\/","og_locale":"en_US","og_type":"article","og_title":"Chocolate Moments 3 Variedades | Pablo Garrig\u00f3s Ib\u00e1\u00f1ez","og_description":"Descubre los nuevos Chocolate Moments 3 variedades: una explosi\u00f3n de sabor y texturas de chocolate negro, blanco y con leche con frutas y frutos secos.","og_url":"https:\/\/pablogarrigos.com\/en\/chocolates-y-fruites\/fruit-chocolates\/chocolate-moments-3-variedades-135gr\/","og_site_name":"Pablo Garrig\u00f3s Iba\u00f1ez","article_modified_time":"2026-01-21T07:25:07+00:00","og_image":[{"width":800,"height":800,"url":"https:\/\/pablogarrigos.com\/wp-content\/uploads\/2024\/02\/Chocolate-Moments-800x800-1.jpg","type":"image\/jpeg"}],"twitter_card":"summary_large_image","twitter_misc":{"Est. reading time":"2 minutes"},"schema":{"@context":"https:\/\/schema.org","@graph":[{"@type":"WebPage","@id":"https:\/\/pablogarrigos.com\/chocolates-y-fruites\/fruit-chocolates\/chocolate-moments-3-variedades-135gr\/","url":"https:\/\/pablogarrigos.com\/chocolates-y-fruites\/fruit-chocolates\/chocolate-moments-3-variedades-135gr\/","name":"Chocolate Moments 3 Varieties : Pablo Garrig\u00f3s Ib\u00e1\u00f1ez","isPartOf":{"@id":"https:\/\/pablogarrigos.com\/#website"},"primaryImageOfPage":{"@id":"https:\/\/pablogarrigos.com\/chocolates-y-fruites\/fruit-chocolates\/chocolate-moments-3-variedades-135gr\/#primaryimage"},"image":{"@id":"https:\/\/pablogarrigos.com\/chocolates-y-fruites\/fruit-chocolates\/chocolate-moments-3-variedades-135gr\/#primaryimage"},"thumbnailUrl":"https:\/\/pablogarrigos.com\/wp-content\/uploads\/2024\/02\/Chocolate-Moments-800x800-1.jpg","datePublished":"2024-02-20T19:28:11+00:00","dateModified":"2026-01-21T07:25:07+00:00","description":"Discover the new Chocolate Moments 3 varieties: an explosion of flavor and textures of dark, white and milk chocolate with fruits and nuts.","breadcrumb":{"@id":"https:\/\/pablogarrigos.com\/chocolates-y-fruites\/fruit-chocolates\/chocolate-moments-3-variedades-135gr\/#breadcrumb"},"inLanguage":"en-US","potentialAction":[{"@type":"ReadAction","target":["https:\/\/pablogarrigos.com\/chocolates-y-fruites\/fruit-chocolates\/chocolate-moments-3-variedades-135gr\/"]}]},{"@type":"ImageObject","inLanguage":"en-US","@id":"https:\/\/pablogarrigos.com\/chocolates-y-fruites\/fruit-chocolates\/chocolate-moments-3-variedades-135gr\/#primaryimage","url":"https:\/\/pablogarrigos.com\/wp-content\/uploads\/2024\/02\/Chocolate-Moments-800x800-1.jpg","contentUrl":"https:\/\/pablogarrigos.com\/wp-content\/uploads\/2024\/02\/Chocolate-Moments-800x800-1.jpg","width":800,"height":800,"caption":"Nuevo Chocolate Moments 3 variedades"},{"@type":"BreadcrumbList","@id":"https:\/\/pablogarrigos.com\/chocolates-y-fruites\/fruit-chocolates\/chocolate-moments-3-variedades-135gr\/#breadcrumb","itemListElement":[{"@type":"ListItem","position":1,"name":"Home","item":"https:\/\/pablogarrigos.com\/en\/"},{"@type":"ListItem","position":2,"name":"Tienda","item":"https:\/\/pablogarrigos.com\/en\/tienda\/"},{"@type":"ListItem","position":3,"name":"Chocolate Moments 3 variedades 135 gr"}]},{"@type":"WebSite","@id":"https:\/\/pablogarrigos.com\/#website","url":"https:\/\/pablogarrigos.com\/","name":"Pablo Garrig\u00f3s Iba\u00f1ez","description":"The Sense of Taste","publisher":{"@id":"https:\/\/pablogarrigos.com\/#organization"},"potentialAction":[{"@type":"SearchAction","target":{"@type":"EntryPoint","urlTemplate":"https:\/\/pablogarrigos.com\/?s={search_term_string}"},"query-input":{"@type":"PropertyValueSpecification","valueRequired":true,"valueName":"search_term_string"}}],"inLanguage":"en-US"},{"@type":"Organization","@id":"https:\/\/pablogarrigos.com\/#organization","name":"Pablo Garrig\u00f3s Iba\u00f1ez","url":"https:\/\/pablogarrigos.com\/","logo":{"@type":"ImageObject","inLanguage":"en-US","@id":"https:\/\/pablogarrigos.com\/#\/schema\/logo\/image\/","url":"https:\/\/pablogarrigos.com\/wp-content\/uploads\/2024\/02\/logo-pablogarrigos.png","contentUrl":"https:\/\/pablogarrigos.com\/wp-content\/uploads\/2024\/02\/logo-pablogarrigos.png","width":1247,"height":480,"caption":"Pablo Garrig\u00f3s Iba\u00f1ez"},"image":{"@id":"https:\/\/pablogarrigos.com\/#\/schema\/logo\/image\/"}}]}},"_links":{"self":[{"href":"https:\/\/pablogarrigos.com\/en\/wp-json\/wp\/v2\/product\/574","targetHints":{"allow":["GET"]}}],"collection":[{"href":"https:\/\/pablogarrigos.com\/en\/wp-json\/wp\/v2\/product"}],"about":[{"href":"https:\/\/pablogarrigos.com\/en\/wp-json\/wp\/v2\/types\/product"}],"wp:featuredmedia":[{"embeddable":true,"href":"https:\/\/pablogarrigos.com\/en\/wp-json\/wp\/v2\/media\/575"}],"wp:attachment":[{"href":"https:\/\/pablogarrigos.com\/en\/wp-json\/wp\/v2\/media?parent=574"}],"wp:term":[{"taxonomy":"product_brand","embeddable":true,"href":"https:\/\/pablogarrigos.com\/en\/wp-json\/wp\/v2\/product_brand?post=574"},{"taxonomy":"product_cat","embeddable":true,"href":"https:\/\/pablogarrigos.com\/en\/wp-json\/wp\/v2\/product_cat?post=574"},{"taxonomy":"product_tag","embeddable":true,"href":"https:\/\/pablogarrigos.com\/en\/wp-json\/wp\/v2\/product_tag?post=574"}],"curies":[{"name":"wp","href":"https:\/\/api.w.org\/{rel}","templated":true}]}}