{"id":553,"date":"2024-02-20T09:13:20","date_gmt":"2024-02-20T08:13:20","guid":{"rendered":"https:\/\/pablogarrigos.com\/index.php\/product\/porciones-de-turron-de-alicante-100-grs\/"},"modified":"2025-11-13T12:28:28","modified_gmt":"2025-11-13T11:28:28","slug":"porciones-de-turron-de-alicante-100-grs","status":"publish","type":"product","link":"https:\/\/pablogarrigos.com\/en\/turrones\/porciones-de-turron-de-alicante-100-grs\/","title":{"rendered":"Turron de Alicante mini portions Delicatessen 100g"},"content":{"rendered":"<p><strong>Almond<\/strong> 68%, rosemary honey 16%, sugar, glucose syrup, wafer surface (potato starch and sunflower oil) and egg white 68%. <strong>egg<\/strong>. <strong>May contain traces of sesame and hazelnut.<\/strong><\/p>\n<p><strong>Conservar en un lugar fresco y seco. 18\u00ba-22\u00baC.<\/strong><\/p>","protected":false},"excerpt":{"rendered":"<p>Individual portions of Pablo Garrig\u00f3s Ib\u00e1\u00f1ez Alicante nougat. Gluten and lactose free. Bag of 100 grams.<\/p>","protected":false},"featured_media":554,"template":"","meta":{"_acf_changed":false,"inline_featured_image":false},"product_brand":[],"product_cat":[18],"product_tag":[],"class_list":{"0":"post-553","1":"product","2":"type-product","3":"status-publish","4":"has-post-thumbnail","6":"product_cat-turrones","8":"first","9":"instock","10":"taxable","11":"shipping-taxable","12":"purchasable","13":"product-type-simple"},"acf":[],"yoast_head":"<!-- This site is optimized with the Yoast SEO plugin v26.5 - https:\/\/yoast.com\/wordpress\/plugins\/seo\/ -->\n<title>Porciones Turr\u00f3n Alicante | Pablo Garrig\u00f3s Ib\u00e1\u00f1ez<\/title>\n<meta name=\"description\" content=\"Saborea la tradici\u00f3n alicantina en cada bocado con las Porciones de Turr\u00f3n de Alicante. Elaborado con almendra marcona y miel de romero. Sin gluten.\" \/>\n<meta name=\"robots\" content=\"index, follow, max-snippet:-1, max-image-preview:large, max-video-preview:-1\" \/>\n<link rel=\"canonical\" href=\"https:\/\/pablogarrigos.com\/en\/turrones\/porciones-de-turron-de-alicante-100-grs\/\" \/>\n<meta property=\"og:locale\" content=\"en_US\" \/>\n<meta property=\"og:type\" content=\"article\" \/>\n<meta property=\"og:title\" content=\"Porciones Turr\u00f3n Alicante | Pablo Garrig\u00f3s Ib\u00e1\u00f1ez\" \/>\n<meta property=\"og:description\" content=\"Saborea la tradici\u00f3n alicantina en cada bocado con las Porciones de Turr\u00f3n de Alicante. Elaborado con almendra marcona y miel de romero. Sin gluten.\" \/>\n<meta property=\"og:url\" content=\"https:\/\/pablogarrigos.com\/en\/turrones\/porciones-de-turron-de-alicante-100-grs\/\" \/>\n<meta property=\"og:site_name\" content=\"Pablo Garrig\u00f3s Iba\u00f1ez\" \/>\n<meta property=\"article:modified_time\" content=\"2025-11-13T11:28:28+00:00\" \/>\n<meta property=\"og:image\" content=\"https:\/\/pablogarrigos.com\/wp-content\/uploads\/2024\/02\/bolsa-alicante-1.jpg\" \/>\n\t<meta property=\"og:image:width\" content=\"2000\" \/>\n\t<meta property=\"og:image:height\" content=\"2000\" \/>\n\t<meta property=\"og:image:type\" content=\"image\/jpeg\" \/>\n<meta name=\"twitter:card\" content=\"summary_large_image\" \/>\n<meta name=\"twitter:label1\" content=\"Est. reading time\" \/>\n\t<meta name=\"twitter:data1\" content=\"1 minute\" \/>\n<script type=\"application\/ld+json\" class=\"yoast-schema-graph\">{\"@context\":\"https:\/\/schema.org\",\"@graph\":[{\"@type\":\"WebPage\",\"@id\":\"https:\/\/pablogarrigos.com\/turrones\/porciones-de-turron-de-alicante-100-grs\/\",\"url\":\"https:\/\/pablogarrigos.com\/turrones\/porciones-de-turron-de-alicante-100-grs\/\",\"name\":\"Porciones Turr\u00f3n Alicante | Pablo Garrig\u00f3s Ib\u00e1\u00f1ez\",\"isPartOf\":{\"@id\":\"https:\/\/pablogarrigos.com\/#website\"},\"primaryImageOfPage\":{\"@id\":\"https:\/\/pablogarrigos.com\/turrones\/porciones-de-turron-de-alicante-100-grs\/#primaryimage\"},\"image\":{\"@id\":\"https:\/\/pablogarrigos.com\/turrones\/porciones-de-turron-de-alicante-100-grs\/#primaryimage\"},\"thumbnailUrl\":\"https:\/\/pablogarrigos.com\/wp-content\/uploads\/2024\/02\/bolsa-alicante-1.jpg\",\"datePublished\":\"2024-02-20T08:13:20+00:00\",\"dateModified\":\"2025-11-13T11:28:28+00:00\",\"description\":\"Saborea la tradici\u00f3n alicantina en cada bocado con las Porciones de Turr\u00f3n de Alicante. Elaborado con almendra marcona y miel de romero. Sin gluten.\",\"breadcrumb\":{\"@id\":\"https:\/\/pablogarrigos.com\/turrones\/porciones-de-turron-de-alicante-100-grs\/#breadcrumb\"},\"inLanguage\":\"en-US\",\"potentialAction\":[{\"@type\":\"ReadAction\",\"target\":[\"https:\/\/pablogarrigos.com\/turrones\/porciones-de-turron-de-alicante-100-grs\/\"]}]},{\"@type\":\"ImageObject\",\"inLanguage\":\"en-US\",\"@id\":\"https:\/\/pablogarrigos.com\/turrones\/porciones-de-turron-de-alicante-100-grs\/#primaryimage\",\"url\":\"https:\/\/pablogarrigos.com\/wp-content\/uploads\/2024\/02\/bolsa-alicante-1.jpg\",\"contentUrl\":\"https:\/\/pablogarrigos.com\/wp-content\/uploads\/2024\/02\/bolsa-alicante-1.jpg\",\"width\":2000,\"height\":2000},{\"@type\":\"BreadcrumbList\",\"@id\":\"https:\/\/pablogarrigos.com\/turrones\/porciones-de-turron-de-alicante-100-grs\/#breadcrumb\",\"itemListElement\":[{\"@type\":\"ListItem\",\"position\":1,\"name\":\"Home\",\"item\":\"https:\/\/pablogarrigos.com\/en\/\"},{\"@type\":\"ListItem\",\"position\":2,\"name\":\"Tienda\",\"item\":\"https:\/\/pablogarrigos.com\/en\/tienda\/\"},{\"@type\":\"ListItem\",\"position\":3,\"name\":\"Porciones de Turr\u00f3n de Alicante 100gr\"}]},{\"@type\":\"WebSite\",\"@id\":\"https:\/\/pablogarrigos.com\/#website\",\"url\":\"https:\/\/pablogarrigos.com\/\",\"name\":\"Pablo Garrig\u00f3s Iba\u00f1ez\",\"description\":\"El Sentido del Gusto\",\"publisher\":{\"@id\":\"https:\/\/pablogarrigos.com\/#organization\"},\"potentialAction\":[{\"@type\":\"SearchAction\",\"target\":{\"@type\":\"EntryPoint\",\"urlTemplate\":\"https:\/\/pablogarrigos.com\/?s={search_term_string}\"},\"query-input\":{\"@type\":\"PropertyValueSpecification\",\"valueRequired\":true,\"valueName\":\"search_term_string\"}}],\"inLanguage\":\"en-US\"},{\"@type\":\"Organization\",\"@id\":\"https:\/\/pablogarrigos.com\/#organization\",\"name\":\"Pablo Garrig\u00f3s Iba\u00f1ez\",\"url\":\"https:\/\/pablogarrigos.com\/\",\"logo\":{\"@type\":\"ImageObject\",\"inLanguage\":\"en-US\",\"@id\":\"https:\/\/pablogarrigos.com\/#\/schema\/logo\/image\/\",\"url\":\"https:\/\/pablogarrigos.com\/wp-content\/uploads\/2024\/02\/logo-pablogarrigos.png\",\"contentUrl\":\"https:\/\/pablogarrigos.com\/wp-content\/uploads\/2024\/02\/logo-pablogarrigos.png\",\"width\":1247,\"height\":480,\"caption\":\"Pablo Garrig\u00f3s Iba\u00f1ez\"},\"image\":{\"@id\":\"https:\/\/pablogarrigos.com\/#\/schema\/logo\/image\/\"}}]}<\/script>\n<!-- \/ Yoast SEO plugin. -->","yoast_head_json":{"title":"Portions Turr\u00f3n Alicante | Pablo Garrig\u00f3s Ib\u00e1\u00f1ez","description":"Taste the tradition of Alicante in every bite with the Turr\u00f3n de Alicante Portions. Made with marcona almonds and rosemary honey. Gluten free.","robots":{"index":"index","follow":"follow","max-snippet":"max-snippet:-1","max-image-preview":"max-image-preview:large","max-video-preview":"max-video-preview:-1"},"canonical":"https:\/\/pablogarrigos.com\/en\/turrones\/porciones-de-turron-de-alicante-100-grs\/","og_locale":"en_US","og_type":"article","og_title":"Porciones Turr\u00f3n Alicante | Pablo Garrig\u00f3s Ib\u00e1\u00f1ez","og_description":"Saborea la tradici\u00f3n alicantina en cada bocado con las Porciones de Turr\u00f3n de Alicante. Elaborado con almendra marcona y miel de romero. Sin gluten.","og_url":"https:\/\/pablogarrigos.com\/en\/turrones\/porciones-de-turron-de-alicante-100-grs\/","og_site_name":"Pablo Garrig\u00f3s Iba\u00f1ez","article_modified_time":"2025-11-13T11:28:28+00:00","og_image":[{"width":2000,"height":2000,"url":"https:\/\/pablogarrigos.com\/wp-content\/uploads\/2024\/02\/bolsa-alicante-1.jpg","type":"image\/jpeg"}],"twitter_card":"summary_large_image","twitter_misc":{"Est. reading time":"1 minute"},"schema":{"@context":"https:\/\/schema.org","@graph":[{"@type":"WebPage","@id":"https:\/\/pablogarrigos.com\/turrones\/porciones-de-turron-de-alicante-100-grs\/","url":"https:\/\/pablogarrigos.com\/turrones\/porciones-de-turron-de-alicante-100-grs\/","name":"Portions Turr\u00f3n Alicante | Pablo Garrig\u00f3s Ib\u00e1\u00f1ez","isPartOf":{"@id":"https:\/\/pablogarrigos.com\/#website"},"primaryImageOfPage":{"@id":"https:\/\/pablogarrigos.com\/turrones\/porciones-de-turron-de-alicante-100-grs\/#primaryimage"},"image":{"@id":"https:\/\/pablogarrigos.com\/turrones\/porciones-de-turron-de-alicante-100-grs\/#primaryimage"},"thumbnailUrl":"https:\/\/pablogarrigos.com\/wp-content\/uploads\/2024\/02\/bolsa-alicante-1.jpg","datePublished":"2024-02-20T08:13:20+00:00","dateModified":"2025-11-13T11:28:28+00:00","description":"Taste the tradition of Alicante in every bite with the Turr\u00f3n de Alicante Portions. Made with marcona almonds and rosemary honey. Gluten free.","breadcrumb":{"@id":"https:\/\/pablogarrigos.com\/turrones\/porciones-de-turron-de-alicante-100-grs\/#breadcrumb"},"inLanguage":"en-US","potentialAction":[{"@type":"ReadAction","target":["https:\/\/pablogarrigos.com\/turrones\/porciones-de-turron-de-alicante-100-grs\/"]}]},{"@type":"ImageObject","inLanguage":"en-US","@id":"https:\/\/pablogarrigos.com\/turrones\/porciones-de-turron-de-alicante-100-grs\/#primaryimage","url":"https:\/\/pablogarrigos.com\/wp-content\/uploads\/2024\/02\/bolsa-alicante-1.jpg","contentUrl":"https:\/\/pablogarrigos.com\/wp-content\/uploads\/2024\/02\/bolsa-alicante-1.jpg","width":2000,"height":2000},{"@type":"BreadcrumbList","@id":"https:\/\/pablogarrigos.com\/turrones\/porciones-de-turron-de-alicante-100-grs\/#breadcrumb","itemListElement":[{"@type":"ListItem","position":1,"name":"Home","item":"https:\/\/pablogarrigos.com\/en\/"},{"@type":"ListItem","position":2,"name":"Tienda","item":"https:\/\/pablogarrigos.com\/en\/tienda\/"},{"@type":"ListItem","position":3,"name":"Porciones de Turr\u00f3n de Alicante 100gr"}]},{"@type":"WebSite","@id":"https:\/\/pablogarrigos.com\/#website","url":"https:\/\/pablogarrigos.com\/","name":"Pablo Garrig\u00f3s Iba\u00f1ez","description":"The Sense of Taste","publisher":{"@id":"https:\/\/pablogarrigos.com\/#organization"},"potentialAction":[{"@type":"SearchAction","target":{"@type":"EntryPoint","urlTemplate":"https:\/\/pablogarrigos.com\/?s={search_term_string}"},"query-input":{"@type":"PropertyValueSpecification","valueRequired":true,"valueName":"search_term_string"}}],"inLanguage":"en-US"},{"@type":"Organization","@id":"https:\/\/pablogarrigos.com\/#organization","name":"Pablo Garrig\u00f3s Iba\u00f1ez","url":"https:\/\/pablogarrigos.com\/","logo":{"@type":"ImageObject","inLanguage":"en-US","@id":"https:\/\/pablogarrigos.com\/#\/schema\/logo\/image\/","url":"https:\/\/pablogarrigos.com\/wp-content\/uploads\/2024\/02\/logo-pablogarrigos.png","contentUrl":"https:\/\/pablogarrigos.com\/wp-content\/uploads\/2024\/02\/logo-pablogarrigos.png","width":1247,"height":480,"caption":"Pablo Garrig\u00f3s Iba\u00f1ez"},"image":{"@id":"https:\/\/pablogarrigos.com\/#\/schema\/logo\/image\/"}}]}},"_links":{"self":[{"href":"https:\/\/pablogarrigos.com\/en\/wp-json\/wp\/v2\/product\/553","targetHints":{"allow":["GET"]}}],"collection":[{"href":"https:\/\/pablogarrigos.com\/en\/wp-json\/wp\/v2\/product"}],"about":[{"href":"https:\/\/pablogarrigos.com\/en\/wp-json\/wp\/v2\/types\/product"}],"wp:featuredmedia":[{"embeddable":true,"href":"https:\/\/pablogarrigos.com\/en\/wp-json\/wp\/v2\/media\/554"}],"wp:attachment":[{"href":"https:\/\/pablogarrigos.com\/en\/wp-json\/wp\/v2\/media?parent=553"}],"wp:term":[{"taxonomy":"product_brand","embeddable":true,"href":"https:\/\/pablogarrigos.com\/en\/wp-json\/wp\/v2\/product_brand?post=553"},{"taxonomy":"product_cat","embeddable":true,"href":"https:\/\/pablogarrigos.com\/en\/wp-json\/wp\/v2\/product_cat?post=553"},{"taxonomy":"product_tag","embeddable":true,"href":"https:\/\/pablogarrigos.com\/en\/wp-json\/wp\/v2\/product_tag?post=553"}],"curies":[{"name":"wp","href":"https:\/\/api.w.org\/{rel}","templated":true}]}}