{"id":550,"date":"2024-02-20T09:14:20","date_gmt":"2024-02-20T08:14:20","guid":{"rendered":"https:\/\/pablogarrigos.com\/index.php\/product\/porciones-de-turron-de-chocolate-con-leche-y-almendras-100-grs\/"},"modified":"2025-11-13T12:27:56","modified_gmt":"2025-11-13T11:27:56","slug":"porciones-de-turron-de-chocolate-con-leche-y-almendras-100-grs","status":"publish","type":"product","link":"https:\/\/pablogarrigos.com\/en\/chocolates-y-fruites\/porciones-de-turron-de-chocolate-con-leche-y-almendras-100-grs\/","title":{"rendered":"Milk Chocolate Turron with almonds in mini portions Delicatessen 100g"},"content":{"rendered":"<p><strong>Almond<\/strong> Marcona selected and roasted 40%, sugar, cocoa butter, <strong>milk<\/strong> whole cocoa powder 11%, cocoa mass, <strong>whey<\/strong> powder, emulsifier (vegetable oil lecithin) <strong>soybeans<\/strong>) and natural vanilla flavor. Cocoa min. 30%. <strong>May contain traces of other nuts.<\/strong><\/p>\n<p><strong>Conservar en un lugar fresco y seco. 18\u00ba-22\u00baC.<\/strong><\/p>","protected":false},"excerpt":{"rendered":"<p>Delicious individual portions of milk chocolate nougat with milk and almonds 70% cocoa. Pablo Garrig\u00f3s Ib\u00e1\u00f1ez. Gluten free.<\/p>","protected":false},"featured_media":551,"template":"","meta":{"_acf_changed":false,"inline_featured_image":false},"product_brand":[],"product_cat":[20,18],"product_tag":[],"class_list":{"0":"post-550","1":"product","2":"type-product","3":"status-publish","4":"has-post-thumbnail","6":"product_cat-chocolates-y-fruites","7":"product_cat-turrones","9":"first","10":"instock","11":"taxable","12":"shipping-taxable","13":"purchasable","14":"product-type-simple"},"acf":[],"yoast_head":"<!-- This site is optimized with the Yoast SEO plugin v26.5 - https:\/\/yoast.com\/wordpress\/plugins\/seo\/ -->\n<title>Porciones Turr\u00f3n Chocolate Almendras | Pablo Garrig\u00f3s Ib\u00e1\u00f1ez<\/title>\n<meta name=\"description\" content=\"Disfruta del cl\u00e1sico sabor del turr\u00f3n de chocolate con leche y almendras en pr\u00e1cticas porciones individuales. 70% cacao. Sin gluten.\" \/>\n<meta name=\"robots\" content=\"index, follow, max-snippet:-1, max-image-preview:large, max-video-preview:-1\" \/>\n<link rel=\"canonical\" href=\"https:\/\/pablogarrigos.com\/en\/chocolates-y-fruites\/porciones-de-turron-de-chocolate-con-leche-y-almendras-100-grs\/\" \/>\n<meta property=\"og:locale\" content=\"en_US\" \/>\n<meta property=\"og:type\" content=\"article\" \/>\n<meta property=\"og:title\" content=\"Porciones Turr\u00f3n Chocolate Almendras | Pablo Garrig\u00f3s Ib\u00e1\u00f1ez\" \/>\n<meta property=\"og:description\" content=\"Disfruta del cl\u00e1sico sabor del turr\u00f3n de chocolate con leche y almendras en pr\u00e1cticas porciones individuales. 70% cacao. Sin gluten.\" \/>\n<meta property=\"og:url\" content=\"https:\/\/pablogarrigos.com\/en\/chocolates-y-fruites\/porciones-de-turron-de-chocolate-con-leche-y-almendras-100-grs\/\" \/>\n<meta property=\"og:site_name\" content=\"Pablo Garrig\u00f3s Iba\u00f1ez\" \/>\n<meta property=\"article:modified_time\" content=\"2025-11-13T11:27:56+00:00\" \/>\n<meta property=\"og:image\" content=\"https:\/\/pablogarrigos.com\/wp-content\/uploads\/2024\/02\/bolsa-chocolate-con-leche-1.jpg\" \/>\n\t<meta property=\"og:image:width\" content=\"2000\" \/>\n\t<meta property=\"og:image:height\" content=\"2000\" \/>\n\t<meta property=\"og:image:type\" content=\"image\/jpeg\" \/>\n<meta name=\"twitter:card\" content=\"summary_large_image\" \/>\n<meta name=\"twitter:label1\" content=\"Est. reading time\" \/>\n\t<meta name=\"twitter:data1\" content=\"1 minute\" \/>\n<script type=\"application\/ld+json\" class=\"yoast-schema-graph\">{\"@context\":\"https:\/\/schema.org\",\"@graph\":[{\"@type\":\"WebPage\",\"@id\":\"https:\/\/pablogarrigos.com\/chocolates-y-fruites\/porciones-de-turron-de-chocolate-con-leche-y-almendras-100-grs\/\",\"url\":\"https:\/\/pablogarrigos.com\/chocolates-y-fruites\/porciones-de-turron-de-chocolate-con-leche-y-almendras-100-grs\/\",\"name\":\"Porciones Turr\u00f3n Chocolate Almendras | Pablo Garrig\u00f3s Ib\u00e1\u00f1ez\",\"isPartOf\":{\"@id\":\"https:\/\/pablogarrigos.com\/#website\"},\"primaryImageOfPage\":{\"@id\":\"https:\/\/pablogarrigos.com\/chocolates-y-fruites\/porciones-de-turron-de-chocolate-con-leche-y-almendras-100-grs\/#primaryimage\"},\"image\":{\"@id\":\"https:\/\/pablogarrigos.com\/chocolates-y-fruites\/porciones-de-turron-de-chocolate-con-leche-y-almendras-100-grs\/#primaryimage\"},\"thumbnailUrl\":\"https:\/\/pablogarrigos.com\/wp-content\/uploads\/2024\/02\/bolsa-chocolate-con-leche-1.jpg\",\"datePublished\":\"2024-02-20T08:14:20+00:00\",\"dateModified\":\"2025-11-13T11:27:56+00:00\",\"description\":\"Disfruta del cl\u00e1sico sabor del turr\u00f3n de chocolate con leche y almendras en pr\u00e1cticas porciones individuales. 70% cacao. Sin gluten.\",\"breadcrumb\":{\"@id\":\"https:\/\/pablogarrigos.com\/chocolates-y-fruites\/porciones-de-turron-de-chocolate-con-leche-y-almendras-100-grs\/#breadcrumb\"},\"inLanguage\":\"en-US\",\"potentialAction\":[{\"@type\":\"ReadAction\",\"target\":[\"https:\/\/pablogarrigos.com\/chocolates-y-fruites\/porciones-de-turron-de-chocolate-con-leche-y-almendras-100-grs\/\"]}]},{\"@type\":\"ImageObject\",\"inLanguage\":\"en-US\",\"@id\":\"https:\/\/pablogarrigos.com\/chocolates-y-fruites\/porciones-de-turron-de-chocolate-con-leche-y-almendras-100-grs\/#primaryimage\",\"url\":\"https:\/\/pablogarrigos.com\/wp-content\/uploads\/2024\/02\/bolsa-chocolate-con-leche-1.jpg\",\"contentUrl\":\"https:\/\/pablogarrigos.com\/wp-content\/uploads\/2024\/02\/bolsa-chocolate-con-leche-1.jpg\",\"width\":2000,\"height\":2000},{\"@type\":\"BreadcrumbList\",\"@id\":\"https:\/\/pablogarrigos.com\/chocolates-y-fruites\/porciones-de-turron-de-chocolate-con-leche-y-almendras-100-grs\/#breadcrumb\",\"itemListElement\":[{\"@type\":\"ListItem\",\"position\":1,\"name\":\"Home\",\"item\":\"https:\/\/pablogarrigos.com\/en\/\"},{\"@type\":\"ListItem\",\"position\":2,\"name\":\"Tienda\",\"item\":\"https:\/\/pablogarrigos.com\/en\/tienda\/\"},{\"@type\":\"ListItem\",\"position\":3,\"name\":\"Porciones de turr\u00f3n de chocolate con leche y almendras 100gr\"}]},{\"@type\":\"WebSite\",\"@id\":\"https:\/\/pablogarrigos.com\/#website\",\"url\":\"https:\/\/pablogarrigos.com\/\",\"name\":\"Pablo Garrig\u00f3s Iba\u00f1ez\",\"description\":\"El Sentido del Gusto\",\"publisher\":{\"@id\":\"https:\/\/pablogarrigos.com\/#organization\"},\"potentialAction\":[{\"@type\":\"SearchAction\",\"target\":{\"@type\":\"EntryPoint\",\"urlTemplate\":\"https:\/\/pablogarrigos.com\/?s={search_term_string}\"},\"query-input\":{\"@type\":\"PropertyValueSpecification\",\"valueRequired\":true,\"valueName\":\"search_term_string\"}}],\"inLanguage\":\"en-US\"},{\"@type\":\"Organization\",\"@id\":\"https:\/\/pablogarrigos.com\/#organization\",\"name\":\"Pablo Garrig\u00f3s Iba\u00f1ez\",\"url\":\"https:\/\/pablogarrigos.com\/\",\"logo\":{\"@type\":\"ImageObject\",\"inLanguage\":\"en-US\",\"@id\":\"https:\/\/pablogarrigos.com\/#\/schema\/logo\/image\/\",\"url\":\"https:\/\/pablogarrigos.com\/wp-content\/uploads\/2024\/02\/logo-pablogarrigos.png\",\"contentUrl\":\"https:\/\/pablogarrigos.com\/wp-content\/uploads\/2024\/02\/logo-pablogarrigos.png\",\"width\":1247,\"height\":480,\"caption\":\"Pablo Garrig\u00f3s Iba\u00f1ez\"},\"image\":{\"@id\":\"https:\/\/pablogarrigos.com\/#\/schema\/logo\/image\/\"}}]}<\/script>\n<!-- \/ Yoast SEO plugin. -->","yoast_head_json":{"title":"Portions of Chocolate Almond Nougat | Pablo Garrig\u00f3s Ib\u00e1\u00f1ez","description":"Enjoy the classic taste of milk chocolate nougat with milk and almonds in convenient individual portions. 70% cocoa. Gluten free.","robots":{"index":"index","follow":"follow","max-snippet":"max-snippet:-1","max-image-preview":"max-image-preview:large","max-video-preview":"max-video-preview:-1"},"canonical":"https:\/\/pablogarrigos.com\/en\/chocolates-y-fruites\/porciones-de-turron-de-chocolate-con-leche-y-almendras-100-grs\/","og_locale":"en_US","og_type":"article","og_title":"Porciones Turr\u00f3n Chocolate Almendras | Pablo Garrig\u00f3s Ib\u00e1\u00f1ez","og_description":"Disfruta del cl\u00e1sico sabor del turr\u00f3n de chocolate con leche y almendras en pr\u00e1cticas porciones individuales. 70% cacao. Sin gluten.","og_url":"https:\/\/pablogarrigos.com\/en\/chocolates-y-fruites\/porciones-de-turron-de-chocolate-con-leche-y-almendras-100-grs\/","og_site_name":"Pablo Garrig\u00f3s Iba\u00f1ez","article_modified_time":"2025-11-13T11:27:56+00:00","og_image":[{"width":2000,"height":2000,"url":"https:\/\/pablogarrigos.com\/wp-content\/uploads\/2024\/02\/bolsa-chocolate-con-leche-1.jpg","type":"image\/jpeg"}],"twitter_card":"summary_large_image","twitter_misc":{"Est. reading time":"1 minute"},"schema":{"@context":"https:\/\/schema.org","@graph":[{"@type":"WebPage","@id":"https:\/\/pablogarrigos.com\/chocolates-y-fruites\/porciones-de-turron-de-chocolate-con-leche-y-almendras-100-grs\/","url":"https:\/\/pablogarrigos.com\/chocolates-y-fruites\/porciones-de-turron-de-chocolate-con-leche-y-almendras-100-grs\/","name":"Portions of Chocolate Almond Nougat | Pablo Garrig\u00f3s Ib\u00e1\u00f1ez","isPartOf":{"@id":"https:\/\/pablogarrigos.com\/#website"},"primaryImageOfPage":{"@id":"https:\/\/pablogarrigos.com\/chocolates-y-fruites\/porciones-de-turron-de-chocolate-con-leche-y-almendras-100-grs\/#primaryimage"},"image":{"@id":"https:\/\/pablogarrigos.com\/chocolates-y-fruites\/porciones-de-turron-de-chocolate-con-leche-y-almendras-100-grs\/#primaryimage"},"thumbnailUrl":"https:\/\/pablogarrigos.com\/wp-content\/uploads\/2024\/02\/bolsa-chocolate-con-leche-1.jpg","datePublished":"2024-02-20T08:14:20+00:00","dateModified":"2025-11-13T11:27:56+00:00","description":"Enjoy the classic taste of milk chocolate nougat with milk and almonds in convenient individual portions. 70% cocoa. Gluten free.","breadcrumb":{"@id":"https:\/\/pablogarrigos.com\/chocolates-y-fruites\/porciones-de-turron-de-chocolate-con-leche-y-almendras-100-grs\/#breadcrumb"},"inLanguage":"en-US","potentialAction":[{"@type":"ReadAction","target":["https:\/\/pablogarrigos.com\/chocolates-y-fruites\/porciones-de-turron-de-chocolate-con-leche-y-almendras-100-grs\/"]}]},{"@type":"ImageObject","inLanguage":"en-US","@id":"https:\/\/pablogarrigos.com\/chocolates-y-fruites\/porciones-de-turron-de-chocolate-con-leche-y-almendras-100-grs\/#primaryimage","url":"https:\/\/pablogarrigos.com\/wp-content\/uploads\/2024\/02\/bolsa-chocolate-con-leche-1.jpg","contentUrl":"https:\/\/pablogarrigos.com\/wp-content\/uploads\/2024\/02\/bolsa-chocolate-con-leche-1.jpg","width":2000,"height":2000},{"@type":"BreadcrumbList","@id":"https:\/\/pablogarrigos.com\/chocolates-y-fruites\/porciones-de-turron-de-chocolate-con-leche-y-almendras-100-grs\/#breadcrumb","itemListElement":[{"@type":"ListItem","position":1,"name":"Home","item":"https:\/\/pablogarrigos.com\/en\/"},{"@type":"ListItem","position":2,"name":"Tienda","item":"https:\/\/pablogarrigos.com\/en\/tienda\/"},{"@type":"ListItem","position":3,"name":"Porciones de turr\u00f3n de chocolate con leche y almendras 100gr"}]},{"@type":"WebSite","@id":"https:\/\/pablogarrigos.com\/#website","url":"https:\/\/pablogarrigos.com\/","name":"Pablo Garrig\u00f3s Iba\u00f1ez","description":"The Sense of Taste","publisher":{"@id":"https:\/\/pablogarrigos.com\/#organization"},"potentialAction":[{"@type":"SearchAction","target":{"@type":"EntryPoint","urlTemplate":"https:\/\/pablogarrigos.com\/?s={search_term_string}"},"query-input":{"@type":"PropertyValueSpecification","valueRequired":true,"valueName":"search_term_string"}}],"inLanguage":"en-US"},{"@type":"Organization","@id":"https:\/\/pablogarrigos.com\/#organization","name":"Pablo Garrig\u00f3s Iba\u00f1ez","url":"https:\/\/pablogarrigos.com\/","logo":{"@type":"ImageObject","inLanguage":"en-US","@id":"https:\/\/pablogarrigos.com\/#\/schema\/logo\/image\/","url":"https:\/\/pablogarrigos.com\/wp-content\/uploads\/2024\/02\/logo-pablogarrigos.png","contentUrl":"https:\/\/pablogarrigos.com\/wp-content\/uploads\/2024\/02\/logo-pablogarrigos.png","width":1247,"height":480,"caption":"Pablo Garrig\u00f3s Iba\u00f1ez"},"image":{"@id":"https:\/\/pablogarrigos.com\/#\/schema\/logo\/image\/"}}]}},"_links":{"self":[{"href":"https:\/\/pablogarrigos.com\/en\/wp-json\/wp\/v2\/product\/550","targetHints":{"allow":["GET"]}}],"collection":[{"href":"https:\/\/pablogarrigos.com\/en\/wp-json\/wp\/v2\/product"}],"about":[{"href":"https:\/\/pablogarrigos.com\/en\/wp-json\/wp\/v2\/types\/product"}],"wp:featuredmedia":[{"embeddable":true,"href":"https:\/\/pablogarrigos.com\/en\/wp-json\/wp\/v2\/media\/551"}],"wp:attachment":[{"href":"https:\/\/pablogarrigos.com\/en\/wp-json\/wp\/v2\/media?parent=550"}],"wp:term":[{"taxonomy":"product_brand","embeddable":true,"href":"https:\/\/pablogarrigos.com\/en\/wp-json\/wp\/v2\/product_brand?post=550"},{"taxonomy":"product_cat","embeddable":true,"href":"https:\/\/pablogarrigos.com\/en\/wp-json\/wp\/v2\/product_cat?post=550"},{"taxonomy":"product_tag","embeddable":true,"href":"https:\/\/pablogarrigos.com\/en\/wp-json\/wp\/v2\/product_tag?post=550"}],"curies":[{"name":"wp","href":"https:\/\/api.w.org\/{rel}","templated":true}]}}