{"id":537,"date":"2024-02-20T15:10:20","date_gmt":"2024-02-20T14:10:20","guid":{"rendered":"https:\/\/pablogarrigos.com\/index.php\/product\/estuche-10-porciones-variadas-premium-170-g\/"},"modified":"2025-09-03T14:53:26","modified_gmt":"2025-09-03T12:53:26","slug":"estuche-10-porciones-variadas-premium-170-g","status":"publish","type":"product","link":"https:\/\/pablogarrigos.com\/en\/chocolates-y-fruites\/estuche-10-porciones-variadas-premium-170-g\/","title":{"rendered":"10 Assorted Portions Gift Premium 170g"},"content":{"rendered":"<p>NOUGAT FROM ALICANTE: <strong>Almond<\/strong> selected Tostada (Spain) 68 %, Rosemary Honey 16 %, Sugar, Glucose Syrup, Sugar Whites (Spain) 68 %, Rosemary Honey 16 %, Sugar, Glucose Syrup, Sugar Whites <strong>egg<\/strong>Surface wafer (potato starch and sunflower oil). <strong>May contain traces of sesame and hazelnut. <\/strong>NOUGAT OF NOUGAT WITH SESAME SEEDS: <strong>Almond<\/strong> selected roasted with skin (Spain) 64 %, Rosemary Honey (Spain) 15%, Sugar, <strong>Sesame<\/strong>, Glucose Syrup, Surface wafer (potato starch and sunflower oil). \u00a0<strong>May contain traces of egg white and hazelnut. <\/strong>MILK CHOCOLATE NOUGAT WITH MILK AND ALMONDS: <strong>Almond<\/strong> Selected Marcona and Roasted 40 %, Sugar, Cocoa butter, <strong>Milk<\/strong> whole cocoa powder 11 %, Cocoa paste <strong>Whey<\/strong> powdered Emulsifier (Lecithin of <strong>Soybeans<\/strong>), Natural vanilla flavor, Cocoa min. 30%. <strong>May contain traces of other nuts. <\/strong>CHOCOLATE FONDANT NOUGAT WITH ALMONDS: <strong>Almond<\/strong> Selected Roasted Marcona (Origin: Spain) 40 % , Cocoa Paste, Cocoa Butter Sugar, Emulsifier (Cocoa Lecithin), Cocoa Powder, Cocoa Powder, Cocoa Powder, Cocoa Powder, Cocoa Butter, Emulsifier (Cocoa Powder), Cocoa Powder (Cocoa Powder) <strong>soybeans<\/strong>), Natural vanilla flavor, Cocoa min. 52 %. <strong>May contain traces of milk and other nuts. <\/strong>CHOCOLATE TURR\u00d3N WITH MILK AND MACADAMIA NUTS: Chocolate Coating 70 %, <strong>Macadamia Nuts<\/strong> (Origin: Australia) 30 %, Sugar, Cocoa butter, <strong>Milk<\/strong> whole cocoa powder 13%, Cocoa paste, <strong>Whey<\/strong> Powder, Emulsifier (Lecithin of <strong>Soybeans<\/strong>), Natural vanilla flavor, Cocoa min. 30 %. <strong>May contain traces of other nuts.<\/strong><\/p>","protected":false},"excerpt":{"rendered":"<p>Case of 10 assorted portions of Pablo Garrig\u00f3s Ib\u00e1\u00f1ez Premium nougats<\/p>","protected":false},"featured_media":538,"template":"","meta":{"_acf_changed":false,"inline_featured_image":false},"product_brand":[],"product_cat":[20,19,18],"product_tag":[],"class_list":{"0":"post-537","1":"product","2":"type-product","3":"status-publish","4":"has-post-thumbnail","6":"product_cat-chocolates-y-fruites","7":"product_cat-premium","8":"product_cat-turrones","10":"first","11":"instock","12":"taxable","13":"shipping-taxable","14":"purchasable","15":"product-type-simple"},"acf":[],"yoast_head":"<!-- This site is optimized with the Yoast SEO plugin v26.5 - https:\/\/yoast.com\/wordpress\/plugins\/seo\/ -->\n<title>Estuche 10 Porciones Variadas Premium | Turrones Pablo Garrig\u00f3s Ib\u00e1\u00f1ez<\/title>\n<meta name=\"description\" content=\"Disfruta de un viaje sensorial con nuestro Estuche 10 Porciones Variadas Premium. Una selecci\u00f3n de 5 de nuestros mejores turrones: Alicante, guirlache con ajonjol\u00ed, chocolate con leche y almendras, chocolate fondant con almendras y chocolate con leche y nueces de macadamia. \u00a1Un regalo perfecto para los amantes del buen turr\u00f3n!\" \/>\n<meta name=\"robots\" content=\"index, follow, max-snippet:-1, max-image-preview:large, max-video-preview:-1\" \/>\n<link rel=\"canonical\" href=\"https:\/\/pablogarrigos.com\/en\/chocolates-y-fruites\/estuche-10-porciones-variadas-premium-170-g\/\" \/>\n<meta property=\"og:locale\" content=\"en_US\" \/>\n<meta property=\"og:type\" content=\"article\" \/>\n<meta property=\"og:title\" content=\"Estuche 10 Porciones Variadas Premium | Turrones Pablo Garrig\u00f3s Ib\u00e1\u00f1ez\" \/>\n<meta property=\"og:description\" content=\"Disfruta de un viaje sensorial con nuestro Estuche 10 Porciones Variadas Premium. Una selecci\u00f3n de 5 de nuestros mejores turrones: Alicante, guirlache con ajonjol\u00ed, chocolate con leche y almendras, chocolate fondant con almendras y chocolate con leche y nueces de macadamia. \u00a1Un regalo perfecto para los amantes del buen turr\u00f3n!\" \/>\n<meta property=\"og:url\" content=\"https:\/\/pablogarrigos.com\/en\/chocolates-y-fruites\/estuche-10-porciones-variadas-premium-170-g\/\" \/>\n<meta property=\"og:site_name\" content=\"Pablo Garrig\u00f3s Iba\u00f1ez\" \/>\n<meta property=\"article:modified_time\" content=\"2025-09-03T12:53:26+00:00\" \/>\n<meta property=\"og:image\" content=\"https:\/\/pablogarrigos.com\/wp-content\/uploads\/2024\/02\/10-porciones-variadas-Premium-800x800-1.jpg\" \/>\n\t<meta property=\"og:image:width\" content=\"800\" \/>\n\t<meta property=\"og:image:height\" content=\"800\" \/>\n\t<meta property=\"og:image:type\" content=\"image\/jpeg\" \/>\n<meta name=\"twitter:card\" content=\"summary_large_image\" \/>\n<meta name=\"twitter:label1\" content=\"Est. reading time\" \/>\n\t<meta name=\"twitter:data1\" content=\"2 minutes\" \/>\n<script type=\"application\/ld+json\" class=\"yoast-schema-graph\">{\"@context\":\"https:\/\/schema.org\",\"@graph\":[{\"@type\":\"WebPage\",\"@id\":\"https:\/\/pablogarrigos.com\/chocolates-y-fruites\/estuche-10-porciones-variadas-premium-170-g\/\",\"url\":\"https:\/\/pablogarrigos.com\/chocolates-y-fruites\/estuche-10-porciones-variadas-premium-170-g\/\",\"name\":\"Estuche 10 Porciones Variadas Premium | Turrones Pablo Garrig\u00f3s Ib\u00e1\u00f1ez\",\"isPartOf\":{\"@id\":\"https:\/\/pablogarrigos.com\/#website\"},\"primaryImageOfPage\":{\"@id\":\"https:\/\/pablogarrigos.com\/chocolates-y-fruites\/estuche-10-porciones-variadas-premium-170-g\/#primaryimage\"},\"image\":{\"@id\":\"https:\/\/pablogarrigos.com\/chocolates-y-fruites\/estuche-10-porciones-variadas-premium-170-g\/#primaryimage\"},\"thumbnailUrl\":\"https:\/\/pablogarrigos.com\/wp-content\/uploads\/2024\/02\/10-porciones-variadas-Premium-800x800-1.jpg\",\"datePublished\":\"2024-02-20T14:10:20+00:00\",\"dateModified\":\"2025-09-03T12:53:26+00:00\",\"description\":\"Disfruta de un viaje sensorial con nuestro Estuche 10 Porciones Variadas Premium. Una selecci\u00f3n de 5 de nuestros mejores turrones: Alicante, guirlache con ajonjol\u00ed, chocolate con leche y almendras, chocolate fondant con almendras y chocolate con leche y nueces de macadamia. \u00a1Un regalo perfecto para los amantes del buen turr\u00f3n!\",\"breadcrumb\":{\"@id\":\"https:\/\/pablogarrigos.com\/chocolates-y-fruites\/estuche-10-porciones-variadas-premium-170-g\/#breadcrumb\"},\"inLanguage\":\"en-US\",\"potentialAction\":[{\"@type\":\"ReadAction\",\"target\":[\"https:\/\/pablogarrigos.com\/chocolates-y-fruites\/estuche-10-porciones-variadas-premium-170-g\/\"]}]},{\"@type\":\"ImageObject\",\"inLanguage\":\"en-US\",\"@id\":\"https:\/\/pablogarrigos.com\/chocolates-y-fruites\/estuche-10-porciones-variadas-premium-170-g\/#primaryimage\",\"url\":\"https:\/\/pablogarrigos.com\/wp-content\/uploads\/2024\/02\/10-porciones-variadas-Premium-800x800-1.jpg\",\"contentUrl\":\"https:\/\/pablogarrigos.com\/wp-content\/uploads\/2024\/02\/10-porciones-variadas-Premium-800x800-1.jpg\",\"width\":800,\"height\":800,\"caption\":\"10 porciones variadas Premium\"},{\"@type\":\"BreadcrumbList\",\"@id\":\"https:\/\/pablogarrigos.com\/chocolates-y-fruites\/estuche-10-porciones-variadas-premium-170-g\/#breadcrumb\",\"itemListElement\":[{\"@type\":\"ListItem\",\"position\":1,\"name\":\"Home\",\"item\":\"https:\/\/pablogarrigos.com\/en\/\"},{\"@type\":\"ListItem\",\"position\":2,\"name\":\"Tienda\",\"item\":\"https:\/\/pablogarrigos.com\/en\/tienda\/\"},{\"@type\":\"ListItem\",\"position\":3,\"name\":\"Estuche 10 Porciones variadas Premium 170g\"}]},{\"@type\":\"WebSite\",\"@id\":\"https:\/\/pablogarrigos.com\/#website\",\"url\":\"https:\/\/pablogarrigos.com\/\",\"name\":\"Pablo Garrig\u00f3s Iba\u00f1ez\",\"description\":\"El Sentido del Gusto\",\"publisher\":{\"@id\":\"https:\/\/pablogarrigos.com\/#organization\"},\"potentialAction\":[{\"@type\":\"SearchAction\",\"target\":{\"@type\":\"EntryPoint\",\"urlTemplate\":\"https:\/\/pablogarrigos.com\/?s={search_term_string}\"},\"query-input\":{\"@type\":\"PropertyValueSpecification\",\"valueRequired\":true,\"valueName\":\"search_term_string\"}}],\"inLanguage\":\"en-US\"},{\"@type\":\"Organization\",\"@id\":\"https:\/\/pablogarrigos.com\/#organization\",\"name\":\"Pablo Garrig\u00f3s Iba\u00f1ez\",\"url\":\"https:\/\/pablogarrigos.com\/\",\"logo\":{\"@type\":\"ImageObject\",\"inLanguage\":\"en-US\",\"@id\":\"https:\/\/pablogarrigos.com\/#\/schema\/logo\/image\/\",\"url\":\"https:\/\/pablogarrigos.com\/wp-content\/uploads\/2024\/02\/logo-pablogarrigos.png\",\"contentUrl\":\"https:\/\/pablogarrigos.com\/wp-content\/uploads\/2024\/02\/logo-pablogarrigos.png\",\"width\":1247,\"height\":480,\"caption\":\"Pablo Garrig\u00f3s Iba\u00f1ez\"},\"image\":{\"@id\":\"https:\/\/pablogarrigos.com\/#\/schema\/logo\/image\/\"}}]}<\/script>\n<!-- \/ Yoast SEO plugin. -->","yoast_head_json":{"title":"Case of 10 Varied Premium Portions | Turrones Pablo Garrig\u00f3s Ib\u00e1\u00f1ez","description":"Enjoy a sensory journey with our 10 Premium Assorted Servings Case. A selection of 5 of our best nougats: Alicante, guirlache with sesame seeds, milk chocolate with almonds, fondant chocolate with almonds and milk chocolate with macadamia nuts. A perfect gift for lovers of good nougat!","robots":{"index":"index","follow":"follow","max-snippet":"max-snippet:-1","max-image-preview":"max-image-preview:large","max-video-preview":"max-video-preview:-1"},"canonical":"https:\/\/pablogarrigos.com\/en\/chocolates-y-fruites\/estuche-10-porciones-variadas-premium-170-g\/","og_locale":"en_US","og_type":"article","og_title":"Estuche 10 Porciones Variadas Premium | Turrones Pablo Garrig\u00f3s Ib\u00e1\u00f1ez","og_description":"Disfruta de un viaje sensorial con nuestro Estuche 10 Porciones Variadas Premium. Una selecci\u00f3n de 5 de nuestros mejores turrones: Alicante, guirlache con ajonjol\u00ed, chocolate con leche y almendras, chocolate fondant con almendras y chocolate con leche y nueces de macadamia. \u00a1Un regalo perfecto para los amantes del buen turr\u00f3n!","og_url":"https:\/\/pablogarrigos.com\/en\/chocolates-y-fruites\/estuche-10-porciones-variadas-premium-170-g\/","og_site_name":"Pablo Garrig\u00f3s Iba\u00f1ez","article_modified_time":"2025-09-03T12:53:26+00:00","og_image":[{"width":800,"height":800,"url":"https:\/\/pablogarrigos.com\/wp-content\/uploads\/2024\/02\/10-porciones-variadas-Premium-800x800-1.jpg","type":"image\/jpeg"}],"twitter_card":"summary_large_image","twitter_misc":{"Est. reading time":"2 minutes"},"schema":{"@context":"https:\/\/schema.org","@graph":[{"@type":"WebPage","@id":"https:\/\/pablogarrigos.com\/chocolates-y-fruites\/estuche-10-porciones-variadas-premium-170-g\/","url":"https:\/\/pablogarrigos.com\/chocolates-y-fruites\/estuche-10-porciones-variadas-premium-170-g\/","name":"Case of 10 Varied Premium Portions | Turrones Pablo Garrig\u00f3s Ib\u00e1\u00f1ez","isPartOf":{"@id":"https:\/\/pablogarrigos.com\/#website"},"primaryImageOfPage":{"@id":"https:\/\/pablogarrigos.com\/chocolates-y-fruites\/estuche-10-porciones-variadas-premium-170-g\/#primaryimage"},"image":{"@id":"https:\/\/pablogarrigos.com\/chocolates-y-fruites\/estuche-10-porciones-variadas-premium-170-g\/#primaryimage"},"thumbnailUrl":"https:\/\/pablogarrigos.com\/wp-content\/uploads\/2024\/02\/10-porciones-variadas-Premium-800x800-1.jpg","datePublished":"2024-02-20T14:10:20+00:00","dateModified":"2025-09-03T12:53:26+00:00","description":"Enjoy a sensory journey with our 10 Premium Assorted Servings Case. A selection of 5 of our best nougats: Alicante, guirlache with sesame seeds, milk chocolate with almonds, fondant chocolate with almonds and milk chocolate with macadamia nuts. A perfect gift for lovers of good nougat!","breadcrumb":{"@id":"https:\/\/pablogarrigos.com\/chocolates-y-fruites\/estuche-10-porciones-variadas-premium-170-g\/#breadcrumb"},"inLanguage":"en-US","potentialAction":[{"@type":"ReadAction","target":["https:\/\/pablogarrigos.com\/chocolates-y-fruites\/estuche-10-porciones-variadas-premium-170-g\/"]}]},{"@type":"ImageObject","inLanguage":"en-US","@id":"https:\/\/pablogarrigos.com\/chocolates-y-fruites\/estuche-10-porciones-variadas-premium-170-g\/#primaryimage","url":"https:\/\/pablogarrigos.com\/wp-content\/uploads\/2024\/02\/10-porciones-variadas-Premium-800x800-1.jpg","contentUrl":"https:\/\/pablogarrigos.com\/wp-content\/uploads\/2024\/02\/10-porciones-variadas-Premium-800x800-1.jpg","width":800,"height":800,"caption":"10 porciones variadas Premium"},{"@type":"BreadcrumbList","@id":"https:\/\/pablogarrigos.com\/chocolates-y-fruites\/estuche-10-porciones-variadas-premium-170-g\/#breadcrumb","itemListElement":[{"@type":"ListItem","position":1,"name":"Home","item":"https:\/\/pablogarrigos.com\/en\/"},{"@type":"ListItem","position":2,"name":"Tienda","item":"https:\/\/pablogarrigos.com\/en\/tienda\/"},{"@type":"ListItem","position":3,"name":"Estuche 10 Porciones variadas Premium 170g"}]},{"@type":"WebSite","@id":"https:\/\/pablogarrigos.com\/#website","url":"https:\/\/pablogarrigos.com\/","name":"Pablo Garrig\u00f3s Iba\u00f1ez","description":"The Sense of Taste","publisher":{"@id":"https:\/\/pablogarrigos.com\/#organization"},"potentialAction":[{"@type":"SearchAction","target":{"@type":"EntryPoint","urlTemplate":"https:\/\/pablogarrigos.com\/?s={search_term_string}"},"query-input":{"@type":"PropertyValueSpecification","valueRequired":true,"valueName":"search_term_string"}}],"inLanguage":"en-US"},{"@type":"Organization","@id":"https:\/\/pablogarrigos.com\/#organization","name":"Pablo Garrig\u00f3s Iba\u00f1ez","url":"https:\/\/pablogarrigos.com\/","logo":{"@type":"ImageObject","inLanguage":"en-US","@id":"https:\/\/pablogarrigos.com\/#\/schema\/logo\/image\/","url":"https:\/\/pablogarrigos.com\/wp-content\/uploads\/2024\/02\/logo-pablogarrigos.png","contentUrl":"https:\/\/pablogarrigos.com\/wp-content\/uploads\/2024\/02\/logo-pablogarrigos.png","width":1247,"height":480,"caption":"Pablo Garrig\u00f3s Iba\u00f1ez"},"image":{"@id":"https:\/\/pablogarrigos.com\/#\/schema\/logo\/image\/"}}]}},"_links":{"self":[{"href":"https:\/\/pablogarrigos.com\/en\/wp-json\/wp\/v2\/product\/537","targetHints":{"allow":["GET"]}}],"collection":[{"href":"https:\/\/pablogarrigos.com\/en\/wp-json\/wp\/v2\/product"}],"about":[{"href":"https:\/\/pablogarrigos.com\/en\/wp-json\/wp\/v2\/types\/product"}],"wp:featuredmedia":[{"embeddable":true,"href":"https:\/\/pablogarrigos.com\/en\/wp-json\/wp\/v2\/media\/538"}],"wp:attachment":[{"href":"https:\/\/pablogarrigos.com\/en\/wp-json\/wp\/v2\/media?parent=537"}],"wp:term":[{"taxonomy":"product_brand","embeddable":true,"href":"https:\/\/pablogarrigos.com\/en\/wp-json\/wp\/v2\/product_brand?post=537"},{"taxonomy":"product_cat","embeddable":true,"href":"https:\/\/pablogarrigos.com\/en\/wp-json\/wp\/v2\/product_cat?post=537"},{"taxonomy":"product_tag","embeddable":true,"href":"https:\/\/pablogarrigos.com\/en\/wp-json\/wp\/v2\/product_tag?post=537"}],"curies":[{"name":"wp","href":"https:\/\/api.w.org\/{rel}","templated":true}]}}