{"id":524,"date":"2024-02-20T16:04:20","date_gmt":"2024-02-20T15:04:20","guid":{"rendered":"https:\/\/pablogarrigos.com\/index.php\/product\/baul-surtido-especial-delicatessen\/"},"modified":"2025-11-19T16:35:39","modified_gmt":"2025-11-19T15:35:39","slug":"baul-surtido-especial-delicatessen","status":"publish","type":"product","link":"https:\/\/pablogarrigos.com\/en\/estuches-de-regalo\/baul-surtido-especial-delicatessen\/","title":{"rendered":"Delicatessen Special Selection Trunck"},"content":{"rendered":"<p>JIJONA NOUGAT: <strong>Almond<\/strong> selected and toasted 74%, orange blossom honey 17%, sugar and egg white 74%, orange blossom honey 17%, sugar and egg white <strong>Egg. May contain traces of sesame and hazelnut.<\/strong><\/p>\n<p>NOUGAT FROM ALICANTE: <strong>Almond<\/strong> 68%, rosemary honey 16%, sugar, glucose syrup, wafer surface (potato starch and sunflower oil), and egg white. <strong>Egg. May contain traces of sesame and hazelnuts.<\/strong><\/p>\n<p>TOASTED YOLK NOUGAT: <strong>Almond<\/strong> selected, yolk of <strong>egg<\/strong> candied 36% (candied egg yolk) <strong>egg<\/strong> 50%, sugar, glucose syrup and preservative (E-200)), <strong>milk cream<\/strong> and vanilla aroma. <strong>May contain traces of nuts.<\/strong><\/p>\n<p>MILK CHOCOLATE NOUGAT WITH MILK AND ALMONDS: <strong>Almond<\/strong> marcona selected and roasted 40%, sugar, cocoa butter, <strong>milk<\/strong> whole cocoa powder 11%, cocoa mass, <strong>whey<\/strong> powder, emulsifier (vegetable oil lecithin) <strong>soybeans<\/strong>) and natural vanilla flavor. Cocoa min. 18%. <strong>May contain traces of other nuts.<\/strong><\/p>\n<p>NOUGAT OF NOUGAT WITH SESAME SEEDS: <strong>Almond<\/strong> marcona with selected and roasted skin 64%, rosemary honey 15%, sugar, glucose syrup, <strong>sesame<\/strong> and wafer (potato starch and sunflower oil). <strong>May contain traces of egg white and hazelnut.<\/strong><\/p>\n<p>STONE-BAKED NOUGAT: <strong>Almond<\/strong> 60% selected and toasted marcona, sugar and lemon and cinnamon zest. <strong>May contain wheat flour, nuts and sesame.<\/strong><\/p>\n<p>TORTA DE TURR\u00d3N DE CHOCOLATE FONDANT: Cocoa paste, <strong>almond<\/strong> 30%, sugar, cocoa butter, emulsifier (cocoa lecithin), cocoa butter, cocoa butter, cocoa butter, cocoa butter, sugar, cocoa butter. <strong>soybeans<\/strong>) and natural vanilla flavor. <strong>May contain traces of milk and other nuts.<\/strong><\/p>\n<p>ALMOND POLVORONES: <strong>Almond<\/strong> marcona, selected and toasted 38%, flour of <strong>wheat<\/strong>sugar, lard, cinnamon and lemon peel. <strong>Contains cereals with gluten.<\/strong><\/p>\n<p>MILK CHOCOLATE AND SPECULOO WHAMBERRY GALLET: 81% milk chocolate coating (sugar, cocoa butter, cocoa butter), <strong>milk<\/strong> whole cocoa powder, cocoa mass, <strong>whey<\/strong> powder, emulsifier (vegetable oil lecithin) <strong>soybeans<\/strong>) and natural vanilla flavor). Speculoo 15% cookie (flour of <strong>wheat<\/strong>sugar, vegetable oil and fats (palm, rapeseed), brown sugar syrup, vegetable flour (palm, rapeseed), sugar, vegetable oil and fats (palm, rapeseed), brown sugar syrup, wheat flour <strong>soybeans<\/strong>4% (maltodextrin and raspberry) and freeze-dried raspberry.) <strong>May contain gluten, sesame and other nuts.<\/strong><\/p>\n<p>CARAMEL CHOCOLATE WITH ORANGE, MARCONA ALMOND AND PISTACHO: Caramel white chocolate 70% (cocoa butter, sugar, <strong>milk<\/strong> powder, <strong>milk<\/strong> skimmed powder, <strong>whey<\/strong>butter, butter <strong>milk<\/strong>emulsifier (vegetable oil lecithin), emulsifier (vegetable oil lecithin), emulsifier (vegetable oil lecithin) and <strong>soybeans<\/strong>), natural vanilla extract), candied orange 15% (orange, glucose syrup, sugar and preservatives (E202 and E223)), <strong>almond<\/strong> marcona 10% and <strong>pistachio<\/strong> 5%. <strong>Contains sulfites. May contain gluten, traces of egg and other nuts.<\/strong><\/p>\n<p>FRUIT CHOCOLATE AND STRAWBERRY CHOCOLATE FONDANT: Sugar, cocoa butter, <strong>milk<\/strong> semi-skimmed powder 12%, cocoa mass, freeze-dried raspberry 5%, cocoa powder, emulsifier (cocoa lecithin), cocoa powder, cocoa butter, cocoa mass <strong>soybeans<\/strong>), vanilla flavor and coating (water, maltodextrin, vegetable palm oil, thickener (xanthan gum), acidity regulator (citric acid) and preservative (potassium sorbate)). Minimum cocoa dark chocolate coating 62%. Minimum cocoa white chocolate coverage 29.5%. <strong>May contain traces of eggs, peanuts and other nuts.<\/strong><\/p>\n<p>FRUIT\u00c9S 8 VARIETADES: Sugar, fruit pulp 35% (apple, apricot), glucose syrup, water, gelling agent (pectin), water, acidity regulator (citric acid), flavorings (strawberry, tangerine, pineapple, grape, apricot, raspberry, plum and apple), colorings (riboflavin, carminic acid, chlorophyll, lutein, beet red and hibiscus). <strong>May contain traces of milk, egg, soy and sulfites.<\/strong><\/p>\n<p>ORANGETTES CHOCOLATE FONDANT: Sugar, cocoa mass, orange peel, cocoa butter, glucose and fructose syrup, emulsifier (cocoa lecithin), cocoa butter, cocoa butter, cocoa butter, cocoa butter, cocoa mass, cocoa mass. <strong>soybeans<\/strong>), natural vanilla flavor, acidity regulator (citric acid) and preservatives (potassium sorbate and sodium bisulfite). Minimum cocoa: 52%. <strong>Contains sulfites. May contain traces of: milk and hazelnut.<\/strong><\/p>","protected":false},"excerpt":{"rendered":"<p>Trunk with a large and delicious special assortment of the Delicatessen range<\/p>","protected":false},"featured_media":5421,"template":"","meta":{"_acf_changed":false,"inline_featured_image":false},"product_brand":[],"product_cat":[20,22,16,19,18],"product_tag":[],"class_list":{"0":"post-524","1":"product","2":"type-product","3":"status-publish","4":"has-post-thumbnail","6":"product_cat-chocolates-y-fruites","7":"product_cat-estuches-de-regalo","8":"product_cat-pasteleria","9":"product_cat-premium","10":"product_cat-turrones","12":"first","13":"instock","14":"taxable","15":"shipping-taxable","16":"purchasable","17":"product-type-simple"},"acf":[],"yoast_head":"<!-- This site is optimized with the Yoast SEO plugin v26.5 - https:\/\/yoast.com\/wordpress\/plugins\/seo\/ -->\n<title>Ba\u00fal Surtido Especial Delicatessen | Pablo Garrig\u00f3s Ib\u00e1\u00f1ez<\/title>\n<meta name=\"description\" content=\"Descubre un universo de sabores con nuestro Ba\u00fal Surtido Especial Delicatessen. 12 dulces navide\u00f1os gourmet para disfrutar en familia.\" \/>\n<meta name=\"robots\" content=\"index, follow, max-snippet:-1, max-image-preview:large, max-video-preview:-1\" \/>\n<link rel=\"canonical\" href=\"https:\/\/pablogarrigos.com\/en\/estuches-de-regalo\/baul-surtido-especial-delicatessen\/\" \/>\n<meta property=\"og:locale\" content=\"en_US\" \/>\n<meta property=\"og:type\" content=\"article\" \/>\n<meta property=\"og:title\" content=\"Ba\u00fal Surtido Especial Delicatessen | Pablo Garrig\u00f3s Ib\u00e1\u00f1ez\" \/>\n<meta property=\"og:description\" content=\"Descubre un universo de sabores con nuestro Ba\u00fal Surtido Especial Delicatessen. 12 dulces navide\u00f1os gourmet para disfrutar en familia.\" \/>\n<meta property=\"og:url\" content=\"https:\/\/pablogarrigos.com\/en\/estuches-de-regalo\/baul-surtido-especial-delicatessen\/\" \/>\n<meta property=\"og:site_name\" content=\"Pablo Garrig\u00f3s Iba\u00f1ez\" \/>\n<meta property=\"article:modified_time\" content=\"2025-11-19T15:35:39+00:00\" \/>\n<meta property=\"og:image\" content=\"https:\/\/pablogarrigos.com\/wp-content\/uploads\/2024\/02\/delo04-baul-surtido-especial-delicatessen-contenido.jpg\" \/>\n\t<meta property=\"og:image:width\" content=\"2048\" \/>\n\t<meta property=\"og:image:height\" content=\"1227\" \/>\n\t<meta property=\"og:image:type\" content=\"image\/jpeg\" \/>\n<meta name=\"twitter:card\" content=\"summary_large_image\" \/>\n<meta name=\"twitter:label1\" content=\"Est. reading time\" \/>\n\t<meta name=\"twitter:data1\" content=\"3 minutes\" \/>\n<script type=\"application\/ld+json\" class=\"yoast-schema-graph\">{\"@context\":\"https:\/\/schema.org\",\"@graph\":[{\"@type\":\"WebPage\",\"@id\":\"https:\/\/pablogarrigos.com\/estuches-de-regalo\/baul-surtido-especial-delicatessen\/\",\"url\":\"https:\/\/pablogarrigos.com\/estuches-de-regalo\/baul-surtido-especial-delicatessen\/\",\"name\":\"Ba\u00fal Surtido Especial Delicatessen | Pablo Garrig\u00f3s Ib\u00e1\u00f1ez\",\"isPartOf\":{\"@id\":\"https:\/\/pablogarrigos.com\/#website\"},\"primaryImageOfPage\":{\"@id\":\"https:\/\/pablogarrigos.com\/estuches-de-regalo\/baul-surtido-especial-delicatessen\/#primaryimage\"},\"image\":{\"@id\":\"https:\/\/pablogarrigos.com\/estuches-de-regalo\/baul-surtido-especial-delicatessen\/#primaryimage\"},\"thumbnailUrl\":\"https:\/\/pablogarrigos.com\/wp-content\/uploads\/2024\/02\/delo04-baul-surtido-especial-delicatessen-contenido.jpg\",\"datePublished\":\"2024-02-20T15:04:20+00:00\",\"dateModified\":\"2025-11-19T15:35:39+00:00\",\"description\":\"Descubre un universo de sabores con nuestro Ba\u00fal Surtido Especial Delicatessen. 12 dulces navide\u00f1os gourmet para disfrutar en familia.\",\"breadcrumb\":{\"@id\":\"https:\/\/pablogarrigos.com\/estuches-de-regalo\/baul-surtido-especial-delicatessen\/#breadcrumb\"},\"inLanguage\":\"en-US\",\"potentialAction\":[{\"@type\":\"ReadAction\",\"target\":[\"https:\/\/pablogarrigos.com\/estuches-de-regalo\/baul-surtido-especial-delicatessen\/\"]}]},{\"@type\":\"ImageObject\",\"inLanguage\":\"en-US\",\"@id\":\"https:\/\/pablogarrigos.com\/estuches-de-regalo\/baul-surtido-especial-delicatessen\/#primaryimage\",\"url\":\"https:\/\/pablogarrigos.com\/wp-content\/uploads\/2024\/02\/delo04-baul-surtido-especial-delicatessen-contenido.jpg\",\"contentUrl\":\"https:\/\/pablogarrigos.com\/wp-content\/uploads\/2024\/02\/delo04-baul-surtido-especial-delicatessen-contenido.jpg\",\"width\":2048,\"height\":1227},{\"@type\":\"BreadcrumbList\",\"@id\":\"https:\/\/pablogarrigos.com\/estuches-de-regalo\/baul-surtido-especial-delicatessen\/#breadcrumb\",\"itemListElement\":[{\"@type\":\"ListItem\",\"position\":1,\"name\":\"Home\",\"item\":\"https:\/\/pablogarrigos.com\/en\/\"},{\"@type\":\"ListItem\",\"position\":2,\"name\":\"Tienda\",\"item\":\"https:\/\/pablogarrigos.com\/en\/tienda\/\"},{\"@type\":\"ListItem\",\"position\":3,\"name\":\"Ba\u00fal Surtido Especial Delicatessen\"}]},{\"@type\":\"WebSite\",\"@id\":\"https:\/\/pablogarrigos.com\/#website\",\"url\":\"https:\/\/pablogarrigos.com\/\",\"name\":\"Pablo Garrig\u00f3s Iba\u00f1ez\",\"description\":\"El Sentido del Gusto\",\"publisher\":{\"@id\":\"https:\/\/pablogarrigos.com\/#organization\"},\"potentialAction\":[{\"@type\":\"SearchAction\",\"target\":{\"@type\":\"EntryPoint\",\"urlTemplate\":\"https:\/\/pablogarrigos.com\/?s={search_term_string}\"},\"query-input\":{\"@type\":\"PropertyValueSpecification\",\"valueRequired\":true,\"valueName\":\"search_term_string\"}}],\"inLanguage\":\"en-US\"},{\"@type\":\"Organization\",\"@id\":\"https:\/\/pablogarrigos.com\/#organization\",\"name\":\"Pablo Garrig\u00f3s Iba\u00f1ez\",\"url\":\"https:\/\/pablogarrigos.com\/\",\"logo\":{\"@type\":\"ImageObject\",\"inLanguage\":\"en-US\",\"@id\":\"https:\/\/pablogarrigos.com\/#\/schema\/logo\/image\/\",\"url\":\"https:\/\/pablogarrigos.com\/wp-content\/uploads\/2024\/02\/logo-pablogarrigos.png\",\"contentUrl\":\"https:\/\/pablogarrigos.com\/wp-content\/uploads\/2024\/02\/logo-pablogarrigos.png\",\"width\":1247,\"height\":480,\"caption\":\"Pablo Garrig\u00f3s Iba\u00f1ez\"},\"image\":{\"@id\":\"https:\/\/pablogarrigos.com\/#\/schema\/logo\/image\/\"}}]}<\/script>\n<!-- \/ Yoast SEO plugin. -->","yoast_head_json":{"title":"Special Delicatessen Assortment Chest | Pablo Garrig\u00f3s Ib\u00e1\u00f1ez","description":"Discover a universe of flavors with our Special Delicatessen Assortment Trunk. 12 gourmet Christmas sweets to enjoy with the family.","robots":{"index":"index","follow":"follow","max-snippet":"max-snippet:-1","max-image-preview":"max-image-preview:large","max-video-preview":"max-video-preview:-1"},"canonical":"https:\/\/pablogarrigos.com\/en\/estuches-de-regalo\/baul-surtido-especial-delicatessen\/","og_locale":"en_US","og_type":"article","og_title":"Ba\u00fal Surtido Especial Delicatessen | Pablo Garrig\u00f3s Ib\u00e1\u00f1ez","og_description":"Descubre un universo de sabores con nuestro Ba\u00fal Surtido Especial Delicatessen. 12 dulces navide\u00f1os gourmet para disfrutar en familia.","og_url":"https:\/\/pablogarrigos.com\/en\/estuches-de-regalo\/baul-surtido-especial-delicatessen\/","og_site_name":"Pablo Garrig\u00f3s Iba\u00f1ez","article_modified_time":"2025-11-19T15:35:39+00:00","og_image":[{"width":2048,"height":1227,"url":"https:\/\/pablogarrigos.com\/wp-content\/uploads\/2024\/02\/delo04-baul-surtido-especial-delicatessen-contenido.jpg","type":"image\/jpeg"}],"twitter_card":"summary_large_image","twitter_misc":{"Est. reading time":"3 minutes"},"schema":{"@context":"https:\/\/schema.org","@graph":[{"@type":"WebPage","@id":"https:\/\/pablogarrigos.com\/estuches-de-regalo\/baul-surtido-especial-delicatessen\/","url":"https:\/\/pablogarrigos.com\/estuches-de-regalo\/baul-surtido-especial-delicatessen\/","name":"Special Delicatessen Assortment Chest | Pablo Garrig\u00f3s Ib\u00e1\u00f1ez","isPartOf":{"@id":"https:\/\/pablogarrigos.com\/#website"},"primaryImageOfPage":{"@id":"https:\/\/pablogarrigos.com\/estuches-de-regalo\/baul-surtido-especial-delicatessen\/#primaryimage"},"image":{"@id":"https:\/\/pablogarrigos.com\/estuches-de-regalo\/baul-surtido-especial-delicatessen\/#primaryimage"},"thumbnailUrl":"https:\/\/pablogarrigos.com\/wp-content\/uploads\/2024\/02\/delo04-baul-surtido-especial-delicatessen-contenido.jpg","datePublished":"2024-02-20T15:04:20+00:00","dateModified":"2025-11-19T15:35:39+00:00","description":"Discover a universe of flavors with our Special Delicatessen Assortment Trunk. 12 gourmet Christmas sweets to enjoy with the family.","breadcrumb":{"@id":"https:\/\/pablogarrigos.com\/estuches-de-regalo\/baul-surtido-especial-delicatessen\/#breadcrumb"},"inLanguage":"en-US","potentialAction":[{"@type":"ReadAction","target":["https:\/\/pablogarrigos.com\/estuches-de-regalo\/baul-surtido-especial-delicatessen\/"]}]},{"@type":"ImageObject","inLanguage":"en-US","@id":"https:\/\/pablogarrigos.com\/estuches-de-regalo\/baul-surtido-especial-delicatessen\/#primaryimage","url":"https:\/\/pablogarrigos.com\/wp-content\/uploads\/2024\/02\/delo04-baul-surtido-especial-delicatessen-contenido.jpg","contentUrl":"https:\/\/pablogarrigos.com\/wp-content\/uploads\/2024\/02\/delo04-baul-surtido-especial-delicatessen-contenido.jpg","width":2048,"height":1227},{"@type":"BreadcrumbList","@id":"https:\/\/pablogarrigos.com\/estuches-de-regalo\/baul-surtido-especial-delicatessen\/#breadcrumb","itemListElement":[{"@type":"ListItem","position":1,"name":"Home","item":"https:\/\/pablogarrigos.com\/en\/"},{"@type":"ListItem","position":2,"name":"Tienda","item":"https:\/\/pablogarrigos.com\/en\/tienda\/"},{"@type":"ListItem","position":3,"name":"Ba\u00fal Surtido Especial Delicatessen"}]},{"@type":"WebSite","@id":"https:\/\/pablogarrigos.com\/#website","url":"https:\/\/pablogarrigos.com\/","name":"Pablo Garrig\u00f3s Iba\u00f1ez","description":"The Sense of Taste","publisher":{"@id":"https:\/\/pablogarrigos.com\/#organization"},"potentialAction":[{"@type":"SearchAction","target":{"@type":"EntryPoint","urlTemplate":"https:\/\/pablogarrigos.com\/?s={search_term_string}"},"query-input":{"@type":"PropertyValueSpecification","valueRequired":true,"valueName":"search_term_string"}}],"inLanguage":"en-US"},{"@type":"Organization","@id":"https:\/\/pablogarrigos.com\/#organization","name":"Pablo Garrig\u00f3s Iba\u00f1ez","url":"https:\/\/pablogarrigos.com\/","logo":{"@type":"ImageObject","inLanguage":"en-US","@id":"https:\/\/pablogarrigos.com\/#\/schema\/logo\/image\/","url":"https:\/\/pablogarrigos.com\/wp-content\/uploads\/2024\/02\/logo-pablogarrigos.png","contentUrl":"https:\/\/pablogarrigos.com\/wp-content\/uploads\/2024\/02\/logo-pablogarrigos.png","width":1247,"height":480,"caption":"Pablo Garrig\u00f3s Iba\u00f1ez"},"image":{"@id":"https:\/\/pablogarrigos.com\/#\/schema\/logo\/image\/"}}]}},"_links":{"self":[{"href":"https:\/\/pablogarrigos.com\/en\/wp-json\/wp\/v2\/product\/524","targetHints":{"allow":["GET"]}}],"collection":[{"href":"https:\/\/pablogarrigos.com\/en\/wp-json\/wp\/v2\/product"}],"about":[{"href":"https:\/\/pablogarrigos.com\/en\/wp-json\/wp\/v2\/types\/product"}],"wp:featuredmedia":[{"embeddable":true,"href":"https:\/\/pablogarrigos.com\/en\/wp-json\/wp\/v2\/media\/5421"}],"wp:attachment":[{"href":"https:\/\/pablogarrigos.com\/en\/wp-json\/wp\/v2\/media?parent=524"}],"wp:term":[{"taxonomy":"product_brand","embeddable":true,"href":"https:\/\/pablogarrigos.com\/en\/wp-json\/wp\/v2\/product_brand?post=524"},{"taxonomy":"product_cat","embeddable":true,"href":"https:\/\/pablogarrigos.com\/en\/wp-json\/wp\/v2\/product_cat?post=524"},{"taxonomy":"product_tag","embeddable":true,"href":"https:\/\/pablogarrigos.com\/en\/wp-json\/wp\/v2\/product_tag?post=524"}],"curies":[{"name":"wp","href":"https:\/\/api.w.org\/{rel}","templated":true}]}}