{"id":5174,"date":"2025-10-08T11:30:41","date_gmt":"2025-10-08T09:30:41","guid":{"rendered":"https:\/\/pablogarrigos.com\/?post_type=product&#038;p=5174"},"modified":"2025-11-13T12:16:43","modified_gmt":"2025-11-13T11:16:43","slug":"bombones-de-almendra-salted-caramel","status":"publish","type":"product","link":"https:\/\/pablogarrigos.com\/en\/chocolates-y-fruites\/bombones-de-almendra-salted-caramel\/","title":{"rendered":"Bombones de Almendra Salted Caramel"},"content":{"rendered":"<p>Cobertura chocolate blanco 36% (az\u00facar, manteca de cacao, <strong>milk<\/strong> desnatada en polvo, materia grasa <strong>dairy<\/strong>emulsifier (vegetable oil lecithin), emulsifier (vegetable oil lecithin), emulsifier (vegetable oil lecithin) and <strong>soybeans<\/strong>), aroma natural de vainilla, aroma), <strong>almond<\/strong> caramelizada (7%) (<strong>almond<\/strong>, az\u00facar, miel, regulador de acidez (\u00e1cido c\u00edtrico)), pasta de cacao, <strong>almond<\/strong>, <strong>whey<\/strong>, az\u00facar, cacao en polvo (3%), manteca de cacao, aceite de girsol, sal (0,4%),\u00a0emulgente (lecitina de <strong>soybeans<\/strong>), aroma.<strong> Chocolate con leche (52%). Puede contener trazas de otros frutos de c\u00e1scara.\u00a0<\/strong><\/p>\n<p><strong>Conservar en un lugar fresco y seco. 12\u00ba-17\u00baC.<\/strong><\/p>","protected":false},"excerpt":{"rendered":"<p>Cobertura chocolate blanco 36% (az\u00facar, manteca de cacao, leche desnatada en polvo, materia grasa l\u00e1ctea, emulgente (lecitina de soja), aroma natural de vainilla, aroma), almendra caramelizada (7%) (almendra, az\u00facar, miel, regulador de acidez (\u00e1cido c\u00edtrico)), pasta de cacao, almendra, lactosuero, az\u00facar, cacao en polvo (3%), manteca de cacao, aceite de girsol, sal (0,4%),\u00a0emulgente (lecitina de [&hellip;]<\/p>","protected":false},"featured_media":5175,"template":"","meta":{"_acf_changed":false,"inline_featured_image":false},"product_brand":[],"product_cat":[20],"product_tag":[],"class_list":{"0":"post-5174","1":"product","2":"type-product","3":"status-publish","4":"has-post-thumbnail","6":"product_cat-chocolates-y-fruites","8":"first","9":"instock","10":"taxable","11":"shipping-taxable","12":"purchasable","13":"product-type-simple"},"acf":[],"yoast_head":"<!-- This site is optimized with the Yoast SEO plugin v26.5 - https:\/\/yoast.com\/wordpress\/plugins\/seo\/ -->\n<title>Bombones de Almendra Salted Caramel | Pablo Garrig\u00f3s Iba\u00f1ez<\/title>\n<meta name=\"robots\" content=\"index, follow, max-snippet:-1, max-image-preview:large, max-video-preview:-1\" \/>\n<link rel=\"canonical\" href=\"https:\/\/pablogarrigos.com\/en\/chocolates-y-fruites\/bombones-de-almendra-salted-caramel\/\" \/>\n<meta property=\"og:locale\" content=\"en_US\" \/>\n<meta property=\"og:type\" content=\"article\" \/>\n<meta property=\"og:title\" content=\"Bombones de Almendra Salted Caramel | Pablo Garrig\u00f3s Iba\u00f1ez\" \/>\n<meta property=\"og:description\" content=\"Cobertura chocolate blanco 36% (az\u00facar, manteca de cacao, leche desnatada en polvo, materia grasa l\u00e1ctea, emulgente (lecitina de soja), aroma natural de vainilla, aroma), almendra caramelizada (7%) (almendra, az\u00facar, miel, regulador de acidez (\u00e1cido c\u00edtrico)), pasta de cacao, almendra, lactosuero, az\u00facar, cacao en polvo (3%), manteca de cacao, aceite de girsol, sal (0,4%),\u00a0emulgente (lecitina de [&hellip;]\" \/>\n<meta property=\"og:url\" content=\"https:\/\/pablogarrigos.com\/en\/chocolates-y-fruites\/bombones-de-almendra-salted-caramel\/\" \/>\n<meta property=\"og:site_name\" content=\"Pablo Garrig\u00f3s Iba\u00f1ez\" \/>\n<meta property=\"article:modified_time\" content=\"2025-11-13T11:16:43+00:00\" \/>\n<meta property=\"og:image\" content=\"https:\/\/pablogarrigos.com\/wp-content\/uploads\/2025\/10\/bombones-caramelo-salado_web.jpg\" \/>\n\t<meta property=\"og:image:width\" content=\"550\" \/>\n\t<meta property=\"og:image:height\" content=\"550\" \/>\n\t<meta property=\"og:image:type\" content=\"image\/jpeg\" \/>\n<meta name=\"twitter:card\" content=\"summary_large_image\" \/>\n<meta name=\"twitter:label1\" content=\"Est. reading time\" \/>\n\t<meta name=\"twitter:data1\" content=\"1 minute\" \/>\n<script type=\"application\/ld+json\" class=\"yoast-schema-graph\">{\"@context\":\"https:\/\/schema.org\",\"@graph\":[{\"@type\":\"WebPage\",\"@id\":\"https:\/\/pablogarrigos.com\/chocolates-y-fruites\/bombones-de-almendra-salted-caramel\/\",\"url\":\"https:\/\/pablogarrigos.com\/chocolates-y-fruites\/bombones-de-almendra-salted-caramel\/\",\"name\":\"Bombones de Almendra Salted Caramel | Pablo Garrig\u00f3s Iba\u00f1ez\",\"isPartOf\":{\"@id\":\"https:\/\/pablogarrigos.com\/#website\"},\"primaryImageOfPage\":{\"@id\":\"https:\/\/pablogarrigos.com\/chocolates-y-fruites\/bombones-de-almendra-salted-caramel\/#primaryimage\"},\"image\":{\"@id\":\"https:\/\/pablogarrigos.com\/chocolates-y-fruites\/bombones-de-almendra-salted-caramel\/#primaryimage\"},\"thumbnailUrl\":\"https:\/\/pablogarrigos.com\/wp-content\/uploads\/2025\/10\/bombones-caramelo-salado_web.jpg\",\"datePublished\":\"2025-10-08T09:30:41+00:00\",\"dateModified\":\"2025-11-13T11:16:43+00:00\",\"breadcrumb\":{\"@id\":\"https:\/\/pablogarrigos.com\/chocolates-y-fruites\/bombones-de-almendra-salted-caramel\/#breadcrumb\"},\"inLanguage\":\"en-US\",\"potentialAction\":[{\"@type\":\"ReadAction\",\"target\":[\"https:\/\/pablogarrigos.com\/chocolates-y-fruites\/bombones-de-almendra-salted-caramel\/\"]}]},{\"@type\":\"ImageObject\",\"inLanguage\":\"en-US\",\"@id\":\"https:\/\/pablogarrigos.com\/chocolates-y-fruites\/bombones-de-almendra-salted-caramel\/#primaryimage\",\"url\":\"https:\/\/pablogarrigos.com\/wp-content\/uploads\/2025\/10\/bombones-caramelo-salado_web.jpg\",\"contentUrl\":\"https:\/\/pablogarrigos.com\/wp-content\/uploads\/2025\/10\/bombones-caramelo-salado_web.jpg\",\"width\":550,\"height\":550},{\"@type\":\"BreadcrumbList\",\"@id\":\"https:\/\/pablogarrigos.com\/chocolates-y-fruites\/bombones-de-almendra-salted-caramel\/#breadcrumb\",\"itemListElement\":[{\"@type\":\"ListItem\",\"position\":1,\"name\":\"Home\",\"item\":\"https:\/\/pablogarrigos.com\/en\/\"},{\"@type\":\"ListItem\",\"position\":2,\"name\":\"Tienda\",\"item\":\"https:\/\/pablogarrigos.com\/en\/tienda\/\"},{\"@type\":\"ListItem\",\"position\":3,\"name\":\"Bombones de Almendra Salted Caramel\"}]},{\"@type\":\"WebSite\",\"@id\":\"https:\/\/pablogarrigos.com\/#website\",\"url\":\"https:\/\/pablogarrigos.com\/\",\"name\":\"Pablo Garrig\u00f3s Iba\u00f1ez\",\"description\":\"El Sentido del Gusto\",\"publisher\":{\"@id\":\"https:\/\/pablogarrigos.com\/#organization\"},\"potentialAction\":[{\"@type\":\"SearchAction\",\"target\":{\"@type\":\"EntryPoint\",\"urlTemplate\":\"https:\/\/pablogarrigos.com\/?s={search_term_string}\"},\"query-input\":{\"@type\":\"PropertyValueSpecification\",\"valueRequired\":true,\"valueName\":\"search_term_string\"}}],\"inLanguage\":\"en-US\"},{\"@type\":\"Organization\",\"@id\":\"https:\/\/pablogarrigos.com\/#organization\",\"name\":\"Pablo Garrig\u00f3s Iba\u00f1ez\",\"url\":\"https:\/\/pablogarrigos.com\/\",\"logo\":{\"@type\":\"ImageObject\",\"inLanguage\":\"en-US\",\"@id\":\"https:\/\/pablogarrigos.com\/#\/schema\/logo\/image\/\",\"url\":\"https:\/\/pablogarrigos.com\/wp-content\/uploads\/2024\/02\/logo-pablogarrigos.png\",\"contentUrl\":\"https:\/\/pablogarrigos.com\/wp-content\/uploads\/2024\/02\/logo-pablogarrigos.png\",\"width\":1247,\"height\":480,\"caption\":\"Pablo Garrig\u00f3s Iba\u00f1ez\"},\"image\":{\"@id\":\"https:\/\/pablogarrigos.com\/#\/schema\/logo\/image\/\"}}]}<\/script>\n<!-- \/ Yoast SEO plugin. -->","yoast_head_json":{"title":"Bombones de Almendra Salted Caramel | Pablo Garrig\u00f3s Iba\u00f1ez","robots":{"index":"index","follow":"follow","max-snippet":"max-snippet:-1","max-image-preview":"max-image-preview:large","max-video-preview":"max-video-preview:-1"},"canonical":"https:\/\/pablogarrigos.com\/en\/chocolates-y-fruites\/bombones-de-almendra-salted-caramel\/","og_locale":"en_US","og_type":"article","og_title":"Bombones de Almendra Salted Caramel | Pablo Garrig\u00f3s Iba\u00f1ez","og_description":"Cobertura chocolate blanco 36% (az\u00facar, manteca de cacao, leche desnatada en polvo, materia grasa l\u00e1ctea, emulgente (lecitina de soja), aroma natural de vainilla, aroma), almendra caramelizada (7%) (almendra, az\u00facar, miel, regulador de acidez (\u00e1cido c\u00edtrico)), pasta de cacao, almendra, lactosuero, az\u00facar, cacao en polvo (3%), manteca de cacao, aceite de girsol, sal (0,4%),\u00a0emulgente (lecitina de [&hellip;]","og_url":"https:\/\/pablogarrigos.com\/en\/chocolates-y-fruites\/bombones-de-almendra-salted-caramel\/","og_site_name":"Pablo Garrig\u00f3s Iba\u00f1ez","article_modified_time":"2025-11-13T11:16:43+00:00","og_image":[{"width":550,"height":550,"url":"https:\/\/pablogarrigos.com\/wp-content\/uploads\/2025\/10\/bombones-caramelo-salado_web.jpg","type":"image\/jpeg"}],"twitter_card":"summary_large_image","twitter_misc":{"Est. reading time":"1 minute"},"schema":{"@context":"https:\/\/schema.org","@graph":[{"@type":"WebPage","@id":"https:\/\/pablogarrigos.com\/chocolates-y-fruites\/bombones-de-almendra-salted-caramel\/","url":"https:\/\/pablogarrigos.com\/chocolates-y-fruites\/bombones-de-almendra-salted-caramel\/","name":"Bombones de Almendra Salted Caramel | Pablo Garrig\u00f3s Iba\u00f1ez","isPartOf":{"@id":"https:\/\/pablogarrigos.com\/#website"},"primaryImageOfPage":{"@id":"https:\/\/pablogarrigos.com\/chocolates-y-fruites\/bombones-de-almendra-salted-caramel\/#primaryimage"},"image":{"@id":"https:\/\/pablogarrigos.com\/chocolates-y-fruites\/bombones-de-almendra-salted-caramel\/#primaryimage"},"thumbnailUrl":"https:\/\/pablogarrigos.com\/wp-content\/uploads\/2025\/10\/bombones-caramelo-salado_web.jpg","datePublished":"2025-10-08T09:30:41+00:00","dateModified":"2025-11-13T11:16:43+00:00","breadcrumb":{"@id":"https:\/\/pablogarrigos.com\/chocolates-y-fruites\/bombones-de-almendra-salted-caramel\/#breadcrumb"},"inLanguage":"en-US","potentialAction":[{"@type":"ReadAction","target":["https:\/\/pablogarrigos.com\/chocolates-y-fruites\/bombones-de-almendra-salted-caramel\/"]}]},{"@type":"ImageObject","inLanguage":"en-US","@id":"https:\/\/pablogarrigos.com\/chocolates-y-fruites\/bombones-de-almendra-salted-caramel\/#primaryimage","url":"https:\/\/pablogarrigos.com\/wp-content\/uploads\/2025\/10\/bombones-caramelo-salado_web.jpg","contentUrl":"https:\/\/pablogarrigos.com\/wp-content\/uploads\/2025\/10\/bombones-caramelo-salado_web.jpg","width":550,"height":550},{"@type":"BreadcrumbList","@id":"https:\/\/pablogarrigos.com\/chocolates-y-fruites\/bombones-de-almendra-salted-caramel\/#breadcrumb","itemListElement":[{"@type":"ListItem","position":1,"name":"Home","item":"https:\/\/pablogarrigos.com\/en\/"},{"@type":"ListItem","position":2,"name":"Tienda","item":"https:\/\/pablogarrigos.com\/en\/tienda\/"},{"@type":"ListItem","position":3,"name":"Bombones de Almendra Salted Caramel"}]},{"@type":"WebSite","@id":"https:\/\/pablogarrigos.com\/#website","url":"https:\/\/pablogarrigos.com\/","name":"Pablo Garrig\u00f3s Iba\u00f1ez","description":"The Sense of Taste","publisher":{"@id":"https:\/\/pablogarrigos.com\/#organization"},"potentialAction":[{"@type":"SearchAction","target":{"@type":"EntryPoint","urlTemplate":"https:\/\/pablogarrigos.com\/?s={search_term_string}"},"query-input":{"@type":"PropertyValueSpecification","valueRequired":true,"valueName":"search_term_string"}}],"inLanguage":"en-US"},{"@type":"Organization","@id":"https:\/\/pablogarrigos.com\/#organization","name":"Pablo Garrig\u00f3s Iba\u00f1ez","url":"https:\/\/pablogarrigos.com\/","logo":{"@type":"ImageObject","inLanguage":"en-US","@id":"https:\/\/pablogarrigos.com\/#\/schema\/logo\/image\/","url":"https:\/\/pablogarrigos.com\/wp-content\/uploads\/2024\/02\/logo-pablogarrigos.png","contentUrl":"https:\/\/pablogarrigos.com\/wp-content\/uploads\/2024\/02\/logo-pablogarrigos.png","width":1247,"height":480,"caption":"Pablo Garrig\u00f3s Iba\u00f1ez"},"image":{"@id":"https:\/\/pablogarrigos.com\/#\/schema\/logo\/image\/"}}]}},"_links":{"self":[{"href":"https:\/\/pablogarrigos.com\/en\/wp-json\/wp\/v2\/product\/5174","targetHints":{"allow":["GET"]}}],"collection":[{"href":"https:\/\/pablogarrigos.com\/en\/wp-json\/wp\/v2\/product"}],"about":[{"href":"https:\/\/pablogarrigos.com\/en\/wp-json\/wp\/v2\/types\/product"}],"wp:featuredmedia":[{"embeddable":true,"href":"https:\/\/pablogarrigos.com\/en\/wp-json\/wp\/v2\/media\/5175"}],"wp:attachment":[{"href":"https:\/\/pablogarrigos.com\/en\/wp-json\/wp\/v2\/media?parent=5174"}],"wp:term":[{"taxonomy":"product_brand","embeddable":true,"href":"https:\/\/pablogarrigos.com\/en\/wp-json\/wp\/v2\/product_brand?post=5174"},{"taxonomy":"product_cat","embeddable":true,"href":"https:\/\/pablogarrigos.com\/en\/wp-json\/wp\/v2\/product_cat?post=5174"},{"taxonomy":"product_tag","embeddable":true,"href":"https:\/\/pablogarrigos.com\/en\/wp-json\/wp\/v2\/product_tag?post=5174"}],"curies":[{"name":"wp","href":"https:\/\/api.w.org\/{rel}","templated":true}]}}