{"id":490,"date":"2024-02-20T20:21:46","date_gmt":"2024-02-20T19:21:46","guid":{"rendered":"https:\/\/pablogarrigos.com\/index.php\/product\/higo-chocolate-fondant-chocolate-vintage-120g\/"},"modified":"2025-11-13T12:22:01","modified_gmt":"2025-11-13T11:22:01","slug":"higo-chocolate-fondant-chocolate-vintage-120g","status":"publish","type":"product","link":"https:\/\/pablogarrigos.com\/en\/chocolates-y-fruites\/chocolate-vintage\/higo-chocolate-fondant-chocolate-vintage-120g\/","title":{"rendered":"Fruit Chocolate Fig &amp; Dark Chocolate 120g"},"content":{"rendered":"<p>Sugar, fig 22%, cocoa mass, cocoa powder, cocoa butter, emulsifier (cocoa lecithin), cocoa butter, cocoa mass, cocoa powder, cocoa butter. <strong>soybeans<\/strong>), natural vanilla flavor and coating (maltodextrin, glucose syrup, coconut oil, rapeseed oil). Minimum cocoa coating dark chocolate 70 %. <strong>May contain traces of egg, peanuts, milk and other nuts.<\/strong><\/p>\n<p><strong>Conservar en un lugar fresco y seco. 12\u00ba-17\u00baC.<\/strong><\/p>","protected":false},"excerpt":{"rendered":"<p>Surprising and delicious fig flavor pearls with Vintage chocolate by Pablo Garrig\u00f3s Ib\u00e1\u00f1ez in 120 grams format.<\/p>","protected":false},"featured_media":491,"template":"","meta":{"_acf_changed":false,"inline_featured_image":false},"product_brand":[],"product_cat":[26,20,25],"product_tag":[],"class_list":{"0":"post-490","1":"product","2":"type-product","3":"status-publish","4":"has-post-thumbnail","6":"product_cat-chocolate-vintage","7":"product_cat-chocolates-y-fruites","8":"product_cat-fruit-chocolates","10":"first","11":"instock","12":"taxable","13":"shipping-taxable","14":"purchasable","15":"product-type-simple"},"acf":[],"yoast_head":"<!-- This site is optimized with the Yoast SEO plugin v26.5 - https:\/\/yoast.com\/wordpress\/plugins\/seo\/ -->\n<title>Fruit Chocolate Higo &amp; Chocolate Fondant | Pablo Garrig\u00f3s Ib\u00e1\u00f1ez<\/title>\n<meta name=\"description\" content=\"Del\u00e9itate con la exquisita combinaci\u00f3n de higos selectos y el intenso chocolate fondant en estas perlas de sabor. Presentado en un formato de 120 gramos, este producto de Pablo Garrig\u00f3s Ib\u00e1\u00f1ez es una experiencia gourmet inolvidable.\" \/>\n<meta name=\"robots\" content=\"index, follow, max-snippet:-1, max-image-preview:large, max-video-preview:-1\" \/>\n<link rel=\"canonical\" href=\"https:\/\/pablogarrigos.com\/en\/chocolates-y-fruites\/chocolate-vintage\/higo-chocolate-fondant-chocolate-vintage-120g\/\" \/>\n<meta property=\"og:locale\" content=\"en_US\" \/>\n<meta property=\"og:type\" content=\"article\" \/>\n<meta property=\"og:title\" content=\"Fruit Chocolate Higo &amp; Chocolate Fondant | Pablo Garrig\u00f3s Ib\u00e1\u00f1ez\" \/>\n<meta property=\"og:description\" content=\"Del\u00e9itate con la exquisita combinaci\u00f3n de higos selectos y el intenso chocolate fondant en estas perlas de sabor. Presentado en un formato de 120 gramos, este producto de Pablo Garrig\u00f3s Ib\u00e1\u00f1ez es una experiencia gourmet inolvidable.\" \/>\n<meta property=\"og:url\" content=\"https:\/\/pablogarrigos.com\/en\/chocolates-y-fruites\/chocolate-vintage\/higo-chocolate-fondant-chocolate-vintage-120g\/\" \/>\n<meta property=\"og:site_name\" content=\"Pablo Garrig\u00f3s Iba\u00f1ez\" \/>\n<meta property=\"article:modified_time\" content=\"2025-11-13T11:22:01+00:00\" \/>\n<meta property=\"og:image\" content=\"https:\/\/pablogarrigos.com\/wp-content\/uploads\/2024\/02\/Fruit-Chocolate-Higo-y-Chocolate-Fondant-m.jpg\" \/>\n\t<meta property=\"og:image:width\" content=\"600\" \/>\n\t<meta property=\"og:image:height\" content=\"600\" \/>\n\t<meta property=\"og:image:type\" content=\"image\/jpeg\" \/>\n<meta name=\"twitter:card\" content=\"summary_large_image\" \/>\n<meta name=\"twitter:label1\" content=\"Est. reading time\" \/>\n\t<meta name=\"twitter:data1\" content=\"1 minute\" \/>\n<script type=\"application\/ld+json\" class=\"yoast-schema-graph\">{\"@context\":\"https:\/\/schema.org\",\"@graph\":[{\"@type\":\"WebPage\",\"@id\":\"https:\/\/pablogarrigos.com\/chocolates-y-fruites\/chocolate-vintage\/higo-chocolate-fondant-chocolate-vintage-120g\/\",\"url\":\"https:\/\/pablogarrigos.com\/chocolates-y-fruites\/chocolate-vintage\/higo-chocolate-fondant-chocolate-vintage-120g\/\",\"name\":\"Fruit Chocolate Higo & Chocolate Fondant | Pablo Garrig\u00f3s Ib\u00e1\u00f1ez\",\"isPartOf\":{\"@id\":\"https:\/\/pablogarrigos.com\/#website\"},\"primaryImageOfPage\":{\"@id\":\"https:\/\/pablogarrigos.com\/chocolates-y-fruites\/chocolate-vintage\/higo-chocolate-fondant-chocolate-vintage-120g\/#primaryimage\"},\"image\":{\"@id\":\"https:\/\/pablogarrigos.com\/chocolates-y-fruites\/chocolate-vintage\/higo-chocolate-fondant-chocolate-vintage-120g\/#primaryimage\"},\"thumbnailUrl\":\"https:\/\/pablogarrigos.com\/wp-content\/uploads\/2024\/02\/Fruit-Chocolate-Higo-y-Chocolate-Fondant-m.jpg\",\"datePublished\":\"2024-02-20T19:21:46+00:00\",\"dateModified\":\"2025-11-13T11:22:01+00:00\",\"description\":\"Del\u00e9itate con la exquisita combinaci\u00f3n de higos selectos y el intenso chocolate fondant en estas perlas de sabor. Presentado en un formato de 120 gramos, este producto de Pablo Garrig\u00f3s Ib\u00e1\u00f1ez es una experiencia gourmet inolvidable.\",\"breadcrumb\":{\"@id\":\"https:\/\/pablogarrigos.com\/chocolates-y-fruites\/chocolate-vintage\/higo-chocolate-fondant-chocolate-vintage-120g\/#breadcrumb\"},\"inLanguage\":\"en-US\",\"potentialAction\":[{\"@type\":\"ReadAction\",\"target\":[\"https:\/\/pablogarrigos.com\/chocolates-y-fruites\/chocolate-vintage\/higo-chocolate-fondant-chocolate-vintage-120g\/\"]}]},{\"@type\":\"ImageObject\",\"inLanguage\":\"en-US\",\"@id\":\"https:\/\/pablogarrigos.com\/chocolates-y-fruites\/chocolate-vintage\/higo-chocolate-fondant-chocolate-vintage-120g\/#primaryimage\",\"url\":\"https:\/\/pablogarrigos.com\/wp-content\/uploads\/2024\/02\/Fruit-Chocolate-Higo-y-Chocolate-Fondant-m.jpg\",\"contentUrl\":\"https:\/\/pablogarrigos.com\/wp-content\/uploads\/2024\/02\/Fruit-Chocolate-Higo-y-Chocolate-Fondant-m.jpg\",\"width\":600,\"height\":600},{\"@type\":\"BreadcrumbList\",\"@id\":\"https:\/\/pablogarrigos.com\/chocolates-y-fruites\/chocolate-vintage\/higo-chocolate-fondant-chocolate-vintage-120g\/#breadcrumb\",\"itemListElement\":[{\"@type\":\"ListItem\",\"position\":1,\"name\":\"Home\",\"item\":\"https:\/\/pablogarrigos.com\/en\/\"},{\"@type\":\"ListItem\",\"position\":2,\"name\":\"Tienda\",\"item\":\"https:\/\/pablogarrigos.com\/en\/tienda\/\"},{\"@type\":\"ListItem\",\"position\":3,\"name\":\"Fruit chocolate higo &amp; chocolate fondant 120g\"}]},{\"@type\":\"WebSite\",\"@id\":\"https:\/\/pablogarrigos.com\/#website\",\"url\":\"https:\/\/pablogarrigos.com\/\",\"name\":\"Pablo Garrig\u00f3s Iba\u00f1ez\",\"description\":\"El Sentido del Gusto\",\"publisher\":{\"@id\":\"https:\/\/pablogarrigos.com\/#organization\"},\"potentialAction\":[{\"@type\":\"SearchAction\",\"target\":{\"@type\":\"EntryPoint\",\"urlTemplate\":\"https:\/\/pablogarrigos.com\/?s={search_term_string}\"},\"query-input\":{\"@type\":\"PropertyValueSpecification\",\"valueRequired\":true,\"valueName\":\"search_term_string\"}}],\"inLanguage\":\"en-US\"},{\"@type\":\"Organization\",\"@id\":\"https:\/\/pablogarrigos.com\/#organization\",\"name\":\"Pablo Garrig\u00f3s Iba\u00f1ez\",\"url\":\"https:\/\/pablogarrigos.com\/\",\"logo\":{\"@type\":\"ImageObject\",\"inLanguage\":\"en-US\",\"@id\":\"https:\/\/pablogarrigos.com\/#\/schema\/logo\/image\/\",\"url\":\"https:\/\/pablogarrigos.com\/wp-content\/uploads\/2024\/02\/logo-pablogarrigos.png\",\"contentUrl\":\"https:\/\/pablogarrigos.com\/wp-content\/uploads\/2024\/02\/logo-pablogarrigos.png\",\"width\":1247,\"height\":480,\"caption\":\"Pablo Garrig\u00f3s Iba\u00f1ez\"},\"image\":{\"@id\":\"https:\/\/pablogarrigos.com\/#\/schema\/logo\/image\/\"}}]}<\/script>\n<!-- \/ Yoast SEO plugin. -->","yoast_head_json":{"title":"Fruit Chocolate Fig &amp; Chocolate Fondant | Pablo Garrig\u00f3s Ib\u00e1\u00f1ez","description":"Delight yourself with the exquisite combination of select figs and intense fondant chocolate in these pearls of flavor. Presented in a 120 gram format, this Pablo Garrig\u00f3s Ib\u00e1\u00f1ez product is an unforgettable gourmet experience.","robots":{"index":"index","follow":"follow","max-snippet":"max-snippet:-1","max-image-preview":"max-image-preview:large","max-video-preview":"max-video-preview:-1"},"canonical":"https:\/\/pablogarrigos.com\/en\/chocolates-y-fruites\/chocolate-vintage\/higo-chocolate-fondant-chocolate-vintage-120g\/","og_locale":"en_US","og_type":"article","og_title":"Fruit Chocolate Higo & Chocolate Fondant | Pablo Garrig\u00f3s Ib\u00e1\u00f1ez","og_description":"Del\u00e9itate con la exquisita combinaci\u00f3n de higos selectos y el intenso chocolate fondant en estas perlas de sabor. Presentado en un formato de 120 gramos, este producto de Pablo Garrig\u00f3s Ib\u00e1\u00f1ez es una experiencia gourmet inolvidable.","og_url":"https:\/\/pablogarrigos.com\/en\/chocolates-y-fruites\/chocolate-vintage\/higo-chocolate-fondant-chocolate-vintage-120g\/","og_site_name":"Pablo Garrig\u00f3s Iba\u00f1ez","article_modified_time":"2025-11-13T11:22:01+00:00","og_image":[{"width":600,"height":600,"url":"https:\/\/pablogarrigos.com\/wp-content\/uploads\/2024\/02\/Fruit-Chocolate-Higo-y-Chocolate-Fondant-m.jpg","type":"image\/jpeg"}],"twitter_card":"summary_large_image","twitter_misc":{"Est. reading time":"1 minute"},"schema":{"@context":"https:\/\/schema.org","@graph":[{"@type":"WebPage","@id":"https:\/\/pablogarrigos.com\/chocolates-y-fruites\/chocolate-vintage\/higo-chocolate-fondant-chocolate-vintage-120g\/","url":"https:\/\/pablogarrigos.com\/chocolates-y-fruites\/chocolate-vintage\/higo-chocolate-fondant-chocolate-vintage-120g\/","name":"Fruit Chocolate Fig &amp; Chocolate Fondant | Pablo Garrig\u00f3s Ib\u00e1\u00f1ez","isPartOf":{"@id":"https:\/\/pablogarrigos.com\/#website"},"primaryImageOfPage":{"@id":"https:\/\/pablogarrigos.com\/chocolates-y-fruites\/chocolate-vintage\/higo-chocolate-fondant-chocolate-vintage-120g\/#primaryimage"},"image":{"@id":"https:\/\/pablogarrigos.com\/chocolates-y-fruites\/chocolate-vintage\/higo-chocolate-fondant-chocolate-vintage-120g\/#primaryimage"},"thumbnailUrl":"https:\/\/pablogarrigos.com\/wp-content\/uploads\/2024\/02\/Fruit-Chocolate-Higo-y-Chocolate-Fondant-m.jpg","datePublished":"2024-02-20T19:21:46+00:00","dateModified":"2025-11-13T11:22:01+00:00","description":"Delight yourself with the exquisite combination of select figs and intense fondant chocolate in these pearls of flavor. Presented in a 120 gram format, this Pablo Garrig\u00f3s Ib\u00e1\u00f1ez product is an unforgettable gourmet experience.","breadcrumb":{"@id":"https:\/\/pablogarrigos.com\/chocolates-y-fruites\/chocolate-vintage\/higo-chocolate-fondant-chocolate-vintage-120g\/#breadcrumb"},"inLanguage":"en-US","potentialAction":[{"@type":"ReadAction","target":["https:\/\/pablogarrigos.com\/chocolates-y-fruites\/chocolate-vintage\/higo-chocolate-fondant-chocolate-vintage-120g\/"]}]},{"@type":"ImageObject","inLanguage":"en-US","@id":"https:\/\/pablogarrigos.com\/chocolates-y-fruites\/chocolate-vintage\/higo-chocolate-fondant-chocolate-vintage-120g\/#primaryimage","url":"https:\/\/pablogarrigos.com\/wp-content\/uploads\/2024\/02\/Fruit-Chocolate-Higo-y-Chocolate-Fondant-m.jpg","contentUrl":"https:\/\/pablogarrigos.com\/wp-content\/uploads\/2024\/02\/Fruit-Chocolate-Higo-y-Chocolate-Fondant-m.jpg","width":600,"height":600},{"@type":"BreadcrumbList","@id":"https:\/\/pablogarrigos.com\/chocolates-y-fruites\/chocolate-vintage\/higo-chocolate-fondant-chocolate-vintage-120g\/#breadcrumb","itemListElement":[{"@type":"ListItem","position":1,"name":"Home","item":"https:\/\/pablogarrigos.com\/en\/"},{"@type":"ListItem","position":2,"name":"Tienda","item":"https:\/\/pablogarrigos.com\/en\/tienda\/"},{"@type":"ListItem","position":3,"name":"Fruit chocolate higo &amp; chocolate fondant 120g"}]},{"@type":"WebSite","@id":"https:\/\/pablogarrigos.com\/#website","url":"https:\/\/pablogarrigos.com\/","name":"Pablo Garrig\u00f3s Iba\u00f1ez","description":"The Sense of Taste","publisher":{"@id":"https:\/\/pablogarrigos.com\/#organization"},"potentialAction":[{"@type":"SearchAction","target":{"@type":"EntryPoint","urlTemplate":"https:\/\/pablogarrigos.com\/?s={search_term_string}"},"query-input":{"@type":"PropertyValueSpecification","valueRequired":true,"valueName":"search_term_string"}}],"inLanguage":"en-US"},{"@type":"Organization","@id":"https:\/\/pablogarrigos.com\/#organization","name":"Pablo Garrig\u00f3s Iba\u00f1ez","url":"https:\/\/pablogarrigos.com\/","logo":{"@type":"ImageObject","inLanguage":"en-US","@id":"https:\/\/pablogarrigos.com\/#\/schema\/logo\/image\/","url":"https:\/\/pablogarrigos.com\/wp-content\/uploads\/2024\/02\/logo-pablogarrigos.png","contentUrl":"https:\/\/pablogarrigos.com\/wp-content\/uploads\/2024\/02\/logo-pablogarrigos.png","width":1247,"height":480,"caption":"Pablo Garrig\u00f3s Iba\u00f1ez"},"image":{"@id":"https:\/\/pablogarrigos.com\/#\/schema\/logo\/image\/"}}]}},"_links":{"self":[{"href":"https:\/\/pablogarrigos.com\/en\/wp-json\/wp\/v2\/product\/490","targetHints":{"allow":["GET"]}}],"collection":[{"href":"https:\/\/pablogarrigos.com\/en\/wp-json\/wp\/v2\/product"}],"about":[{"href":"https:\/\/pablogarrigos.com\/en\/wp-json\/wp\/v2\/types\/product"}],"wp:featuredmedia":[{"embeddable":true,"href":"https:\/\/pablogarrigos.com\/en\/wp-json\/wp\/v2\/media\/491"}],"wp:attachment":[{"href":"https:\/\/pablogarrigos.com\/en\/wp-json\/wp\/v2\/media?parent=490"}],"wp:term":[{"taxonomy":"product_brand","embeddable":true,"href":"https:\/\/pablogarrigos.com\/en\/wp-json\/wp\/v2\/product_brand?post=490"},{"taxonomy":"product_cat","embeddable":true,"href":"https:\/\/pablogarrigos.com\/en\/wp-json\/wp\/v2\/product_cat?post=490"},{"taxonomy":"product_tag","embeddable":true,"href":"https:\/\/pablogarrigos.com\/en\/wp-json\/wp\/v2\/product_tag?post=490"}],"curies":[{"name":"wp","href":"https:\/\/api.w.org\/{rel}","templated":true}]}}