{"id":456,"date":"2024-02-20T11:02:46","date_gmt":"2024-02-20T10:02:46","guid":{"rendered":"https:\/\/pablogarrigos.com\/index.php\/product\/turron-imperial-sin-azucares-anadidos-delicatessen-200-g\/"},"modified":"2025-11-13T12:08:22","modified_gmt":"2025-11-13T11:08:22","slug":"turron-imperial-sin-azucares-anadidos-delicatessen-200-g","status":"publish","type":"product","link":"https:\/\/pablogarrigos.com\/en\/turrones\/delicatessen\/turron-imperial-sin-azucares-anadidos-delicatessen-200-g\/","title":{"rendered":"Imperial Nougat with sweeteners Delicatessen 200g"},"content":{"rendered":"<p><strong>Almond<\/strong> 66%, sweetener (lactitol), sweetener (sorbitol), inulin, egg whites, marcona, marcona, toasted 66%, sweetener (lactitol), sweetener (sorbitol), inulin, egg white <strong>egg<\/strong>Surface wafer: (potato starch and sunflower oil). <strong>May contain traces of sesame.<\/strong><\/p>\n<p><strong>Conservar en un lugar fresco y seco. 18\u00ba-22\u00baC.<\/strong><\/p>","protected":false},"excerpt":{"rendered":"<p>Our selection of Delicatessen products with no added sugar is made with marcona almonds from the Mediterranean basin with sweeteners.<\/p>","protected":false},"featured_media":457,"template":"","meta":{"_acf_changed":false,"inline_featured_image":false},"product_brand":[],"product_cat":[21,18],"product_tag":[],"class_list":{"0":"post-456","1":"product","2":"type-product","3":"status-publish","4":"has-post-thumbnail","6":"product_cat-delicatessen","7":"product_cat-turrones","9":"first","10":"instock","11":"taxable","12":"shipping-taxable","13":"purchasable","14":"product-type-simple"},"acf":[],"yoast_head":"<!-- This site is optimized with the Yoast SEO plugin v26.5 - https:\/\/yoast.com\/wordpress\/plugins\/seo\/ -->\n<title>Turr\u00f3n Imperial sin az\u00facares a\u00f1adidos Delicatessen | Pablo Garrig\u00f3s Ib\u00e1\u00f1ez<\/title>\n<meta name=\"description\" content=\"Descubre el Turr\u00f3n Imperial sin az\u00facares a\u00f1adidos de nuestra gama Delicatessen, una exquisita combinaci\u00f3n de almendra Marcona mediterr\u00e1nea y edulcorantes naturales, para disfrutar de la tradici\u00f3n sin comprometer tu bienestar.\" \/>\n<meta name=\"robots\" content=\"index, follow, max-snippet:-1, max-image-preview:large, max-video-preview:-1\" \/>\n<link rel=\"canonical\" href=\"https:\/\/pablogarrigos.com\/en\/turrones\/delicatessen\/turron-imperial-sin-azucares-anadidos-delicatessen-200-g\/\" \/>\n<meta property=\"og:locale\" content=\"en_US\" \/>\n<meta property=\"og:type\" content=\"article\" \/>\n<meta property=\"og:title\" content=\"Turr\u00f3n Imperial sin az\u00facares a\u00f1adidos Delicatessen | Pablo Garrig\u00f3s Ib\u00e1\u00f1ez\" \/>\n<meta property=\"og:description\" content=\"Descubre el Turr\u00f3n Imperial sin az\u00facares a\u00f1adidos de nuestra gama Delicatessen, una exquisita combinaci\u00f3n de almendra Marcona mediterr\u00e1nea y edulcorantes naturales, para disfrutar de la tradici\u00f3n sin comprometer tu bienestar.\" \/>\n<meta property=\"og:url\" content=\"https:\/\/pablogarrigos.com\/en\/turrones\/delicatessen\/turron-imperial-sin-azucares-anadidos-delicatessen-200-g\/\" \/>\n<meta property=\"og:site_name\" content=\"Pablo Garrig\u00f3s Iba\u00f1ez\" \/>\n<meta property=\"article:modified_time\" content=\"2025-11-13T11:08:22+00:00\" \/>\n<meta property=\"og:image\" content=\"https:\/\/pablogarrigos.com\/wp-content\/uploads\/2024\/02\/DESA02-Turron-de-Alicante-Sin-Azucar-Delicatessen-200g.jpg\" \/>\n\t<meta property=\"og:image:width\" content=\"600\" \/>\n\t<meta property=\"og:image:height\" content=\"600\" \/>\n\t<meta property=\"og:image:type\" content=\"image\/jpeg\" \/>\n<meta name=\"twitter:card\" content=\"summary_large_image\" \/>\n<meta name=\"twitter:label1\" content=\"Est. reading time\" \/>\n\t<meta name=\"twitter:data1\" content=\"1 minute\" \/>\n<script type=\"application\/ld+json\" class=\"yoast-schema-graph\">{\"@context\":\"https:\/\/schema.org\",\"@graph\":[{\"@type\":\"WebPage\",\"@id\":\"https:\/\/pablogarrigos.com\/turrones\/delicatessen\/turron-imperial-sin-azucares-anadidos-delicatessen-200-g\/\",\"url\":\"https:\/\/pablogarrigos.com\/turrones\/delicatessen\/turron-imperial-sin-azucares-anadidos-delicatessen-200-g\/\",\"name\":\"Turr\u00f3n Imperial sin az\u00facares a\u00f1adidos Delicatessen | Pablo Garrig\u00f3s Ib\u00e1\u00f1ez\",\"isPartOf\":{\"@id\":\"https:\/\/pablogarrigos.com\/#website\"},\"primaryImageOfPage\":{\"@id\":\"https:\/\/pablogarrigos.com\/turrones\/delicatessen\/turron-imperial-sin-azucares-anadidos-delicatessen-200-g\/#primaryimage\"},\"image\":{\"@id\":\"https:\/\/pablogarrigos.com\/turrones\/delicatessen\/turron-imperial-sin-azucares-anadidos-delicatessen-200-g\/#primaryimage\"},\"thumbnailUrl\":\"https:\/\/pablogarrigos.com\/wp-content\/uploads\/2024\/02\/DESA02-Turron-de-Alicante-Sin-Azucar-Delicatessen-200g.jpg\",\"datePublished\":\"2024-02-20T10:02:46+00:00\",\"dateModified\":\"2025-11-13T11:08:22+00:00\",\"description\":\"Descubre el Turr\u00f3n Imperial sin az\u00facares a\u00f1adidos de nuestra gama Delicatessen, una exquisita combinaci\u00f3n de almendra Marcona mediterr\u00e1nea y edulcorantes naturales, para disfrutar de la tradici\u00f3n sin comprometer tu bienestar.\",\"breadcrumb\":{\"@id\":\"https:\/\/pablogarrigos.com\/turrones\/delicatessen\/turron-imperial-sin-azucares-anadidos-delicatessen-200-g\/#breadcrumb\"},\"inLanguage\":\"en-US\",\"potentialAction\":[{\"@type\":\"ReadAction\",\"target\":[\"https:\/\/pablogarrigos.com\/turrones\/delicatessen\/turron-imperial-sin-azucares-anadidos-delicatessen-200-g\/\"]}]},{\"@type\":\"ImageObject\",\"inLanguage\":\"en-US\",\"@id\":\"https:\/\/pablogarrigos.com\/turrones\/delicatessen\/turron-imperial-sin-azucares-anadidos-delicatessen-200-g\/#primaryimage\",\"url\":\"https:\/\/pablogarrigos.com\/wp-content\/uploads\/2024\/02\/DESA02-Turron-de-Alicante-Sin-Azucar-Delicatessen-200g.jpg\",\"contentUrl\":\"https:\/\/pablogarrigos.com\/wp-content\/uploads\/2024\/02\/DESA02-Turron-de-Alicante-Sin-Azucar-Delicatessen-200g.jpg\",\"width\":600,\"height\":600},{\"@type\":\"BreadcrumbList\",\"@id\":\"https:\/\/pablogarrigos.com\/turrones\/delicatessen\/turron-imperial-sin-azucares-anadidos-delicatessen-200-g\/#breadcrumb\",\"itemListElement\":[{\"@type\":\"ListItem\",\"position\":1,\"name\":\"Home\",\"item\":\"https:\/\/pablogarrigos.com\/en\/\"},{\"@type\":\"ListItem\",\"position\":2,\"name\":\"Tienda\",\"item\":\"https:\/\/pablogarrigos.com\/en\/tienda\/\"},{\"@type\":\"ListItem\",\"position\":3,\"name\":\"Turr\u00f3n Imperial con edulcorantes Delicatessen 200g\"}]},{\"@type\":\"WebSite\",\"@id\":\"https:\/\/pablogarrigos.com\/#website\",\"url\":\"https:\/\/pablogarrigos.com\/\",\"name\":\"Pablo Garrig\u00f3s Iba\u00f1ez\",\"description\":\"El Sentido del Gusto\",\"publisher\":{\"@id\":\"https:\/\/pablogarrigos.com\/#organization\"},\"potentialAction\":[{\"@type\":\"SearchAction\",\"target\":{\"@type\":\"EntryPoint\",\"urlTemplate\":\"https:\/\/pablogarrigos.com\/?s={search_term_string}\"},\"query-input\":{\"@type\":\"PropertyValueSpecification\",\"valueRequired\":true,\"valueName\":\"search_term_string\"}}],\"inLanguage\":\"en-US\"},{\"@type\":\"Organization\",\"@id\":\"https:\/\/pablogarrigos.com\/#organization\",\"name\":\"Pablo Garrig\u00f3s Iba\u00f1ez\",\"url\":\"https:\/\/pablogarrigos.com\/\",\"logo\":{\"@type\":\"ImageObject\",\"inLanguage\":\"en-US\",\"@id\":\"https:\/\/pablogarrigos.com\/#\/schema\/logo\/image\/\",\"url\":\"https:\/\/pablogarrigos.com\/wp-content\/uploads\/2024\/02\/logo-pablogarrigos.png\",\"contentUrl\":\"https:\/\/pablogarrigos.com\/wp-content\/uploads\/2024\/02\/logo-pablogarrigos.png\",\"width\":1247,\"height\":480,\"caption\":\"Pablo Garrig\u00f3s Iba\u00f1ez\"},\"image\":{\"@id\":\"https:\/\/pablogarrigos.com\/#\/schema\/logo\/image\/\"}}]}<\/script>\n<!-- \/ Yoast SEO plugin. -->","yoast_head_json":{"title":"Imperial nougat with no added sugars Delicatessen | Pablo Garrig\u00f3s Ib\u00e1\u00f1ez","description":"Discover the Imperial Nougat with no added sugars from our Delicatessen range, an exquisite combination of Mediterranean Marcona almonds and natural sweeteners, to enjoy tradition without compromising your well-being.","robots":{"index":"index","follow":"follow","max-snippet":"max-snippet:-1","max-image-preview":"max-image-preview:large","max-video-preview":"max-video-preview:-1"},"canonical":"https:\/\/pablogarrigos.com\/en\/turrones\/delicatessen\/turron-imperial-sin-azucares-anadidos-delicatessen-200-g\/","og_locale":"en_US","og_type":"article","og_title":"Turr\u00f3n Imperial sin az\u00facares a\u00f1adidos Delicatessen | Pablo Garrig\u00f3s Ib\u00e1\u00f1ez","og_description":"Descubre el Turr\u00f3n Imperial sin az\u00facares a\u00f1adidos de nuestra gama Delicatessen, una exquisita combinaci\u00f3n de almendra Marcona mediterr\u00e1nea y edulcorantes naturales, para disfrutar de la tradici\u00f3n sin comprometer tu bienestar.","og_url":"https:\/\/pablogarrigos.com\/en\/turrones\/delicatessen\/turron-imperial-sin-azucares-anadidos-delicatessen-200-g\/","og_site_name":"Pablo Garrig\u00f3s Iba\u00f1ez","article_modified_time":"2025-11-13T11:08:22+00:00","og_image":[{"width":600,"height":600,"url":"https:\/\/pablogarrigos.com\/wp-content\/uploads\/2024\/02\/DESA02-Turron-de-Alicante-Sin-Azucar-Delicatessen-200g.jpg","type":"image\/jpeg"}],"twitter_card":"summary_large_image","twitter_misc":{"Est. reading time":"1 minute"},"schema":{"@context":"https:\/\/schema.org","@graph":[{"@type":"WebPage","@id":"https:\/\/pablogarrigos.com\/turrones\/delicatessen\/turron-imperial-sin-azucares-anadidos-delicatessen-200-g\/","url":"https:\/\/pablogarrigos.com\/turrones\/delicatessen\/turron-imperial-sin-azucares-anadidos-delicatessen-200-g\/","name":"Imperial nougat with no added sugars Delicatessen | Pablo Garrig\u00f3s Ib\u00e1\u00f1ez","isPartOf":{"@id":"https:\/\/pablogarrigos.com\/#website"},"primaryImageOfPage":{"@id":"https:\/\/pablogarrigos.com\/turrones\/delicatessen\/turron-imperial-sin-azucares-anadidos-delicatessen-200-g\/#primaryimage"},"image":{"@id":"https:\/\/pablogarrigos.com\/turrones\/delicatessen\/turron-imperial-sin-azucares-anadidos-delicatessen-200-g\/#primaryimage"},"thumbnailUrl":"https:\/\/pablogarrigos.com\/wp-content\/uploads\/2024\/02\/DESA02-Turron-de-Alicante-Sin-Azucar-Delicatessen-200g.jpg","datePublished":"2024-02-20T10:02:46+00:00","dateModified":"2025-11-13T11:08:22+00:00","description":"Discover the Imperial Nougat with no added sugars from our Delicatessen range, an exquisite combination of Mediterranean Marcona almonds and natural sweeteners, to enjoy tradition without compromising your well-being.","breadcrumb":{"@id":"https:\/\/pablogarrigos.com\/turrones\/delicatessen\/turron-imperial-sin-azucares-anadidos-delicatessen-200-g\/#breadcrumb"},"inLanguage":"en-US","potentialAction":[{"@type":"ReadAction","target":["https:\/\/pablogarrigos.com\/turrones\/delicatessen\/turron-imperial-sin-azucares-anadidos-delicatessen-200-g\/"]}]},{"@type":"ImageObject","inLanguage":"en-US","@id":"https:\/\/pablogarrigos.com\/turrones\/delicatessen\/turron-imperial-sin-azucares-anadidos-delicatessen-200-g\/#primaryimage","url":"https:\/\/pablogarrigos.com\/wp-content\/uploads\/2024\/02\/DESA02-Turron-de-Alicante-Sin-Azucar-Delicatessen-200g.jpg","contentUrl":"https:\/\/pablogarrigos.com\/wp-content\/uploads\/2024\/02\/DESA02-Turron-de-Alicante-Sin-Azucar-Delicatessen-200g.jpg","width":600,"height":600},{"@type":"BreadcrumbList","@id":"https:\/\/pablogarrigos.com\/turrones\/delicatessen\/turron-imperial-sin-azucares-anadidos-delicatessen-200-g\/#breadcrumb","itemListElement":[{"@type":"ListItem","position":1,"name":"Home","item":"https:\/\/pablogarrigos.com\/en\/"},{"@type":"ListItem","position":2,"name":"Tienda","item":"https:\/\/pablogarrigos.com\/en\/tienda\/"},{"@type":"ListItem","position":3,"name":"Turr\u00f3n Imperial con edulcorantes Delicatessen 200g"}]},{"@type":"WebSite","@id":"https:\/\/pablogarrigos.com\/#website","url":"https:\/\/pablogarrigos.com\/","name":"Pablo Garrig\u00f3s Iba\u00f1ez","description":"The Sense of Taste","publisher":{"@id":"https:\/\/pablogarrigos.com\/#organization"},"potentialAction":[{"@type":"SearchAction","target":{"@type":"EntryPoint","urlTemplate":"https:\/\/pablogarrigos.com\/?s={search_term_string}"},"query-input":{"@type":"PropertyValueSpecification","valueRequired":true,"valueName":"search_term_string"}}],"inLanguage":"en-US"},{"@type":"Organization","@id":"https:\/\/pablogarrigos.com\/#organization","name":"Pablo Garrig\u00f3s Iba\u00f1ez","url":"https:\/\/pablogarrigos.com\/","logo":{"@type":"ImageObject","inLanguage":"en-US","@id":"https:\/\/pablogarrigos.com\/#\/schema\/logo\/image\/","url":"https:\/\/pablogarrigos.com\/wp-content\/uploads\/2024\/02\/logo-pablogarrigos.png","contentUrl":"https:\/\/pablogarrigos.com\/wp-content\/uploads\/2024\/02\/logo-pablogarrigos.png","width":1247,"height":480,"caption":"Pablo Garrig\u00f3s Iba\u00f1ez"},"image":{"@id":"https:\/\/pablogarrigos.com\/#\/schema\/logo\/image\/"}}]}},"_links":{"self":[{"href":"https:\/\/pablogarrigos.com\/en\/wp-json\/wp\/v2\/product\/456","targetHints":{"allow":["GET"]}}],"collection":[{"href":"https:\/\/pablogarrigos.com\/en\/wp-json\/wp\/v2\/product"}],"about":[{"href":"https:\/\/pablogarrigos.com\/en\/wp-json\/wp\/v2\/types\/product"}],"wp:featuredmedia":[{"embeddable":true,"href":"https:\/\/pablogarrigos.com\/en\/wp-json\/wp\/v2\/media\/457"}],"wp:attachment":[{"href":"https:\/\/pablogarrigos.com\/en\/wp-json\/wp\/v2\/media?parent=456"}],"wp:term":[{"taxonomy":"product_brand","embeddable":true,"href":"https:\/\/pablogarrigos.com\/en\/wp-json\/wp\/v2\/product_brand?post=456"},{"taxonomy":"product_cat","embeddable":true,"href":"https:\/\/pablogarrigos.com\/en\/wp-json\/wp\/v2\/product_cat?post=456"},{"taxonomy":"product_tag","embeddable":true,"href":"https:\/\/pablogarrigos.com\/en\/wp-json\/wp\/v2\/product_tag?post=456"}],"curies":[{"name":"wp","href":"https:\/\/api.w.org\/{rel}","templated":true}]}}