{"id":454,"date":"2024-02-20T16:02:46","date_gmt":"2024-02-20T15:02:46","guid":{"rendered":"https:\/\/pablogarrigos.com\/index.php\/product\/estuche-especial-delicatessen-by-henedina\/"},"modified":"2025-11-19T16:06:13","modified_gmt":"2025-11-19T15:06:13","slug":"estuche-especial-delicatessen-by-henedina","status":"publish","type":"product","link":"https:\/\/pablogarrigos.com\/en\/chocolates-y-fruites\/fruit-chocolates\/estuche-especial-delicatessen-by-henedina\/","title":{"rendered":"Delicatessen Special Selection by Henedina Gift Box"},"content":{"rendered":"<p>JIJONA NOUGAT: <strong>Almond<\/strong> selected and toasted 74%, orange blossom honey 17%, sugar and egg white 74%, orange blossom honey 17%, sugar and egg white <strong>egg<\/strong>. <strong>May contain traces of sesame and hazelnut.<\/strong><\/p>\n<p>NOUGAT FROM ALICANTE: <strong>Almond<\/strong> 68%, rosemary honey 16%, sugar, glucose syrup, wafer surface (potato starch and sunflower oil), and egg white. <strong>egg<\/strong>. <strong>May contain traces of sesame and hazelnuts.<\/strong><\/p>\n<p>TURR\u00d3N DE CHOCOLATE FONDANT CON ALMENDRAS: Cocoa paste, <strong>almond<\/strong> 30%, sugar, cocoa butter, emulsifier (cocoa lecithin, cocoa butter, cocoa butter), cocoa butter, cocoa butter, sugar, cocoa butter. <strong>soybeans<\/strong>) and vanilla flavor. Minimum cocoa 52%. <strong>May contain traces of sesame, egg and other nuts.<\/strong><\/p>\n<p>FRUIT CHOCOLATE ESCTUCHE 6 VARIETIES: Strawberry &amp; chocolate fondant: dehydrated strawberry 40 %, sugar, cocoa mass, cocoa butter, cocoa powder, emulsifier (cocoa lecithin), cocoa powder, cocoa butter, cocoa butter, emulsifier (cocoa butter), cocoa powder, cocoa butter, cocoa powder <strong>soybeans<\/strong>), aroma natural de vainilla, colorante natural (remolacha), aroma natural de fresa , recubrimiento (maltodextrina, aceite de coco y aceite de colza), espesante (goma xantana), regulador de acidez (\u00e1cido c\u00edtrico) y conservador ( sorbato de potasio ).Cacao m\u00ednimo cobertura chocolate negro 70 %. Pi\u00f1a &amp; chocolate con leche: az\u00facar, pi\u00f1a deshidratada 31 %, manteca de cacao, <strong>milk<\/strong> 8 %, cocoa mass, emulsifier (cocoa lecithin, cocoa butter, cocoa mass), cocoa powder 8 %, cocoa mass, emulsifier (cocoa lecithin, cocoa butter, cocoa butter) <strong>soybeans<\/strong>), natural vanilla flavor, coating (maltodextrin, coconut oil and rapeseed oil), thickener (xanthan gum), acidity regulator (citric acid) and preservative (potassium sorbate). Minimum cocoa coverage milk chocolate 34 %. Blueberry &amp; chocolate fondant: sugar, cocoa mass, dehydrated blueberry (19 %), cocoa butter, emulsifier (cocoa lecithin) and preservative (potassium sorbate). <strong>soybeans<\/strong>), sunflower oil, natural vanilla flavor, coating (maltodextrin, coconut oil and rapeseed oil), thickener (xanthan gum), acidity regulator (citric acid) and preservatives (potassium sorbate). Minimum cocoa dark chocolate coating 70 %. Orange &amp; chocolate fondant: sugar, cocoa mass, orange 17 %, cocoa butter, glucose and fructose syrup, emulsifier (cocoa lecithin) and preservatives (potassium sorbate). <strong>soybeans<\/strong>), natural vanilla flavoring, coating<\/p>\n<p>(maltodextrin, coconut oil and rapeseed oil), thickener (xanthan gum), acidity regulator (citric acid) and preservatives (potassium sorbate and sodium metasulfite). Minimum cocoa coverage dark chocolate 70 %. Contains sulfites.<\/p>\n<p>Raspberry &amp; white chocolate dipped in fondant chocolate: sugar, cocoa butter, <strong>milk<\/strong> semi-skimmed powder 12 %, cocoa mass, freeze-dried raspberry 5%, cocoa powder, emulsifier (cocoa lecithin), cocoa powder, cocoa butter, cocoa mass <strong>soybeans<\/strong>), natural vanilla flavor and coating (maltodextrin, coconut oil and rapeseed oil), thickener (xanthan gum) and preservative (potassium sorbate). Minimum cocoa dark chocolate coating 62 %. Minimum cocoa white chocolate coating 29.5%.<\/p>\n<p>Fig &amp; chocolate fondant: sugar, fig 22%, cocoa mass, cocoa powder, cocoa butter, emulsifier (cocoa lecithin), cocoa butter, cocoa mass, cocoa powder, cocoa butter, emulsifier (cocoa butter lecithin). <strong>soybeans<\/strong>), natural vanilla flavor, coating (maltodextrin, coconut oil and rapeseed oil), thickener (xanthan gum), acidity regulator (citric acid) and preservative (potassium sorbate). Minimum cocoa coverage dark chocolate 70 %. <strong>May contain traces of sesame, milk, egg and other nuts.<\/strong><\/p>","protected":false},"excerpt":{"rendered":"<p>A special box of the Delicatessen by Henedina range containing: Jijona nougat, Alicante nougat, chocolate fondant nougat with almonds, fruit chocolate box with 6 varieties.<\/p>","protected":false},"featured_media":455,"template":"","meta":{"_acf_changed":false,"inline_featured_image":false},"product_brand":[],"product_cat":[20,21,22,25,18],"product_tag":[],"class_list":{"0":"post-454","1":"product","2":"type-product","3":"status-publish","4":"has-post-thumbnail","6":"product_cat-chocolates-y-fruites","7":"product_cat-delicatessen","8":"product_cat-estuches-de-regalo","9":"product_cat-fruit-chocolates","10":"product_cat-turrones","12":"first","13":"instock","14":"taxable","15":"shipping-taxable","16":"purchasable","17":"product-type-simple"},"acf":[],"yoast_head":"<!-- This site is optimized with the Yoast SEO plugin v26.5 - https:\/\/yoast.com\/wordpress\/plugins\/seo\/ -->\n<title>Estuche Especial Delicatessen by Henedina | Pablo Garrig\u00f3s Ib\u00e1\u00f1ez<\/title>\n<meta name=\"description\" content=\"Descubre la exquisitez con el Estuche Especial Delicatessen by Henedina. Incluye turr\u00f3n de Jijona, turr\u00f3n de Alicante, turr\u00f3n de chocolate fondant con almendras y un estuche de Fruit Chocolate de 6 variedades. Una selecci\u00f3n premium para deleitar los paladares m\u00e1s exigentes.\" \/>\n<meta name=\"robots\" content=\"index, follow, max-snippet:-1, max-image-preview:large, max-video-preview:-1\" \/>\n<link rel=\"canonical\" href=\"https:\/\/pablogarrigos.com\/en\/chocolates-y-fruites\/fruit-chocolates\/estuche-especial-delicatessen-by-henedina\/\" \/>\n<meta property=\"og:locale\" content=\"en_US\" \/>\n<meta property=\"og:type\" content=\"article\" \/>\n<meta property=\"og:title\" content=\"Estuche Especial Delicatessen by Henedina | Pablo Garrig\u00f3s Ib\u00e1\u00f1ez\" \/>\n<meta property=\"og:description\" content=\"Descubre la exquisitez con el Estuche Especial Delicatessen by Henedina. Incluye turr\u00f3n de Jijona, turr\u00f3n de Alicante, turr\u00f3n de chocolate fondant con almendras y un estuche de Fruit Chocolate de 6 variedades. Una selecci\u00f3n premium para deleitar los paladares m\u00e1s exigentes.\" \/>\n<meta property=\"og:url\" content=\"https:\/\/pablogarrigos.com\/en\/chocolates-y-fruites\/fruit-chocolates\/estuche-especial-delicatessen-by-henedina\/\" \/>\n<meta property=\"og:site_name\" content=\"Pablo Garrig\u00f3s Iba\u00f1ez\" \/>\n<meta property=\"article:modified_time\" content=\"2025-11-19T15:06:13+00:00\" \/>\n<meta property=\"og:image\" content=\"https:\/\/pablogarrigos.com\/wp-content\/uploads\/2024\/02\/Estuche-Henedina-1.jpg\" \/>\n\t<meta property=\"og:image:width\" content=\"600\" \/>\n\t<meta property=\"og:image:height\" content=\"600\" \/>\n\t<meta property=\"og:image:type\" content=\"image\/jpeg\" \/>\n<meta name=\"twitter:card\" content=\"summary_large_image\" \/>\n<meta name=\"twitter:label1\" content=\"Est. reading time\" \/>\n\t<meta name=\"twitter:data1\" content=\"3 minutes\" \/>\n<script type=\"application\/ld+json\" class=\"yoast-schema-graph\">{\"@context\":\"https:\/\/schema.org\",\"@graph\":[{\"@type\":\"WebPage\",\"@id\":\"https:\/\/pablogarrigos.com\/chocolates-y-fruites\/fruit-chocolates\/estuche-especial-delicatessen-by-henedina\/\",\"url\":\"https:\/\/pablogarrigos.com\/chocolates-y-fruites\/fruit-chocolates\/estuche-especial-delicatessen-by-henedina\/\",\"name\":\"Estuche Especial Delicatessen by Henedina | Pablo Garrig\u00f3s Ib\u00e1\u00f1ez\",\"isPartOf\":{\"@id\":\"https:\/\/pablogarrigos.com\/#website\"},\"primaryImageOfPage\":{\"@id\":\"https:\/\/pablogarrigos.com\/chocolates-y-fruites\/fruit-chocolates\/estuche-especial-delicatessen-by-henedina\/#primaryimage\"},\"image\":{\"@id\":\"https:\/\/pablogarrigos.com\/chocolates-y-fruites\/fruit-chocolates\/estuche-especial-delicatessen-by-henedina\/#primaryimage\"},\"thumbnailUrl\":\"https:\/\/pablogarrigos.com\/wp-content\/uploads\/2024\/02\/Estuche-Henedina-1.jpg\",\"datePublished\":\"2024-02-20T15:02:46+00:00\",\"dateModified\":\"2025-11-19T15:06:13+00:00\",\"description\":\"Descubre la exquisitez con el Estuche Especial Delicatessen by Henedina. Incluye turr\u00f3n de Jijona, turr\u00f3n de Alicante, turr\u00f3n de chocolate fondant con almendras y un estuche de Fruit Chocolate de 6 variedades. Una selecci\u00f3n premium para deleitar los paladares m\u00e1s exigentes.\",\"breadcrumb\":{\"@id\":\"https:\/\/pablogarrigos.com\/chocolates-y-fruites\/fruit-chocolates\/estuche-especial-delicatessen-by-henedina\/#breadcrumb\"},\"inLanguage\":\"en-US\",\"potentialAction\":[{\"@type\":\"ReadAction\",\"target\":[\"https:\/\/pablogarrigos.com\/chocolates-y-fruites\/fruit-chocolates\/estuche-especial-delicatessen-by-henedina\/\"]}]},{\"@type\":\"ImageObject\",\"inLanguage\":\"en-US\",\"@id\":\"https:\/\/pablogarrigos.com\/chocolates-y-fruites\/fruit-chocolates\/estuche-especial-delicatessen-by-henedina\/#primaryimage\",\"url\":\"https:\/\/pablogarrigos.com\/wp-content\/uploads\/2024\/02\/Estuche-Henedina-1.jpg\",\"contentUrl\":\"https:\/\/pablogarrigos.com\/wp-content\/uploads\/2024\/02\/Estuche-Henedina-1.jpg\",\"width\":600,\"height\":600},{\"@type\":\"BreadcrumbList\",\"@id\":\"https:\/\/pablogarrigos.com\/chocolates-y-fruites\/fruit-chocolates\/estuche-especial-delicatessen-by-henedina\/#breadcrumb\",\"itemListElement\":[{\"@type\":\"ListItem\",\"position\":1,\"name\":\"Home\",\"item\":\"https:\/\/pablogarrigos.com\/en\/\"},{\"@type\":\"ListItem\",\"position\":2,\"name\":\"Tienda\",\"item\":\"https:\/\/pablogarrigos.com\/en\/tienda\/\"},{\"@type\":\"ListItem\",\"position\":3,\"name\":\"Estuche Especial Delicatessen by Henedina\"}]},{\"@type\":\"WebSite\",\"@id\":\"https:\/\/pablogarrigos.com\/#website\",\"url\":\"https:\/\/pablogarrigos.com\/\",\"name\":\"Pablo Garrig\u00f3s Iba\u00f1ez\",\"description\":\"El Sentido del Gusto\",\"publisher\":{\"@id\":\"https:\/\/pablogarrigos.com\/#organization\"},\"potentialAction\":[{\"@type\":\"SearchAction\",\"target\":{\"@type\":\"EntryPoint\",\"urlTemplate\":\"https:\/\/pablogarrigos.com\/?s={search_term_string}\"},\"query-input\":{\"@type\":\"PropertyValueSpecification\",\"valueRequired\":true,\"valueName\":\"search_term_string\"}}],\"inLanguage\":\"en-US\"},{\"@type\":\"Organization\",\"@id\":\"https:\/\/pablogarrigos.com\/#organization\",\"name\":\"Pablo Garrig\u00f3s Iba\u00f1ez\",\"url\":\"https:\/\/pablogarrigos.com\/\",\"logo\":{\"@type\":\"ImageObject\",\"inLanguage\":\"en-US\",\"@id\":\"https:\/\/pablogarrigos.com\/#\/schema\/logo\/image\/\",\"url\":\"https:\/\/pablogarrigos.com\/wp-content\/uploads\/2024\/02\/logo-pablogarrigos.png\",\"contentUrl\":\"https:\/\/pablogarrigos.com\/wp-content\/uploads\/2024\/02\/logo-pablogarrigos.png\",\"width\":1247,\"height\":480,\"caption\":\"Pablo Garrig\u00f3s Iba\u00f1ez\"},\"image\":{\"@id\":\"https:\/\/pablogarrigos.com\/#\/schema\/logo\/image\/\"}}]}<\/script>\n<!-- \/ Yoast SEO plugin. -->","yoast_head_json":{"title":"Special Delicatessen Case by Henedina | Pablo Garrig\u00f3s Ib\u00e1\u00f1ez","description":"Discover the exquisiteness with the Special Delicatessen Case by Henedina. It includes Jijona nougat, Alicante nougat, fondant chocolate nougat with almonds and a case of Fruit Chocolate with 6 varieties. A premium selection to delight the most demanding palates.","robots":{"index":"index","follow":"follow","max-snippet":"max-snippet:-1","max-image-preview":"max-image-preview:large","max-video-preview":"max-video-preview:-1"},"canonical":"https:\/\/pablogarrigos.com\/en\/chocolates-y-fruites\/fruit-chocolates\/estuche-especial-delicatessen-by-henedina\/","og_locale":"en_US","og_type":"article","og_title":"Estuche Especial Delicatessen by Henedina | Pablo Garrig\u00f3s Ib\u00e1\u00f1ez","og_description":"Descubre la exquisitez con el Estuche Especial Delicatessen by Henedina. Incluye turr\u00f3n de Jijona, turr\u00f3n de Alicante, turr\u00f3n de chocolate fondant con almendras y un estuche de Fruit Chocolate de 6 variedades. Una selecci\u00f3n premium para deleitar los paladares m\u00e1s exigentes.","og_url":"https:\/\/pablogarrigos.com\/en\/chocolates-y-fruites\/fruit-chocolates\/estuche-especial-delicatessen-by-henedina\/","og_site_name":"Pablo Garrig\u00f3s Iba\u00f1ez","article_modified_time":"2025-11-19T15:06:13+00:00","og_image":[{"width":600,"height":600,"url":"https:\/\/pablogarrigos.com\/wp-content\/uploads\/2024\/02\/Estuche-Henedina-1.jpg","type":"image\/jpeg"}],"twitter_card":"summary_large_image","twitter_misc":{"Est. reading time":"3 minutes"},"schema":{"@context":"https:\/\/schema.org","@graph":[{"@type":"WebPage","@id":"https:\/\/pablogarrigos.com\/chocolates-y-fruites\/fruit-chocolates\/estuche-especial-delicatessen-by-henedina\/","url":"https:\/\/pablogarrigos.com\/chocolates-y-fruites\/fruit-chocolates\/estuche-especial-delicatessen-by-henedina\/","name":"Special Delicatessen Case by Henedina | Pablo Garrig\u00f3s Ib\u00e1\u00f1ez","isPartOf":{"@id":"https:\/\/pablogarrigos.com\/#website"},"primaryImageOfPage":{"@id":"https:\/\/pablogarrigos.com\/chocolates-y-fruites\/fruit-chocolates\/estuche-especial-delicatessen-by-henedina\/#primaryimage"},"image":{"@id":"https:\/\/pablogarrigos.com\/chocolates-y-fruites\/fruit-chocolates\/estuche-especial-delicatessen-by-henedina\/#primaryimage"},"thumbnailUrl":"https:\/\/pablogarrigos.com\/wp-content\/uploads\/2024\/02\/Estuche-Henedina-1.jpg","datePublished":"2024-02-20T15:02:46+00:00","dateModified":"2025-11-19T15:06:13+00:00","description":"Discover the exquisiteness with the Special Delicatessen Case by Henedina. It includes Jijona nougat, Alicante nougat, fondant chocolate nougat with almonds and a case of Fruit Chocolate with 6 varieties. A premium selection to delight the most demanding palates.","breadcrumb":{"@id":"https:\/\/pablogarrigos.com\/chocolates-y-fruites\/fruit-chocolates\/estuche-especial-delicatessen-by-henedina\/#breadcrumb"},"inLanguage":"en-US","potentialAction":[{"@type":"ReadAction","target":["https:\/\/pablogarrigos.com\/chocolates-y-fruites\/fruit-chocolates\/estuche-especial-delicatessen-by-henedina\/"]}]},{"@type":"ImageObject","inLanguage":"en-US","@id":"https:\/\/pablogarrigos.com\/chocolates-y-fruites\/fruit-chocolates\/estuche-especial-delicatessen-by-henedina\/#primaryimage","url":"https:\/\/pablogarrigos.com\/wp-content\/uploads\/2024\/02\/Estuche-Henedina-1.jpg","contentUrl":"https:\/\/pablogarrigos.com\/wp-content\/uploads\/2024\/02\/Estuche-Henedina-1.jpg","width":600,"height":600},{"@type":"BreadcrumbList","@id":"https:\/\/pablogarrigos.com\/chocolates-y-fruites\/fruit-chocolates\/estuche-especial-delicatessen-by-henedina\/#breadcrumb","itemListElement":[{"@type":"ListItem","position":1,"name":"Home","item":"https:\/\/pablogarrigos.com\/en\/"},{"@type":"ListItem","position":2,"name":"Tienda","item":"https:\/\/pablogarrigos.com\/en\/tienda\/"},{"@type":"ListItem","position":3,"name":"Estuche Especial Delicatessen by Henedina"}]},{"@type":"WebSite","@id":"https:\/\/pablogarrigos.com\/#website","url":"https:\/\/pablogarrigos.com\/","name":"Pablo Garrig\u00f3s Iba\u00f1ez","description":"The Sense of Taste","publisher":{"@id":"https:\/\/pablogarrigos.com\/#organization"},"potentialAction":[{"@type":"SearchAction","target":{"@type":"EntryPoint","urlTemplate":"https:\/\/pablogarrigos.com\/?s={search_term_string}"},"query-input":{"@type":"PropertyValueSpecification","valueRequired":true,"valueName":"search_term_string"}}],"inLanguage":"en-US"},{"@type":"Organization","@id":"https:\/\/pablogarrigos.com\/#organization","name":"Pablo Garrig\u00f3s Iba\u00f1ez","url":"https:\/\/pablogarrigos.com\/","logo":{"@type":"ImageObject","inLanguage":"en-US","@id":"https:\/\/pablogarrigos.com\/#\/schema\/logo\/image\/","url":"https:\/\/pablogarrigos.com\/wp-content\/uploads\/2024\/02\/logo-pablogarrigos.png","contentUrl":"https:\/\/pablogarrigos.com\/wp-content\/uploads\/2024\/02\/logo-pablogarrigos.png","width":1247,"height":480,"caption":"Pablo Garrig\u00f3s Iba\u00f1ez"},"image":{"@id":"https:\/\/pablogarrigos.com\/#\/schema\/logo\/image\/"}}]}},"_links":{"self":[{"href":"https:\/\/pablogarrigos.com\/en\/wp-json\/wp\/v2\/product\/454","targetHints":{"allow":["GET"]}}],"collection":[{"href":"https:\/\/pablogarrigos.com\/en\/wp-json\/wp\/v2\/product"}],"about":[{"href":"https:\/\/pablogarrigos.com\/en\/wp-json\/wp\/v2\/types\/product"}],"wp:featuredmedia":[{"embeddable":true,"href":"https:\/\/pablogarrigos.com\/en\/wp-json\/wp\/v2\/media\/455"}],"wp:attachment":[{"href":"https:\/\/pablogarrigos.com\/en\/wp-json\/wp\/v2\/media?parent=454"}],"wp:term":[{"taxonomy":"product_brand","embeddable":true,"href":"https:\/\/pablogarrigos.com\/en\/wp-json\/wp\/v2\/product_brand?post=454"},{"taxonomy":"product_cat","embeddable":true,"href":"https:\/\/pablogarrigos.com\/en\/wp-json\/wp\/v2\/product_cat?post=454"},{"taxonomy":"product_tag","embeddable":true,"href":"https:\/\/pablogarrigos.com\/en\/wp-json\/wp\/v2\/product_tag?post=454"}],"curies":[{"name":"wp","href":"https:\/\/api.w.org\/{rel}","templated":true}]}}