{"id":435,"date":"2024-02-20T20:10:57","date_gmt":"2024-02-20T19:10:57","guid":{"rendered":"https:\/\/pablogarrigos.com\/index.php\/product\/fruit-chocolate-6-variedades-250-g\/"},"modified":"2025-11-13T12:24:46","modified_gmt":"2025-11-13T11:24:46","slug":"fruit-chocolate-6-variedades-250-g","status":"publish","type":"product","link":"https:\/\/pablogarrigos.com\/en\/chocolates-y-fruites\/fruit-chocolates\/fruit-chocolate-6-variedades-250-g\/","title":{"rendered":"Fruit Chocolate 6 varieties 250g"},"content":{"rendered":"<p>STRAWBERRY &amp; CHOCOLATE FONDANT 440 g: dehydrated strawberry 40 %, sugar, cocoa mass, cocoa butter, cocoa powder, emulsifier (cocoa lecithin), cocoa butter, cocoa butter, cocoa powder, sugar, cocoa mass, cocoa butter, emulsifier (cocoa butter, cocoa butter, cocoa powder). <strong>soybeans<\/strong>), aroma natural de vainilla, colorante natural (remolacha), aroma natural de fresa , recubrimiento (maltodextrina, aceite de coco y aceite de colza), espesante (goma xantana), regulador de acidez (\u00e1cido c\u00edtrico) y conservador ( sorbato de potasio ). Cacao m\u00ednimo cobertura chocolate negro 70 %. <strong>May contain traces of: egg, peanuts, milk and other nuts.<\/strong><\/p>\n<p>PINEAPPLE &amp; CHOCOLATE WITH MILK: Sugar, dehydrated pineapple 31 %, cocoa butter, <strong>milk<\/strong> 8 %, cocoa mass, emulsifier (cocoa lecithin, cocoa butter, cocoa mass), cocoa powder 8 %, cocoa mass, emulsifier (cocoa lecithin, cocoa butter, cocoa butter) <strong>soybeans<\/strong>), natural vanilla flavor, coating (maltodextrin, coconut oil and rapeseed oil), thickener (xanthan gum), acidity regulator (citric acid) and preservative (potassium sorbate). Minimum cocoa coverage milk chocolate 34 %. <strong>May contain traces of: egg, peanuts, milk and other nuts.<\/strong><\/p>\n<p>BLUEBERRIES &amp; CHOCOLATE FONDANT: sugar, cocoa mass, dehydrated blueberry (19 %), cocoa butter, emulsifier (cocoa lecithin), cocoa butter, cocoa butter, cocoa butter (19 %), cocoa butter, emulsifier (cocoa butter), cocoa butter (cocoa butter), cocoa butter (cocoa butter). <strong>soybeans<\/strong>), sunflower oil, natural vanilla flavor, coating (maltodextrin, coconut oil and rapeseed oil), thickener (xanthan gum), acidity regulator (citric acid) and preservatives (potassium sorbate).minimum cocoa coating dark chocolate 70 %. <strong>May contain traces of: milk, sesame, peanut, almond and hazelnut.<\/strong><\/p>\n<p>ORANGE &amp; CHOCOLATE FONDANT: sugar, cocoa mass, orange 17 %, cocoa butter, glucose and fructose syrup, emulsifier (cocoa butter lecithin), cocoa butter, cocoa butter, glucose and fructose syrup, emulsifier (cocoa butter lecithin), cocoa butter, cocoa butter. <strong>soybeans<\/strong>), natural vanilla flavoring, coating<\/p>\n<p>(maltodextrin, coconut oil and rapeseed oil), thickener (xanthan gum), acidity regulator (citric acid) and preservatives (potassium sorbate and sodium metasulfite). Minimum cocoa coverage dark chocolate 70 %. <strong>May contain traces of: milk, sesame, peanut, almond and hazelnut.<\/strong><\/p>\n<p>STRAWBERRY &amp; WHITE CHOCOLATE COATED IN CHOCOLATE FONDANT: Sugar, cocoa butter, <strong>milk<\/strong> semi-skimmed powder 12 %, cocoa mass, freeze-dried raspberry 5%, cocoa powder, emulsifier (cocoa lecithin), cocoa powder, cocoa butter, cocoa mass <strong>soybeans<\/strong>), natural vanilla flavor and coating (maltodextrin, coconut oil and rapeseed oil), thickener (xanthan gum) and preservative (potassium sorbate). Minimum cocoa dark chocolate coating 62 %. Minimum cocoa white chocolate coating 29.5%. <strong>May contain traces of: egg, peanuts and other nuts.<\/strong><\/p>\n<p>FIG &amp; CHOCOLATE FONDANT FONDANT Sugar, fig 22%, cocoa mass, cocoa powder, cocoa butter, emulsifier (cocoa lecithin), cocoa butter, cocoa mass, cocoa powder, emulsifier (cocoa butter). <strong>soybeans<\/strong>), natural vanilla flavor, coating (maltodextrin, coconut oil and rapeseed oil), thickener (xanthan gum), acidity regulator (citric acid) and preservative (potassium sorbate). Minimum cocoa coverage dark chocolate 70 %. <strong>May contain traces of: egg, peanuts, milk and other nuts.<\/strong><\/p>\n<p><strong>Conservar en un lugar fresco y seco. 12\u00ba-17\u00baC.<\/strong><\/p>","protected":false},"excerpt":{"rendered":"<p>Satisfy your senses with exquisite combinations of natural fruit and chocolate: strawberry, pineapple, blueberry, orange, raspberry and fig.<\/p>","protected":false},"featured_media":436,"template":"","meta":{"_acf_changed":false,"inline_featured_image":false},"product_brand":[],"product_cat":[20,25],"product_tag":[],"class_list":{"0":"post-435","1":"product","2":"type-product","3":"status-publish","4":"has-post-thumbnail","6":"product_cat-chocolates-y-fruites","7":"product_cat-fruit-chocolates","9":"first","10":"instock","11":"taxable","12":"shipping-taxable","13":"purchasable","14":"product-type-simple"},"acf":[],"yoast_head":"<!-- This site is optimized with the Yoast SEO plugin v26.5 - https:\/\/yoast.com\/wordpress\/plugins\/seo\/ -->\n<title>Fruit Chocolate 6 Variedades | Pablo Garrig\u00f3s Ib\u00e1\u00f1ez<\/title>\n<meta name=\"description\" content=\"Descubre las Fruit Chocolate 6 variedades. Deliciosos bombones rellenos de fruta y cubiertos con el m\u00e1s delicioso chocolate fondant.\" \/>\n<meta name=\"robots\" content=\"index, follow, max-snippet:-1, max-image-preview:large, max-video-preview:-1\" \/>\n<link rel=\"canonical\" href=\"https:\/\/pablogarrigos.com\/en\/chocolates-y-fruites\/fruit-chocolates\/fruit-chocolate-6-variedades-250-g\/\" \/>\n<meta property=\"og:locale\" content=\"en_US\" \/>\n<meta property=\"og:type\" content=\"article\" \/>\n<meta property=\"og:title\" content=\"Fruit Chocolate 6 Variedades | Pablo Garrig\u00f3s Ib\u00e1\u00f1ez\" \/>\n<meta property=\"og:description\" content=\"Descubre las Fruit Chocolate 6 variedades. Deliciosos bombones rellenos de fruta y cubiertos con el m\u00e1s delicioso chocolate fondant.\" \/>\n<meta property=\"og:url\" content=\"https:\/\/pablogarrigos.com\/en\/chocolates-y-fruites\/fruit-chocolates\/fruit-chocolate-6-variedades-250-g\/\" \/>\n<meta property=\"og:site_name\" content=\"Pablo Garrig\u00f3s Iba\u00f1ez\" \/>\n<meta property=\"article:modified_time\" content=\"2025-11-13T11:24:46+00:00\" \/>\n<meta property=\"og:image\" content=\"https:\/\/pablogarrigos.com\/wp-content\/uploads\/2024\/02\/fruit-chocolate-6-variedades-250-g.jpg\" \/>\n\t<meta property=\"og:image:width\" content=\"600\" \/>\n\t<meta property=\"og:image:height\" content=\"600\" \/>\n\t<meta property=\"og:image:type\" content=\"image\/jpeg\" \/>\n<meta name=\"twitter:card\" content=\"summary_large_image\" \/>\n<meta name=\"twitter:label1\" content=\"Est. reading time\" \/>\n\t<meta name=\"twitter:data1\" content=\"3 minutes\" \/>\n<script type=\"application\/ld+json\" class=\"yoast-schema-graph\">{\"@context\":\"https:\/\/schema.org\",\"@graph\":[{\"@type\":\"WebPage\",\"@id\":\"https:\/\/pablogarrigos.com\/chocolates-y-fruites\/fruit-chocolates\/fruit-chocolate-6-variedades-250-g\/\",\"url\":\"https:\/\/pablogarrigos.com\/chocolates-y-fruites\/fruit-chocolates\/fruit-chocolate-6-variedades-250-g\/\",\"name\":\"Fruit Chocolate 6 Variedades | Pablo Garrig\u00f3s Ib\u00e1\u00f1ez\",\"isPartOf\":{\"@id\":\"https:\/\/pablogarrigos.com\/#website\"},\"primaryImageOfPage\":{\"@id\":\"https:\/\/pablogarrigos.com\/chocolates-y-fruites\/fruit-chocolates\/fruit-chocolate-6-variedades-250-g\/#primaryimage\"},\"image\":{\"@id\":\"https:\/\/pablogarrigos.com\/chocolates-y-fruites\/fruit-chocolates\/fruit-chocolate-6-variedades-250-g\/#primaryimage\"},\"thumbnailUrl\":\"https:\/\/pablogarrigos.com\/wp-content\/uploads\/2024\/02\/fruit-chocolate-6-variedades-250-g.jpg\",\"datePublished\":\"2024-02-20T19:10:57+00:00\",\"dateModified\":\"2025-11-13T11:24:46+00:00\",\"description\":\"Descubre las Fruit Chocolate 6 variedades. Deliciosos bombones rellenos de fruta y cubiertos con el m\u00e1s delicioso chocolate fondant.\",\"breadcrumb\":{\"@id\":\"https:\/\/pablogarrigos.com\/chocolates-y-fruites\/fruit-chocolates\/fruit-chocolate-6-variedades-250-g\/#breadcrumb\"},\"inLanguage\":\"en-US\",\"potentialAction\":[{\"@type\":\"ReadAction\",\"target\":[\"https:\/\/pablogarrigos.com\/chocolates-y-fruites\/fruit-chocolates\/fruit-chocolate-6-variedades-250-g\/\"]}]},{\"@type\":\"ImageObject\",\"inLanguage\":\"en-US\",\"@id\":\"https:\/\/pablogarrigos.com\/chocolates-y-fruites\/fruit-chocolates\/fruit-chocolate-6-variedades-250-g\/#primaryimage\",\"url\":\"https:\/\/pablogarrigos.com\/wp-content\/uploads\/2024\/02\/fruit-chocolate-6-variedades-250-g.jpg\",\"contentUrl\":\"https:\/\/pablogarrigos.com\/wp-content\/uploads\/2024\/02\/fruit-chocolate-6-variedades-250-g.jpg\",\"width\":600,\"height\":600},{\"@type\":\"BreadcrumbList\",\"@id\":\"https:\/\/pablogarrigos.com\/chocolates-y-fruites\/fruit-chocolates\/fruit-chocolate-6-variedades-250-g\/#breadcrumb\",\"itemListElement\":[{\"@type\":\"ListItem\",\"position\":1,\"name\":\"Home\",\"item\":\"https:\/\/pablogarrigos.com\/en\/\"},{\"@type\":\"ListItem\",\"position\":2,\"name\":\"Tienda\",\"item\":\"https:\/\/pablogarrigos.com\/en\/tienda\/\"},{\"@type\":\"ListItem\",\"position\":3,\"name\":\"Fruit Chocolate 6 variedades 250g\"}]},{\"@type\":\"WebSite\",\"@id\":\"https:\/\/pablogarrigos.com\/#website\",\"url\":\"https:\/\/pablogarrigos.com\/\",\"name\":\"Pablo Garrig\u00f3s Iba\u00f1ez\",\"description\":\"El Sentido del Gusto\",\"publisher\":{\"@id\":\"https:\/\/pablogarrigos.com\/#organization\"},\"potentialAction\":[{\"@type\":\"SearchAction\",\"target\":{\"@type\":\"EntryPoint\",\"urlTemplate\":\"https:\/\/pablogarrigos.com\/?s={search_term_string}\"},\"query-input\":{\"@type\":\"PropertyValueSpecification\",\"valueRequired\":true,\"valueName\":\"search_term_string\"}}],\"inLanguage\":\"en-US\"},{\"@type\":\"Organization\",\"@id\":\"https:\/\/pablogarrigos.com\/#organization\",\"name\":\"Pablo Garrig\u00f3s Iba\u00f1ez\",\"url\":\"https:\/\/pablogarrigos.com\/\",\"logo\":{\"@type\":\"ImageObject\",\"inLanguage\":\"en-US\",\"@id\":\"https:\/\/pablogarrigos.com\/#\/schema\/logo\/image\/\",\"url\":\"https:\/\/pablogarrigos.com\/wp-content\/uploads\/2024\/02\/logo-pablogarrigos.png\",\"contentUrl\":\"https:\/\/pablogarrigos.com\/wp-content\/uploads\/2024\/02\/logo-pablogarrigos.png\",\"width\":1247,\"height\":480,\"caption\":\"Pablo Garrig\u00f3s Iba\u00f1ez\"},\"image\":{\"@id\":\"https:\/\/pablogarrigos.com\/#\/schema\/logo\/image\/\"}}]}<\/script>\n<!-- \/ Yoast SEO plugin. -->","yoast_head_json":{"title":"Fruit Chocolate 6 Varieties : Pablo Garrig\u00f3s Ib\u00e1\u00f1ez","description":"Discover Fruit Chocolate 6 varieties. Delicious chocolates filled with fruit and covered with the most delicious fondant chocolate.","robots":{"index":"index","follow":"follow","max-snippet":"max-snippet:-1","max-image-preview":"max-image-preview:large","max-video-preview":"max-video-preview:-1"},"canonical":"https:\/\/pablogarrigos.com\/en\/chocolates-y-fruites\/fruit-chocolates\/fruit-chocolate-6-variedades-250-g\/","og_locale":"en_US","og_type":"article","og_title":"Fruit Chocolate 6 Variedades | Pablo Garrig\u00f3s Ib\u00e1\u00f1ez","og_description":"Descubre las Fruit Chocolate 6 variedades. Deliciosos bombones rellenos de fruta y cubiertos con el m\u00e1s delicioso chocolate fondant.","og_url":"https:\/\/pablogarrigos.com\/en\/chocolates-y-fruites\/fruit-chocolates\/fruit-chocolate-6-variedades-250-g\/","og_site_name":"Pablo Garrig\u00f3s Iba\u00f1ez","article_modified_time":"2025-11-13T11:24:46+00:00","og_image":[{"width":600,"height":600,"url":"https:\/\/pablogarrigos.com\/wp-content\/uploads\/2024\/02\/fruit-chocolate-6-variedades-250-g.jpg","type":"image\/jpeg"}],"twitter_card":"summary_large_image","twitter_misc":{"Est. reading time":"3 minutes"},"schema":{"@context":"https:\/\/schema.org","@graph":[{"@type":"WebPage","@id":"https:\/\/pablogarrigos.com\/chocolates-y-fruites\/fruit-chocolates\/fruit-chocolate-6-variedades-250-g\/","url":"https:\/\/pablogarrigos.com\/chocolates-y-fruites\/fruit-chocolates\/fruit-chocolate-6-variedades-250-g\/","name":"Fruit Chocolate 6 Varieties : Pablo Garrig\u00f3s Ib\u00e1\u00f1ez","isPartOf":{"@id":"https:\/\/pablogarrigos.com\/#website"},"primaryImageOfPage":{"@id":"https:\/\/pablogarrigos.com\/chocolates-y-fruites\/fruit-chocolates\/fruit-chocolate-6-variedades-250-g\/#primaryimage"},"image":{"@id":"https:\/\/pablogarrigos.com\/chocolates-y-fruites\/fruit-chocolates\/fruit-chocolate-6-variedades-250-g\/#primaryimage"},"thumbnailUrl":"https:\/\/pablogarrigos.com\/wp-content\/uploads\/2024\/02\/fruit-chocolate-6-variedades-250-g.jpg","datePublished":"2024-02-20T19:10:57+00:00","dateModified":"2025-11-13T11:24:46+00:00","description":"Discover Fruit Chocolate 6 varieties. Delicious chocolates filled with fruit and covered with the most delicious fondant chocolate.","breadcrumb":{"@id":"https:\/\/pablogarrigos.com\/chocolates-y-fruites\/fruit-chocolates\/fruit-chocolate-6-variedades-250-g\/#breadcrumb"},"inLanguage":"en-US","potentialAction":[{"@type":"ReadAction","target":["https:\/\/pablogarrigos.com\/chocolates-y-fruites\/fruit-chocolates\/fruit-chocolate-6-variedades-250-g\/"]}]},{"@type":"ImageObject","inLanguage":"en-US","@id":"https:\/\/pablogarrigos.com\/chocolates-y-fruites\/fruit-chocolates\/fruit-chocolate-6-variedades-250-g\/#primaryimage","url":"https:\/\/pablogarrigos.com\/wp-content\/uploads\/2024\/02\/fruit-chocolate-6-variedades-250-g.jpg","contentUrl":"https:\/\/pablogarrigos.com\/wp-content\/uploads\/2024\/02\/fruit-chocolate-6-variedades-250-g.jpg","width":600,"height":600},{"@type":"BreadcrumbList","@id":"https:\/\/pablogarrigos.com\/chocolates-y-fruites\/fruit-chocolates\/fruit-chocolate-6-variedades-250-g\/#breadcrumb","itemListElement":[{"@type":"ListItem","position":1,"name":"Home","item":"https:\/\/pablogarrigos.com\/en\/"},{"@type":"ListItem","position":2,"name":"Tienda","item":"https:\/\/pablogarrigos.com\/en\/tienda\/"},{"@type":"ListItem","position":3,"name":"Fruit Chocolate 6 variedades 250g"}]},{"@type":"WebSite","@id":"https:\/\/pablogarrigos.com\/#website","url":"https:\/\/pablogarrigos.com\/","name":"Pablo Garrig\u00f3s Iba\u00f1ez","description":"The Sense of Taste","publisher":{"@id":"https:\/\/pablogarrigos.com\/#organization"},"potentialAction":[{"@type":"SearchAction","target":{"@type":"EntryPoint","urlTemplate":"https:\/\/pablogarrigos.com\/?s={search_term_string}"},"query-input":{"@type":"PropertyValueSpecification","valueRequired":true,"valueName":"search_term_string"}}],"inLanguage":"en-US"},{"@type":"Organization","@id":"https:\/\/pablogarrigos.com\/#organization","name":"Pablo Garrig\u00f3s Iba\u00f1ez","url":"https:\/\/pablogarrigos.com\/","logo":{"@type":"ImageObject","inLanguage":"en-US","@id":"https:\/\/pablogarrigos.com\/#\/schema\/logo\/image\/","url":"https:\/\/pablogarrigos.com\/wp-content\/uploads\/2024\/02\/logo-pablogarrigos.png","contentUrl":"https:\/\/pablogarrigos.com\/wp-content\/uploads\/2024\/02\/logo-pablogarrigos.png","width":1247,"height":480,"caption":"Pablo Garrig\u00f3s Iba\u00f1ez"},"image":{"@id":"https:\/\/pablogarrigos.com\/#\/schema\/logo\/image\/"}}]}},"_links":{"self":[{"href":"https:\/\/pablogarrigos.com\/en\/wp-json\/wp\/v2\/product\/435","targetHints":{"allow":["GET"]}}],"collection":[{"href":"https:\/\/pablogarrigos.com\/en\/wp-json\/wp\/v2\/product"}],"about":[{"href":"https:\/\/pablogarrigos.com\/en\/wp-json\/wp\/v2\/types\/product"}],"wp:featuredmedia":[{"embeddable":true,"href":"https:\/\/pablogarrigos.com\/en\/wp-json\/wp\/v2\/media\/436"}],"wp:attachment":[{"href":"https:\/\/pablogarrigos.com\/en\/wp-json\/wp\/v2\/media?parent=435"}],"wp:term":[{"taxonomy":"product_brand","embeddable":true,"href":"https:\/\/pablogarrigos.com\/en\/wp-json\/wp\/v2\/product_brand?post=435"},{"taxonomy":"product_cat","embeddable":true,"href":"https:\/\/pablogarrigos.com\/en\/wp-json\/wp\/v2\/product_cat?post=435"},{"taxonomy":"product_tag","embeddable":true,"href":"https:\/\/pablogarrigos.com\/en\/wp-json\/wp\/v2\/product_tag?post=435"}],"curies":[{"name":"wp","href":"https:\/\/api.w.org\/{rel}","templated":true}]}}