{"id":424,"date":"2024-02-20T20:09:57","date_gmt":"2024-02-20T19:09:57","guid":{"rendered":"https:\/\/pablogarrigos.com\/index.php\/product\/orangettes-chocolate-fondant-120-g\/"},"modified":"2025-10-06T08:11:48","modified_gmt":"2025-10-06T06:11:48","slug":"orangettes-chocolate-fondant-120-g","status":"publish","type":"product","link":"https:\/\/pablogarrigos.com\/en\/chocolates-y-fruites\/fruit-chocolates\/orangettes-chocolate-fondant-120-g\/","title":{"rendered":"Orangettes Chocolate Fondant 120g"},"content":{"rendered":"<p>Sugar, cocoa mass, orange peel, cocoa butter, glucose and fructose syrup, emulsifier (cocoa lecithin, cocoa butter), cocoa butter, glucose and fructose syrup, emulsifier (cocoa butter lecithin). <strong>soybeans<\/strong>), natural vanilla flavor, acidity regulator (citric acid), preservatives (potassium sorbate and sodium bisulfite). Minimum cocoa 52%. <strong>Contains sulfites. May contain traces of milk and hazelnut.<\/strong><\/p>","protected":false},"excerpt":{"rendered":"<p>Delicious candied orange dipped in chocolate by Pablo Garrig\u00f3s Ib\u00e1\u00f1ez. An authentic Mediterranean sensation in 120 grams format.<\/p>","protected":false},"featured_media":425,"template":"","meta":{"_acf_changed":false,"inline_featured_image":false},"product_brand":[],"product_cat":[20,25],"product_tag":[],"class_list":{"0":"post-424","1":"product","2":"type-product","3":"status-publish","4":"has-post-thumbnail","6":"product_cat-chocolates-y-fruites","7":"product_cat-fruit-chocolates","9":"first","10":"instock","11":"taxable","12":"shipping-taxable","13":"purchasable","14":"product-type-simple"},"acf":[],"yoast_head":"<!-- This site is optimized with the Yoast SEO plugin v26.5 - https:\/\/yoast.com\/wordpress\/plugins\/seo\/ -->\n<title>Orangettes Chocolate Fondant | Delicias de Pablo Garrig\u00f3s Ib\u00e1\u00f1ez<\/title>\n<meta name=\"description\" content=\"Sum\u00e9rgete en la esencia del Mediterr\u00e1neo con las Orangettes Chocolate Fondant de Pablo Garrig\u00f3s Ib\u00e1\u00f1ez. Disfruta de la perfecta combinaci\u00f3n de naranja confitada y chocolate en cada bocado de este exquisito manjar de 120 gramos.\" \/>\n<meta name=\"robots\" content=\"index, follow, max-snippet:-1, max-image-preview:large, max-video-preview:-1\" \/>\n<link rel=\"canonical\" href=\"https:\/\/pablogarrigos.com\/en\/chocolates-y-fruites\/fruit-chocolates\/orangettes-chocolate-fondant-120-g\/\" \/>\n<meta property=\"og:locale\" content=\"en_US\" \/>\n<meta property=\"og:type\" content=\"article\" \/>\n<meta property=\"og:title\" content=\"Orangettes Chocolate Fondant | Delicias de Pablo Garrig\u00f3s Ib\u00e1\u00f1ez\" \/>\n<meta property=\"og:description\" content=\"Sum\u00e9rgete en la esencia del Mediterr\u00e1neo con las Orangettes Chocolate Fondant de Pablo Garrig\u00f3s Ib\u00e1\u00f1ez. Disfruta de la perfecta combinaci\u00f3n de naranja confitada y chocolate en cada bocado de este exquisito manjar de 120 gramos.\" \/>\n<meta property=\"og:url\" content=\"https:\/\/pablogarrigos.com\/en\/chocolates-y-fruites\/fruit-chocolates\/orangettes-chocolate-fondant-120-g\/\" \/>\n<meta property=\"og:site_name\" content=\"Pablo Garrig\u00f3s Iba\u00f1ez\" \/>\n<meta property=\"article:modified_time\" content=\"2025-10-06T06:11:48+00:00\" \/>\n<meta property=\"og:image\" content=\"https:\/\/pablogarrigos.com\/wp-content\/uploads\/2024\/02\/orangettes-chocolate-fondant-120.jpg\" \/>\n\t<meta property=\"og:image:width\" content=\"600\" \/>\n\t<meta property=\"og:image:height\" content=\"600\" \/>\n\t<meta property=\"og:image:type\" content=\"image\/jpeg\" \/>\n<meta name=\"twitter:card\" content=\"summary_large_image\" \/>\n<meta name=\"twitter:label1\" content=\"Est. reading time\" \/>\n\t<meta name=\"twitter:data1\" content=\"1 minute\" \/>\n<script type=\"application\/ld+json\" class=\"yoast-schema-graph\">{\"@context\":\"https:\/\/schema.org\",\"@graph\":[{\"@type\":\"WebPage\",\"@id\":\"https:\/\/pablogarrigos.com\/chocolates-y-fruites\/fruit-chocolates\/orangettes-chocolate-fondant-120-g\/\",\"url\":\"https:\/\/pablogarrigos.com\/chocolates-y-fruites\/fruit-chocolates\/orangettes-chocolate-fondant-120-g\/\",\"name\":\"Orangettes Chocolate Fondant | Delicias de Pablo Garrig\u00f3s Ib\u00e1\u00f1ez\",\"isPartOf\":{\"@id\":\"https:\/\/pablogarrigos.com\/#website\"},\"primaryImageOfPage\":{\"@id\":\"https:\/\/pablogarrigos.com\/chocolates-y-fruites\/fruit-chocolates\/orangettes-chocolate-fondant-120-g\/#primaryimage\"},\"image\":{\"@id\":\"https:\/\/pablogarrigos.com\/chocolates-y-fruites\/fruit-chocolates\/orangettes-chocolate-fondant-120-g\/#primaryimage\"},\"thumbnailUrl\":\"https:\/\/pablogarrigos.com\/wp-content\/uploads\/2024\/02\/orangettes-chocolate-fondant-120.jpg\",\"datePublished\":\"2024-02-20T19:09:57+00:00\",\"dateModified\":\"2025-10-06T06:11:48+00:00\",\"description\":\"Sum\u00e9rgete en la esencia del Mediterr\u00e1neo con las Orangettes Chocolate Fondant de Pablo Garrig\u00f3s Ib\u00e1\u00f1ez. Disfruta de la perfecta combinaci\u00f3n de naranja confitada y chocolate en cada bocado de este exquisito manjar de 120 gramos.\",\"breadcrumb\":{\"@id\":\"https:\/\/pablogarrigos.com\/chocolates-y-fruites\/fruit-chocolates\/orangettes-chocolate-fondant-120-g\/#breadcrumb\"},\"inLanguage\":\"en-US\",\"potentialAction\":[{\"@type\":\"ReadAction\",\"target\":[\"https:\/\/pablogarrigos.com\/chocolates-y-fruites\/fruit-chocolates\/orangettes-chocolate-fondant-120-g\/\"]}]},{\"@type\":\"ImageObject\",\"inLanguage\":\"en-US\",\"@id\":\"https:\/\/pablogarrigos.com\/chocolates-y-fruites\/fruit-chocolates\/orangettes-chocolate-fondant-120-g\/#primaryimage\",\"url\":\"https:\/\/pablogarrigos.com\/wp-content\/uploads\/2024\/02\/orangettes-chocolate-fondant-120.jpg\",\"contentUrl\":\"https:\/\/pablogarrigos.com\/wp-content\/uploads\/2024\/02\/orangettes-chocolate-fondant-120.jpg\",\"width\":600,\"height\":600},{\"@type\":\"BreadcrumbList\",\"@id\":\"https:\/\/pablogarrigos.com\/chocolates-y-fruites\/fruit-chocolates\/orangettes-chocolate-fondant-120-g\/#breadcrumb\",\"itemListElement\":[{\"@type\":\"ListItem\",\"position\":1,\"name\":\"Home\",\"item\":\"https:\/\/pablogarrigos.com\/en\/\"},{\"@type\":\"ListItem\",\"position\":2,\"name\":\"Tienda\",\"item\":\"https:\/\/pablogarrigos.com\/en\/tienda\/\"},{\"@type\":\"ListItem\",\"position\":3,\"name\":\"Orangettes Chocolate Fondant 120g\"}]},{\"@type\":\"WebSite\",\"@id\":\"https:\/\/pablogarrigos.com\/#website\",\"url\":\"https:\/\/pablogarrigos.com\/\",\"name\":\"Pablo Garrig\u00f3s Iba\u00f1ez\",\"description\":\"El Sentido del Gusto\",\"publisher\":{\"@id\":\"https:\/\/pablogarrigos.com\/#organization\"},\"potentialAction\":[{\"@type\":\"SearchAction\",\"target\":{\"@type\":\"EntryPoint\",\"urlTemplate\":\"https:\/\/pablogarrigos.com\/?s={search_term_string}\"},\"query-input\":{\"@type\":\"PropertyValueSpecification\",\"valueRequired\":true,\"valueName\":\"search_term_string\"}}],\"inLanguage\":\"en-US\"},{\"@type\":\"Organization\",\"@id\":\"https:\/\/pablogarrigos.com\/#organization\",\"name\":\"Pablo Garrig\u00f3s Iba\u00f1ez\",\"url\":\"https:\/\/pablogarrigos.com\/\",\"logo\":{\"@type\":\"ImageObject\",\"inLanguage\":\"en-US\",\"@id\":\"https:\/\/pablogarrigos.com\/#\/schema\/logo\/image\/\",\"url\":\"https:\/\/pablogarrigos.com\/wp-content\/uploads\/2024\/02\/logo-pablogarrigos.png\",\"contentUrl\":\"https:\/\/pablogarrigos.com\/wp-content\/uploads\/2024\/02\/logo-pablogarrigos.png\",\"width\":1247,\"height\":480,\"caption\":\"Pablo Garrig\u00f3s Iba\u00f1ez\"},\"image\":{\"@id\":\"https:\/\/pablogarrigos.com\/#\/schema\/logo\/image\/\"}}]}<\/script>\n<!-- \/ Yoast SEO plugin. -->","yoast_head_json":{"title":"Orangettes Chocolate Fondant | Delights of Pablo Garrig\u00f3s Ib\u00e1\u00f1ez","description":"Immerse yourself in the essence of the Mediterranean with Orangettes Chocolate Fondant by Pablo Garrig\u00f3s Ib\u00e1\u00f1ez. Enjoy the perfect combination of candied orange and chocolate in every bite of this exquisite delicacy of 120 grams.","robots":{"index":"index","follow":"follow","max-snippet":"max-snippet:-1","max-image-preview":"max-image-preview:large","max-video-preview":"max-video-preview:-1"},"canonical":"https:\/\/pablogarrigos.com\/en\/chocolates-y-fruites\/fruit-chocolates\/orangettes-chocolate-fondant-120-g\/","og_locale":"en_US","og_type":"article","og_title":"Orangettes Chocolate Fondant | Delicias de Pablo Garrig\u00f3s Ib\u00e1\u00f1ez","og_description":"Sum\u00e9rgete en la esencia del Mediterr\u00e1neo con las Orangettes Chocolate Fondant de Pablo Garrig\u00f3s Ib\u00e1\u00f1ez. Disfruta de la perfecta combinaci\u00f3n de naranja confitada y chocolate en cada bocado de este exquisito manjar de 120 gramos.","og_url":"https:\/\/pablogarrigos.com\/en\/chocolates-y-fruites\/fruit-chocolates\/orangettes-chocolate-fondant-120-g\/","og_site_name":"Pablo Garrig\u00f3s Iba\u00f1ez","article_modified_time":"2025-10-06T06:11:48+00:00","og_image":[{"width":600,"height":600,"url":"https:\/\/pablogarrigos.com\/wp-content\/uploads\/2024\/02\/orangettes-chocolate-fondant-120.jpg","type":"image\/jpeg"}],"twitter_card":"summary_large_image","twitter_misc":{"Est. reading time":"1 minute"},"schema":{"@context":"https:\/\/schema.org","@graph":[{"@type":"WebPage","@id":"https:\/\/pablogarrigos.com\/chocolates-y-fruites\/fruit-chocolates\/orangettes-chocolate-fondant-120-g\/","url":"https:\/\/pablogarrigos.com\/chocolates-y-fruites\/fruit-chocolates\/orangettes-chocolate-fondant-120-g\/","name":"Orangettes Chocolate Fondant | Delights of Pablo Garrig\u00f3s Ib\u00e1\u00f1ez","isPartOf":{"@id":"https:\/\/pablogarrigos.com\/#website"},"primaryImageOfPage":{"@id":"https:\/\/pablogarrigos.com\/chocolates-y-fruites\/fruit-chocolates\/orangettes-chocolate-fondant-120-g\/#primaryimage"},"image":{"@id":"https:\/\/pablogarrigos.com\/chocolates-y-fruites\/fruit-chocolates\/orangettes-chocolate-fondant-120-g\/#primaryimage"},"thumbnailUrl":"https:\/\/pablogarrigos.com\/wp-content\/uploads\/2024\/02\/orangettes-chocolate-fondant-120.jpg","datePublished":"2024-02-20T19:09:57+00:00","dateModified":"2025-10-06T06:11:48+00:00","description":"Immerse yourself in the essence of the Mediterranean with Orangettes Chocolate Fondant by Pablo Garrig\u00f3s Ib\u00e1\u00f1ez. Enjoy the perfect combination of candied orange and chocolate in every bite of this exquisite delicacy of 120 grams.","breadcrumb":{"@id":"https:\/\/pablogarrigos.com\/chocolates-y-fruites\/fruit-chocolates\/orangettes-chocolate-fondant-120-g\/#breadcrumb"},"inLanguage":"en-US","potentialAction":[{"@type":"ReadAction","target":["https:\/\/pablogarrigos.com\/chocolates-y-fruites\/fruit-chocolates\/orangettes-chocolate-fondant-120-g\/"]}]},{"@type":"ImageObject","inLanguage":"en-US","@id":"https:\/\/pablogarrigos.com\/chocolates-y-fruites\/fruit-chocolates\/orangettes-chocolate-fondant-120-g\/#primaryimage","url":"https:\/\/pablogarrigos.com\/wp-content\/uploads\/2024\/02\/orangettes-chocolate-fondant-120.jpg","contentUrl":"https:\/\/pablogarrigos.com\/wp-content\/uploads\/2024\/02\/orangettes-chocolate-fondant-120.jpg","width":600,"height":600},{"@type":"BreadcrumbList","@id":"https:\/\/pablogarrigos.com\/chocolates-y-fruites\/fruit-chocolates\/orangettes-chocolate-fondant-120-g\/#breadcrumb","itemListElement":[{"@type":"ListItem","position":1,"name":"Home","item":"https:\/\/pablogarrigos.com\/en\/"},{"@type":"ListItem","position":2,"name":"Tienda","item":"https:\/\/pablogarrigos.com\/en\/tienda\/"},{"@type":"ListItem","position":3,"name":"Orangettes Chocolate Fondant 120g"}]},{"@type":"WebSite","@id":"https:\/\/pablogarrigos.com\/#website","url":"https:\/\/pablogarrigos.com\/","name":"Pablo Garrig\u00f3s Iba\u00f1ez","description":"The Sense of Taste","publisher":{"@id":"https:\/\/pablogarrigos.com\/#organization"},"potentialAction":[{"@type":"SearchAction","target":{"@type":"EntryPoint","urlTemplate":"https:\/\/pablogarrigos.com\/?s={search_term_string}"},"query-input":{"@type":"PropertyValueSpecification","valueRequired":true,"valueName":"search_term_string"}}],"inLanguage":"en-US"},{"@type":"Organization","@id":"https:\/\/pablogarrigos.com\/#organization","name":"Pablo Garrig\u00f3s Iba\u00f1ez","url":"https:\/\/pablogarrigos.com\/","logo":{"@type":"ImageObject","inLanguage":"en-US","@id":"https:\/\/pablogarrigos.com\/#\/schema\/logo\/image\/","url":"https:\/\/pablogarrigos.com\/wp-content\/uploads\/2024\/02\/logo-pablogarrigos.png","contentUrl":"https:\/\/pablogarrigos.com\/wp-content\/uploads\/2024\/02\/logo-pablogarrigos.png","width":1247,"height":480,"caption":"Pablo Garrig\u00f3s Iba\u00f1ez"},"image":{"@id":"https:\/\/pablogarrigos.com\/#\/schema\/logo\/image\/"}}]}},"_links":{"self":[{"href":"https:\/\/pablogarrigos.com\/en\/wp-json\/wp\/v2\/product\/424","targetHints":{"allow":["GET"]}}],"collection":[{"href":"https:\/\/pablogarrigos.com\/en\/wp-json\/wp\/v2\/product"}],"about":[{"href":"https:\/\/pablogarrigos.com\/en\/wp-json\/wp\/v2\/types\/product"}],"wp:featuredmedia":[{"embeddable":true,"href":"https:\/\/pablogarrigos.com\/en\/wp-json\/wp\/v2\/media\/425"}],"wp:attachment":[{"href":"https:\/\/pablogarrigos.com\/en\/wp-json\/wp\/v2\/media?parent=424"}],"wp:term":[{"taxonomy":"product_brand","embeddable":true,"href":"https:\/\/pablogarrigos.com\/en\/wp-json\/wp\/v2\/product_brand?post=424"},{"taxonomy":"product_cat","embeddable":true,"href":"https:\/\/pablogarrigos.com\/en\/wp-json\/wp\/v2\/product_cat?post=424"},{"taxonomy":"product_tag","embeddable":true,"href":"https:\/\/pablogarrigos.com\/en\/wp-json\/wp\/v2\/product_tag?post=424"}],"curies":[{"name":"wp","href":"https:\/\/api.w.org\/{rel}","templated":true}]}}