{"id":403,"date":"2024-02-20T19:04:57","date_gmt":"2024-02-20T18:04:57","guid":{"rendered":"https:\/\/pablogarrigos.com\/index.php\/product\/almendras-rellenas-delicatessen-200-g\/"},"modified":"2025-11-13T11:31:20","modified_gmt":"2025-11-13T10:31:20","slug":"almendras-rellenas-delicatessen-200-g","status":"publish","type":"product","link":"https:\/\/pablogarrigos.com\/en\/pasteleria\/pasteleria-delicatessen\/almendras-rellenas-delicatessen-200-g\/","title":{"rendered":"Stuffed Almonds Delicatessen 200g"},"content":{"rendered":"<p>Stone-baked nougat 90% (<strong>almond<\/strong> 60%, sugar, lemon zest and cinnamon) and 10% wafer (flour, sugar, lemon peel and cinnamon) and 10% wafer (flour, sugar, lemon peel and cinnamon) and 10% wafer (sugar and cinnamon). <strong>wheat<\/strong>emulsifier (vegetable oil lecithin), emulsifier (vegetable oil lecithin), emulsifier (vegetable oil lecithin) and <strong>soybeans<\/strong>), raising agent (sodium bicarbonate). <strong>Contains soy and cereals with gluten. May contain traces of egg.<\/strong><\/p>\n<p><strong>Conservar en un lugar fresco y seco. 18\u00ba-22\u00baC.<\/strong><\/p>","protected":false},"excerpt":{"rendered":"<p>Delicious almonds stuffed with stone ground nougat from the Delicatessen range presented in an elegant 200 grams box. Each box of almonds stuffed with stone ground nougat includes 10 units.<\/p>","protected":false},"featured_media":404,"template":"","meta":{"_acf_changed":false,"inline_featured_image":false},"product_brand":[],"product_cat":[16,23],"product_tag":[],"class_list":{"0":"post-403","1":"product","2":"type-product","3":"status-publish","4":"has-post-thumbnail","6":"product_cat-pasteleria","7":"product_cat-pasteleria-delicatessen","9":"first","10":"instock","11":"taxable","12":"shipping-taxable","13":"purchasable","14":"product-type-simple"},"acf":[],"yoast_head":"<!-- This site is optimized with the Yoast SEO plugin v26.5 - https:\/\/yoast.com\/wordpress\/plugins\/seo\/ -->\n<title>Almendras Rellenas Delicatessen | Pablo Garrig\u00f3s Ib\u00e1\u00f1ez<\/title>\n<meta name=\"description\" content=\"Saborea la exclusividad de las Almendras Rellenas Delicatessen de Pablo Garrig\u00f3s Ib\u00e1\u00f1ez, rellenas de turr\u00f3n a la piedra. Presentadas en una elegante caja de 200 gramos con 10 unidades, son el regalo perfecto para los amantes del buen gusto.\" \/>\n<meta name=\"robots\" content=\"index, follow, max-snippet:-1, max-image-preview:large, max-video-preview:-1\" \/>\n<link rel=\"canonical\" href=\"https:\/\/pablogarrigos.com\/en\/pasteleria\/pasteleria-delicatessen\/almendras-rellenas-delicatessen-200-g\/\" \/>\n<meta property=\"og:locale\" content=\"en_US\" \/>\n<meta property=\"og:type\" content=\"article\" \/>\n<meta property=\"og:title\" content=\"Almendras Rellenas Delicatessen | Pablo Garrig\u00f3s Ib\u00e1\u00f1ez\" \/>\n<meta property=\"og:description\" content=\"Saborea la exclusividad de las Almendras Rellenas Delicatessen de Pablo Garrig\u00f3s Ib\u00e1\u00f1ez, rellenas de turr\u00f3n a la piedra. Presentadas en una elegante caja de 200 gramos con 10 unidades, son el regalo perfecto para los amantes del buen gusto.\" \/>\n<meta property=\"og:url\" content=\"https:\/\/pablogarrigos.com\/en\/pasteleria\/pasteleria-delicatessen\/almendras-rellenas-delicatessen-200-g\/\" \/>\n<meta property=\"og:site_name\" content=\"Pablo Garrig\u00f3s Iba\u00f1ez\" \/>\n<meta property=\"article:modified_time\" content=\"2025-11-13T10:31:20+00:00\" \/>\n<meta property=\"og:image\" content=\"https:\/\/pablogarrigos.com\/wp-content\/uploads\/2024\/02\/almendras-rellenas-delicatessen-200-g.jpg\" \/>\n\t<meta property=\"og:image:width\" content=\"600\" \/>\n\t<meta property=\"og:image:height\" content=\"600\" \/>\n\t<meta property=\"og:image:type\" content=\"image\/jpeg\" \/>\n<meta name=\"twitter:card\" content=\"summary_large_image\" \/>\n<meta name=\"twitter:label1\" content=\"Est. reading time\" \/>\n\t<meta name=\"twitter:data1\" content=\"1 minute\" \/>\n<script type=\"application\/ld+json\" class=\"yoast-schema-graph\">{\"@context\":\"https:\/\/schema.org\",\"@graph\":[{\"@type\":\"WebPage\",\"@id\":\"https:\/\/pablogarrigos.com\/pasteleria\/pasteleria-delicatessen\/almendras-rellenas-delicatessen-200-g\/\",\"url\":\"https:\/\/pablogarrigos.com\/pasteleria\/pasteleria-delicatessen\/almendras-rellenas-delicatessen-200-g\/\",\"name\":\"Almendras Rellenas Delicatessen | Pablo Garrig\u00f3s Ib\u00e1\u00f1ez\",\"isPartOf\":{\"@id\":\"https:\/\/pablogarrigos.com\/#website\"},\"primaryImageOfPage\":{\"@id\":\"https:\/\/pablogarrigos.com\/pasteleria\/pasteleria-delicatessen\/almendras-rellenas-delicatessen-200-g\/#primaryimage\"},\"image\":{\"@id\":\"https:\/\/pablogarrigos.com\/pasteleria\/pasteleria-delicatessen\/almendras-rellenas-delicatessen-200-g\/#primaryimage\"},\"thumbnailUrl\":\"https:\/\/pablogarrigos.com\/wp-content\/uploads\/2024\/02\/almendras-rellenas-delicatessen-200-g.jpg\",\"datePublished\":\"2024-02-20T18:04:57+00:00\",\"dateModified\":\"2025-11-13T10:31:20+00:00\",\"description\":\"Saborea la exclusividad de las Almendras Rellenas Delicatessen de Pablo Garrig\u00f3s Ib\u00e1\u00f1ez, rellenas de turr\u00f3n a la piedra. Presentadas en una elegante caja de 200 gramos con 10 unidades, son el regalo perfecto para los amantes del buen gusto.\",\"breadcrumb\":{\"@id\":\"https:\/\/pablogarrigos.com\/pasteleria\/pasteleria-delicatessen\/almendras-rellenas-delicatessen-200-g\/#breadcrumb\"},\"inLanguage\":\"en-US\",\"potentialAction\":[{\"@type\":\"ReadAction\",\"target\":[\"https:\/\/pablogarrigos.com\/pasteleria\/pasteleria-delicatessen\/almendras-rellenas-delicatessen-200-g\/\"]}]},{\"@type\":\"ImageObject\",\"inLanguage\":\"en-US\",\"@id\":\"https:\/\/pablogarrigos.com\/pasteleria\/pasteleria-delicatessen\/almendras-rellenas-delicatessen-200-g\/#primaryimage\",\"url\":\"https:\/\/pablogarrigos.com\/wp-content\/uploads\/2024\/02\/almendras-rellenas-delicatessen-200-g.jpg\",\"contentUrl\":\"https:\/\/pablogarrigos.com\/wp-content\/uploads\/2024\/02\/almendras-rellenas-delicatessen-200-g.jpg\",\"width\":600,\"height\":600},{\"@type\":\"BreadcrumbList\",\"@id\":\"https:\/\/pablogarrigos.com\/pasteleria\/pasteleria-delicatessen\/almendras-rellenas-delicatessen-200-g\/#breadcrumb\",\"itemListElement\":[{\"@type\":\"ListItem\",\"position\":1,\"name\":\"Home\",\"item\":\"https:\/\/pablogarrigos.com\/en\/\"},{\"@type\":\"ListItem\",\"position\":2,\"name\":\"Tienda\",\"item\":\"https:\/\/pablogarrigos.com\/en\/tienda\/\"},{\"@type\":\"ListItem\",\"position\":3,\"name\":\"Almendras Rellenas Delicatessen 200g\"}]},{\"@type\":\"WebSite\",\"@id\":\"https:\/\/pablogarrigos.com\/#website\",\"url\":\"https:\/\/pablogarrigos.com\/\",\"name\":\"Pablo Garrig\u00f3s Iba\u00f1ez\",\"description\":\"El Sentido del Gusto\",\"publisher\":{\"@id\":\"https:\/\/pablogarrigos.com\/#organization\"},\"potentialAction\":[{\"@type\":\"SearchAction\",\"target\":{\"@type\":\"EntryPoint\",\"urlTemplate\":\"https:\/\/pablogarrigos.com\/?s={search_term_string}\"},\"query-input\":{\"@type\":\"PropertyValueSpecification\",\"valueRequired\":true,\"valueName\":\"search_term_string\"}}],\"inLanguage\":\"en-US\"},{\"@type\":\"Organization\",\"@id\":\"https:\/\/pablogarrigos.com\/#organization\",\"name\":\"Pablo Garrig\u00f3s Iba\u00f1ez\",\"url\":\"https:\/\/pablogarrigos.com\/\",\"logo\":{\"@type\":\"ImageObject\",\"inLanguage\":\"en-US\",\"@id\":\"https:\/\/pablogarrigos.com\/#\/schema\/logo\/image\/\",\"url\":\"https:\/\/pablogarrigos.com\/wp-content\/uploads\/2024\/02\/logo-pablogarrigos.png\",\"contentUrl\":\"https:\/\/pablogarrigos.com\/wp-content\/uploads\/2024\/02\/logo-pablogarrigos.png\",\"width\":1247,\"height\":480,\"caption\":\"Pablo Garrig\u00f3s Iba\u00f1ez\"},\"image\":{\"@id\":\"https:\/\/pablogarrigos.com\/#\/schema\/logo\/image\/\"}}]}<\/script>\n<!-- \/ Yoast SEO plugin. -->","yoast_head_json":{"title":"Stuffed Almonds Delicatessen | Pablo Garrig\u00f3s Ib\u00e1\u00f1ez","description":"Taste the exclusivity of Pablo Garrig\u00f3s Ib\u00e1\u00f1ez's Delicatessen Stuffed Almonds, filled with stone ground nougat. Presented in an elegant 200 grams box with 10 units, they are the perfect gift for lovers of good taste.","robots":{"index":"index","follow":"follow","max-snippet":"max-snippet:-1","max-image-preview":"max-image-preview:large","max-video-preview":"max-video-preview:-1"},"canonical":"https:\/\/pablogarrigos.com\/en\/pasteleria\/pasteleria-delicatessen\/almendras-rellenas-delicatessen-200-g\/","og_locale":"en_US","og_type":"article","og_title":"Almendras Rellenas Delicatessen | Pablo Garrig\u00f3s Ib\u00e1\u00f1ez","og_description":"Saborea la exclusividad de las Almendras Rellenas Delicatessen de Pablo Garrig\u00f3s Ib\u00e1\u00f1ez, rellenas de turr\u00f3n a la piedra. Presentadas en una elegante caja de 200 gramos con 10 unidades, son el regalo perfecto para los amantes del buen gusto.","og_url":"https:\/\/pablogarrigos.com\/en\/pasteleria\/pasteleria-delicatessen\/almendras-rellenas-delicatessen-200-g\/","og_site_name":"Pablo Garrig\u00f3s Iba\u00f1ez","article_modified_time":"2025-11-13T10:31:20+00:00","og_image":[{"width":600,"height":600,"url":"https:\/\/pablogarrigos.com\/wp-content\/uploads\/2024\/02\/almendras-rellenas-delicatessen-200-g.jpg","type":"image\/jpeg"}],"twitter_card":"summary_large_image","twitter_misc":{"Est. reading time":"1 minute"},"schema":{"@context":"https:\/\/schema.org","@graph":[{"@type":"WebPage","@id":"https:\/\/pablogarrigos.com\/pasteleria\/pasteleria-delicatessen\/almendras-rellenas-delicatessen-200-g\/","url":"https:\/\/pablogarrigos.com\/pasteleria\/pasteleria-delicatessen\/almendras-rellenas-delicatessen-200-g\/","name":"Stuffed Almonds Delicatessen | Pablo Garrig\u00f3s Ib\u00e1\u00f1ez","isPartOf":{"@id":"https:\/\/pablogarrigos.com\/#website"},"primaryImageOfPage":{"@id":"https:\/\/pablogarrigos.com\/pasteleria\/pasteleria-delicatessen\/almendras-rellenas-delicatessen-200-g\/#primaryimage"},"image":{"@id":"https:\/\/pablogarrigos.com\/pasteleria\/pasteleria-delicatessen\/almendras-rellenas-delicatessen-200-g\/#primaryimage"},"thumbnailUrl":"https:\/\/pablogarrigos.com\/wp-content\/uploads\/2024\/02\/almendras-rellenas-delicatessen-200-g.jpg","datePublished":"2024-02-20T18:04:57+00:00","dateModified":"2025-11-13T10:31:20+00:00","description":"Taste the exclusivity of Pablo Garrig\u00f3s Ib\u00e1\u00f1ez's Delicatessen Stuffed Almonds, filled with stone ground nougat. Presented in an elegant 200 grams box with 10 units, they are the perfect gift for lovers of good taste.","breadcrumb":{"@id":"https:\/\/pablogarrigos.com\/pasteleria\/pasteleria-delicatessen\/almendras-rellenas-delicatessen-200-g\/#breadcrumb"},"inLanguage":"en-US","potentialAction":[{"@type":"ReadAction","target":["https:\/\/pablogarrigos.com\/pasteleria\/pasteleria-delicatessen\/almendras-rellenas-delicatessen-200-g\/"]}]},{"@type":"ImageObject","inLanguage":"en-US","@id":"https:\/\/pablogarrigos.com\/pasteleria\/pasteleria-delicatessen\/almendras-rellenas-delicatessen-200-g\/#primaryimage","url":"https:\/\/pablogarrigos.com\/wp-content\/uploads\/2024\/02\/almendras-rellenas-delicatessen-200-g.jpg","contentUrl":"https:\/\/pablogarrigos.com\/wp-content\/uploads\/2024\/02\/almendras-rellenas-delicatessen-200-g.jpg","width":600,"height":600},{"@type":"BreadcrumbList","@id":"https:\/\/pablogarrigos.com\/pasteleria\/pasteleria-delicatessen\/almendras-rellenas-delicatessen-200-g\/#breadcrumb","itemListElement":[{"@type":"ListItem","position":1,"name":"Home","item":"https:\/\/pablogarrigos.com\/en\/"},{"@type":"ListItem","position":2,"name":"Tienda","item":"https:\/\/pablogarrigos.com\/en\/tienda\/"},{"@type":"ListItem","position":3,"name":"Almendras Rellenas Delicatessen 200g"}]},{"@type":"WebSite","@id":"https:\/\/pablogarrigos.com\/#website","url":"https:\/\/pablogarrigos.com\/","name":"Pablo Garrig\u00f3s Iba\u00f1ez","description":"The Sense of Taste","publisher":{"@id":"https:\/\/pablogarrigos.com\/#organization"},"potentialAction":[{"@type":"SearchAction","target":{"@type":"EntryPoint","urlTemplate":"https:\/\/pablogarrigos.com\/?s={search_term_string}"},"query-input":{"@type":"PropertyValueSpecification","valueRequired":true,"valueName":"search_term_string"}}],"inLanguage":"en-US"},{"@type":"Organization","@id":"https:\/\/pablogarrigos.com\/#organization","name":"Pablo Garrig\u00f3s Iba\u00f1ez","url":"https:\/\/pablogarrigos.com\/","logo":{"@type":"ImageObject","inLanguage":"en-US","@id":"https:\/\/pablogarrigos.com\/#\/schema\/logo\/image\/","url":"https:\/\/pablogarrigos.com\/wp-content\/uploads\/2024\/02\/logo-pablogarrigos.png","contentUrl":"https:\/\/pablogarrigos.com\/wp-content\/uploads\/2024\/02\/logo-pablogarrigos.png","width":1247,"height":480,"caption":"Pablo Garrig\u00f3s Iba\u00f1ez"},"image":{"@id":"https:\/\/pablogarrigos.com\/#\/schema\/logo\/image\/"}}]}},"_links":{"self":[{"href":"https:\/\/pablogarrigos.com\/en\/wp-json\/wp\/v2\/product\/403","targetHints":{"allow":["GET"]}}],"collection":[{"href":"https:\/\/pablogarrigos.com\/en\/wp-json\/wp\/v2\/product"}],"about":[{"href":"https:\/\/pablogarrigos.com\/en\/wp-json\/wp\/v2\/types\/product"}],"wp:featuredmedia":[{"embeddable":true,"href":"https:\/\/pablogarrigos.com\/en\/wp-json\/wp\/v2\/media\/404"}],"wp:attachment":[{"href":"https:\/\/pablogarrigos.com\/en\/wp-json\/wp\/v2\/media?parent=403"}],"wp:term":[{"taxonomy":"product_brand","embeddable":true,"href":"https:\/\/pablogarrigos.com\/en\/wp-json\/wp\/v2\/product_brand?post=403"},{"taxonomy":"product_cat","embeddable":true,"href":"https:\/\/pablogarrigos.com\/en\/wp-json\/wp\/v2\/product_cat?post=403"},{"taxonomy":"product_tag","embeddable":true,"href":"https:\/\/pablogarrigos.com\/en\/wp-json\/wp\/v2\/product_tag?post=403"}],"curies":[{"name":"wp","href":"https:\/\/api.w.org\/{rel}","templated":true}]}}