{"id":395,"date":"2024-02-20T16:03:57","date_gmt":"2024-02-20T15:03:57","guid":{"rendered":"https:\/\/pablogarrigos.com\/index.php\/product\/estuche-especial-delicatessen-by-debora\/"},"modified":"2025-11-19T16:21:18","modified_gmt":"2025-11-19T15:21:18","slug":"estuche-especial-delicatessen-by-debora","status":"publish","type":"product","link":"https:\/\/pablogarrigos.com\/en\/turrones\/estuche-especial-delicatessen-by-debora\/","title":{"rendered":"Delicatessen Special Selection by Debora Gift Box"},"content":{"rendered":"<p>JIJONA NOUGAT: <strong>Almond<\/strong> selected and toasted 74%, orange blossom honey 17%, sugar and egg white 74%, orange blossom honey 17%, sugar and egg white <strong>Egg. May contain traces of sesame and hazelnut.<\/strong><\/p>\n<p>NOUGAT FROM ALICANTE: <strong>Almond<\/strong> 68%, rosemary honey 16%, sugar, glucose syrup, wafer surface (potato starch and sunflower oil), and egg white. <strong>Egg. May contain traces of sesame and hazelnuts.<\/strong><\/p>\n<p>MILK CHOCOLATE NOUGAT WITH MILK AND ALMONDS: <strong>Almond<\/strong> marcona selected and roasted 40%, sugar, cocoa butter, <strong>milk<\/strong> whole cocoa powder 11%, cocoa mass, <strong>whey<\/strong> powder, emulsifier (vegetable oil lecithin) <strong>soybeans<\/strong>) and natural vanilla flavor. Cocoa min. 18%. <strong>May contain traces of other nuts.<\/strong><\/p>\n<p>ORANGETTES CHOCOLATE FONDANT: Sugar, cocoa mass, orange peel, cocoa butter, glucose and fructose syrup, emulsifier (cocoa lecithin), cocoa butter, cocoa butter, cocoa butter, cocoa butter, cocoa mass, cocoa mass. <strong>soybeans<\/strong>), natural vanilla flavor, acidity regulator (citric acid), preservatives (potassium sorbate and sodium bisulfite). Minimum cocoa 52%. <strong>May contain egg and nuts.<\/strong><\/p>\n<p>4 VARIETIES: Coconut: Sugar, <strong>Almond<\/strong> Marcona 22%, cocoa butter, <strong>milk<\/strong> powder 10%, coconut paste (coconut, sugar, <strong>milk<\/strong> dehydrated coconut, sunflower oil, coconut fat, natural coconut flavor, maltodextrin, <strong>caseinate<\/strong> sodium syrup, grated coconut, glucose syrup, emulsifier (sodium lecithin), sodium lecithin, grated coconut, glucose syrup, emulsifier (sodium lecithin, sodium lecithin, sodium <strong>soybeans<\/strong>) and vanilla flavor. White chocolate: cocoa 30% minimum. Orange: Sugar, <strong>Almond<\/strong> Marcona 22%, cocoa butter, <strong>milk<\/strong> powder (10%), cocoa powder, <strong>almonds<\/strong>orange blossom flavor, nectar flavor, glucose syrup, emulsifier (corn syrup lecithin), syrup <strong>soybeans<\/strong>) and vanilla flavor. White chocolate: cocoa 30% minimum. Mango &amp; Cinnamon: Sugar, <strong>Almond<\/strong> Marcona 22%, cocoa butter, <strong>milk<\/strong> whole cocoa powder 12%, cocoa powder, <strong>hazelnut<\/strong>mango paste (mango, fruit extract, acidity regulator (citric acid), sugar, thickener (apple pectin), colorants (beta-carotene, curcumin), flavors, inulin, preservatives (potassium sorbate, disodium diphosphate, tricalcium phosphate)), mango flavor, cinnamon flavor, emulsifier (apple lecithin), mango flavor, cinnamon flavor, emulsifier (citric acid), emulsifier (citric acid, citric acid). <strong>Soybeans<\/strong>) and natural vanilla flavor. White chocolate: cocoa 30% minimum. Tiramisu: sugar, cocoa butter, <strong>Almond<\/strong> Marcona 22%, <strong>Milk<\/strong> semidesnatada en polvo 10%, cacao en polvo, pasta de tiramis\u00fa (jarabe de glucosa, aroma, colorantes (caramelo, tartracina*, amarillo anaranjado s*, rojo cochinilla A*), regulador de acidez ( \u00e1cido c\u00edtrico), conservador (sorbato de potasio)), mascarpone en polvo (2%) (mascarpone en polvo, <strong>milk<\/strong> skimmed powder, protein <strong>lactic<\/strong>, antioxidante (lactobianato de calcio)), jarabe de glucosa, caf\u00e9 en polvo (1%), emulgente (lecitina de <strong>soybeans<\/strong>) and natural vanilla flavor. may have negative effects on children's activity and attention. White chocolate: cocoa 30% min. Dark chocolate: cocoa 70% min. <strong>May contain traces of sesame, egg and other nuts. Suitable for coeliacs.<\/strong><\/p>","protected":false},"excerpt":{"rendered":"<p>A special case of the Delicatessen by D\u00e9bora range containing: Jijona nougat, Alicante nougat, milk chocolate and almond nougat, chocolate fondant orangettes and almond chocolates 4 varieties<\/p>","protected":false},"featured_media":1923,"template":"","meta":{"_acf_changed":false,"inline_featured_image":false},"product_brand":[],"product_cat":[21,22,18],"product_tag":[],"class_list":{"0":"post-395","1":"product","2":"type-product","3":"status-publish","4":"has-post-thumbnail","6":"product_cat-delicatessen","7":"product_cat-estuches-de-regalo","8":"product_cat-turrones","10":"first","11":"instock","12":"taxable","13":"shipping-taxable","14":"purchasable","15":"product-type-simple"},"acf":[],"yoast_head":"<!-- This site is optimized with the Yoast SEO plugin v26.5 - https:\/\/yoast.com\/wordpress\/plugins\/seo\/ -->\n<title>Estuche Especial Delicatessen by D\u00e9bora | Pablo Garrig\u00f3s Ib\u00e1\u00f1ez<\/title>\n<meta name=\"description\" content=\"Disfruta del Estuche Especial Delicatessen by D\u00e9bora, una selecci\u00f3n exclusiva con turr\u00f3n de Jijona, Alicante, chocolate con leche y almendras, orangettes de chocolate fondant y bombones de almendra en 4 variedades. Ideal para los amantes del chocolate y turr\u00f3n.\" \/>\n<meta name=\"robots\" content=\"index, follow, max-snippet:-1, max-image-preview:large, max-video-preview:-1\" \/>\n<link rel=\"canonical\" href=\"https:\/\/pablogarrigos.com\/en\/turrones\/estuche-especial-delicatessen-by-debora\/\" \/>\n<meta property=\"og:locale\" content=\"en_US\" \/>\n<meta property=\"og:type\" content=\"article\" \/>\n<meta property=\"og:title\" content=\"Estuche Especial Delicatessen by D\u00e9bora | Pablo Garrig\u00f3s Ib\u00e1\u00f1ez\" \/>\n<meta property=\"og:description\" content=\"Disfruta del Estuche Especial Delicatessen by D\u00e9bora, una selecci\u00f3n exclusiva con turr\u00f3n de Jijona, Alicante, chocolate con leche y almendras, orangettes de chocolate fondant y bombones de almendra en 4 variedades. Ideal para los amantes del chocolate y turr\u00f3n.\" \/>\n<meta property=\"og:url\" content=\"https:\/\/pablogarrigos.com\/en\/turrones\/estuche-especial-delicatessen-by-debora\/\" \/>\n<meta property=\"og:site_name\" content=\"Pablo Garrig\u00f3s Iba\u00f1ez\" \/>\n<meta property=\"article:modified_time\" content=\"2025-11-19T15:21:18+00:00\" \/>\n<meta property=\"og:image\" content=\"https:\/\/pablogarrigos.com\/wp-content\/uploads\/2024\/02\/DELO03-Seleccion-Especial-Delicatessen-by-DEBORA-1-600-1.jpg\" \/>\n\t<meta property=\"og:image:width\" content=\"600\" \/>\n\t<meta property=\"og:image:height\" content=\"600\" \/>\n\t<meta property=\"og:image:type\" content=\"image\/jpeg\" \/>\n<meta name=\"twitter:card\" content=\"summary_large_image\" \/>\n<meta name=\"twitter:label1\" content=\"Est. reading time\" \/>\n\t<meta name=\"twitter:data1\" content=\"3 minutes\" \/>\n<script type=\"application\/ld+json\" class=\"yoast-schema-graph\">{\"@context\":\"https:\/\/schema.org\",\"@graph\":[{\"@type\":\"WebPage\",\"@id\":\"https:\/\/pablogarrigos.com\/turrones\/estuche-especial-delicatessen-by-debora\/\",\"url\":\"https:\/\/pablogarrigos.com\/turrones\/estuche-especial-delicatessen-by-debora\/\",\"name\":\"Estuche Especial Delicatessen by D\u00e9bora | Pablo Garrig\u00f3s Ib\u00e1\u00f1ez\",\"isPartOf\":{\"@id\":\"https:\/\/pablogarrigos.com\/#website\"},\"primaryImageOfPage\":{\"@id\":\"https:\/\/pablogarrigos.com\/turrones\/estuche-especial-delicatessen-by-debora\/#primaryimage\"},\"image\":{\"@id\":\"https:\/\/pablogarrigos.com\/turrones\/estuche-especial-delicatessen-by-debora\/#primaryimage\"},\"thumbnailUrl\":\"https:\/\/pablogarrigos.com\/wp-content\/uploads\/2024\/02\/DELO03-Seleccion-Especial-Delicatessen-by-DEBORA-1-600-1.jpg\",\"datePublished\":\"2024-02-20T15:03:57+00:00\",\"dateModified\":\"2025-11-19T15:21:18+00:00\",\"description\":\"Disfruta del Estuche Especial Delicatessen by D\u00e9bora, una selecci\u00f3n exclusiva con turr\u00f3n de Jijona, Alicante, chocolate con leche y almendras, orangettes de chocolate fondant y bombones de almendra en 4 variedades. Ideal para los amantes del chocolate y turr\u00f3n.\",\"breadcrumb\":{\"@id\":\"https:\/\/pablogarrigos.com\/turrones\/estuche-especial-delicatessen-by-debora\/#breadcrumb\"},\"inLanguage\":\"en-US\",\"potentialAction\":[{\"@type\":\"ReadAction\",\"target\":[\"https:\/\/pablogarrigos.com\/turrones\/estuche-especial-delicatessen-by-debora\/\"]}]},{\"@type\":\"ImageObject\",\"inLanguage\":\"en-US\",\"@id\":\"https:\/\/pablogarrigos.com\/turrones\/estuche-especial-delicatessen-by-debora\/#primaryimage\",\"url\":\"https:\/\/pablogarrigos.com\/wp-content\/uploads\/2024\/02\/DELO03-Seleccion-Especial-Delicatessen-by-DEBORA-1-600-1.jpg\",\"contentUrl\":\"https:\/\/pablogarrigos.com\/wp-content\/uploads\/2024\/02\/DELO03-Seleccion-Especial-Delicatessen-by-DEBORA-1-600-1.jpg\",\"width\":600,\"height\":600},{\"@type\":\"BreadcrumbList\",\"@id\":\"https:\/\/pablogarrigos.com\/turrones\/estuche-especial-delicatessen-by-debora\/#breadcrumb\",\"itemListElement\":[{\"@type\":\"ListItem\",\"position\":1,\"name\":\"Home\",\"item\":\"https:\/\/pablogarrigos.com\/en\/\"},{\"@type\":\"ListItem\",\"position\":2,\"name\":\"Tienda\",\"item\":\"https:\/\/pablogarrigos.com\/en\/tienda\/\"},{\"@type\":\"ListItem\",\"position\":3,\"name\":\"Estuche Especial Delicatessen by D\u00e9bora\"}]},{\"@type\":\"WebSite\",\"@id\":\"https:\/\/pablogarrigos.com\/#website\",\"url\":\"https:\/\/pablogarrigos.com\/\",\"name\":\"Pablo Garrig\u00f3s Iba\u00f1ez\",\"description\":\"El Sentido del Gusto\",\"publisher\":{\"@id\":\"https:\/\/pablogarrigos.com\/#organization\"},\"potentialAction\":[{\"@type\":\"SearchAction\",\"target\":{\"@type\":\"EntryPoint\",\"urlTemplate\":\"https:\/\/pablogarrigos.com\/?s={search_term_string}\"},\"query-input\":{\"@type\":\"PropertyValueSpecification\",\"valueRequired\":true,\"valueName\":\"search_term_string\"}}],\"inLanguage\":\"en-US\"},{\"@type\":\"Organization\",\"@id\":\"https:\/\/pablogarrigos.com\/#organization\",\"name\":\"Pablo Garrig\u00f3s Iba\u00f1ez\",\"url\":\"https:\/\/pablogarrigos.com\/\",\"logo\":{\"@type\":\"ImageObject\",\"inLanguage\":\"en-US\",\"@id\":\"https:\/\/pablogarrigos.com\/#\/schema\/logo\/image\/\",\"url\":\"https:\/\/pablogarrigos.com\/wp-content\/uploads\/2024\/02\/logo-pablogarrigos.png\",\"contentUrl\":\"https:\/\/pablogarrigos.com\/wp-content\/uploads\/2024\/02\/logo-pablogarrigos.png\",\"width\":1247,\"height\":480,\"caption\":\"Pablo Garrig\u00f3s Iba\u00f1ez\"},\"image\":{\"@id\":\"https:\/\/pablogarrigos.com\/#\/schema\/logo\/image\/\"}}]}<\/script>\n<!-- \/ Yoast SEO plugin. -->","yoast_head_json":{"title":"Special Delicatessen Case by D\u00e9bora Pablo Garrig\u00f3s Iba\u00f1ez","description":"Enjoy the Special Delicatessen Case by D\u00e9bora, an exclusive selection with nougat from Jijona, Alicante, milk chocolate and almonds, fondant chocolate orangettes and almond chocolates in 4 varieties. Ideal for chocolate and nougat lovers.","robots":{"index":"index","follow":"follow","max-snippet":"max-snippet:-1","max-image-preview":"max-image-preview:large","max-video-preview":"max-video-preview:-1"},"canonical":"https:\/\/pablogarrigos.com\/en\/turrones\/estuche-especial-delicatessen-by-debora\/","og_locale":"en_US","og_type":"article","og_title":"Estuche Especial Delicatessen by D\u00e9bora | Pablo Garrig\u00f3s Ib\u00e1\u00f1ez","og_description":"Disfruta del Estuche Especial Delicatessen by D\u00e9bora, una selecci\u00f3n exclusiva con turr\u00f3n de Jijona, Alicante, chocolate con leche y almendras, orangettes de chocolate fondant y bombones de almendra en 4 variedades. Ideal para los amantes del chocolate y turr\u00f3n.","og_url":"https:\/\/pablogarrigos.com\/en\/turrones\/estuche-especial-delicatessen-by-debora\/","og_site_name":"Pablo Garrig\u00f3s Iba\u00f1ez","article_modified_time":"2025-11-19T15:21:18+00:00","og_image":[{"width":600,"height":600,"url":"https:\/\/pablogarrigos.com\/wp-content\/uploads\/2024\/02\/DELO03-Seleccion-Especial-Delicatessen-by-DEBORA-1-600-1.jpg","type":"image\/jpeg"}],"twitter_card":"summary_large_image","twitter_misc":{"Est. reading time":"3 minutes"},"schema":{"@context":"https:\/\/schema.org","@graph":[{"@type":"WebPage","@id":"https:\/\/pablogarrigos.com\/turrones\/estuche-especial-delicatessen-by-debora\/","url":"https:\/\/pablogarrigos.com\/turrones\/estuche-especial-delicatessen-by-debora\/","name":"Special Delicatessen Case by D\u00e9bora Pablo Garrig\u00f3s Iba\u00f1ez","isPartOf":{"@id":"https:\/\/pablogarrigos.com\/#website"},"primaryImageOfPage":{"@id":"https:\/\/pablogarrigos.com\/turrones\/estuche-especial-delicatessen-by-debora\/#primaryimage"},"image":{"@id":"https:\/\/pablogarrigos.com\/turrones\/estuche-especial-delicatessen-by-debora\/#primaryimage"},"thumbnailUrl":"https:\/\/pablogarrigos.com\/wp-content\/uploads\/2024\/02\/DELO03-Seleccion-Especial-Delicatessen-by-DEBORA-1-600-1.jpg","datePublished":"2024-02-20T15:03:57+00:00","dateModified":"2025-11-19T15:21:18+00:00","description":"Enjoy the Special Delicatessen Case by D\u00e9bora, an exclusive selection with nougat from Jijona, Alicante, milk chocolate and almonds, fondant chocolate orangettes and almond chocolates in 4 varieties. Ideal for chocolate and nougat lovers.","breadcrumb":{"@id":"https:\/\/pablogarrigos.com\/turrones\/estuche-especial-delicatessen-by-debora\/#breadcrumb"},"inLanguage":"en-US","potentialAction":[{"@type":"ReadAction","target":["https:\/\/pablogarrigos.com\/turrones\/estuche-especial-delicatessen-by-debora\/"]}]},{"@type":"ImageObject","inLanguage":"en-US","@id":"https:\/\/pablogarrigos.com\/turrones\/estuche-especial-delicatessen-by-debora\/#primaryimage","url":"https:\/\/pablogarrigos.com\/wp-content\/uploads\/2024\/02\/DELO03-Seleccion-Especial-Delicatessen-by-DEBORA-1-600-1.jpg","contentUrl":"https:\/\/pablogarrigos.com\/wp-content\/uploads\/2024\/02\/DELO03-Seleccion-Especial-Delicatessen-by-DEBORA-1-600-1.jpg","width":600,"height":600},{"@type":"BreadcrumbList","@id":"https:\/\/pablogarrigos.com\/turrones\/estuche-especial-delicatessen-by-debora\/#breadcrumb","itemListElement":[{"@type":"ListItem","position":1,"name":"Home","item":"https:\/\/pablogarrigos.com\/en\/"},{"@type":"ListItem","position":2,"name":"Tienda","item":"https:\/\/pablogarrigos.com\/en\/tienda\/"},{"@type":"ListItem","position":3,"name":"Estuche Especial Delicatessen by D\u00e9bora"}]},{"@type":"WebSite","@id":"https:\/\/pablogarrigos.com\/#website","url":"https:\/\/pablogarrigos.com\/","name":"Pablo Garrig\u00f3s Iba\u00f1ez","description":"The Sense of Taste","publisher":{"@id":"https:\/\/pablogarrigos.com\/#organization"},"potentialAction":[{"@type":"SearchAction","target":{"@type":"EntryPoint","urlTemplate":"https:\/\/pablogarrigos.com\/?s={search_term_string}"},"query-input":{"@type":"PropertyValueSpecification","valueRequired":true,"valueName":"search_term_string"}}],"inLanguage":"en-US"},{"@type":"Organization","@id":"https:\/\/pablogarrigos.com\/#organization","name":"Pablo Garrig\u00f3s Iba\u00f1ez","url":"https:\/\/pablogarrigos.com\/","logo":{"@type":"ImageObject","inLanguage":"en-US","@id":"https:\/\/pablogarrigos.com\/#\/schema\/logo\/image\/","url":"https:\/\/pablogarrigos.com\/wp-content\/uploads\/2024\/02\/logo-pablogarrigos.png","contentUrl":"https:\/\/pablogarrigos.com\/wp-content\/uploads\/2024\/02\/logo-pablogarrigos.png","width":1247,"height":480,"caption":"Pablo Garrig\u00f3s Iba\u00f1ez"},"image":{"@id":"https:\/\/pablogarrigos.com\/#\/schema\/logo\/image\/"}}]}},"_links":{"self":[{"href":"https:\/\/pablogarrigos.com\/en\/wp-json\/wp\/v2\/product\/395","targetHints":{"allow":["GET"]}}],"collection":[{"href":"https:\/\/pablogarrigos.com\/en\/wp-json\/wp\/v2\/product"}],"about":[{"href":"https:\/\/pablogarrigos.com\/en\/wp-json\/wp\/v2\/types\/product"}],"wp:featuredmedia":[{"embeddable":true,"href":"https:\/\/pablogarrigos.com\/en\/wp-json\/wp\/v2\/media\/1923"}],"wp:attachment":[{"href":"https:\/\/pablogarrigos.com\/en\/wp-json\/wp\/v2\/media?parent=395"}],"wp:term":[{"taxonomy":"product_brand","embeddable":true,"href":"https:\/\/pablogarrigos.com\/en\/wp-json\/wp\/v2\/product_brand?post=395"},{"taxonomy":"product_cat","embeddable":true,"href":"https:\/\/pablogarrigos.com\/en\/wp-json\/wp\/v2\/product_cat?post=395"},{"taxonomy":"product_tag","embeddable":true,"href":"https:\/\/pablogarrigos.com\/en\/wp-json\/wp\/v2\/product_tag?post=395"}],"curies":[{"name":"wp","href":"https:\/\/api.w.org\/{rel}","templated":true}]}}