{"id":393,"date":"2024-02-20T16:01:57","date_gmt":"2024-02-20T15:01:57","guid":{"rendered":"https:\/\/pablogarrigos.com\/index.php\/product\/seleccion-especial-delicatessen\/"},"modified":"2025-11-25T20:22:14","modified_gmt":"2025-11-25T19:22:14","slug":"seleccion-especial-delicatessen","status":"publish","type":"product","link":"https:\/\/pablogarrigos.com\/en\/estuches-de-regalo\/seleccion-especial-delicatessen\/","title":{"rendered":"Delicatessen Special Selection Gift Box"},"content":{"rendered":"<p>JIJONA NOUGAT: <strong>Almond<\/strong> selected and toasted 74%, orange blossom honey 17%, sugar and egg white 74%, orange blossom honey 17%, sugar and egg white <strong>egg<\/strong>. <strong>May contain traces of sesame and hazelnut. <\/strong> NOUGAT FROM ALICANTE: <strong>Almond<\/strong> 68%, rosemary honey 16%, sugar, glucose syrup, wafer surface (potato starch and sunflower oil), and egg white. <strong>egg<\/strong>. <strong>May contain traces of sesame and hazelnuts. <\/strong>CHOCOLATE FONDANT NOUGAT WITH ALMONDS: <strong>Almond<\/strong> Marcona selected and roasted 40 %, cocoa mass, sugar, cocoa butter, cocoa lecithin, cocoa mass, cocoa butter, cocoa butter, cocoa mass, cocoa butter, cocoa butter, cocoa butter, cocoa butter <strong>soybeans<\/strong>natural vanilla flavor. <strong>May contain soy, milk, nuts, sesame and sulfites.<\/strong> MARMOLATE ALMOND BONBONS WITH JIJONA NOUGAT: <strong>Almond<\/strong> Marcona, sugar, cocoa butter, <strong>milk<\/strong> whole cocoa powder, cocoa mass, defatted cocoa powder, emulsifier (cocoa lecithin), cocoa powder <strong>soybeans<\/strong>), aroma de vainilla, turr\u00f3n de Jijona (10%) (<strong>almond<\/strong> toast, orange blossom honey, sugar and egg white. <strong>egg<\/strong>), coating (maltodextrin, coconut oil, rapeseed oil), thickener (xanthan gum), preservative (potassium sorbate), glucose syrup and nougat flavor. <strong>May contain milk, soy and egg.<\/strong> FRUIT CHOCOLATE COCOA AND CHOCOLATE FONDANT: Sugar, coconut 22%, cocoa mass, cocoa powder, cocoa butter, coconut powder (cocoa solids), cocoa mass, cocoa powder, cocoa butter, cocoa powder (cocoa solids) <strong>milk<\/strong> coconut oil, maltodextrin and <strong>caseinate<\/strong> sodium lecithin), shredded coconut, emulsifier (sodium lecithin), grated coconut, emulsifier (sodium <strong>soybeans<\/strong>), natural vanilla flavor. Minimum cocoa coating dark chocolate 70%. <strong>May contain traces of egg, peanuts, milk and other nuts. <\/strong>FRUIT CHOCOLATE FIG &amp; CHOCOLATE FONDER: Sugar, fig 22%, cocoa mass, cocoa powder, cocoa butter, emulsifier (cocoa lecithin), cocoa butter, cocoa butter, cocoa mass, cocoa powder, cocoa butter. <strong>soybeans<\/strong>), natural vanilla flavor and coating (maltodextrin, glucose syrup, coconut oil, rapeseed oil). Minimum cocoa coating dark chocolate 70%. <strong>May contain traces of egg, peanuts, milk and other nuts. <\/strong>FRUIT\u00c9S 8 VARIETADES: Sugar, fruit pulp 35% (apple, apricot), glucose syrup, water, gelling agent (pectin), water, acidity regulator (citric acid), flavorings (strawberry, tangerine, pineapple, grape, apricot, raspberry, plum and apple), colorings (riboflavin, carminic acid, chlorophyll, lutein, beet red and hibiscus). <strong>May contain traces of milk, egg, soy and sulfites.<\/strong><\/p>","protected":false},"excerpt":{"rendered":"<p>Delicatessen Special Selection Gift Box<\/p>","protected":false},"featured_media":394,"template":"","meta":{"_acf_changed":false,"inline_featured_image":false},"product_brand":[],"product_cat":[21,22,18],"product_tag":[],"class_list":{"0":"post-393","1":"product","2":"type-product","3":"status-publish","4":"has-post-thumbnail","6":"product_cat-delicatessen","7":"product_cat-estuches-de-regalo","8":"product_cat-turrones","10":"first","11":"outofstock","12":"taxable","13":"shipping-taxable","14":"purchasable","15":"product-type-simple"},"acf":[],"yoast_head":"<!-- This site is optimized with the Yoast SEO plugin v26.5 - https:\/\/yoast.com\/wordpress\/plugins\/seo\/ -->\n<title>Selecci\u00f3n Especial Delicatessen | Pablo Garrig\u00f3s Ib\u00e1\u00f1ez<\/title>\n<meta name=\"description\" content=\"Descubre la Selecci\u00f3n Especial Delicatessen de Pablo Garrig\u00f3s Ib\u00e1\u00f1ez, incluyendo Turrones de Jijona, Alicante, Chocolate Fondant, Bombones de Almendra, Fruit Chocolate y Fruit\u00e9 8 Variedades. Una experiencia gourmet \u00fanica.\" \/>\n<meta name=\"robots\" content=\"index, follow, max-snippet:-1, max-image-preview:large, max-video-preview:-1\" \/>\n<link rel=\"canonical\" href=\"https:\/\/pablogarrigos.com\/en\/estuches-de-regalo\/seleccion-especial-delicatessen\/\" \/>\n<meta property=\"og:locale\" content=\"en_US\" \/>\n<meta property=\"og:type\" content=\"article\" \/>\n<meta property=\"og:title\" content=\"Selecci\u00f3n Especial Delicatessen | Pablo Garrig\u00f3s Ib\u00e1\u00f1ez\" \/>\n<meta property=\"og:description\" content=\"Descubre la Selecci\u00f3n Especial Delicatessen de Pablo Garrig\u00f3s Ib\u00e1\u00f1ez, incluyendo Turrones de Jijona, Alicante, Chocolate Fondant, Bombones de Almendra, Fruit Chocolate y Fruit\u00e9 8 Variedades. Una experiencia gourmet \u00fanica.\" \/>\n<meta property=\"og:url\" content=\"https:\/\/pablogarrigos.com\/en\/estuches-de-regalo\/seleccion-especial-delicatessen\/\" \/>\n<meta property=\"og:site_name\" content=\"Pablo Garrig\u00f3s Iba\u00f1ez\" \/>\n<meta property=\"article:modified_time\" content=\"2025-11-25T19:22:14+00:00\" \/>\n<meta property=\"og:image\" content=\"https:\/\/pablogarrigos.com\/wp-content\/uploads\/2024\/02\/Estuche-delicatessen_.jpg\" \/>\n\t<meta property=\"og:image:width\" content=\"600\" \/>\n\t<meta property=\"og:image:height\" content=\"600\" \/>\n\t<meta property=\"og:image:type\" content=\"image\/jpeg\" \/>\n<meta name=\"twitter:card\" content=\"summary_large_image\" \/>\n<meta name=\"twitter:label1\" content=\"Est. reading time\" \/>\n\t<meta name=\"twitter:data1\" content=\"2 minutes\" \/>\n<script type=\"application\/ld+json\" class=\"yoast-schema-graph\">{\"@context\":\"https:\/\/schema.org\",\"@graph\":[{\"@type\":\"WebPage\",\"@id\":\"https:\/\/pablogarrigos.com\/estuches-de-regalo\/seleccion-especial-delicatessen\/\",\"url\":\"https:\/\/pablogarrigos.com\/estuches-de-regalo\/seleccion-especial-delicatessen\/\",\"name\":\"Selecci\u00f3n Especial Delicatessen | Pablo Garrig\u00f3s Ib\u00e1\u00f1ez\",\"isPartOf\":{\"@id\":\"https:\/\/pablogarrigos.com\/#website\"},\"primaryImageOfPage\":{\"@id\":\"https:\/\/pablogarrigos.com\/estuches-de-regalo\/seleccion-especial-delicatessen\/#primaryimage\"},\"image\":{\"@id\":\"https:\/\/pablogarrigos.com\/estuches-de-regalo\/seleccion-especial-delicatessen\/#primaryimage\"},\"thumbnailUrl\":\"https:\/\/pablogarrigos.com\/wp-content\/uploads\/2024\/02\/Estuche-delicatessen_.jpg\",\"datePublished\":\"2024-02-20T15:01:57+00:00\",\"dateModified\":\"2025-11-25T19:22:14+00:00\",\"description\":\"Descubre la Selecci\u00f3n Especial Delicatessen de Pablo Garrig\u00f3s Ib\u00e1\u00f1ez, incluyendo Turrones de Jijona, Alicante, Chocolate Fondant, Bombones de Almendra, Fruit Chocolate y Fruit\u00e9 8 Variedades. Una experiencia gourmet \u00fanica.\",\"breadcrumb\":{\"@id\":\"https:\/\/pablogarrigos.com\/estuches-de-regalo\/seleccion-especial-delicatessen\/#breadcrumb\"},\"inLanguage\":\"en-US\",\"potentialAction\":[{\"@type\":\"ReadAction\",\"target\":[\"https:\/\/pablogarrigos.com\/estuches-de-regalo\/seleccion-especial-delicatessen\/\"]}]},{\"@type\":\"ImageObject\",\"inLanguage\":\"en-US\",\"@id\":\"https:\/\/pablogarrigos.com\/estuches-de-regalo\/seleccion-especial-delicatessen\/#primaryimage\",\"url\":\"https:\/\/pablogarrigos.com\/wp-content\/uploads\/2024\/02\/Estuche-delicatessen_.jpg\",\"contentUrl\":\"https:\/\/pablogarrigos.com\/wp-content\/uploads\/2024\/02\/Estuche-delicatessen_.jpg\",\"width\":600,\"height\":600},{\"@type\":\"BreadcrumbList\",\"@id\":\"https:\/\/pablogarrigos.com\/estuches-de-regalo\/seleccion-especial-delicatessen\/#breadcrumb\",\"itemListElement\":[{\"@type\":\"ListItem\",\"position\":1,\"name\":\"Home\",\"item\":\"https:\/\/pablogarrigos.com\/en\/\"},{\"@type\":\"ListItem\",\"position\":2,\"name\":\"Tienda\",\"item\":\"https:\/\/pablogarrigos.com\/en\/tienda\/\"},{\"@type\":\"ListItem\",\"position\":3,\"name\":\"Selecci\u00f3n Especial Delicatessen\"}]},{\"@type\":\"WebSite\",\"@id\":\"https:\/\/pablogarrigos.com\/#website\",\"url\":\"https:\/\/pablogarrigos.com\/\",\"name\":\"Pablo Garrig\u00f3s Iba\u00f1ez\",\"description\":\"El Sentido del Gusto\",\"publisher\":{\"@id\":\"https:\/\/pablogarrigos.com\/#organization\"},\"potentialAction\":[{\"@type\":\"SearchAction\",\"target\":{\"@type\":\"EntryPoint\",\"urlTemplate\":\"https:\/\/pablogarrigos.com\/?s={search_term_string}\"},\"query-input\":{\"@type\":\"PropertyValueSpecification\",\"valueRequired\":true,\"valueName\":\"search_term_string\"}}],\"inLanguage\":\"en-US\"},{\"@type\":\"Organization\",\"@id\":\"https:\/\/pablogarrigos.com\/#organization\",\"name\":\"Pablo Garrig\u00f3s Iba\u00f1ez\",\"url\":\"https:\/\/pablogarrigos.com\/\",\"logo\":{\"@type\":\"ImageObject\",\"inLanguage\":\"en-US\",\"@id\":\"https:\/\/pablogarrigos.com\/#\/schema\/logo\/image\/\",\"url\":\"https:\/\/pablogarrigos.com\/wp-content\/uploads\/2024\/02\/logo-pablogarrigos.png\",\"contentUrl\":\"https:\/\/pablogarrigos.com\/wp-content\/uploads\/2024\/02\/logo-pablogarrigos.png\",\"width\":1247,\"height\":480,\"caption\":\"Pablo Garrig\u00f3s Iba\u00f1ez\"},\"image\":{\"@id\":\"https:\/\/pablogarrigos.com\/#\/schema\/logo\/image\/\"}}]}<\/script>\n<!-- \/ Yoast SEO plugin. -->","yoast_head_json":{"title":"Special Delicatessen Selection | Pablo Garrig\u00f3s Ib\u00e1\u00f1ez","description":"Discover the Special Delicatessen Selection of Pablo Garrig\u00f3s Ib\u00e1\u00f1ez, including Turrones de Jijona, Alicante, Chocolate Fondant, Almond Bonbons, Fruit Chocolate and Fruit\u00e9 8 Varieties. A unique gourmet experience.","robots":{"index":"index","follow":"follow","max-snippet":"max-snippet:-1","max-image-preview":"max-image-preview:large","max-video-preview":"max-video-preview:-1"},"canonical":"https:\/\/pablogarrigos.com\/en\/estuches-de-regalo\/seleccion-especial-delicatessen\/","og_locale":"en_US","og_type":"article","og_title":"Selecci\u00f3n Especial Delicatessen | Pablo Garrig\u00f3s Ib\u00e1\u00f1ez","og_description":"Descubre la Selecci\u00f3n Especial Delicatessen de Pablo Garrig\u00f3s Ib\u00e1\u00f1ez, incluyendo Turrones de Jijona, Alicante, Chocolate Fondant, Bombones de Almendra, Fruit Chocolate y Fruit\u00e9 8 Variedades. Una experiencia gourmet \u00fanica.","og_url":"https:\/\/pablogarrigos.com\/en\/estuches-de-regalo\/seleccion-especial-delicatessen\/","og_site_name":"Pablo Garrig\u00f3s Iba\u00f1ez","article_modified_time":"2025-11-25T19:22:14+00:00","og_image":[{"width":600,"height":600,"url":"https:\/\/pablogarrigos.com\/wp-content\/uploads\/2024\/02\/Estuche-delicatessen_.jpg","type":"image\/jpeg"}],"twitter_card":"summary_large_image","twitter_misc":{"Est. reading time":"2 minutes"},"schema":{"@context":"https:\/\/schema.org","@graph":[{"@type":"WebPage","@id":"https:\/\/pablogarrigos.com\/estuches-de-regalo\/seleccion-especial-delicatessen\/","url":"https:\/\/pablogarrigos.com\/estuches-de-regalo\/seleccion-especial-delicatessen\/","name":"Special Delicatessen Selection | Pablo Garrig\u00f3s Ib\u00e1\u00f1ez","isPartOf":{"@id":"https:\/\/pablogarrigos.com\/#website"},"primaryImageOfPage":{"@id":"https:\/\/pablogarrigos.com\/estuches-de-regalo\/seleccion-especial-delicatessen\/#primaryimage"},"image":{"@id":"https:\/\/pablogarrigos.com\/estuches-de-regalo\/seleccion-especial-delicatessen\/#primaryimage"},"thumbnailUrl":"https:\/\/pablogarrigos.com\/wp-content\/uploads\/2024\/02\/Estuche-delicatessen_.jpg","datePublished":"2024-02-20T15:01:57+00:00","dateModified":"2025-11-25T19:22:14+00:00","description":"Discover the Special Delicatessen Selection of Pablo Garrig\u00f3s Ib\u00e1\u00f1ez, including Turrones de Jijona, Alicante, Chocolate Fondant, Almond Bonbons, Fruit Chocolate and Fruit\u00e9 8 Varieties. A unique gourmet experience.","breadcrumb":{"@id":"https:\/\/pablogarrigos.com\/estuches-de-regalo\/seleccion-especial-delicatessen\/#breadcrumb"},"inLanguage":"en-US","potentialAction":[{"@type":"ReadAction","target":["https:\/\/pablogarrigos.com\/estuches-de-regalo\/seleccion-especial-delicatessen\/"]}]},{"@type":"ImageObject","inLanguage":"en-US","@id":"https:\/\/pablogarrigos.com\/estuches-de-regalo\/seleccion-especial-delicatessen\/#primaryimage","url":"https:\/\/pablogarrigos.com\/wp-content\/uploads\/2024\/02\/Estuche-delicatessen_.jpg","contentUrl":"https:\/\/pablogarrigos.com\/wp-content\/uploads\/2024\/02\/Estuche-delicatessen_.jpg","width":600,"height":600},{"@type":"BreadcrumbList","@id":"https:\/\/pablogarrigos.com\/estuches-de-regalo\/seleccion-especial-delicatessen\/#breadcrumb","itemListElement":[{"@type":"ListItem","position":1,"name":"Home","item":"https:\/\/pablogarrigos.com\/en\/"},{"@type":"ListItem","position":2,"name":"Tienda","item":"https:\/\/pablogarrigos.com\/en\/tienda\/"},{"@type":"ListItem","position":3,"name":"Selecci\u00f3n Especial Delicatessen"}]},{"@type":"WebSite","@id":"https:\/\/pablogarrigos.com\/#website","url":"https:\/\/pablogarrigos.com\/","name":"Pablo Garrig\u00f3s Iba\u00f1ez","description":"The Sense of Taste","publisher":{"@id":"https:\/\/pablogarrigos.com\/#organization"},"potentialAction":[{"@type":"SearchAction","target":{"@type":"EntryPoint","urlTemplate":"https:\/\/pablogarrigos.com\/?s={search_term_string}"},"query-input":{"@type":"PropertyValueSpecification","valueRequired":true,"valueName":"search_term_string"}}],"inLanguage":"en-US"},{"@type":"Organization","@id":"https:\/\/pablogarrigos.com\/#organization","name":"Pablo Garrig\u00f3s Iba\u00f1ez","url":"https:\/\/pablogarrigos.com\/","logo":{"@type":"ImageObject","inLanguage":"en-US","@id":"https:\/\/pablogarrigos.com\/#\/schema\/logo\/image\/","url":"https:\/\/pablogarrigos.com\/wp-content\/uploads\/2024\/02\/logo-pablogarrigos.png","contentUrl":"https:\/\/pablogarrigos.com\/wp-content\/uploads\/2024\/02\/logo-pablogarrigos.png","width":1247,"height":480,"caption":"Pablo Garrig\u00f3s Iba\u00f1ez"},"image":{"@id":"https:\/\/pablogarrigos.com\/#\/schema\/logo\/image\/"}}]}},"_links":{"self":[{"href":"https:\/\/pablogarrigos.com\/en\/wp-json\/wp\/v2\/product\/393","targetHints":{"allow":["GET"]}}],"collection":[{"href":"https:\/\/pablogarrigos.com\/en\/wp-json\/wp\/v2\/product"}],"about":[{"href":"https:\/\/pablogarrigos.com\/en\/wp-json\/wp\/v2\/types\/product"}],"wp:featuredmedia":[{"embeddable":true,"href":"https:\/\/pablogarrigos.com\/en\/wp-json\/wp\/v2\/media\/394"}],"wp:attachment":[{"href":"https:\/\/pablogarrigos.com\/en\/wp-json\/wp\/v2\/media?parent=393"}],"wp:term":[{"taxonomy":"product_brand","embeddable":true,"href":"https:\/\/pablogarrigos.com\/en\/wp-json\/wp\/v2\/product_brand?post=393"},{"taxonomy":"product_cat","embeddable":true,"href":"https:\/\/pablogarrigos.com\/en\/wp-json\/wp\/v2\/product_cat?post=393"},{"taxonomy":"product_tag","embeddable":true,"href":"https:\/\/pablogarrigos.com\/en\/wp-json\/wp\/v2\/product_tag?post=393"}],"curies":[{"name":"wp","href":"https:\/\/api.w.org\/{rel}","templated":true}]}}