{"id":387,"date":"2024-02-20T11:01:57","date_gmt":"2024-02-20T10:01:57","guid":{"rendered":"https:\/\/pablogarrigos.com\/index.php\/product\/turron-de-crema-de-almendras-sin-azucares-anadidos-con-inulina-200-g\/"},"modified":"2025-09-03T14:54:43","modified_gmt":"2025-09-03T12:54:43","slug":"turron-de-crema-de-almendras-sin-azucares-anadidos-con-inulina-200-g","status":"publish","type":"product","link":"https:\/\/pablogarrigos.com\/en\/turrones\/delicatessen\/turron-de-crema-de-almendras-sin-azucares-anadidos-con-inulina-200-g\/","title":{"rendered":"Delicatessen almond nougat cream with sweeteners 200g"},"content":{"rendered":"<p><strong>Almond<\/strong> Selected Toasted 70%, sweetener (lactitol), sweetener (sorbitol), inulin, egg white, egg whites <strong>Egg. May contain traces of sesame.<\/strong><\/p>","protected":false},"excerpt":{"rendered":"<p>Delicious and surprising almond cream nougat with no added sugars and inulin by Pablo Garrig\u00f3s Ib\u00e1\u00f1ez in 200 grams format.<\/p>","protected":false},"featured_media":388,"template":"","meta":{"_acf_changed":false,"inline_featured_image":false},"product_brand":[],"product_cat":[21,18],"product_tag":[],"class_list":{"0":"post-387","1":"product","2":"type-product","3":"status-publish","4":"has-post-thumbnail","6":"product_cat-delicatessen","7":"product_cat-turrones","9":"first","10":"instock","11":"taxable","12":"shipping-taxable","13":"purchasable","14":"product-type-simple"},"acf":[],"yoast_head":"<!-- This site is optimized with the Yoast SEO plugin v26.5 - https:\/\/yoast.com\/wordpress\/plugins\/seo\/ -->\n<title>Crema de Turr\u00f3n de Almendras sin Az\u00facares A\u00f1adidos<\/title>\n<meta name=\"description\" content=\"Disfruta de la innovadora Crema de Turr\u00f3n de Almendras sin az\u00facares a\u00f1adidos, enriquecida con inulina. Un placer saludable de Pablo Garrig\u00f3s Ib\u00e1\u00f1ez en 200g.\" \/>\n<meta name=\"robots\" content=\"index, follow, max-snippet:-1, max-image-preview:large, max-video-preview:-1\" \/>\n<link rel=\"canonical\" href=\"https:\/\/pablogarrigos.com\/en\/turrones\/delicatessen\/turron-de-crema-de-almendras-sin-azucares-anadidos-con-inulina-200-g\/\" \/>\n<meta property=\"og:locale\" content=\"en_US\" \/>\n<meta property=\"og:type\" content=\"article\" \/>\n<meta property=\"og:title\" content=\"Crema de Turr\u00f3n de Almendras sin Az\u00facares A\u00f1adidos\" \/>\n<meta property=\"og:description\" content=\"Disfruta de la innovadora Crema de Turr\u00f3n de Almendras sin az\u00facares a\u00f1adidos, enriquecida con inulina. Un placer saludable de Pablo Garrig\u00f3s Ib\u00e1\u00f1ez en 200g.\" \/>\n<meta property=\"og:url\" content=\"https:\/\/pablogarrigos.com\/en\/turrones\/delicatessen\/turron-de-crema-de-almendras-sin-azucares-anadidos-con-inulina-200-g\/\" \/>\n<meta property=\"og:site_name\" content=\"Pablo Garrig\u00f3s Iba\u00f1ez\" \/>\n<meta property=\"article:modified_time\" content=\"2025-09-03T12:54:43+00:00\" \/>\n<meta property=\"og:image\" content=\"https:\/\/pablogarrigos.com\/wp-content\/uploads\/2024\/02\/DESA01-Turron-de-Jijona-Sin-Azucar-Delicatessen-200g.jpg\" \/>\n\t<meta property=\"og:image:width\" content=\"600\" \/>\n\t<meta property=\"og:image:height\" content=\"600\" \/>\n\t<meta property=\"og:image:type\" content=\"image\/jpeg\" \/>\n<meta name=\"twitter:card\" content=\"summary_large_image\" \/>\n<meta name=\"twitter:label1\" content=\"Est. reading time\" \/>\n\t<meta name=\"twitter:data1\" content=\"1 minute\" \/>\n<script type=\"application\/ld+json\" class=\"yoast-schema-graph\">{\"@context\":\"https:\/\/schema.org\",\"@graph\":[{\"@type\":\"WebPage\",\"@id\":\"https:\/\/pablogarrigos.com\/turrones\/delicatessen\/turron-de-crema-de-almendras-sin-azucares-anadidos-con-inulina-200-g\/\",\"url\":\"https:\/\/pablogarrigos.com\/turrones\/delicatessen\/turron-de-crema-de-almendras-sin-azucares-anadidos-con-inulina-200-g\/\",\"name\":\"Crema de Turr\u00f3n de Almendras sin Az\u00facares A\u00f1adidos\",\"isPartOf\":{\"@id\":\"https:\/\/pablogarrigos.com\/#website\"},\"primaryImageOfPage\":{\"@id\":\"https:\/\/pablogarrigos.com\/turrones\/delicatessen\/turron-de-crema-de-almendras-sin-azucares-anadidos-con-inulina-200-g\/#primaryimage\"},\"image\":{\"@id\":\"https:\/\/pablogarrigos.com\/turrones\/delicatessen\/turron-de-crema-de-almendras-sin-azucares-anadidos-con-inulina-200-g\/#primaryimage\"},\"thumbnailUrl\":\"https:\/\/pablogarrigos.com\/wp-content\/uploads\/2024\/02\/DESA01-Turron-de-Jijona-Sin-Azucar-Delicatessen-200g.jpg\",\"datePublished\":\"2024-02-20T10:01:57+00:00\",\"dateModified\":\"2025-09-03T12:54:43+00:00\",\"description\":\"Disfruta de la innovadora Crema de Turr\u00f3n de Almendras sin az\u00facares a\u00f1adidos, enriquecida con inulina. Un placer saludable de Pablo Garrig\u00f3s Ib\u00e1\u00f1ez en 200g.\",\"breadcrumb\":{\"@id\":\"https:\/\/pablogarrigos.com\/turrones\/delicatessen\/turron-de-crema-de-almendras-sin-azucares-anadidos-con-inulina-200-g\/#breadcrumb\"},\"inLanguage\":\"en-US\",\"potentialAction\":[{\"@type\":\"ReadAction\",\"target\":[\"https:\/\/pablogarrigos.com\/turrones\/delicatessen\/turron-de-crema-de-almendras-sin-azucares-anadidos-con-inulina-200-g\/\"]}]},{\"@type\":\"ImageObject\",\"inLanguage\":\"en-US\",\"@id\":\"https:\/\/pablogarrigos.com\/turrones\/delicatessen\/turron-de-crema-de-almendras-sin-azucares-anadidos-con-inulina-200-g\/#primaryimage\",\"url\":\"https:\/\/pablogarrigos.com\/wp-content\/uploads\/2024\/02\/DESA01-Turron-de-Jijona-Sin-Azucar-Delicatessen-200g.jpg\",\"contentUrl\":\"https:\/\/pablogarrigos.com\/wp-content\/uploads\/2024\/02\/DESA01-Turron-de-Jijona-Sin-Azucar-Delicatessen-200g.jpg\",\"width\":600,\"height\":600},{\"@type\":\"BreadcrumbList\",\"@id\":\"https:\/\/pablogarrigos.com\/turrones\/delicatessen\/turron-de-crema-de-almendras-sin-azucares-anadidos-con-inulina-200-g\/#breadcrumb\",\"itemListElement\":[{\"@type\":\"ListItem\",\"position\":1,\"name\":\"Home\",\"item\":\"https:\/\/pablogarrigos.com\/en\/\"},{\"@type\":\"ListItem\",\"position\":2,\"name\":\"Tienda\",\"item\":\"https:\/\/pablogarrigos.com\/en\/tienda\/\"},{\"@type\":\"ListItem\",\"position\":3,\"name\":\"Crema de turr\u00f3n de almendras con edulcorantes delicatessen 200g\"}]},{\"@type\":\"WebSite\",\"@id\":\"https:\/\/pablogarrigos.com\/#website\",\"url\":\"https:\/\/pablogarrigos.com\/\",\"name\":\"Pablo Garrig\u00f3s Iba\u00f1ez\",\"description\":\"El Sentido del Gusto\",\"publisher\":{\"@id\":\"https:\/\/pablogarrigos.com\/#organization\"},\"potentialAction\":[{\"@type\":\"SearchAction\",\"target\":{\"@type\":\"EntryPoint\",\"urlTemplate\":\"https:\/\/pablogarrigos.com\/?s={search_term_string}\"},\"query-input\":{\"@type\":\"PropertyValueSpecification\",\"valueRequired\":true,\"valueName\":\"search_term_string\"}}],\"inLanguage\":\"en-US\"},{\"@type\":\"Organization\",\"@id\":\"https:\/\/pablogarrigos.com\/#organization\",\"name\":\"Pablo Garrig\u00f3s Iba\u00f1ez\",\"url\":\"https:\/\/pablogarrigos.com\/\",\"logo\":{\"@type\":\"ImageObject\",\"inLanguage\":\"en-US\",\"@id\":\"https:\/\/pablogarrigos.com\/#\/schema\/logo\/image\/\",\"url\":\"https:\/\/pablogarrigos.com\/wp-content\/uploads\/2024\/02\/logo-pablogarrigos.png\",\"contentUrl\":\"https:\/\/pablogarrigos.com\/wp-content\/uploads\/2024\/02\/logo-pablogarrigos.png\",\"width\":1247,\"height\":480,\"caption\":\"Pablo Garrig\u00f3s Iba\u00f1ez\"},\"image\":{\"@id\":\"https:\/\/pablogarrigos.com\/#\/schema\/logo\/image\/\"}}]}<\/script>\n<!-- \/ Yoast SEO plugin. -->","yoast_head_json":{"title":"Cream of almond nougat with no added sugars","description":"Enjoy the innovative Almond Nougat Cream with no added sugars, enriched with inulin. A healthy pleasure from Pablo Garrig\u00f3s Ib\u00e1\u00f1ez in 200g.","robots":{"index":"index","follow":"follow","max-snippet":"max-snippet:-1","max-image-preview":"max-image-preview:large","max-video-preview":"max-video-preview:-1"},"canonical":"https:\/\/pablogarrigos.com\/en\/turrones\/delicatessen\/turron-de-crema-de-almendras-sin-azucares-anadidos-con-inulina-200-g\/","og_locale":"en_US","og_type":"article","og_title":"Crema de Turr\u00f3n de Almendras sin Az\u00facares A\u00f1adidos","og_description":"Disfruta de la innovadora Crema de Turr\u00f3n de Almendras sin az\u00facares a\u00f1adidos, enriquecida con inulina. Un placer saludable de Pablo Garrig\u00f3s Ib\u00e1\u00f1ez en 200g.","og_url":"https:\/\/pablogarrigos.com\/en\/turrones\/delicatessen\/turron-de-crema-de-almendras-sin-azucares-anadidos-con-inulina-200-g\/","og_site_name":"Pablo Garrig\u00f3s Iba\u00f1ez","article_modified_time":"2025-09-03T12:54:43+00:00","og_image":[{"width":600,"height":600,"url":"https:\/\/pablogarrigos.com\/wp-content\/uploads\/2024\/02\/DESA01-Turron-de-Jijona-Sin-Azucar-Delicatessen-200g.jpg","type":"image\/jpeg"}],"twitter_card":"summary_large_image","twitter_misc":{"Est. reading time":"1 minute"},"schema":{"@context":"https:\/\/schema.org","@graph":[{"@type":"WebPage","@id":"https:\/\/pablogarrigos.com\/turrones\/delicatessen\/turron-de-crema-de-almendras-sin-azucares-anadidos-con-inulina-200-g\/","url":"https:\/\/pablogarrigos.com\/turrones\/delicatessen\/turron-de-crema-de-almendras-sin-azucares-anadidos-con-inulina-200-g\/","name":"Cream of almond nougat with no added sugars","isPartOf":{"@id":"https:\/\/pablogarrigos.com\/#website"},"primaryImageOfPage":{"@id":"https:\/\/pablogarrigos.com\/turrones\/delicatessen\/turron-de-crema-de-almendras-sin-azucares-anadidos-con-inulina-200-g\/#primaryimage"},"image":{"@id":"https:\/\/pablogarrigos.com\/turrones\/delicatessen\/turron-de-crema-de-almendras-sin-azucares-anadidos-con-inulina-200-g\/#primaryimage"},"thumbnailUrl":"https:\/\/pablogarrigos.com\/wp-content\/uploads\/2024\/02\/DESA01-Turron-de-Jijona-Sin-Azucar-Delicatessen-200g.jpg","datePublished":"2024-02-20T10:01:57+00:00","dateModified":"2025-09-03T12:54:43+00:00","description":"Enjoy the innovative Almond Nougat Cream with no added sugars, enriched with inulin. A healthy pleasure from Pablo Garrig\u00f3s Ib\u00e1\u00f1ez in 200g.","breadcrumb":{"@id":"https:\/\/pablogarrigos.com\/turrones\/delicatessen\/turron-de-crema-de-almendras-sin-azucares-anadidos-con-inulina-200-g\/#breadcrumb"},"inLanguage":"en-US","potentialAction":[{"@type":"ReadAction","target":["https:\/\/pablogarrigos.com\/turrones\/delicatessen\/turron-de-crema-de-almendras-sin-azucares-anadidos-con-inulina-200-g\/"]}]},{"@type":"ImageObject","inLanguage":"en-US","@id":"https:\/\/pablogarrigos.com\/turrones\/delicatessen\/turron-de-crema-de-almendras-sin-azucares-anadidos-con-inulina-200-g\/#primaryimage","url":"https:\/\/pablogarrigos.com\/wp-content\/uploads\/2024\/02\/DESA01-Turron-de-Jijona-Sin-Azucar-Delicatessen-200g.jpg","contentUrl":"https:\/\/pablogarrigos.com\/wp-content\/uploads\/2024\/02\/DESA01-Turron-de-Jijona-Sin-Azucar-Delicatessen-200g.jpg","width":600,"height":600},{"@type":"BreadcrumbList","@id":"https:\/\/pablogarrigos.com\/turrones\/delicatessen\/turron-de-crema-de-almendras-sin-azucares-anadidos-con-inulina-200-g\/#breadcrumb","itemListElement":[{"@type":"ListItem","position":1,"name":"Home","item":"https:\/\/pablogarrigos.com\/en\/"},{"@type":"ListItem","position":2,"name":"Tienda","item":"https:\/\/pablogarrigos.com\/en\/tienda\/"},{"@type":"ListItem","position":3,"name":"Crema de turr\u00f3n de almendras con edulcorantes delicatessen 200g"}]},{"@type":"WebSite","@id":"https:\/\/pablogarrigos.com\/#website","url":"https:\/\/pablogarrigos.com\/","name":"Pablo Garrig\u00f3s Iba\u00f1ez","description":"The Sense of Taste","publisher":{"@id":"https:\/\/pablogarrigos.com\/#organization"},"potentialAction":[{"@type":"SearchAction","target":{"@type":"EntryPoint","urlTemplate":"https:\/\/pablogarrigos.com\/?s={search_term_string}"},"query-input":{"@type":"PropertyValueSpecification","valueRequired":true,"valueName":"search_term_string"}}],"inLanguage":"en-US"},{"@type":"Organization","@id":"https:\/\/pablogarrigos.com\/#organization","name":"Pablo Garrig\u00f3s Iba\u00f1ez","url":"https:\/\/pablogarrigos.com\/","logo":{"@type":"ImageObject","inLanguage":"en-US","@id":"https:\/\/pablogarrigos.com\/#\/schema\/logo\/image\/","url":"https:\/\/pablogarrigos.com\/wp-content\/uploads\/2024\/02\/logo-pablogarrigos.png","contentUrl":"https:\/\/pablogarrigos.com\/wp-content\/uploads\/2024\/02\/logo-pablogarrigos.png","width":1247,"height":480,"caption":"Pablo Garrig\u00f3s Iba\u00f1ez"},"image":{"@id":"https:\/\/pablogarrigos.com\/#\/schema\/logo\/image\/"}}]}},"_links":{"self":[{"href":"https:\/\/pablogarrigos.com\/en\/wp-json\/wp\/v2\/product\/387","targetHints":{"allow":["GET"]}}],"collection":[{"href":"https:\/\/pablogarrigos.com\/en\/wp-json\/wp\/v2\/product"}],"about":[{"href":"https:\/\/pablogarrigos.com\/en\/wp-json\/wp\/v2\/types\/product"}],"wp:featuredmedia":[{"embeddable":true,"href":"https:\/\/pablogarrigos.com\/en\/wp-json\/wp\/v2\/media\/388"}],"wp:attachment":[{"href":"https:\/\/pablogarrigos.com\/en\/wp-json\/wp\/v2\/media?parent=387"}],"wp:term":[{"taxonomy":"product_brand","embeddable":true,"href":"https:\/\/pablogarrigos.com\/en\/wp-json\/wp\/v2\/product_brand?post=387"},{"taxonomy":"product_cat","embeddable":true,"href":"https:\/\/pablogarrigos.com\/en\/wp-json\/wp\/v2\/product_cat?post=387"},{"taxonomy":"product_tag","embeddable":true,"href":"https:\/\/pablogarrigos.com\/en\/wp-json\/wp\/v2\/product_tag?post=387"}],"curies":[{"name":"wp","href":"https:\/\/api.w.org\/{rel}","templated":true}]}}