{"id":344,"date":"2024-02-20T09:07:23","date_gmt":"2024-02-20T08:07:23","guid":{"rendered":"https:\/\/pablogarrigos.com\/index.php\/product\/turron-a-la-piedra-delicatessen-300-g\/"},"modified":"2025-11-13T11:58:50","modified_gmt":"2025-11-13T10:58:50","slug":"turron-a-la-piedra-delicatessen-300-g","status":"publish","type":"product","link":"https:\/\/pablogarrigos.com\/en\/turrones\/delicatessen\/turron-a-la-piedra-delicatessen-300-g\/","title":{"rendered":"Soft Almond and Cinnamon Turron Delicatessen 300g"},"content":{"rendered":"<p><strong>Almond<\/strong> 60% selected and roasted marcona, sugar, lemon zest and cinnamon. <strong>May contain traces of: wheat flour and egg.<\/strong><\/p>\n<p><strong>Conservar en un lugar fresco y seco. 18\u00ba-22\u00baC.<\/strong><\/p>","protected":false},"excerpt":{"rendered":"<p>This nougat is made using the traditional method. The stone ground Marcona almonds are ground with a subtle touch of cinnamon and lemon.<\/p>","protected":false},"featured_media":345,"template":"","meta":{"_acf_changed":false,"inline_featured_image":false},"product_brand":[],"product_cat":[21,18],"product_tag":[],"class_list":{"0":"post-344","1":"product","2":"type-product","3":"status-publish","4":"has-post-thumbnail","6":"product_cat-delicatessen","7":"product_cat-turrones","9":"first","10":"instock","11":"taxable","12":"shipping-taxable","13":"purchasable","14":"product-type-simple"},"acf":[],"yoast_head":"<!-- This site is optimized with the Yoast SEO plugin v26.5 - https:\/\/yoast.com\/wordpress\/plugins\/seo\/ -->\n<title>Turr\u00f3n a la Piedra Delicatessen | Pablo Garrig\u00f3s Ib\u00e1\u00f1ez<\/title>\n<meta name=\"description\" content=\"Descubre el Turr\u00f3n a la Piedra Delicatessen de Pablo Garrig\u00f3s Ib\u00e1\u00f1ez, creado mediante un m\u00e9todo tradicional que combina almendra Marcona, canela y lim\u00f3n para un sabor \u00fanico e inigualable.\" \/>\n<meta name=\"robots\" content=\"index, follow, max-snippet:-1, max-image-preview:large, max-video-preview:-1\" \/>\n<link rel=\"canonical\" href=\"https:\/\/pablogarrigos.com\/en\/turrones\/delicatessen\/turron-a-la-piedra-delicatessen-300-g\/\" \/>\n<meta property=\"og:locale\" content=\"en_US\" \/>\n<meta property=\"og:type\" content=\"article\" \/>\n<meta property=\"og:title\" content=\"Turr\u00f3n a la Piedra Delicatessen | Pablo Garrig\u00f3s Ib\u00e1\u00f1ez\" \/>\n<meta property=\"og:description\" content=\"Descubre el Turr\u00f3n a la Piedra Delicatessen de Pablo Garrig\u00f3s Ib\u00e1\u00f1ez, creado mediante un m\u00e9todo tradicional que combina almendra Marcona, canela y lim\u00f3n para un sabor \u00fanico e inigualable.\" \/>\n<meta property=\"og:url\" content=\"https:\/\/pablogarrigos.com\/en\/turrones\/delicatessen\/turron-a-la-piedra-delicatessen-300-g\/\" \/>\n<meta property=\"og:site_name\" content=\"Pablo Garrig\u00f3s Iba\u00f1ez\" \/>\n<meta property=\"article:modified_time\" content=\"2025-11-13T10:58:50+00:00\" \/>\n<meta property=\"og:image\" content=\"https:\/\/pablogarrigos.com\/wp-content\/uploads\/2024\/02\/turron-de-la-piedra.jpg\" \/>\n\t<meta property=\"og:image:width\" content=\"600\" \/>\n\t<meta property=\"og:image:height\" content=\"600\" \/>\n\t<meta property=\"og:image:type\" content=\"image\/jpeg\" \/>\n<meta name=\"twitter:card\" content=\"summary_large_image\" \/>\n<meta name=\"twitter:label1\" content=\"Est. reading time\" \/>\n\t<meta name=\"twitter:data1\" content=\"1 minute\" \/>\n<script type=\"application\/ld+json\" class=\"yoast-schema-graph\">{\"@context\":\"https:\/\/schema.org\",\"@graph\":[{\"@type\":\"WebPage\",\"@id\":\"https:\/\/pablogarrigos.com\/turrones\/delicatessen\/turron-a-la-piedra-delicatessen-300-g\/\",\"url\":\"https:\/\/pablogarrigos.com\/turrones\/delicatessen\/turron-a-la-piedra-delicatessen-300-g\/\",\"name\":\"Turr\u00f3n a la Piedra Delicatessen | Pablo Garrig\u00f3s Ib\u00e1\u00f1ez\",\"isPartOf\":{\"@id\":\"https:\/\/pablogarrigos.com\/#website\"},\"primaryImageOfPage\":{\"@id\":\"https:\/\/pablogarrigos.com\/turrones\/delicatessen\/turron-a-la-piedra-delicatessen-300-g\/#primaryimage\"},\"image\":{\"@id\":\"https:\/\/pablogarrigos.com\/turrones\/delicatessen\/turron-a-la-piedra-delicatessen-300-g\/#primaryimage\"},\"thumbnailUrl\":\"https:\/\/pablogarrigos.com\/wp-content\/uploads\/2024\/02\/turron-de-la-piedra.jpg\",\"datePublished\":\"2024-02-20T08:07:23+00:00\",\"dateModified\":\"2025-11-13T10:58:50+00:00\",\"description\":\"Descubre el Turr\u00f3n a la Piedra Delicatessen de Pablo Garrig\u00f3s Ib\u00e1\u00f1ez, creado mediante un m\u00e9todo tradicional que combina almendra Marcona, canela y lim\u00f3n para un sabor \u00fanico e inigualable.\",\"breadcrumb\":{\"@id\":\"https:\/\/pablogarrigos.com\/turrones\/delicatessen\/turron-a-la-piedra-delicatessen-300-g\/#breadcrumb\"},\"inLanguage\":\"en-US\",\"potentialAction\":[{\"@type\":\"ReadAction\",\"target\":[\"https:\/\/pablogarrigos.com\/turrones\/delicatessen\/turron-a-la-piedra-delicatessen-300-g\/\"]}]},{\"@type\":\"ImageObject\",\"inLanguage\":\"en-US\",\"@id\":\"https:\/\/pablogarrigos.com\/turrones\/delicatessen\/turron-a-la-piedra-delicatessen-300-g\/#primaryimage\",\"url\":\"https:\/\/pablogarrigos.com\/wp-content\/uploads\/2024\/02\/turron-de-la-piedra.jpg\",\"contentUrl\":\"https:\/\/pablogarrigos.com\/wp-content\/uploads\/2024\/02\/turron-de-la-piedra.jpg\",\"width\":600,\"height\":600},{\"@type\":\"BreadcrumbList\",\"@id\":\"https:\/\/pablogarrigos.com\/turrones\/delicatessen\/turron-a-la-piedra-delicatessen-300-g\/#breadcrumb\",\"itemListElement\":[{\"@type\":\"ListItem\",\"position\":1,\"name\":\"Home\",\"item\":\"https:\/\/pablogarrigos.com\/en\/\"},{\"@type\":\"ListItem\",\"position\":2,\"name\":\"Tienda\",\"item\":\"https:\/\/pablogarrigos.com\/en\/tienda\/\"},{\"@type\":\"ListItem\",\"position\":3,\"name\":\"Turr\u00f3n a la Piedra Delicatessen 300g\"}]},{\"@type\":\"WebSite\",\"@id\":\"https:\/\/pablogarrigos.com\/#website\",\"url\":\"https:\/\/pablogarrigos.com\/\",\"name\":\"Pablo Garrig\u00f3s Iba\u00f1ez\",\"description\":\"El Sentido del Gusto\",\"publisher\":{\"@id\":\"https:\/\/pablogarrigos.com\/#organization\"},\"potentialAction\":[{\"@type\":\"SearchAction\",\"target\":{\"@type\":\"EntryPoint\",\"urlTemplate\":\"https:\/\/pablogarrigos.com\/?s={search_term_string}\"},\"query-input\":{\"@type\":\"PropertyValueSpecification\",\"valueRequired\":true,\"valueName\":\"search_term_string\"}}],\"inLanguage\":\"en-US\"},{\"@type\":\"Organization\",\"@id\":\"https:\/\/pablogarrigos.com\/#organization\",\"name\":\"Pablo Garrig\u00f3s Iba\u00f1ez\",\"url\":\"https:\/\/pablogarrigos.com\/\",\"logo\":{\"@type\":\"ImageObject\",\"inLanguage\":\"en-US\",\"@id\":\"https:\/\/pablogarrigos.com\/#\/schema\/logo\/image\/\",\"url\":\"https:\/\/pablogarrigos.com\/wp-content\/uploads\/2024\/02\/logo-pablogarrigos.png\",\"contentUrl\":\"https:\/\/pablogarrigos.com\/wp-content\/uploads\/2024\/02\/logo-pablogarrigos.png\",\"width\":1247,\"height\":480,\"caption\":\"Pablo Garrig\u00f3s Iba\u00f1ez\"},\"image\":{\"@id\":\"https:\/\/pablogarrigos.com\/#\/schema\/logo\/image\/\"}}]}<\/script>\n<!-- \/ Yoast SEO plugin. -->","yoast_head_json":{"title":"Turr\u00f3n a la Piedra Delicatessen | Pablo Garrig\u00f3s Ib\u00e1\u00f1ez","description":"Discover the Turr\u00f3n a la Piedra Delicatessen by Pablo Garrig\u00f3s Ib\u00e1\u00f1ez, created using a traditional method that combines Marcona almonds, cinnamon and lemon for a unique and incomparable flavor.","robots":{"index":"index","follow":"follow","max-snippet":"max-snippet:-1","max-image-preview":"max-image-preview:large","max-video-preview":"max-video-preview:-1"},"canonical":"https:\/\/pablogarrigos.com\/en\/turrones\/delicatessen\/turron-a-la-piedra-delicatessen-300-g\/","og_locale":"en_US","og_type":"article","og_title":"Turr\u00f3n a la Piedra Delicatessen | Pablo Garrig\u00f3s Ib\u00e1\u00f1ez","og_description":"Descubre el Turr\u00f3n a la Piedra Delicatessen de Pablo Garrig\u00f3s Ib\u00e1\u00f1ez, creado mediante un m\u00e9todo tradicional que combina almendra Marcona, canela y lim\u00f3n para un sabor \u00fanico e inigualable.","og_url":"https:\/\/pablogarrigos.com\/en\/turrones\/delicatessen\/turron-a-la-piedra-delicatessen-300-g\/","og_site_name":"Pablo Garrig\u00f3s Iba\u00f1ez","article_modified_time":"2025-11-13T10:58:50+00:00","og_image":[{"width":600,"height":600,"url":"https:\/\/pablogarrigos.com\/wp-content\/uploads\/2024\/02\/turron-de-la-piedra.jpg","type":"image\/jpeg"}],"twitter_card":"summary_large_image","twitter_misc":{"Est. reading time":"1 minute"},"schema":{"@context":"https:\/\/schema.org","@graph":[{"@type":"WebPage","@id":"https:\/\/pablogarrigos.com\/turrones\/delicatessen\/turron-a-la-piedra-delicatessen-300-g\/","url":"https:\/\/pablogarrigos.com\/turrones\/delicatessen\/turron-a-la-piedra-delicatessen-300-g\/","name":"Turr\u00f3n a la Piedra Delicatessen | Pablo Garrig\u00f3s Ib\u00e1\u00f1ez","isPartOf":{"@id":"https:\/\/pablogarrigos.com\/#website"},"primaryImageOfPage":{"@id":"https:\/\/pablogarrigos.com\/turrones\/delicatessen\/turron-a-la-piedra-delicatessen-300-g\/#primaryimage"},"image":{"@id":"https:\/\/pablogarrigos.com\/turrones\/delicatessen\/turron-a-la-piedra-delicatessen-300-g\/#primaryimage"},"thumbnailUrl":"https:\/\/pablogarrigos.com\/wp-content\/uploads\/2024\/02\/turron-de-la-piedra.jpg","datePublished":"2024-02-20T08:07:23+00:00","dateModified":"2025-11-13T10:58:50+00:00","description":"Discover the Turr\u00f3n a la Piedra Delicatessen by Pablo Garrig\u00f3s Ib\u00e1\u00f1ez, created using a traditional method that combines Marcona almonds, cinnamon and lemon for a unique and incomparable flavor.","breadcrumb":{"@id":"https:\/\/pablogarrigos.com\/turrones\/delicatessen\/turron-a-la-piedra-delicatessen-300-g\/#breadcrumb"},"inLanguage":"en-US","potentialAction":[{"@type":"ReadAction","target":["https:\/\/pablogarrigos.com\/turrones\/delicatessen\/turron-a-la-piedra-delicatessen-300-g\/"]}]},{"@type":"ImageObject","inLanguage":"en-US","@id":"https:\/\/pablogarrigos.com\/turrones\/delicatessen\/turron-a-la-piedra-delicatessen-300-g\/#primaryimage","url":"https:\/\/pablogarrigos.com\/wp-content\/uploads\/2024\/02\/turron-de-la-piedra.jpg","contentUrl":"https:\/\/pablogarrigos.com\/wp-content\/uploads\/2024\/02\/turron-de-la-piedra.jpg","width":600,"height":600},{"@type":"BreadcrumbList","@id":"https:\/\/pablogarrigos.com\/turrones\/delicatessen\/turron-a-la-piedra-delicatessen-300-g\/#breadcrumb","itemListElement":[{"@type":"ListItem","position":1,"name":"Home","item":"https:\/\/pablogarrigos.com\/en\/"},{"@type":"ListItem","position":2,"name":"Tienda","item":"https:\/\/pablogarrigos.com\/en\/tienda\/"},{"@type":"ListItem","position":3,"name":"Turr\u00f3n a la Piedra Delicatessen 300g"}]},{"@type":"WebSite","@id":"https:\/\/pablogarrigos.com\/#website","url":"https:\/\/pablogarrigos.com\/","name":"Pablo Garrig\u00f3s Iba\u00f1ez","description":"The Sense of Taste","publisher":{"@id":"https:\/\/pablogarrigos.com\/#organization"},"potentialAction":[{"@type":"SearchAction","target":{"@type":"EntryPoint","urlTemplate":"https:\/\/pablogarrigos.com\/?s={search_term_string}"},"query-input":{"@type":"PropertyValueSpecification","valueRequired":true,"valueName":"search_term_string"}}],"inLanguage":"en-US"},{"@type":"Organization","@id":"https:\/\/pablogarrigos.com\/#organization","name":"Pablo Garrig\u00f3s Iba\u00f1ez","url":"https:\/\/pablogarrigos.com\/","logo":{"@type":"ImageObject","inLanguage":"en-US","@id":"https:\/\/pablogarrigos.com\/#\/schema\/logo\/image\/","url":"https:\/\/pablogarrigos.com\/wp-content\/uploads\/2024\/02\/logo-pablogarrigos.png","contentUrl":"https:\/\/pablogarrigos.com\/wp-content\/uploads\/2024\/02\/logo-pablogarrigos.png","width":1247,"height":480,"caption":"Pablo Garrig\u00f3s Iba\u00f1ez"},"image":{"@id":"https:\/\/pablogarrigos.com\/#\/schema\/logo\/image\/"}}]}},"_links":{"self":[{"href":"https:\/\/pablogarrigos.com\/en\/wp-json\/wp\/v2\/product\/344","targetHints":{"allow":["GET"]}}],"collection":[{"href":"https:\/\/pablogarrigos.com\/en\/wp-json\/wp\/v2\/product"}],"about":[{"href":"https:\/\/pablogarrigos.com\/en\/wp-json\/wp\/v2\/types\/product"}],"wp:featuredmedia":[{"embeddable":true,"href":"https:\/\/pablogarrigos.com\/en\/wp-json\/wp\/v2\/media\/345"}],"wp:attachment":[{"href":"https:\/\/pablogarrigos.com\/en\/wp-json\/wp\/v2\/media?parent=344"}],"wp:term":[{"taxonomy":"product_brand","embeddable":true,"href":"https:\/\/pablogarrigos.com\/en\/wp-json\/wp\/v2\/product_brand?post=344"},{"taxonomy":"product_cat","embeddable":true,"href":"https:\/\/pablogarrigos.com\/en\/wp-json\/wp\/v2\/product_cat?post=344"},{"taxonomy":"product_tag","embeddable":true,"href":"https:\/\/pablogarrigos.com\/en\/wp-json\/wp\/v2\/product_tag?post=344"}],"curies":[{"name":"wp","href":"https:\/\/api.w.org\/{rel}","templated":true}]}}