{"id":1408,"date":"2024-02-27T11:53:50","date_gmt":"2024-02-27T10:53:50","guid":{"rendered":"https:\/\/pablogarrigos.com\/?page_id=1408"},"modified":"2024-05-15T10:19:01","modified_gmt":"2024-05-15T08:19:01","slug":"historia","status":"publish","type":"page","link":"https:\/\/pablogarrigos.com\/en\/historia\/","title":{"rendered":"History"},"content":{"rendered":"<div data-elementor-type=\"wp-page\" data-elementor-id=\"1408\" class=\"elementor elementor-1408\" data-elementor-post-type=\"page\">\n\t\t\t\t<div class=\"elementor-element elementor-element-27163aee e-flex e-con-boxed e-con e-parent\" data-id=\"27163aee\" data-element_type=\"container\" data-settings=\"{&quot;background_background&quot;:&quot;classic&quot;}\">\n\t\t\t\t\t<div class=\"e-con-inner\">\n\t\t<div class=\"elementor-element elementor-element-35fff3d e-con-full mt-4 elementor-hidden-mobile e-flex e-con e-child\" data-id=\"35fff3d\" data-element_type=\"container\">\n\t\t\t\t<div class=\"elementor-element elementor-element-2282d859 elementor-widget elementor-widget-heading\" data-id=\"2282d859\" data-element_type=\"widget\" data-widget_type=\"heading.default\">\n\t\t\t\t<div class=\"elementor-widget-container\">\n\t\t\t\t\t<h1 class=\"elementor-heading-title elementor-size-default\">Our History<\/h1>\t\t\t\t<\/div>\n\t\t\t\t<\/div>\n\t\t\t\t<div class=\"elementor-element elementor-element-88dd1cc elementor-widget elementor-widget-text-editor\" data-id=\"88dd1cc\" data-element_type=\"widget\" data-widget_type=\"text-editor.default\">\n\t\t\t\t<div class=\"elementor-widget-container\">\n\t\t\t\t\t\t\t\t\t<p>Pablo Garrig\u00f3s Ib\u00e1\u00f1ez has managed to maintain the traditional craftsmanship while adapting to the new times, with a fresh and innovative touch.<\/p>\t\t\t\t\t\t\t\t<\/div>\n\t\t\t\t<\/div>\n\t\t\t\t<\/div>\n\t\t\t\t\t<\/div>\n\t\t\t\t<\/div>\n\t\t<div class=\"elementor-element elementor-element-c6a2d79 e-con-full elementor-hidden-desktop elementor-hidden-laptop elementor-hidden-tablet_extra elementor-hidden-tablet e-flex e-con e-parent\" data-id=\"c6a2d79\" data-element_type=\"container\" data-settings=\"{&quot;background_background&quot;:&quot;classic&quot;}\">\n\t\t<div class=\"elementor-element elementor-element-3ac6b07 e-con-full e-flex e-con e-child\" data-id=\"3ac6b07\" data-element_type=\"container\">\n\t\t\t\t<div class=\"elementor-element elementor-element-322ca20 elementor-widget elementor-widget-heading\" data-id=\"322ca20\" data-element_type=\"widget\" data-widget_type=\"heading.default\">\n\t\t\t\t<div class=\"elementor-widget-container\">\n\t\t\t\t\t<h1 class=\"elementor-heading-title elementor-size-default\">Our History<\/h1>\t\t\t\t<\/div>\n\t\t\t\t<\/div>\n\t\t\t\t<div class=\"elementor-element elementor-element-699896c elementor-widget elementor-widget-text-editor\" data-id=\"699896c\" data-element_type=\"widget\" data-widget_type=\"text-editor.default\">\n\t\t\t\t<div class=\"elementor-widget-container\">\n\t\t\t\t\t\t\t\t\t<p>Pablo Garrig\u00f3s Ib\u00e1\u00f1ez has managed to maintain the traditional craftsmanship while adapting to the new times, with a fresh and innovative touch.<\/p>\t\t\t\t\t\t\t\t<\/div>\n\t\t\t\t<\/div>\n\t\t\t\t<\/div>\n\t\t\t\t<\/div>\n\t\t<div class=\"elementor-element elementor-element-5bc484b e-flex e-con-boxed e-con e-parent\" data-id=\"5bc484b\" data-element_type=\"container\">\n\t\t\t\t\t<div class=\"e-con-inner\">\n\t\t<div class=\"elementor-element elementor-element-f72dc42 e-con-full e-flex e-con e-child\" data-id=\"f72dc42\" data-element_type=\"container\">\n\t\t\t\t<div class=\"elementor-element elementor-element-43c8da1 elementor-widget elementor-widget-heading\" data-id=\"43c8da1\" data-element_type=\"widget\" data-widget_type=\"heading.default\">\n\t\t\t\t<div class=\"elementor-widget-container\">\n\t\t\t\t\t<h2 class=\"elementor-heading-title elementor-size-default\">Tradition<\/h2>\t\t\t\t<\/div>\n\t\t\t\t<\/div>\n\t\t\t\t<div class=\"elementor-element elementor-element-bc1ed78 elementor-widget elementor-widget-text-editor\" data-id=\"bc1ed78\" data-element_type=\"widget\" data-widget_type=\"text-editor.default\">\n\t\t\t\t<div class=\"elementor-widget-container\">\n\t\t\t\t\t\t\t\t\t<p><strong>Pablo Garrig\u00f3s Ib\u00e1\u00f1ez<\/strong> is an example of success in the nougat and candy industry. We have managed to maintain the artisan tradition that characterizes us and we have adapted to the times throughout our history. We have made use of innovation to bring new flavors to the most exquisite palates and globalization to study new production methods and transfer our products to all parts of the world.<\/p><p>The generational change in Pablo Garrig\u00f3s Ib\u00e1\u00f1ez has been fundamental for the company. With the arrival of Henedina and D\u00e9bora Garrig\u00f3s Jornet, we have managed to combine the characteristic tradition of our products with a modern vision adapted to the new times. The Garrig\u00f3s sisters have maintained the essence of the flavor, adding a fresh and innovative touch based on these three pillars: leadership, innovation and quality.<\/p>\t\t\t\t\t\t\t\t<\/div>\n\t\t\t\t<\/div>\n\t\t\t\t<\/div>\n\t\t<div class=\"elementor-element elementor-element-f58d1a7 e-con-full e-flex e-con e-child\" data-id=\"f58d1a7\" data-element_type=\"container\">\n\t\t<div class=\"elementor-element elementor-element-9cece77 e-con-full e-flex e-con e-child\" data-id=\"9cece77\" data-element_type=\"container\">\n\t\t\t\t<div class=\"elementor-element elementor-element-60bd6fe elementor-widget elementor-widget-image\" data-id=\"60bd6fe\" data-element_type=\"widget\" data-widget_type=\"image.default\">\n\t\t\t\t<div class=\"elementor-widget-container\">\n\t\t\t\t\t\t\t\t\t\t\t\t\t\t\t<img fetchpriority=\"high\" decoding=\"async\" width=\"600\" height=\"600\" src=\"https:\/\/pablogarrigos.com\/wp-content\/uploads\/2024\/02\/nuestra-historia-liderazgo.jpg\" class=\"attachment-full size-full wp-image-1516\" alt=\"\" srcset=\"https:\/\/pablogarrigos.com\/wp-content\/uploads\/2024\/02\/nuestra-historia-liderazgo.jpg 600w, https:\/\/pablogarrigos.com\/wp-content\/uploads\/2024\/02\/nuestra-historia-liderazgo-300x300.jpg 300w, https:\/\/pablogarrigos.com\/wp-content\/uploads\/2024\/02\/nuestra-historia-liderazgo-150x150.jpg 150w, https:\/\/pablogarrigos.com\/wp-content\/uploads\/2024\/02\/nuestra-historia-liderazgo-100x100.jpg 100w\" sizes=\"(max-width: 600px) 100vw, 600px\" \/>\t\t\t\t\t\t\t\t\t\t\t\t\t\t\t<\/div>\n\t\t\t\t<\/div>\n\t\t\t\t<\/div>\n\t\t<div class=\"elementor-element elementor-element-4d956d4 e-con-full e-flex e-con e-child\" data-id=\"4d956d4\" data-element_type=\"container\" data-settings=\"{&quot;background_background&quot;:&quot;classic&quot;}\">\n\t\t\t\t<div class=\"elementor-element elementor-element-c8388a3 elementor-widget elementor-widget-heading\" data-id=\"c8388a3\" data-element_type=\"widget\" data-widget_type=\"heading.default\">\n\t\t\t\t<div class=\"elementor-widget-container\">\n\t\t\t\t\t<h2 class=\"elementor-heading-title elementor-size-default\">Leadership<\/h2>\t\t\t\t<\/div>\n\t\t\t\t<\/div>\n\t\t\t\t<div class=\"elementor-element elementor-element-5e6b4ad elementor-widget elementor-widget-text-editor\" data-id=\"5e6b4ad\" data-element_type=\"widget\" data-widget_type=\"text-editor.default\">\n\t\t\t\t<div class=\"elementor-widget-container\">\n\t\t\t\t\t\t\t\t\t<p>When Pablo Garrig\u00f3s Ib\u00e1\u00f1ez took over the management in 1988, he faced the challenge of adapting the products to the new times without losing tradition and quality, the company's hallmark.<\/p>\t\t\t\t\t\t\t\t<\/div>\n\t\t\t\t<\/div>\n\t\t\t\t<\/div>\n\t\t\t\t<\/div>\n\t\t<div class=\"elementor-element elementor-element-a025993 e-con-full e-flex e-con e-child\" data-id=\"a025993\" data-element_type=\"container\">\n\t\t<div class=\"elementor-element elementor-element-ba9218a e-con-full e-flex e-con e-child\" data-id=\"ba9218a\" data-element_type=\"container\">\n\t\t\t\t<div class=\"elementor-element elementor-element-afc5ed6 elementor-widget elementor-widget-image\" data-id=\"afc5ed6\" data-element_type=\"widget\" data-widget_type=\"image.default\">\n\t\t\t\t<div class=\"elementor-widget-container\">\n\t\t\t\t\t\t\t\t\t\t\t\t\t\t\t<img decoding=\"async\" width=\"870\" height=\"850\" src=\"https:\/\/pablogarrigos.com\/wp-content\/uploads\/2024\/02\/nuestra-historia-2.jpg\" class=\"attachment-full size-full wp-image-1517\" alt=\"\" srcset=\"https:\/\/pablogarrigos.com\/wp-content\/uploads\/2024\/02\/nuestra-historia-2.jpg 870w, https:\/\/pablogarrigos.com\/wp-content\/uploads\/2024\/02\/nuestra-historia-2-300x293.jpg 300w, https:\/\/pablogarrigos.com\/wp-content\/uploads\/2024\/02\/nuestra-historia-2-768x750.jpg 768w, https:\/\/pablogarrigos.com\/wp-content\/uploads\/2024\/02\/nuestra-historia-2-600x586.jpg 600w\" sizes=\"(max-width: 870px) 100vw, 870px\" \/>\t\t\t\t\t\t\t\t\t\t\t\t\t\t\t<\/div>\n\t\t\t\t<\/div>\n\t\t\t\t<\/div>\n\t\t<div class=\"elementor-element elementor-element-74a360c e-con-full e-flex e-con e-child\" data-id=\"74a360c\" data-element_type=\"container\" data-settings=\"{&quot;background_background&quot;:&quot;classic&quot;}\">\n\t\t\t\t<div class=\"elementor-element elementor-element-3f2973c elementor-widget elementor-widget-heading\" data-id=\"3f2973c\" data-element_type=\"widget\" data-widget_type=\"heading.default\">\n\t\t\t\t<div class=\"elementor-widget-container\">\n\t\t\t\t\t<h2 class=\"elementor-heading-title elementor-size-default\">Innovation<\/h2>\t\t\t\t<\/div>\n\t\t\t\t<\/div>\n\t\t\t\t<div class=\"elementor-element elementor-element-0505249 elementor-widget elementor-widget-text-editor\" data-id=\"0505249\" data-element_type=\"widget\" data-widget_type=\"text-editor.default\">\n\t\t\t\t<div class=\"elementor-widget-container\">\n\t\t\t\t\t\t\t\t\t<p>Pablo Garrig\u00f3s Ib\u00e1\u00f1ez is committed to innovation, improving products and creating new flavors for the most select palates. His sweets and nougats are on the tables of more than 50 countries.<\/p>\t\t\t\t\t\t\t\t<\/div>\n\t\t\t\t<\/div>\n\t\t\t\t<\/div>\n\t\t\t\t<\/div>\n\t\t<div class=\"elementor-element elementor-element-af6f02d e-con-full e-flex e-con e-child\" data-id=\"af6f02d\" data-element_type=\"container\">\n\t\t<div class=\"elementor-element elementor-element-eae648b e-con-full e-flex e-con e-child\" data-id=\"eae648b\" data-element_type=\"container\">\n\t\t\t\t<div class=\"elementor-element elementor-element-1fe3e8b elementor-widget elementor-widget-image\" data-id=\"1fe3e8b\" data-element_type=\"widget\" data-widget_type=\"image.default\">\n\t\t\t\t<div class=\"elementor-widget-container\">\n\t\t\t\t\t\t\t\t\t\t\t\t\t\t\t<img decoding=\"async\" width=\"800\" height=\"730\" src=\"https:\/\/pablogarrigos.com\/wp-content\/uploads\/2024\/02\/nosotros-nuestro-secreto.jpg\" class=\"attachment-full size-full wp-image-1518\" alt=\"\" srcset=\"https:\/\/pablogarrigos.com\/wp-content\/uploads\/2024\/02\/nosotros-nuestro-secreto.jpg 800w, https:\/\/pablogarrigos.com\/wp-content\/uploads\/2024\/02\/nosotros-nuestro-secreto-300x274.jpg 300w, https:\/\/pablogarrigos.com\/wp-content\/uploads\/2024\/02\/nosotros-nuestro-secreto-768x701.jpg 768w, https:\/\/pablogarrigos.com\/wp-content\/uploads\/2024\/02\/nosotros-nuestro-secreto-600x548.jpg 600w\" sizes=\"(max-width: 800px) 100vw, 800px\" \/>\t\t\t\t\t\t\t\t\t\t\t\t\t\t\t<\/div>\n\t\t\t\t<\/div>\n\t\t\t\t<\/div>\n\t\t<div class=\"elementor-element elementor-element-647d152 e-con-full e-flex e-con e-child\" data-id=\"647d152\" data-element_type=\"container\" data-settings=\"{&quot;background_background&quot;:&quot;classic&quot;}\">\n\t\t\t\t<div class=\"elementor-element elementor-element-c0317d7 elementor-widget elementor-widget-heading\" data-id=\"c0317d7\" data-element_type=\"widget\" data-widget_type=\"heading.default\">\n\t\t\t\t<div class=\"elementor-widget-container\">\n\t\t\t\t\t<h2 class=\"elementor-heading-title elementor-size-default\">Quality<\/h2>\t\t\t\t<\/div>\n\t\t\t\t<\/div>\n\t\t\t\t<div class=\"elementor-element elementor-element-6cc6379 elementor-widget elementor-widget-text-editor\" data-id=\"6cc6379\" data-element_type=\"widget\" data-widget_type=\"text-editor.default\">\n\t\t\t\t<div class=\"elementor-widget-container\">\n\t\t\t\t\t\t\t\t\t<p>Henedina and D\u00e9bora take the leadership of the company and make their prestigious turrones synonymous of fusion between the modern and the traditional. They maintain the essence of flavor and combine it with innovative products.<\/p>\t\t\t\t\t\t\t\t<\/div>\n\t\t\t\t<\/div>\n\t\t\t\t<\/div>\n\t\t\t\t<\/div>\n\t\t\t\t\t<\/div>\n\t\t\t\t<\/div>\n\t\t<div class=\"elementor-element elementor-element-99dad64 e-con-full e-flex e-con e-parent\" data-id=\"99dad64\" data-element_type=\"container\" data-settings=\"{&quot;background_background&quot;:&quot;classic&quot;}\">\n\t\t<div class=\"elementor-element elementor-element-3eb24d0 e-flex e-con-boxed e-con e-child\" data-id=\"3eb24d0\" data-element_type=\"container\">\n\t\t\t\t\t<div class=\"e-con-inner\">\n\t\t\t\t<div class=\"elementor-element elementor-element-933c981 elementor-widget elementor-widget-heading\" data-id=\"933c981\" data-element_type=\"widget\" data-widget_type=\"heading.default\">\n\t\t\t\t<div class=\"elementor-widget-container\">\n\t\t\t\t\t<h2 class=\"elementor-heading-title elementor-size-default\">Our selection<\/h2>\t\t\t\t<\/div>\n\t\t\t\t<\/div>\n\t\t\t\t<div class=\"elementor-element elementor-element-95d7c52 elementor-widget elementor-widget-text-editor\" data-id=\"95d7c52\" data-element_type=\"widget\" data-widget_type=\"text-editor.default\">\n\t\t\t\t<div class=\"elementor-widget-container\">\n\t\t\t\t\t\t\t\t\t<p>The sweets and nougats of Pablo Garrig\u00f3s Ib\u00e1\u00f1ez offer an unrepeatable gastronomic experience. These are some of our customers' favorite products.<\/p>\t\t\t\t\t\t\t\t<\/div>\n\t\t\t\t<\/div>\n\t\t\t\t\t<\/div>\n\t\t\t\t<\/div>\n\t\t<div class=\"elementor-element elementor-element-030248f e-con-full e-flex e-con e-child\" data-id=\"030248f\" data-element_type=\"container\">\n\t\t\t\t<div class=\"elementor-element elementor-element-9814533 elementor-widget elementor-widget-image-gallery\" data-id=\"9814533\" data-element_type=\"widget\" data-widget_type=\"image-gallery.default\">\n\t\t\t\t<div class=\"elementor-widget-container\">\n\t\t\t\t\t\t\t<div class=\"elementor-image-gallery\">\n\t\t\t<div id='gallery-1' class='gallery galleryid-1408 gallery-columns-3 gallery-size-full'><figure class='gallery-item'>\n\t\t\t<div class='gallery-icon landscape'>\n\t\t\t\t<img loading=\"lazy\" decoding=\"async\" width=\"600\" height=\"600\" src=\"https:\/\/pablogarrigos.com\/wp-content\/uploads\/2024\/02\/nuestra-seleccion-turron-alicante.jpg\" class=\"attachment-full size-full\" alt=\"\" srcset=\"https:\/\/pablogarrigos.com\/wp-content\/uploads\/2024\/02\/nuestra-seleccion-turron-alicante.jpg 600w, https:\/\/pablogarrigos.com\/wp-content\/uploads\/2024\/02\/nuestra-seleccion-turron-alicante-300x300.jpg 300w, https:\/\/pablogarrigos.com\/wp-content\/uploads\/2024\/02\/nuestra-seleccion-turron-alicante-150x150.jpg 150w, https:\/\/pablogarrigos.com\/wp-content\/uploads\/2024\/02\/nuestra-seleccion-turron-alicante-100x100.jpg 100w\" sizes=\"(max-width: 600px) 100vw, 600px\" \/>\n\t\t\t<\/div><\/figure><figure class='gallery-item'>\n\t\t\t<div class='gallery-icon landscape'>\n\t\t\t\t<img loading=\"lazy\" decoding=\"async\" width=\"600\" height=\"600\" src=\"https:\/\/pablogarrigos.com\/wp-content\/uploads\/2024\/02\/nuestra-seleccion-fruites.jpg\" class=\"attachment-full size-full\" alt=\"\" srcset=\"https:\/\/pablogarrigos.com\/wp-content\/uploads\/2024\/02\/nuestra-seleccion-fruites.jpg 600w, https:\/\/pablogarrigos.com\/wp-content\/uploads\/2024\/02\/nuestra-seleccion-fruites-300x300.jpg 300w, https:\/\/pablogarrigos.com\/wp-content\/uploads\/2024\/02\/nuestra-seleccion-fruites-150x150.jpg 150w, https:\/\/pablogarrigos.com\/wp-content\/uploads\/2024\/02\/nuestra-seleccion-fruites-100x100.jpg 100w\" sizes=\"(max-width: 600px) 100vw, 600px\" \/>\n\t\t\t<\/div><\/figure><figure class='gallery-item'>\n\t\t\t<div class='gallery-icon landscape'>\n\t\t\t\t<img loading=\"lazy\" decoding=\"async\" width=\"600\" height=\"600\" src=\"https:\/\/pablogarrigos.com\/wp-content\/uploads\/2024\/02\/nuestra-seleccion-artisan-chocolate-turron.jpg\" class=\"attachment-full size-full\" alt=\"\" srcset=\"https:\/\/pablogarrigos.com\/wp-content\/uploads\/2024\/02\/nuestra-seleccion-artisan-chocolate-turron.jpg 600w, https:\/\/pablogarrigos.com\/wp-content\/uploads\/2024\/02\/nuestra-seleccion-artisan-chocolate-turron-300x300.jpg 300w, https:\/\/pablogarrigos.com\/wp-content\/uploads\/2024\/02\/nuestra-seleccion-artisan-chocolate-turron-150x150.jpg 150w, https:\/\/pablogarrigos.com\/wp-content\/uploads\/2024\/02\/nuestra-seleccion-artisan-chocolate-turron-100x100.jpg 100w\" sizes=\"(max-width: 600px) 100vw, 600px\" \/>\n\t\t\t<\/div><\/figure>\n\t\t<\/div>\n\t\t<\/div>\n\t\t\t\t\t\t<\/div>\n\t\t\t\t<\/div>\n\t\t\t\t<\/div>\n\t\t\t\t<\/div>\n\t\t\t\t<\/div>","protected":false},"excerpt":{"rendered":"<p>Our History Pablo Garrig\u00f3s Ib\u00e1\u00f1ez has managed to maintain the artisan tradition adapting to the new times, with a fresh and innovative touch. Our History Pablo Garrig\u00f3s Ib\u00e1\u00f1ez has managed to maintain the artisan tradition adapting to the new times, with a fresh and innovative touch. Tradition Pablo Garrig\u00f3s Ib\u00e1\u00f1ez is an example of success in the [...]<\/p>","protected":false},"author":2,"featured_media":0,"parent":0,"menu_order":11,"comment_status":"closed","ping_status":"closed","template":"","meta":{"_acf_changed":false,"inline_featured_image":false,"footnotes":""},"class_list":["post-1408","page","type-page","status-publish","hentry"],"acf":[],"yoast_head":"<!-- This site is optimized with the Yoast SEO plugin v26.5 - https:\/\/yoast.com\/wordpress\/plugins\/seo\/ -->\n<title>Historia | Pablo Garrig\u00f3s Iba\u00f1ez<\/title>\n<meta name=\"robots\" content=\"index, follow, max-snippet:-1, max-image-preview:large, max-video-preview:-1\" \/>\n<link rel=\"canonical\" href=\"https:\/\/pablogarrigos.com\/en\/historia\/\" \/>\n<meta property=\"og:locale\" content=\"en_US\" \/>\n<meta property=\"og:type\" content=\"article\" \/>\n<meta property=\"og:title\" content=\"Historia | Pablo Garrig\u00f3s Iba\u00f1ez\" \/>\n<meta property=\"og:description\" content=\"Nuestra Historia Pablo Garrig\u00f3s Ib\u00e1\u00f1ez ha logrado mantener la tradici\u00f3n artesanal adapt\u00e1ndose a los nuevos tiempos, con un toque fresco e innovador. Nuestra Historia Pablo Garrig\u00f3s Ib\u00e1\u00f1ez ha logrado mantener la tradici\u00f3n artesanal adapt\u00e1ndose a los nuevos tiempos, con un toque fresco e innovador. Tradici\u00f3n Pablo Garrig\u00f3s Ib\u00e1\u00f1ez es un ejemplo de \u00e9xito en la [&hellip;]\" \/>\n<meta property=\"og:url\" content=\"https:\/\/pablogarrigos.com\/en\/historia\/\" \/>\n<meta property=\"og:site_name\" content=\"Pablo Garrig\u00f3s Iba\u00f1ez\" \/>\n<meta property=\"article:modified_time\" content=\"2024-05-15T08:19:01+00:00\" \/>\n<meta property=\"og:image\" content=\"https:\/\/pablogarrigos.com\/wp-content\/uploads\/2024\/02\/nuestra-historia-liderazgo.jpg\" \/>\n<meta name=\"twitter:card\" content=\"summary_large_image\" \/>\n<meta name=\"twitter:label1\" content=\"Est. reading time\" \/>\n\t<meta name=\"twitter:data1\" content=\"3 minutes\" \/>\n<script type=\"application\/ld+json\" class=\"yoast-schema-graph\">{\"@context\":\"https:\/\/schema.org\",\"@graph\":[{\"@type\":\"WebPage\",\"@id\":\"https:\/\/pablogarrigos.com\/historia\/\",\"url\":\"https:\/\/pablogarrigos.com\/historia\/\",\"name\":\"Historia | Pablo Garrig\u00f3s Iba\u00f1ez\",\"isPartOf\":{\"@id\":\"https:\/\/pablogarrigos.com\/#website\"},\"primaryImageOfPage\":{\"@id\":\"https:\/\/pablogarrigos.com\/historia\/#primaryimage\"},\"image\":{\"@id\":\"https:\/\/pablogarrigos.com\/historia\/#primaryimage\"},\"thumbnailUrl\":\"https:\/\/pablogarrigos.com\/wp-content\/uploads\/2024\/02\/nuestra-historia-liderazgo.jpg\",\"datePublished\":\"2024-02-27T10:53:50+00:00\",\"dateModified\":\"2024-05-15T08:19:01+00:00\",\"breadcrumb\":{\"@id\":\"https:\/\/pablogarrigos.com\/historia\/#breadcrumb\"},\"inLanguage\":\"en-US\",\"potentialAction\":[{\"@type\":\"ReadAction\",\"target\":[\"https:\/\/pablogarrigos.com\/historia\/\"]}]},{\"@type\":\"ImageObject\",\"inLanguage\":\"en-US\",\"@id\":\"https:\/\/pablogarrigos.com\/historia\/#primaryimage\",\"url\":\"https:\/\/pablogarrigos.com\/wp-content\/uploads\/2024\/02\/nuestra-historia-liderazgo.jpg\",\"contentUrl\":\"https:\/\/pablogarrigos.com\/wp-content\/uploads\/2024\/02\/nuestra-historia-liderazgo.jpg\"},{\"@type\":\"BreadcrumbList\",\"@id\":\"https:\/\/pablogarrigos.com\/historia\/#breadcrumb\",\"itemListElement\":[{\"@type\":\"ListItem\",\"position\":1,\"name\":\"Home\",\"item\":\"https:\/\/pablogarrigos.com\/en\/\"},{\"@type\":\"ListItem\",\"position\":2,\"name\":\"Historia\"}]},{\"@type\":\"WebSite\",\"@id\":\"https:\/\/pablogarrigos.com\/#website\",\"url\":\"https:\/\/pablogarrigos.com\/\",\"name\":\"Pablo Garrig\u00f3s Iba\u00f1ez\",\"description\":\"El Sentido del Gusto\",\"publisher\":{\"@id\":\"https:\/\/pablogarrigos.com\/#organization\"},\"potentialAction\":[{\"@type\":\"SearchAction\",\"target\":{\"@type\":\"EntryPoint\",\"urlTemplate\":\"https:\/\/pablogarrigos.com\/?s={search_term_string}\"},\"query-input\":{\"@type\":\"PropertyValueSpecification\",\"valueRequired\":true,\"valueName\":\"search_term_string\"}}],\"inLanguage\":\"en-US\"},{\"@type\":\"Organization\",\"@id\":\"https:\/\/pablogarrigos.com\/#organization\",\"name\":\"Pablo Garrig\u00f3s Iba\u00f1ez\",\"url\":\"https:\/\/pablogarrigos.com\/\",\"logo\":{\"@type\":\"ImageObject\",\"inLanguage\":\"en-US\",\"@id\":\"https:\/\/pablogarrigos.com\/#\/schema\/logo\/image\/\",\"url\":\"https:\/\/pablogarrigos.com\/wp-content\/uploads\/2024\/02\/logo-pablogarrigos.png\",\"contentUrl\":\"https:\/\/pablogarrigos.com\/wp-content\/uploads\/2024\/02\/logo-pablogarrigos.png\",\"width\":1247,\"height\":480,\"caption\":\"Pablo Garrig\u00f3s Iba\u00f1ez\"},\"image\":{\"@id\":\"https:\/\/pablogarrigos.com\/#\/schema\/logo\/image\/\"}}]}<\/script>\n<!-- \/ Yoast SEO plugin. -->","yoast_head_json":{"title":"History | Pablo Garrig\u00f3s Iba\u00f1ez","robots":{"index":"index","follow":"follow","max-snippet":"max-snippet:-1","max-image-preview":"max-image-preview:large","max-video-preview":"max-video-preview:-1"},"canonical":"https:\/\/pablogarrigos.com\/en\/historia\/","og_locale":"en_US","og_type":"article","og_title":"Historia | Pablo Garrig\u00f3s Iba\u00f1ez","og_description":"Nuestra Historia Pablo Garrig\u00f3s Ib\u00e1\u00f1ez ha logrado mantener la tradici\u00f3n artesanal adapt\u00e1ndose a los nuevos tiempos, con un toque fresco e innovador. Nuestra Historia Pablo Garrig\u00f3s Ib\u00e1\u00f1ez ha logrado mantener la tradici\u00f3n artesanal adapt\u00e1ndose a los nuevos tiempos, con un toque fresco e innovador. Tradici\u00f3n Pablo Garrig\u00f3s Ib\u00e1\u00f1ez es un ejemplo de \u00e9xito en la [&hellip;]","og_url":"https:\/\/pablogarrigos.com\/en\/historia\/","og_site_name":"Pablo Garrig\u00f3s Iba\u00f1ez","article_modified_time":"2024-05-15T08:19:01+00:00","og_image":[{"url":"https:\/\/pablogarrigos.com\/wp-content\/uploads\/2024\/02\/nuestra-historia-liderazgo.jpg","type":"","width":"","height":""}],"twitter_card":"summary_large_image","twitter_misc":{"Est. reading time":"3 minutes"},"schema":{"@context":"https:\/\/schema.org","@graph":[{"@type":"WebPage","@id":"https:\/\/pablogarrigos.com\/historia\/","url":"https:\/\/pablogarrigos.com\/historia\/","name":"History | Pablo Garrig\u00f3s Iba\u00f1ez","isPartOf":{"@id":"https:\/\/pablogarrigos.com\/#website"},"primaryImageOfPage":{"@id":"https:\/\/pablogarrigos.com\/historia\/#primaryimage"},"image":{"@id":"https:\/\/pablogarrigos.com\/historia\/#primaryimage"},"thumbnailUrl":"https:\/\/pablogarrigos.com\/wp-content\/uploads\/2024\/02\/nuestra-historia-liderazgo.jpg","datePublished":"2024-02-27T10:53:50+00:00","dateModified":"2024-05-15T08:19:01+00:00","breadcrumb":{"@id":"https:\/\/pablogarrigos.com\/historia\/#breadcrumb"},"inLanguage":"en-US","potentialAction":[{"@type":"ReadAction","target":["https:\/\/pablogarrigos.com\/historia\/"]}]},{"@type":"ImageObject","inLanguage":"en-US","@id":"https:\/\/pablogarrigos.com\/historia\/#primaryimage","url":"https:\/\/pablogarrigos.com\/wp-content\/uploads\/2024\/02\/nuestra-historia-liderazgo.jpg","contentUrl":"https:\/\/pablogarrigos.com\/wp-content\/uploads\/2024\/02\/nuestra-historia-liderazgo.jpg"},{"@type":"BreadcrumbList","@id":"https:\/\/pablogarrigos.com\/historia\/#breadcrumb","itemListElement":[{"@type":"ListItem","position":1,"name":"Home","item":"https:\/\/pablogarrigos.com\/en\/"},{"@type":"ListItem","position":2,"name":"Historia"}]},{"@type":"WebSite","@id":"https:\/\/pablogarrigos.com\/#website","url":"https:\/\/pablogarrigos.com\/","name":"Pablo Garrig\u00f3s Iba\u00f1ez","description":"The Sense of Taste","publisher":{"@id":"https:\/\/pablogarrigos.com\/#organization"},"potentialAction":[{"@type":"SearchAction","target":{"@type":"EntryPoint","urlTemplate":"https:\/\/pablogarrigos.com\/?s={search_term_string}"},"query-input":{"@type":"PropertyValueSpecification","valueRequired":true,"valueName":"search_term_string"}}],"inLanguage":"en-US"},{"@type":"Organization","@id":"https:\/\/pablogarrigos.com\/#organization","name":"Pablo Garrig\u00f3s Iba\u00f1ez","url":"https:\/\/pablogarrigos.com\/","logo":{"@type":"ImageObject","inLanguage":"en-US","@id":"https:\/\/pablogarrigos.com\/#\/schema\/logo\/image\/","url":"https:\/\/pablogarrigos.com\/wp-content\/uploads\/2024\/02\/logo-pablogarrigos.png","contentUrl":"https:\/\/pablogarrigos.com\/wp-content\/uploads\/2024\/02\/logo-pablogarrigos.png","width":1247,"height":480,"caption":"Pablo Garrig\u00f3s Iba\u00f1ez"},"image":{"@id":"https:\/\/pablogarrigos.com\/#\/schema\/logo\/image\/"}}]}},"_links":{"self":[{"href":"https:\/\/pablogarrigos.com\/en\/wp-json\/wp\/v2\/pages\/1408","targetHints":{"allow":["GET"]}}],"collection":[{"href":"https:\/\/pablogarrigos.com\/en\/wp-json\/wp\/v2\/pages"}],"about":[{"href":"https:\/\/pablogarrigos.com\/en\/wp-json\/wp\/v2\/types\/page"}],"author":[{"embeddable":true,"href":"https:\/\/pablogarrigos.com\/en\/wp-json\/wp\/v2\/users\/2"}],"replies":[{"embeddable":true,"href":"https:\/\/pablogarrigos.com\/en\/wp-json\/wp\/v2\/comments?post=1408"}],"version-history":[{"count":46,"href":"https:\/\/pablogarrigos.com\/en\/wp-json\/wp\/v2\/pages\/1408\/revisions"}],"predecessor-version":[{"id":2181,"href":"https:\/\/pablogarrigos.com\/en\/wp-json\/wp\/v2\/pages\/1408\/revisions\/2181"}],"wp:attachment":[{"href":"https:\/\/pablogarrigos.com\/en\/wp-json\/wp\/v2\/media?parent=1408"}],"curies":[{"name":"wp","href":"https:\/\/api.w.org\/{rel}","templated":true}]}}